{"id":3180,"date":"2025-08-15T15:44:25","date_gmt":"2025-08-15T07:44:25","guid":{"rendered":"https:\/\/www.fengtech.com\/?post_type=product&#038;p=3180"},"modified":"2025-08-15T15:49:27","modified_gmt":"2025-08-15T07:49:27","slug":"electric-popcorn-machine-motor","status":"publish","type":"product","link":"https:\/\/www.fengtech.com\/tr\/urun\/electric-popcorn-machine-motor\/","title":{"rendered":"Fabrika \u00d6zelle\u015ftirilmi\u015f FA-YJF Serisi AC Elektrikli Patlam\u0131\u015f M\u0131s\u0131r Makinesi Motoru"},"content":{"rendered":"<p>Fengtech'in FA-YJF serisi patlam\u0131\u015f m\u0131s\u0131r patlatma motorlar\u0131 i\u00e7in uygundur. Bu AC g\u00f6lgeli kutuplu motorlar, \u015faft\u0131 sabit bir h\u0131zda s\u00fcrerek stabilite sunar, e\u015fit \u015fekilde \u0131s\u0131t\u0131lm\u0131\u015f patlam\u0131\u015f m\u0131s\u0131r ve \u00fcst\u00fcn bir doku sa\u011flar. FA-YJF serisi FA-YJF6125, FA-YJF6130, FA-YJF6430 ve FA-YJF6440'\u0131 i\u00e7erir.<\/p>\n<p>Orijinal motor \u00fcreticisi taraf\u0131ndan \u00f6zel olarak \u00fcretilen bu \u00fcr\u00fcnler, CE ve UL taraf\u0131ndan tamamen test edilip onaylanm\u0131\u015ft\u0131r ve uluslararas\u0131 standartlar\u0131 kar\u015f\u0131lamaktad\u0131r.<\/p>\n<p><strong>Minimum Sipari\u015f Miktar\u0131:<\/strong> 200 adet<br \/>\n<strong>G\u00f6nderim yeri:<\/strong> Ningbo, \u00c7in<br \/>\n<strong>\u00dcretici firma:<\/strong> Fengtech<br \/>\n<strong>Sat\u0131\u015f Sonras\u0131 Hizmet:<\/strong> 3-12 ay<br \/>\n<strong>Uygulamalar:<\/strong> Patlam\u0131\u015f M\u0131s\u0131r Makinesi Motorlar\u0131, Barbek\u00fc Motorlar\u0131, Kebap Motorlar\u0131, Di\u011fer G\u0131da Makineleri ve Otomasyon Ekipmanlar\u0131<br \/>\n<strong>\u00d6zelle\u015ftirme:<\/strong> Voltaj, H\u0131z, Logo ve Di\u011fer Parametreler<\/p>\n<p><img decoding=\"async\" class=\"wp-image-3185 size-full\" src=\"https:\/\/www.fengtech.com\/wp-content\/uploads\/2025\/08\/FA-YJF-Design.jpg\" alt=\"FA-YJF-Design\" width=\"100%\" height=\"1352\" srcset=\"https:\/\/www.fengtech.com\/wp-content\/uploads\/2025\/08\/FA-YJF-Design.jpg 1653w, https:\/\/www.fengtech.com\/wp-content\/uploads\/2025\/08\/FA-YJF-Design-300x245.jpg 300w, https:\/\/www.fengtech.com\/wp-content\/uploads\/2025\/08\/FA-YJF-Design-1024x838.jpg 1024w, https:\/\/www.fengtech.com\/wp-content\/uploads\/2025\/08\/FA-YJF-Design-768x628.jpg 768w, https:\/\/www.fengtech.com\/wp-content\/uploads\/2025\/08\/FA-YJF-Design-1536x1256.jpg 1536w, https:\/\/www.fengtech.com\/wp-content\/uploads\/2025\/08\/FA-YJF-Design-15x12.jpg 15w, https:\/\/www.fengtech.com\/wp-content\/uploads\/2025\/08\/FA-YJF-Design-600x491.jpg 600w\" sizes=\"(max-width: 1653px) 100vw, 1653px\" \/><\/p>\n<p><strong>Paketleme ve Nakliye<\/strong><\/p>\n<table border=\"0\" width=\"100%\" cellspacing=\"0\" cellpadding=\"0\">\n<tbody>\n<tr><!-- \u5de6\u4fa7\u56fe\u7247\u53ca\u63cf\u8ff0 --><\/p>\n<td align=\"center\" valign=\"top\" width=\"48%\"><img decoding=\"async\" class=\"wp-image-3186 size-full\" src=\"https:\/\/www.fengtech.com\/wp-content\/uploads\/2025\/08\/Internal-packaging2.jpg\" alt=\"Internal packaging2\" width=\"100%;\" height=\"750\" srcset=\"https:\/\/www.fengtech.com\/wp-content\/uploads\/2025\/08\/Internal-packaging2.jpg 1000w, https:\/\/www.fengtech.com\/wp-content\/uploads\/2025\/08\/Internal-packaging2-300x225.jpg 300w, https:\/\/www.fengtech.com\/wp-content\/uploads\/2025\/08\/Internal-packaging2-768x576.jpg 768w, https:\/\/www.fengtech.com\/wp-content\/uploads\/2025\/08\/Internal-packaging2-16x12.jpg 16w, https:\/\/www.fengtech.com\/wp-content\/uploads\/2025\/08\/Internal-packaging2-600x450.jpg 600w\" sizes=\"(max-width: 1000px) 100vw, 1000px\" \/><\/td>\n<p><!-- \u4e2d\u95f4\u95f4\u9694 --><\/p>\n<td width=\"4%\"><\/td>\n<p><!-- \u53f3\u4fa7\u56fe\u7247\u53ca\u63cf\u8ff0 --><\/p>\n<td align=\"center\" valign=\"top\" width=\"48%\"><img decoding=\"async\" class=\"wp-image-3187 size-full\" src=\"https:\/\/www.fengtech.com\/wp-content\/uploads\/2025\/08\/Internal-packaging.png\" alt=\"Internal packaging\" width=\"100%;\" height=\"750\" srcset=\"https:\/\/www.fengtech.com\/wp-content\/uploads\/2025\/08\/Internal-packaging.png 1000w, https:\/\/www.fengtech.com\/wp-content\/uploads\/2025\/08\/Internal-packaging-300x225.png 300w, https:\/\/www.fengtech.com\/wp-content\/uploads\/2025\/08\/Internal-packaging-768x576.png 768w, https:\/\/www.fengtech.com\/wp-content\/uploads\/2025\/08\/Internal-packaging-16x12.png 16w, https:\/\/www.fengtech.com\/wp-content\/uploads\/2025\/08\/Internal-packaging-600x450.png 600w\" sizes=\"(max-width: 1000px) 100vw, 1000px\" \/><\/td>\n<\/tr>\n<\/tbody>\n<\/table>\n<p><strong>Di\u011fer seriler<\/strong><\/p>\n<table border=\"0\" width=\"100%\" cellspacing=\"0\" cellpadding=\"0\">\n<tbody>\n<tr><!-- \u5de6\u4fa7\u56fe\u7247\u53ca\u63cf\u8ff0 --><\/p>\n<td align=\"center\" valign=\"top\" width=\"48%\"><img decoding=\"async\" class=\"wp-image-3188 size-full\" src=\"https:\/\/www.fengtech.com\/wp-content\/uploads\/2025\/08\/FA-YJF6125-1-1.jpg\" alt=\"FA-YJF6125-1\" width=\"100%\" height=\"800\" srcset=\"https:\/\/www.fengtech.com\/wp-content\/uploads\/2025\/08\/FA-YJF6125-1-1.jpg 800w, https:\/\/www.fengtech.com\/wp-content\/uploads\/2025\/08\/FA-YJF6125-1-1-300x300.jpg 300w, https:\/\/www.fengtech.com\/wp-content\/uploads\/2025\/08\/FA-YJF6125-1-1-150x150.jpg 150w, https:\/\/www.fengtech.com\/wp-content\/uploads\/2025\/08\/FA-YJF6125-1-1-768x768.jpg 768w, https:\/\/www.fengtech.com\/wp-content\/uploads\/2025\/08\/FA-YJF6125-1-1-12x12.jpg 12w, https:\/\/www.fengtech.com\/wp-content\/uploads\/2025\/08\/FA-YJF6125-1-1-600x600.jpg 600w, https:\/\/www.fengtech.com\/wp-content\/uploads\/2025\/08\/FA-YJF6125-1-1-100x100.jpg 100w\" sizes=\"(max-width: 800px) 100vw, 800px\" \/><\/p>\n<p>FA-YJF6125<\/td>\n<p><!-- \u4e2d\u95f4\u95f4\u9694 --><\/p>\n<td width=\"4%\"><\/td>\n<p><!-- \u53f3\u4fa7\u56fe\u7247\u53ca\u63cf\u8ff0 --><\/p>\n<td align=\"center\" valign=\"top\" width=\"48%\"><img decoding=\"async\" class=\"wp-image-3189 size-full\" src=\"https:\/\/www.fengtech.com\/wp-content\/uploads\/2025\/08\/FA-YJF6130-2-1.jpg\" alt=\"FA-YJF6130-2\" width=\"100%\" height=\"800\" srcset=\"https:\/\/www.fengtech.com\/wp-content\/uploads\/2025\/08\/FA-YJF6130-2-1.jpg 800w, https:\/\/www.fengtech.com\/wp-content\/uploads\/2025\/08\/FA-YJF6130-2-1-300x300.jpg 300w, https:\/\/www.fengtech.com\/wp-content\/uploads\/2025\/08\/FA-YJF6130-2-1-150x150.jpg 150w, https:\/\/www.fengtech.com\/wp-content\/uploads\/2025\/08\/FA-YJF6130-2-1-768x768.jpg 768w, https:\/\/www.fengtech.com\/wp-content\/uploads\/2025\/08\/FA-YJF6130-2-1-12x12.jpg 12w, https:\/\/www.fengtech.com\/wp-content\/uploads\/2025\/08\/FA-YJF6130-2-1-600x600.jpg 600w, https:\/\/www.fengtech.com\/wp-content\/uploads\/2025\/08\/FA-YJF6130-2-1-100x100.jpg 100w\" sizes=\"(max-width: 800px) 100vw, 800px\" \/><\/p>\n<p>FA-YJF6130<\/td>\n<\/tr>\n<\/tbody>\n<\/table>\n<p>&nbsp;<\/p>","protected":false},"excerpt":{"rendered":"<p>Nominal Gerilim: 110\/220V<br \/>\nNominal Frekans: 50\/60Hz<br \/>\nGiri\u015f G\u00fcc\u00fc: 16-50W<br \/>\n\u00c7\u0131k\u0131\u015f G\u00fcc\u00fc: 3-12W<br \/>\nG\u00fcr\u00fclt\u00fc: &lt;65W<br \/>\nD\u00f6nd\u00fcrme y\u00f6n\u00fc: CW VEYA CCW<br \/>\nModel: YJF61\/YJF64\/YJF72<\/p>","protected":false},"featured_media":3181,"template":"","meta":{"site-sidebar-layout":"default","site-content-layout":"","ast-site-content-layout":"default","site-content-style":"default","site-sidebar-style":"default","ast-global-header-display":"","ast-banner-title-visibility":"","ast-main-header-display":"","ast-hfb-above-header-display":"","ast-hfb-below-header-display":"","ast-hfb-mobile-header-display":"","site-post-title":"","ast-breadcrumbs-content":"","ast-featured-img":"","footer-sml-layout":"","theme-transparent-header-meta":"default","adv-header-id-meta":"","stick-header-meta":"","header-above-stick-meta":"","header-main-stick-meta":"","header-below-stick-meta":"","astra-migrate-meta-layouts":"set","ast-page-background-enabled":"default","ast-page-background-meta":{"desktop":{"background-color":"","background-image":"","background-repeat":"repeat","background-position":"center center","background-size":"auto","background-attachment":"scroll","background-type":"","background-media":"","overlay-type":"","overlay-color":"","overlay-opacity":"","overlay-gradient":""},"tablet":{"background-color":"","background-image":"","background-repeat":"repeat","background-position":"center center","background-size":"auto","background-attachment":"scroll","background-type":"","background-media":"","overlay-type":"","overlay-color":"","overlay-opacity":"","overlay-gradient":""},"mobile":{"background-color":"","background-image":"","background-repeat":"repeat","background-position":"center center","background-size":"auto","background-attachment":"scroll","background-type":"","background-media":"","overlay-type":"","overlay-color":"","overlay-opacity":"","overlay-gradient":""}},"ast-content-background-meta":{"desktop":{"background-color":"var(--ast-global-color-5)","background-image":"","background-repeat":"repeat","background-position":"center center","background-size":"auto","background-attachment":"scroll","background-type":"","background-media":"","overlay-type":"","overlay-color":"","overlay-opacity":"","overlay-gradient":""},"tablet":{"background-color":"var(--ast-global-color-5)","background-image":"","background-repeat":"repeat","background-position":"center center","background-size":"auto","background-attachment":"scroll","background-type":"","background-media":"","overlay-type":"","overlay-color":"","overlay-opacity":"","overlay-gradient":""},"mobile":{"background-color":"var(--ast-global-color-5)","background-image":"","background-repeat":"repeat","background-position":"center center","background-size":"auto","background-attachment":"scroll","background-type":"","background-media":"","overlay-type":"","overlay-color":"","overlay-opacity":"","overlay-gradient":""}}},"product_brand":[],"product_cat":[70],"product_tag":[],"class_list":{"0":"post-3180","1":"product","2":"type-product","3":"status-publish","4":"has-post-thumbnail","6":"product_cat-popcorn-machine-motor","7":"desktop-align-left","8":"tablet-align-left","9":"mobile-align-left","11":"first","12":"instock","13":"shipping-taxable","14":"product-type-simple"},"yoast_head":"<!-- This site is optimized with the Yoast SEO Premium plugin v25.4 (Yoast SEO v25.4) - https:\/\/yoast.com\/wordpress\/plugins\/seo\/ -->\n<title>Factory Customized FA-YJF Series AC Electric Popcorn Machine Motor<\/title>\n<meta name=\"description\" content=\"Fengtech&#039;s FA-YJF series is suitable for popcorn popper motors. These AC shaded-pole motors offer stability, driving the shaft at a constant speed, ensuring evenly heated popcorn and a superior texture.\" \/>\n<meta name=\"robots\" content=\"index, follow, max-snippet:-1, max-image-preview:large, max-video-preview:-1\" \/>\n<link rel=\"canonical\" href=\"https:\/\/www.fengtech.com\/tr\/urun\/electric-popcorn-machine-motor\/\" \/>\n<meta property=\"og:locale\" content=\"tr_TR\" \/>\n<meta property=\"og:type\" content=\"article\" \/>\n<meta property=\"og:title\" content=\"Factory Customized FA-YJF Series AC Electric Popcorn Machine Motor\" \/>\n<meta property=\"og:description\" content=\"Fengtech&#039;s FA-YJF series is suitable for popcorn popper motors. These AC shaded-pole motors offer stability, driving the shaft at a constant speed, ensuring evenly heated popcorn and a superior texture.\" \/>\n<meta property=\"og:url\" content=\"https:\/\/www.fengtech.com\/tr\/urun\/electric-popcorn-machine-motor\/\" \/>\n<meta property=\"og:site_name\" content=\"Fengtech\" \/>\n<meta property=\"article:publisher\" content=\"https:\/\/www.facebook.com\/fengtech\/\" \/>\n<meta property=\"article:modified_time\" content=\"2025-08-15T07:49:27+00:00\" \/>\n<meta property=\"og:image\" content=\"https:\/\/www.fengtech.com\/wp-content\/uploads\/2025\/08\/yjf6440-1.jpg\" \/>\n\t<meta property=\"og:image:width\" content=\"800\" \/>\n\t<meta property=\"og:image:height\" content=\"800\" \/>\n\t<meta property=\"og:image:type\" content=\"image\/jpeg\" \/>\n<meta name=\"twitter:card\" content=\"summary_large_image\" \/>\n<meta name=\"twitter:label1\" content=\"Tahmini okuma s\u00fcresi\" \/>\n\t<meta name=\"twitter:data1\" content=\"2 dakika\" \/>\n<script type=\"application\/ld+json\" class=\"yoast-schema-graph\">{\"@context\":\"https:\/\/schema.org\",\"@graph\":[{\"@type\":\"WebPage\",\"@id\":\"https:\/\/www.fengtech.com\/product\/electric-popcorn-machine-motor\/\",\"url\":\"https:\/\/www.fengtech.com\/product\/electric-popcorn-machine-motor\/\",\"name\":\"Factory Customized FA-YJF Series AC Electric Popcorn Machine Motor\",\"isPartOf\":{\"@id\":\"https:\/\/www.fengtech.com\/#website\"},\"primaryImageOfPage\":{\"@id\":\"https:\/\/www.fengtech.com\/product\/electric-popcorn-machine-motor\/#primaryimage\"},\"image\":{\"@id\":\"https:\/\/www.fengtech.com\/product\/electric-popcorn-machine-motor\/#primaryimage\"},\"thumbnailUrl\":\"https:\/\/www.fengtech.com\/wp-content\/uploads\/2025\/08\/yjf6440-1.jpg\",\"datePublished\":\"2025-08-15T07:44:25+00:00\",\"dateModified\":\"2025-08-15T07:49:27+00:00\",\"description\":\"Fengtech's FA-YJF series is suitable for popcorn popper motors. These AC shaded-pole motors offer stability, driving the shaft at a constant speed, ensuring evenly heated popcorn and a superior texture.\",\"breadcrumb\":{\"@id\":\"https:\/\/www.fengtech.com\/product\/electric-popcorn-machine-motor\/#breadcrumb\"},\"inLanguage\":\"tr\",\"potentialAction\":[{\"@type\":\"ReadAction\",\"target\":[\"https:\/\/www.fengtech.com\/product\/electric-popcorn-machine-motor\/\"]}]},{\"@type\":\"ImageObject\",\"inLanguage\":\"tr\",\"@id\":\"https:\/\/www.fengtech.com\/product\/electric-popcorn-machine-motor\/#primaryimage\",\"url\":\"https:\/\/www.fengtech.com\/wp-content\/uploads\/2025\/08\/yjf6440-1.jpg\",\"contentUrl\":\"https:\/\/www.fengtech.com\/wp-content\/uploads\/2025\/08\/yjf6440-1.jpg\",\"width\":800,\"height\":800},{\"@type\":\"BreadcrumbList\",\"@id\":\"https:\/\/www.fengtech.com\/product\/electric-popcorn-machine-motor\/#breadcrumb\",\"itemListElement\":[{\"@type\":\"ListItem\",\"position\":1,\"name\":\"\u9996\u9875\",\"item\":\"https:\/\/www.fengtech.com\/\"},{\"@type\":\"ListItem\",\"position\":2,\"name\":\"Products\",\"item\":\"https:\/\/www.fengtech.com\/shop\/\"},{\"@type\":\"ListItem\",\"position\":3,\"name\":\"Factory Customized FA-YJF Series AC Electric Popcorn Machine Motor\"}]},{\"@type\":\"WebSite\",\"@id\":\"https:\/\/www.fengtech.com\/#website\",\"url\":\"https:\/\/www.fengtech.com\/\",\"name\":\"FengTech Motor\",\"description\":\"Outdoor Sports Adventure Website\",\"publisher\":{\"@id\":\"https:\/\/www.fengtech.com\/#organization\"},\"potentialAction\":[{\"@type\":\"SearchAction\",\"target\":{\"@type\":\"EntryPoint\",\"urlTemplate\":\"https:\/\/www.fengtech.com\/?s={search_term_string}\"},\"query-input\":{\"@type\":\"PropertyValueSpecification\",\"valueRequired\":true,\"valueName\":\"search_term_string\"}}],\"inLanguage\":\"tr\"},{\"@type\":\"Organization\",\"@id\":\"https:\/\/www.fengtech.com\/#organization\",\"name\":\"FengTech Motor\",\"url\":\"https:\/\/www.fengtech.com\/\",\"logo\":{\"@type\":\"ImageObject\",\"inLanguage\":\"tr\",\"@id\":\"https:\/\/www.fengtech.com\/#\/schema\/logo\/image\/\",\"url\":\"https:\/\/www.fengtech.com\/wp-content\/uploads\/2025\/07\/cropped-fengtech_logo_w.jpg\",\"contentUrl\":\"https:\/\/www.fengtech.com\/wp-content\/uploads\/2025\/07\/cropped-fengtech_logo_w.jpg\",\"width\":512,\"height\":512,\"caption\":\"FengTech Motor\"},\"image\":{\"@id\":\"https:\/\/www.fengtech.com\/#\/schema\/logo\/image\/\"},\"sameAs\":[\"https:\/\/www.facebook.com\/fengtech\/\",\"https:\/\/www.linkedin.com\/in\/barry-yuan\/\"]}]}<\/script>\n<!-- \/ Yoast SEO Premium plugin. -->","yoast_head_json":{"title":"Fabrika \u00d6zelle\u015ftirilmi\u015f FA-YJF Serisi AC Elektrikli Patlam\u0131\u015f M\u0131s\u0131r Makinesi Motoru","description":"Fengtech's FA-YJF series is suitable for popcorn popper motors. These AC shaded-pole motors offer stability, driving the shaft at a constant speed, ensuring evenly heated popcorn and a superior texture.","robots":{"index":"index","follow":"follow","max-snippet":"max-snippet:-1","max-image-preview":"max-image-preview:large","max-video-preview":"max-video-preview:-1"},"canonical":"https:\/\/www.fengtech.com\/tr\/urun\/electric-popcorn-machine-motor\/","og_locale":"tr_TR","og_type":"article","og_title":"Factory Customized FA-YJF Series AC Electric Popcorn Machine Motor","og_description":"Fengtech's FA-YJF series is suitable for popcorn popper motors. These AC shaded-pole motors offer stability, driving the shaft at a constant speed, ensuring evenly heated popcorn and a superior texture.","og_url":"https:\/\/www.fengtech.com\/tr\/urun\/electric-popcorn-machine-motor\/","og_site_name":"Fengtech","article_publisher":"https:\/\/www.facebook.com\/fengtech\/","article_modified_time":"2025-08-15T07:49:27+00:00","og_image":[{"width":800,"height":800,"url":"https:\/\/www.fengtech.com\/wp-content\/uploads\/2025\/08\/yjf6440-1.jpg","type":"image\/jpeg"}],"twitter_card":"summary_large_image","twitter_misc":{"Tahmini okuma s\u00fcresi":"2 dakika"},"schema":{"@context":"https:\/\/schema.org","@graph":[{"@type":"WebPage","@id":"https:\/\/www.fengtech.com\/product\/electric-popcorn-machine-motor\/","url":"https:\/\/www.fengtech.com\/product\/electric-popcorn-machine-motor\/","name":"Fabrika \u00d6zelle\u015ftirilmi\u015f FA-YJF Serisi AC Elektrikli Patlam\u0131\u015f M\u0131s\u0131r Makinesi Motoru","isPartOf":{"@id":"https:\/\/www.fengtech.com\/#website"},"primaryImageOfPage":{"@id":"https:\/\/www.fengtech.com\/product\/electric-popcorn-machine-motor\/#primaryimage"},"image":{"@id":"https:\/\/www.fengtech.com\/product\/electric-popcorn-machine-motor\/#primaryimage"},"thumbnailUrl":"https:\/\/www.fengtech.com\/wp-content\/uploads\/2025\/08\/yjf6440-1.jpg","datePublished":"2025-08-15T07:44:25+00:00","dateModified":"2025-08-15T07:49:27+00:00","description":"Fengtech's FA-YJF series is suitable for popcorn popper motors. These AC shaded-pole motors offer stability, driving the shaft at a constant speed, ensuring evenly heated popcorn and a superior texture.","breadcrumb":{"@id":"https:\/\/www.fengtech.com\/product\/electric-popcorn-machine-motor\/#breadcrumb"},"inLanguage":"tr","potentialAction":[{"@type":"ReadAction","target":["https:\/\/www.fengtech.com\/product\/electric-popcorn-machine-motor\/"]}]},{"@type":"ImageObject","inLanguage":"tr","@id":"https:\/\/www.fengtech.com\/product\/electric-popcorn-machine-motor\/#primaryimage","url":"https:\/\/www.fengtech.com\/wp-content\/uploads\/2025\/08\/yjf6440-1.jpg","contentUrl":"https:\/\/www.fengtech.com\/wp-content\/uploads\/2025\/08\/yjf6440-1.jpg","width":800,"height":800},{"@type":"BreadcrumbList","@id":"https:\/\/www.fengtech.com\/product\/electric-popcorn-machine-motor\/#breadcrumb","itemListElement":[{"@type":"ListItem","position":1,"name":"\u9996\u9875","item":"https:\/\/www.fengtech.com\/"},{"@type":"ListItem","position":2,"name":"Products","item":"https:\/\/www.fengtech.com\/shop\/"},{"@type":"ListItem","position":3,"name":"Factory Customized FA-YJF Series AC Electric Popcorn Machine Motor"}]},{"@type":"WebSite","@id":"https:\/\/www.fengtech.com\/#website","url":"https:\/\/www.fengtech.com\/","name":"FengTech Motor","description":"Outdoor Sports Adventure Website","publisher":{"@id":"https:\/\/www.fengtech.com\/#organization"},"potentialAction":[{"@type":"SearchAction","target":{"@type":"EntryPoint","urlTemplate":"https:\/\/www.fengtech.com\/?s={search_term_string}"},"query-input":{"@type":"PropertyValueSpecification","valueRequired":true,"valueName":"search_term_string"}}],"inLanguage":"tr"},{"@type":"Organization","@id":"https:\/\/www.fengtech.com\/#organization","name":"FengTech Motor","url":"https:\/\/www.fengtech.com\/","logo":{"@type":"ImageObject","inLanguage":"tr","@id":"https:\/\/www.fengtech.com\/#\/schema\/logo\/image\/","url":"https:\/\/www.fengtech.com\/wp-content\/uploads\/2025\/07\/cropped-fengtech_logo_w.jpg","contentUrl":"https:\/\/www.fengtech.com\/wp-content\/uploads\/2025\/07\/cropped-fengtech_logo_w.jpg","width":512,"height":512,"caption":"FengTech Motor"},"image":{"@id":"https:\/\/www.fengtech.com\/#\/schema\/logo\/image\/"},"sameAs":["https:\/\/www.facebook.com\/fengtech\/","https:\/\/www.linkedin.com\/in\/barry-yuan\/"]}]}},"_links":{"self":[{"href":"https:\/\/www.fengtech.com\/tr\/wp-json\/wp\/v2\/product\/3180","targetHints":{"allow":["GET"]}}],"collection":[{"href":"https:\/\/www.fengtech.com\/tr\/wp-json\/wp\/v2\/product"}],"about":[{"href":"https:\/\/www.fengtech.com\/tr\/wp-json\/wp\/v2\/types\/product"}],"version-history":[{"count":0,"href":"https:\/\/www.fengtech.com\/tr\/wp-json\/wp\/v2\/product\/3180\/revisions"}],"wp:featuredmedia":[{"embeddable":true,"href":"https:\/\/www.fengtech.com\/tr\/wp-json\/wp\/v2\/media\/3181"}],"wp:attachment":[{"href":"https:\/\/www.fengtech.com\/tr\/wp-json\/wp\/v2\/media?parent=3180"}],"wp:term":[{"taxonomy":"product_brand","embeddable":true,"href":"https:\/\/www.fengtech.com\/tr\/wp-json\/wp\/v2\/product_brand?post=3180"},{"taxonomy":"product_cat","embeddable":true,"href":"https:\/\/www.fengtech.com\/tr\/wp-json\/wp\/v2\/product_cat?post=3180"},{"taxonomy":"product_tag","embeddable":true,"href":"https:\/\/www.fengtech.com\/tr\/wp-json\/wp\/v2\/product_tag?post=3180"}],"curies":[{"name":"wp","href":"https:\/\/api.w.org\/{rel}","templated":true}]}}