{"id":3173,"date":"2025-08-15T14:25:55","date_gmt":"2025-08-15T06:25:55","guid":{"rendered":"https:\/\/www.fengtech.com\/?post_type=product&#038;p=3173"},"modified":"2025-08-15T15:17:17","modified_gmt":"2025-08-15T07:17:17","slug":"customizable-230v-50-60hz-slushy-machine-motor","status":"publish","type":"product","link":"https:\/\/www.fengtech.com\/tr\/urun\/customizable-230v-50-60hz-slushy-machine-motor\/","title":{"rendered":"Fabrika \u00d6zelle\u015ftirilebilir 230V 50\/60Hz Slushy Makine Motoru"},"content":{"rendered":"<p>YJF-1701 serisi motor slush makineleri i\u00e7in tasarlanm\u0131\u015ft\u0131r ve slush makinelerindeki kar\u0131\u015ft\u0131r\u0131c\u0131y\u0131 etkili bir \u015fekilde \u00e7al\u0131\u015ft\u0131r\u0131r. 5-15L kapasiteli ticari veya ev tipi sulu kar makineleri i\u00e7in uygundur ve tipik olarak 30-60 RPM'de \u00e7al\u0131\u015f\u0131r.<\/p>\n<p><strong>\u00dcr\u00fcn Ad\u0131:<\/strong> Fabrika \u00d6zel Slush Makine Motoru<br \/>\n<strong>\u00dcr\u00fcn modeli:<\/strong> YJF-1701<br \/>\n<strong>Minimum sipari\u015f miktar\u0131:<\/strong> 200 set<br \/>\n<strong>\u00d6zelle\u015ftirme se\u00e7enekleri<\/strong> h\u0131z, voltaj, logo ve di\u011fer parametreleri i\u00e7erir<br \/>\n<strong>Nakliye adresi:<\/strong> Ningbo, \u00c7in<br \/>\n<strong>\u00dcretici firma:<\/strong> Fengtech Motor<br \/>\n<strong>Uygulamalar:<\/strong> Slushy makineleri, i\u00e7ecek da\u011f\u0131t\u0131c\u0131lar\u0131<\/p>\n<p><img fetchpriority=\"high\" decoding=\"async\" class=\"alignnone wp-image-3175 size-full\" src=\"https:\/\/www.fengtech.com\/wp-content\/uploads\/2025\/08\/1701design.jpg\" alt=\"\" width=\"679\" height=\"582\" srcset=\"https:\/\/www.fengtech.com\/wp-content\/uploads\/2025\/08\/1701design.jpg 679w, https:\/\/www.fengtech.com\/wp-content\/uploads\/2025\/08\/1701design-300x257.jpg 300w, https:\/\/www.fengtech.com\/wp-content\/uploads\/2025\/08\/1701design-14x12.jpg 14w, https:\/\/www.fengtech.com\/wp-content\/uploads\/2025\/08\/1701design-600x514.jpg 600w\" sizes=\"(max-width: 679px) 100vw, 679px\" \/><\/p>\n<p><strong>Video:<\/strong><\/p>\n<p><iframe title=\"YouTube video oynat\u0131c\u0131\" src=\"https:\/\/www.youtube.com\/embed\/fLPU0rTJTQs?si=hUboM8Lq4SjEg9If\" width=\"100%\" height=\"500\" frameborder=\"0\" allowfullscreen=\"allowfullscreen\"><span data-mce-type=\"bookmark\" style=\"display: inline-block; width: 0px; overflow: hidden; line-height: 0;\" class=\"mce_SELRES_start\"><\/span><\/iframe><\/p>\n<p><strong>Paketleme ve Nakliye<\/strong><\/p>\n<table border=\"0\" width=\"100%\" cellspacing=\"0\" cellpadding=\"0\">\n<tbody>\n<tr><!-- \u5de6\u4fa7\u56fe\u7247\u53ca\u63cf\u8ff0 --><\/p>\n<td align=\"center\" valign=\"top\" width=\"48%\"><img decoding=\"async\" class=\"wp-image-3179 size-full\" src=\"https:\/\/www.fengtech.com\/wp-content\/uploads\/2025\/08\/Shipping-1.jpg\" alt=\"Shipping\" width=\"100%\" height=\"960\" srcset=\"https:\/\/www.fengtech.com\/wp-content\/uploads\/2025\/08\/Shipping-1.jpg 1280w, https:\/\/www.fengtech.com\/wp-content\/uploads\/2025\/08\/Shipping-1-300x225.jpg 300w, https:\/\/www.fengtech.com\/wp-content\/uploads\/2025\/08\/Shipping-1-1024x768.jpg 1024w, https:\/\/www.fengtech.com\/wp-content\/uploads\/2025\/08\/Shipping-1-768x576.jpg 768w, https:\/\/www.fengtech.com\/wp-content\/uploads\/2025\/08\/Shipping-1-16x12.jpg 16w, https:\/\/www.fengtech.com\/wp-content\/uploads\/2025\/08\/Shipping-1-600x450.jpg 600w\" sizes=\"(max-width: 1280px) 100vw, 1280px\" \/> Nakliye<\/td>\n<p><!-- \u4e2d\u95f4\u95f4\u9694 --><\/p>\n<td width=\"4%\"><\/td>\n<p><!-- \u53f3\u4fa7\u56fe\u7247\u53ca\u63cf\u8ff0 --><\/p>\n<td align=\"center\" valign=\"top\" width=\"48%\"><img decoding=\"async\" class=\"wp-image-3178 size-full\" src=\"https:\/\/www.fengtech.com\/wp-content\/uploads\/2025\/08\/Packaging-1.jpg\" alt=\"Packaging\" width=\"100%\" height=\"960\" srcset=\"https:\/\/www.fengtech.com\/wp-content\/uploads\/2025\/08\/Packaging-1.jpg 1280w, https:\/\/www.fengtech.com\/wp-content\/uploads\/2025\/08\/Packaging-1-300x225.jpg 300w, https:\/\/www.fengtech.com\/wp-content\/uploads\/2025\/08\/Packaging-1-1024x768.jpg 1024w, https:\/\/www.fengtech.com\/wp-content\/uploads\/2025\/08\/Packaging-1-768x576.jpg 768w, https:\/\/www.fengtech.com\/wp-content\/uploads\/2025\/08\/Packaging-1-16x12.jpg 16w, https:\/\/www.fengtech.com\/wp-content\/uploads\/2025\/08\/Packaging-1-600x450.jpg 600w\" sizes=\"(max-width: 1280px) 100vw, 1280px\" \/> Paketleme<\/td>\n<\/tr>\n<\/tbody>\n<\/table>\n<p><strong>SSS<\/strong><\/p>\n<p>Q1. Slush makineniz i\u00e7in \u00f6zel motorlar \u00fcretebilir misiniz?<br \/>\nC: Evet, biz bir motor \u00fcreticisiyiz ve \u00f6zel motorlar \u00fcretebiliriz.<\/p>\n<p>Q2. Slushy makine motorlar\u0131n\u0131z\u0131n uyumlulu\u011fu nedir?<br \/>\nC: Parametreler do\u011fru ve \u00e7\u0131k\u0131\u015f mili uygun oldu\u011fu s\u00fcrece, piyasadaki \u00e7o\u011fu sulu kar makinesi ile uyumludurlar. Herhangi bir endi\u015feniz varsa, l\u00fctfen bize e-posta g\u00f6nderin; m\u00fchendislerimiz size yard\u0131mc\u0131 olacakt\u0131r.<\/p>\n<p>Q3. Slushy makine motorlar\u0131n\u0131z\u0131n \u00f6mr\u00fc ne kadard\u0131r?<br \/>\nC: Bu, \u00e7al\u0131\u015fma ortam\u0131na ba\u011fl\u0131d\u0131r, ancak normal ko\u015fullar alt\u0131nda en az birka\u00e7 y\u0131l dayanmal\u0131d\u0131r.<\/p>\n<p>Q4. Logonuzu ve ambalaj\u0131n\u0131z\u0131 \u00f6zelle\u015ftirebilir misiniz?<br \/>\nC: Elbette, etiketlerinizi ve d\u0131\u015f kutu tasar\u0131m\u0131n\u0131z\u0131 bize g\u00f6nderebilirsiniz.<\/p>\n<p>Q5. Nerede bulunuyorsunuz? Fabrikan\u0131z\u0131 ziyaret edebilir miyim?<br \/>\nC: Ningbo, \u00c7in'de, Ningbo Havaalan\u0131'na \u00e7ok yak\u0131n bir konumday\u0131z. Randevu almak i\u00e7in bizimle \u00f6nceden ileti\u015fime ge\u00e7ebilirsiniz ve sizi havaalan\u0131ndan alaca\u011f\u0131z.<\/p>","protected":false},"excerpt":{"rendered":"<p>\u00dcr\u00fcn modeli: YJF-1701<br \/>\nNominal Gerilim: 230V<br \/>\nNominal Frekans: 50\/60Hz<br \/>\nH\u0131z Aral\u0131\u011f\u0131: 32\/38RPM<br \/>\nD\u00f6nd\u00fcrme y\u00f6n\u00fc: CW<\/p>","protected":false},"featured_media":2938,"template":"","meta":{"site-sidebar-layout":"default","site-content-layout":"","ast-site-content-layout":"default","site-content-style":"default","site-sidebar-style":"default","ast-global-header-display":"","ast-banner-title-visibility":"","ast-main-header-display":"","ast-hfb-above-header-display":"","ast-hfb-below-header-display":"","ast-hfb-mobile-header-display":"","site-post-title":"","ast-breadcrumbs-content":"","ast-featured-img":"","footer-sml-layout":"","theme-transparent-header-meta":"default","adv-header-id-meta":"","stick-header-meta":"","header-above-stick-meta":"","header-main-stick-meta":"","header-below-stick-meta":"","astra-migrate-meta-layouts":"set","ast-page-background-enabled":"default","ast-page-background-meta":{"desktop":{"background-color":"","background-image":"","background-repeat":"repeat","background-position":"center center","background-size":"auto","background-attachment":"scroll","background-type":"","background-media":"","overlay-type":"","overlay-color":"","overlay-opacity":"","overlay-gradient":""},"tablet":{"background-color":"","background-image":"","background-repeat":"repeat","background-position":"center center","background-size":"auto","background-attachment":"scroll","background-type":"","background-media":"","overlay-type":"","overlay-color":"","overlay-opacity":"","overlay-gradient":""},"mobile":{"background-color":"","background-image":"","background-repeat":"repeat","background-position":"center center","background-size":"auto","background-attachment":"scroll","background-type":"","background-media":"","overlay-type":"","overlay-color":"","overlay-opacity":"","overlay-gradient":""}},"ast-content-background-meta":{"desktop":{"background-color":"var(--ast-global-color-5)","background-image":"","background-repeat":"repeat","background-position":"center center","background-size":"auto","background-attachment":"scroll","background-type":"","background-media":"","overlay-type":"","overlay-color":"","overlay-opacity":"","overlay-gradient":""},"tablet":{"background-color":"var(--ast-global-color-5)","background-image":"","background-repeat":"repeat","background-position":"center center","background-size":"auto","background-attachment":"scroll","background-type":"","background-media":"","overlay-type":"","overlay-color":"","overlay-opacity":"","overlay-gradient":""},"mobile":{"background-color":"var(--ast-global-color-5)","background-image":"","background-repeat":"repeat","background-position":"center center","background-size":"auto","background-attachment":"scroll","background-type":"","background-media":"","overlay-type":"","overlay-color":"","overlay-opacity":"","overlay-gradient":""}}},"product_brand":[],"product_cat":[69],"product_tag":[34],"class_list":{"0":"post-3173","1":"product","2":"type-product","3":"status-publish","4":"has-post-thumbnail","6":"product_cat-slushy-machine-motor","7":"product_tag-slush-machine-motor","8":"desktop-align-left","9":"tablet-align-left","10":"mobile-align-left","12":"first","13":"instock","14":"shipping-taxable","15":"product-type-simple"},"yoast_head":"<!-- This site is optimized with the Yoast SEO Premium plugin v25.4 (Yoast SEO v25.4) - https:\/\/yoast.com\/wordpress\/plugins\/seo\/ -->\n<title>Factory Customizable 230V 50\/60Hz Slushy Machine Motor - Fengtech<\/title>\n<meta name=\"description\" content=\"The factory mass-produces slush machine motors for slush machine development. They are compatible with most slush machines on the market and have long life and high stability.\" \/>\n<meta name=\"robots\" content=\"index, follow, max-snippet:-1, max-image-preview:large, max-video-preview:-1\" \/>\n<link rel=\"canonical\" href=\"https:\/\/www.fengtech.com\/tr\/urun\/customizable-230v-50-60hz-slushy-machine-motor\/\" \/>\n<meta property=\"og:locale\" content=\"tr_TR\" \/>\n<meta property=\"og:type\" content=\"article\" \/>\n<meta property=\"og:title\" content=\"Factory Customizable 230V 50\/60Hz Slushy Machine Motor\" \/>\n<meta property=\"og:description\" content=\"The factory mass-produces slush machine motors for slush machine development. They are compatible with most slush machines on the market and have long life and high stability.\" \/>\n<meta property=\"og:url\" content=\"https:\/\/www.fengtech.com\/tr\/urun\/customizable-230v-50-60hz-slushy-machine-motor\/\" \/>\n<meta property=\"og:site_name\" content=\"Fengtech\" \/>\n<meta property=\"article:publisher\" content=\"https:\/\/www.facebook.com\/fengtech\/\" \/>\n<meta property=\"article:modified_time\" content=\"2025-08-15T07:17:17+00:00\" \/>\n<meta property=\"og:image\" content=\"https:\/\/www.fengtech.com\/wp-content\/uploads\/2025\/07\/YJF6440-1701-1.jpg\" \/>\n\t<meta property=\"og:image:width\" content=\"800\" \/>\n\t<meta property=\"og:image:height\" content=\"800\" \/>\n\t<meta property=\"og:image:type\" content=\"image\/jpeg\" \/>\n<meta name=\"twitter:card\" content=\"summary_large_image\" \/>\n<meta name=\"twitter:label1\" content=\"Tahmini okuma s\u00fcresi\" \/>\n\t<meta name=\"twitter:data1\" content=\"2 dakika\" \/>\n<script type=\"application\/ld+json\" class=\"yoast-schema-graph\">{\"@context\":\"https:\/\/schema.org\",\"@graph\":[{\"@type\":\"WebPage\",\"@id\":\"https:\/\/www.fengtech.com\/product\/customizable-230v-50-60hz-slushy-machine-motor\/\",\"url\":\"https:\/\/www.fengtech.com\/product\/customizable-230v-50-60hz-slushy-machine-motor\/\",\"name\":\"Factory Customizable 230V 50\/60Hz Slushy Machine Motor - Fengtech\",\"isPartOf\":{\"@id\":\"https:\/\/www.fengtech.com\/#website\"},\"primaryImageOfPage\":{\"@id\":\"https:\/\/www.fengtech.com\/product\/customizable-230v-50-60hz-slushy-machine-motor\/#primaryimage\"},\"image\":{\"@id\":\"https:\/\/www.fengtech.com\/product\/customizable-230v-50-60hz-slushy-machine-motor\/#primaryimage\"},\"thumbnailUrl\":\"https:\/\/www.fengtech.com\/wp-content\/uploads\/2025\/07\/YJF6440-1701-1.jpg\",\"datePublished\":\"2025-08-15T06:25:55+00:00\",\"dateModified\":\"2025-08-15T07:17:17+00:00\",\"description\":\"The factory mass-produces slush machine motors for slush machine development. They are compatible with most slush machines on the market and have long life and high stability.\",\"breadcrumb\":{\"@id\":\"https:\/\/www.fengtech.com\/product\/customizable-230v-50-60hz-slushy-machine-motor\/#breadcrumb\"},\"inLanguage\":\"tr\",\"potentialAction\":[{\"@type\":\"ReadAction\",\"target\":[\"https:\/\/www.fengtech.com\/product\/customizable-230v-50-60hz-slushy-machine-motor\/\"]}]},{\"@type\":\"ImageObject\",\"inLanguage\":\"tr\",\"@id\":\"https:\/\/www.fengtech.com\/product\/customizable-230v-50-60hz-slushy-machine-motor\/#primaryimage\",\"url\":\"https:\/\/www.fengtech.com\/wp-content\/uploads\/2025\/07\/YJF6440-1701-1.jpg\",\"contentUrl\":\"https:\/\/www.fengtech.com\/wp-content\/uploads\/2025\/07\/YJF6440-1701-1.jpg\",\"width\":800,\"height\":800,\"caption\":\"YJF6440-1701-1\"},{\"@type\":\"BreadcrumbList\",\"@id\":\"https:\/\/www.fengtech.com\/product\/customizable-230v-50-60hz-slushy-machine-motor\/#breadcrumb\",\"itemListElement\":[{\"@type\":\"ListItem\",\"position\":1,\"name\":\"\u9996\u9875\",\"item\":\"https:\/\/www.fengtech.com\/\"},{\"@type\":\"ListItem\",\"position\":2,\"name\":\"Products\",\"item\":\"https:\/\/www.fengtech.com\/shop\/\"},{\"@type\":\"ListItem\",\"position\":3,\"name\":\"Factory Customizable 230V 50\/60Hz Slushy Machine Motor\"}]},{\"@type\":\"WebSite\",\"@id\":\"https:\/\/www.fengtech.com\/#website\",\"url\":\"https:\/\/www.fengtech.com\/\",\"name\":\"FengTech Motor\",\"description\":\"Outdoor Sports Adventure Website\",\"publisher\":{\"@id\":\"https:\/\/www.fengtech.com\/#organization\"},\"potentialAction\":[{\"@type\":\"SearchAction\",\"target\":{\"@type\":\"EntryPoint\",\"urlTemplate\":\"https:\/\/www.fengtech.com\/?s={search_term_string}\"},\"query-input\":{\"@type\":\"PropertyValueSpecification\",\"valueRequired\":true,\"valueName\":\"search_term_string\"}}],\"inLanguage\":\"tr\"},{\"@type\":\"Organization\",\"@id\":\"https:\/\/www.fengtech.com\/#organization\",\"name\":\"FengTech Motor\",\"url\":\"https:\/\/www.fengtech.com\/\",\"logo\":{\"@type\":\"ImageObject\",\"inLanguage\":\"tr\",\"@id\":\"https:\/\/www.fengtech.com\/#\/schema\/logo\/image\/\",\"url\":\"https:\/\/www.fengtech.com\/wp-content\/uploads\/2025\/07\/cropped-fengtech_logo_w.jpg\",\"contentUrl\":\"https:\/\/www.fengtech.com\/wp-content\/uploads\/2025\/07\/cropped-fengtech_logo_w.jpg\",\"width\":512,\"height\":512,\"caption\":\"FengTech Motor\"},\"image\":{\"@id\":\"https:\/\/www.fengtech.com\/#\/schema\/logo\/image\/\"},\"sameAs\":[\"https:\/\/www.facebook.com\/fengtech\/\",\"https:\/\/www.linkedin.com\/in\/barry-yuan\/\"]}]}<\/script>\n<!-- \/ Yoast SEO Premium plugin. -->","yoast_head_json":{"title":"Factory Customizable 230V 50\/60Hz Slushy Machine Motor - Fengtech","description":"The factory mass-produces slush machine motors for slush machine development. They are compatible with most slush machines on the market and have long life and high stability.","robots":{"index":"index","follow":"follow","max-snippet":"max-snippet:-1","max-image-preview":"max-image-preview:large","max-video-preview":"max-video-preview:-1"},"canonical":"https:\/\/www.fengtech.com\/tr\/urun\/customizable-230v-50-60hz-slushy-machine-motor\/","og_locale":"tr_TR","og_type":"article","og_title":"Factory Customizable 230V 50\/60Hz Slushy Machine Motor","og_description":"The factory mass-produces slush machine motors for slush machine development. They are compatible with most slush machines on the market and have long life and high stability.","og_url":"https:\/\/www.fengtech.com\/tr\/urun\/customizable-230v-50-60hz-slushy-machine-motor\/","og_site_name":"Fengtech","article_publisher":"https:\/\/www.facebook.com\/fengtech\/","article_modified_time":"2025-08-15T07:17:17+00:00","og_image":[{"width":800,"height":800,"url":"https:\/\/www.fengtech.com\/wp-content\/uploads\/2025\/07\/YJF6440-1701-1.jpg","type":"image\/jpeg"}],"twitter_card":"summary_large_image","twitter_misc":{"Tahmini okuma s\u00fcresi":"2 dakika"},"schema":{"@context":"https:\/\/schema.org","@graph":[{"@type":"WebPage","@id":"https:\/\/www.fengtech.com\/product\/customizable-230v-50-60hz-slushy-machine-motor\/","url":"https:\/\/www.fengtech.com\/product\/customizable-230v-50-60hz-slushy-machine-motor\/","name":"Factory Customizable 230V 50\/60Hz Slushy Machine Motor - Fengtech","isPartOf":{"@id":"https:\/\/www.fengtech.com\/#website"},"primaryImageOfPage":{"@id":"https:\/\/www.fengtech.com\/product\/customizable-230v-50-60hz-slushy-machine-motor\/#primaryimage"},"image":{"@id":"https:\/\/www.fengtech.com\/product\/customizable-230v-50-60hz-slushy-machine-motor\/#primaryimage"},"thumbnailUrl":"https:\/\/www.fengtech.com\/wp-content\/uploads\/2025\/07\/YJF6440-1701-1.jpg","datePublished":"2025-08-15T06:25:55+00:00","dateModified":"2025-08-15T07:17:17+00:00","description":"The factory mass-produces slush machine motors for slush machine development. They are compatible with most slush machines on the market and have long life and high stability.","breadcrumb":{"@id":"https:\/\/www.fengtech.com\/product\/customizable-230v-50-60hz-slushy-machine-motor\/#breadcrumb"},"inLanguage":"tr","potentialAction":[{"@type":"ReadAction","target":["https:\/\/www.fengtech.com\/product\/customizable-230v-50-60hz-slushy-machine-motor\/"]}]},{"@type":"ImageObject","inLanguage":"tr","@id":"https:\/\/www.fengtech.com\/product\/customizable-230v-50-60hz-slushy-machine-motor\/#primaryimage","url":"https:\/\/www.fengtech.com\/wp-content\/uploads\/2025\/07\/YJF6440-1701-1.jpg","contentUrl":"https:\/\/www.fengtech.com\/wp-content\/uploads\/2025\/07\/YJF6440-1701-1.jpg","width":800,"height":800,"caption":"YJF6440-1701-1"},{"@type":"BreadcrumbList","@id":"https:\/\/www.fengtech.com\/product\/customizable-230v-50-60hz-slushy-machine-motor\/#breadcrumb","itemListElement":[{"@type":"ListItem","position":1,"name":"\u9996\u9875","item":"https:\/\/www.fengtech.com\/"},{"@type":"ListItem","position":2,"name":"Products","item":"https:\/\/www.fengtech.com\/shop\/"},{"@type":"ListItem","position":3,"name":"Factory Customizable 230V 50\/60Hz Slushy Machine Motor"}]},{"@type":"WebSite","@id":"https:\/\/www.fengtech.com\/#website","url":"https:\/\/www.fengtech.com\/","name":"FengTech Motor","description":"Outdoor Sports Adventure Website","publisher":{"@id":"https:\/\/www.fengtech.com\/#organization"},"potentialAction":[{"@type":"SearchAction","target":{"@type":"EntryPoint","urlTemplate":"https:\/\/www.fengtech.com\/?s={search_term_string}"},"query-input":{"@type":"PropertyValueSpecification","valueRequired":true,"valueName":"search_term_string"}}],"inLanguage":"tr"},{"@type":"Organization","@id":"https:\/\/www.fengtech.com\/#organization","name":"FengTech Motor","url":"https:\/\/www.fengtech.com\/","logo":{"@type":"ImageObject","inLanguage":"tr","@id":"https:\/\/www.fengtech.com\/#\/schema\/logo\/image\/","url":"https:\/\/www.fengtech.com\/wp-content\/uploads\/2025\/07\/cropped-fengtech_logo_w.jpg","contentUrl":"https:\/\/www.fengtech.com\/wp-content\/uploads\/2025\/07\/cropped-fengtech_logo_w.jpg","width":512,"height":512,"caption":"FengTech Motor"},"image":{"@id":"https:\/\/www.fengtech.com\/#\/schema\/logo\/image\/"},"sameAs":["https:\/\/www.facebook.com\/fengtech\/","https:\/\/www.linkedin.com\/in\/barry-yuan\/"]}]}},"_links":{"self":[{"href":"https:\/\/www.fengtech.com\/tr\/wp-json\/wp\/v2\/product\/3173","targetHints":{"allow":["GET"]}}],"collection":[{"href":"https:\/\/www.fengtech.com\/tr\/wp-json\/wp\/v2\/product"}],"about":[{"href":"https:\/\/www.fengtech.com\/tr\/wp-json\/wp\/v2\/types\/product"}],"version-history":[{"count":0,"href":"https:\/\/www.fengtech.com\/tr\/wp-json\/wp\/v2\/product\/3173\/revisions"}],"wp:featuredmedia":[{"embeddable":true,"href":"https:\/\/www.fengtech.com\/tr\/wp-json\/wp\/v2\/media\/2938"}],"wp:attachment":[{"href":"https:\/\/www.fengtech.com\/tr\/wp-json\/wp\/v2\/media?parent=3173"}],"wp:term":[{"taxonomy":"product_brand","embeddable":true,"href":"https:\/\/www.fengtech.com\/tr\/wp-json\/wp\/v2\/product_brand?post=3173"},{"taxonomy":"product_cat","embeddable":true,"href":"https:\/\/www.fengtech.com\/tr\/wp-json\/wp\/v2\/product_cat?post=3173"},{"taxonomy":"product_tag","embeddable":true,"href":"https:\/\/www.fengtech.com\/tr\/wp-json\/wp\/v2\/product_tag?post=3173"}],"curies":[{"name":"wp","href":"https:\/\/api.w.org\/{rel}","templated":true}]}}