{"id":3126,"date":"2025-08-13T13:56:26","date_gmt":"2025-08-13T05:56:26","guid":{"rendered":"https:\/\/www.fengtech.com\/?post_type=product&#038;p=3126"},"modified":"2025-08-13T14:31:12","modified_gmt":"2025-08-13T06:31:12","slug":"gm-yjf","status":"publish","type":"product","link":"https:\/\/www.fengtech.com\/tr\/urun\/gm-yjf\/","title":{"rendered":"GM-YJF"},"content":{"rendered":"<p><img decoding=\"async\" class=\"wp-image-3130 size-full\" src=\"https:\/\/www.fengtech.com\/wp-content\/uploads\/2025\/08\/GM-YJF-DESIGN1-1.png\" alt=\"GM-YJF-DESIGN1\" width=\"100%\" height=\"487\" srcset=\"https:\/\/www.fengtech.com\/wp-content\/uploads\/2025\/08\/GM-YJF-DESIGN1-1.png 1338w, https:\/\/www.fengtech.com\/wp-content\/uploads\/2025\/08\/GM-YJF-DESIGN1-1-300x109.png 300w, https:\/\/www.fengtech.com\/wp-content\/uploads\/2025\/08\/GM-YJF-DESIGN1-1-1024x373.png 1024w, https:\/\/www.fengtech.com\/wp-content\/uploads\/2025\/08\/GM-YJF-DESIGN1-1-768x280.png 768w, https:\/\/www.fengtech.com\/wp-content\/uploads\/2025\/08\/GM-YJF-DESIGN1-1-18x7.png 18w, https:\/\/www.fengtech.com\/wp-content\/uploads\/2025\/08\/GM-YJF-DESIGN1-1-600x218.png 600w\" sizes=\"(max-width: 1338px) 100vw, 1338px\" \/><\/p>\n<p><img decoding=\"async\" class=\"wp-image-3132 size-full\" src=\"https:\/\/www.fengtech.com\/wp-content\/uploads\/2025\/08\/GM-YJF-DESIGN2.png\" alt=\"GM-YJF-DESIGN2\" width=\"100%\" height=\"458\" srcset=\"https:\/\/www.fengtech.com\/wp-content\/uploads\/2025\/08\/GM-YJF-DESIGN2.png 1623w, https:\/\/www.fengtech.com\/wp-content\/uploads\/2025\/08\/GM-YJF-DESIGN2-300x85.png 300w, https:\/\/www.fengtech.com\/wp-content\/uploads\/2025\/08\/GM-YJF-DESIGN2-1024x289.png 1024w, https:\/\/www.fengtech.com\/wp-content\/uploads\/2025\/08\/GM-YJF-DESIGN2-768x217.png 768w, https:\/\/www.fengtech.com\/wp-content\/uploads\/2025\/08\/GM-YJF-DESIGN2-1536x433.png 1536w, https:\/\/www.fengtech.com\/wp-content\/uploads\/2025\/08\/GM-YJF-DESIGN2-18x5.png 18w, https:\/\/www.fengtech.com\/wp-content\/uploads\/2025\/08\/GM-YJF-DESIGN2-600x169.png 600w\" sizes=\"(max-width: 1623px) 100vw, 1623px\" \/><\/p>\n<p><img decoding=\"async\" class=\"wp-image-3133 size-full\" src=\"https:\/\/www.fengtech.com\/wp-content\/uploads\/2025\/08\/GM-YJF-DESIGN3.png\" alt=\"GM-YJF-DESIGN3\" width=\"100%\" height=\"349\" srcset=\"https:\/\/www.fengtech.com\/wp-content\/uploads\/2025\/08\/GM-YJF-DESIGN3.png 1610w, https:\/\/www.fengtech.com\/wp-content\/uploads\/2025\/08\/GM-YJF-DESIGN3-300x65.png 300w, https:\/\/www.fengtech.com\/wp-content\/uploads\/2025\/08\/GM-YJF-DESIGN3-1024x222.png 1024w, https:\/\/www.fengtech.com\/wp-content\/uploads\/2025\/08\/GM-YJF-DESIGN3-768x166.png 768w, https:\/\/www.fengtech.com\/wp-content\/uploads\/2025\/08\/GM-YJF-DESIGN3-1536x333.png 1536w, https:\/\/www.fengtech.com\/wp-content\/uploads\/2025\/08\/GM-YJF-DESIGN3-18x4.png 18w, https:\/\/www.fengtech.com\/wp-content\/uploads\/2025\/08\/GM-YJF-DESIGN3-600x130.png 600w\" sizes=\"(max-width: 1610px) 100vw, 1610px\" \/><\/p>\n<h3 style=\"font-size: 24px;\"><strong>Nakliye ve Paketleme<\/strong><\/h3>\n<table border=\"0\" width=\"100%\" cellspacing=\"0\" cellpadding=\"0\">\n<tbody>\n<tr><!-- \u5de6\u4fa7\u56fe\u7247\u53ca\u63cf\u8ff0 --><\/p>\n<td align=\"center\" valign=\"top\" width=\"48%\"><img decoding=\"async\" class=\"wp-image-3135 size-full\" src=\"https:\/\/www.fengtech.com\/wp-content\/uploads\/2025\/08\/Shipping.jpg\" alt=\"Shipping\" width=\"100%\" height=\"660\" srcset=\"https:\/\/www.fengtech.com\/wp-content\/uploads\/2025\/08\/Shipping.jpg 800w, https:\/\/www.fengtech.com\/wp-content\/uploads\/2025\/08\/Shipping-300x248.jpg 300w, https:\/\/www.fengtech.com\/wp-content\/uploads\/2025\/08\/Shipping-768x634.jpg 768w, https:\/\/www.fengtech.com\/wp-content\/uploads\/2025\/08\/Shipping-15x12.jpg 15w, https:\/\/www.fengtech.com\/wp-content\/uploads\/2025\/08\/Shipping-600x495.jpg 600w\" sizes=\"(max-width: 800px) 100vw, 800px\" \/><\/p>\n<p>Nakliye<\/td>\n<p><!-- \u4e2d\u95f4\u95f4\u9694 --><\/p>\n<td width=\"4%\"><\/td>\n<p><!-- \u53f3\u4fa7\u56fe\u7247\u53ca\u63cf\u8ff0 --><\/p>\n<td align=\"center\" valign=\"top\" width=\"48%\"><img decoding=\"async\" class=\"wp-image-3134 size-full\" src=\"https:\/\/www.fengtech.com\/wp-content\/uploads\/2025\/08\/Packaging.jpg\" alt=\"Packaging\" width=\"100%\" height=\"518\" srcset=\"https:\/\/www.fengtech.com\/wp-content\/uploads\/2025\/08\/Packaging.jpg 692w, https:\/\/www.fengtech.com\/wp-content\/uploads\/2025\/08\/Packaging-300x225.jpg 300w, https:\/\/www.fengtech.com\/wp-content\/uploads\/2025\/08\/Packaging-16x12.jpg 16w, https:\/\/www.fengtech.com\/wp-content\/uploads\/2025\/08\/Packaging-600x449.jpg 600w\" sizes=\"(max-width: 692px) 100vw, 692px\" \/><\/p>\n<p>Paketleme<\/td>\n<\/tr>\n<\/tbody>\n<\/table>\n<h3 style=\"font-size: 24px;\">\u00dcr\u00fcn Uygulamas\u0131<\/h3>\n<p>Fengtech'in GM-YJF g\u00f6lge kutuplu motor serisi \u00f6ncelikle g\u0131da i\u015fleme ekipmanlar\u0131nda (f\u0131r\u0131nlar, \u0131zgaralar ve d\u0131\u015f mekan \u0131zgaralar\u0131 gibi) ve end\u00fcstriyel ekipmanlarda (elektrikli valfler ve peristaltik pompalar gibi) kullan\u0131l\u0131r. Ola\u011fan\u00fcst\u00fc dayan\u0131kl\u0131l\u0131k sunar.<br \/>\nMotorlar\u0131m\u0131z \u00f6zelle\u015ftirilebilir h\u0131z, \u00e7\u0131k\u0131\u015f mili, tork ve di\u011fer parametreleri destekler ve UL, CE ve ROHS taraf\u0131ndan onaylanm\u0131\u015ft\u0131r.<\/p>\n<table border=\"0\" width=\"100%\" cellspacing=\"0\" cellpadding=\"0\">\n<tbody>\n<tr><!-- \u5de6\u4fa7\u56fe\u7247\u53ca\u63cf\u8ff0 --><\/p>\n<td align=\"center\" valign=\"top\" width=\"32%\"><a href=\"https:\/\/www.fengtech.com\/tr\/urun-etiketi\/peristaltic-pump-motor\/\"><img fetchpriority=\"high\" decoding=\"async\" class=\"alignnone wp-image-3136 size-full\" src=\"https:\/\/www.fengtech.com\/wp-content\/uploads\/2025\/08\/Peristaltic-Pump.jpg\" alt=\"Peristaltic Pump\" width=\"700\" height=\"1000\" srcset=\"https:\/\/www.fengtech.com\/wp-content\/uploads\/2025\/08\/Peristaltic-Pump.jpg 700w, https:\/\/www.fengtech.com\/wp-content\/uploads\/2025\/08\/Peristaltic-Pump-210x300.jpg 210w, https:\/\/www.fengtech.com\/wp-content\/uploads\/2025\/08\/Peristaltic-Pump-8x12.jpg 8w, https:\/\/www.fengtech.com\/wp-content\/uploads\/2025\/08\/Peristaltic-Pump-600x857.jpg 600w\" sizes=\"(max-width: 700px) 100vw, 700px\" \/><\/a><\/td>\n<p><!-- \u4e2d\u95f4\u95f4\u9694 --><\/p>\n<td width=\"2%\"><\/td>\n<p><!-- \u53f3\u4fa7\u56fe\u7247\u53ca\u63cf\u8ff0 --><\/p>\n<td align=\"center\" valign=\"top\" width=\"32%\"><a href=\"https:\/\/www.fengtech.com\/tr\/rotisserie-motor\/\"><img decoding=\"async\" class=\"alignnone wp-image-3137 size-full\" src=\"https:\/\/www.fengtech.com\/wp-content\/uploads\/2025\/08\/Food-Machinery.jpg\" alt=\"Food Machinery\" width=\"700\" height=\"1000\" srcset=\"https:\/\/www.fengtech.com\/wp-content\/uploads\/2025\/08\/Food-Machinery.jpg 700w, https:\/\/www.fengtech.com\/wp-content\/uploads\/2025\/08\/Food-Machinery-210x300.jpg 210w, https:\/\/www.fengtech.com\/wp-content\/uploads\/2025\/08\/Food-Machinery-8x12.jpg 8w, https:\/\/www.fengtech.com\/wp-content\/uploads\/2025\/08\/Food-Machinery-600x857.jpg 600w\" sizes=\"(max-width: 700px) 100vw, 700px\" \/><\/a><\/td>\n<td width=\"2%\"><\/td>\n<p><!-- \u53f3\u4fa7\u56fe\u7247\u53ca\u63cf\u8ff0 --><\/p>\n<td align=\"center\" valign=\"top\" width=\"32%\"><img decoding=\"async\" class=\"wp-image-3138 size-full\" src=\"https:\/\/www.fengtech.com\/wp-content\/uploads\/2025\/08\/Automation-Equipment.jpg\" alt=\"Automation Equipment\" width=\"100%\" height=\"1000\" srcset=\"https:\/\/www.fengtech.com\/wp-content\/uploads\/2025\/08\/Automation-Equipment.jpg 700w, https:\/\/www.fengtech.com\/wp-content\/uploads\/2025\/08\/Automation-Equipment-210x300.jpg 210w, https:\/\/www.fengtech.com\/wp-content\/uploads\/2025\/08\/Automation-Equipment-8x12.jpg 8w, https:\/\/www.fengtech.com\/wp-content\/uploads\/2025\/08\/Automation-Equipment-600x857.jpg 600w\" sizes=\"(max-width: 700px) 100vw, 700px\" \/><\/td>\n<\/tr>\n<\/tbody>\n<\/table>","protected":false},"excerpt":{"rendered":"<p>Nominal Gerilim: 110\/230V<br \/>\nNominal Frekans: 50\/60Hz<br \/>\nGiri\u015f G\u00fcc\u00fc: 20~60W<br \/>\nGiri\u015f Ak\u0131m\u0131: &lt;1.2\/&lt;0.5A<br \/>\n\u00c7\u0131k\u0131\u015f G\u00fcc\u00fc: 6-20W<br \/>\nG\u00fcr\u00fclt\u00fc: &lt;55db<br \/>\nD\u00f6nd\u00fcrme Y\u00f6n\u00fc: CW\/CCW<\/p>","protected":false},"featured_media":3123,"template":"","meta":{"site-sidebar-layout":"default","site-content-layout":"","ast-site-content-layout":"default","site-content-style":"default","site-sidebar-style":"default","ast-global-header-display":"","ast-banner-title-visibility":"","ast-main-header-display":"","ast-hfb-above-header-display":"","ast-hfb-below-header-display":"","ast-hfb-mobile-header-display":"","site-post-title":"","ast-breadcrumbs-content":"","ast-featured-img":"","footer-sml-layout":"","theme-transparent-header-meta":"default","adv-header-id-meta":"","stick-header-meta":"","header-above-stick-meta":"","header-main-stick-meta":"","header-below-stick-meta":"","astra-migrate-meta-layouts":"set","ast-page-background-enabled":"default","ast-page-background-meta":{"desktop":{"background-color":"","background-image":"","background-repeat":"repeat","background-position":"center center","background-size":"auto","background-attachment":"scroll","background-type":"","background-media":"","overlay-type":"","overlay-color":"","overlay-opacity":"","overlay-gradient":""},"tablet":{"background-color":"","background-image":"","background-repeat":"repeat","background-position":"center center","background-size":"auto","background-attachment":"scroll","background-type":"","background-media":"","overlay-type":"","overlay-color":"","overlay-opacity":"","overlay-gradient":""},"mobile":{"background-color":"","background-image":"","background-repeat":"repeat","background-position":"center center","background-size":"auto","background-attachment":"scroll","background-type":"","background-media":"","overlay-type":"","overlay-color":"","overlay-opacity":"","overlay-gradient":""}},"ast-content-background-meta":{"desktop":{"background-color":"var(--ast-global-color-5)","background-image":"","background-repeat":"repeat","background-position":"center center","background-size":"auto","background-attachment":"scroll","background-type":"","background-media":"","overlay-type":"","overlay-color":"","overlay-opacity":"","overlay-gradient":""},"tablet":{"background-color":"var(--ast-global-color-5)","background-image":"","background-repeat":"repeat","background-position":"center center","background-size":"auto","background-attachment":"scroll","background-type":"","background-media":"","overlay-type":"","overlay-color":"","overlay-opacity":"","overlay-gradient":""},"mobile":{"background-color":"var(--ast-global-color-5)","background-image":"","background-repeat":"repeat","background-position":"center center","background-size":"auto","background-attachment":"scroll","background-type":"","background-media":"","overlay-type":"","overlay-color":"","overlay-opacity":"","overlay-gradient":""}}},"product_brand":[],"product_cat":[56],"product_tag":[65,64],"class_list":{"0":"post-3126","1":"product","2":"type-product","3":"status-publish","4":"has-post-thumbnail","6":"product_cat-shaded-pole-motor","7":"product_tag-peristaltic-pump-motor","8":"product_tag-shaded-pole-motor","9":"desktop-align-left","10":"tablet-align-left","11":"mobile-align-left","13":"first","14":"instock","15":"shipping-taxable","16":"product-type-simple"},"yoast_head":"<!-- This site is optimized with the Yoast SEO Premium plugin v25.4 (Yoast SEO v25.4) - https:\/\/yoast.com\/wordpress\/plugins\/seo\/ -->\n<title>Valves, Pumps, Food Machinery Motors GM-YJF Series - Fengtech<\/title>\n<meta name=\"description\" content=\"Fengtech&#039;s GM-YJF series has built-in multi-stage gear reduction, multiple speed options, low vibration, low noise, long life and other characteristics. It is mainly used in electric valves, damper actuators, food machinery, and automation equipment.\" \/>\n<meta name=\"robots\" content=\"index, follow, max-snippet:-1, max-image-preview:large, max-video-preview:-1\" \/>\n<link rel=\"canonical\" href=\"https:\/\/www.fengtech.com\/tr\/urun\/gm-yjf\/\" \/>\n<meta property=\"og:locale\" content=\"tr_TR\" \/>\n<meta property=\"og:type\" content=\"article\" \/>\n<meta property=\"og:title\" content=\"GM-YJF\" \/>\n<meta property=\"og:description\" content=\"Fengtech&#039;s GM-YJF series has built-in multi-stage gear reduction, multiple speed options, low vibration, low noise, long life and other characteristics. It is mainly used in electric valves, damper actuators, food machinery, and automation equipment.\" \/>\n<meta property=\"og:url\" content=\"https:\/\/www.fengtech.com\/tr\/urun\/gm-yjf\/\" \/>\n<meta property=\"og:site_name\" content=\"Fengtech\" \/>\n<meta property=\"article:publisher\" content=\"https:\/\/www.facebook.com\/fengtech\/\" \/>\n<meta property=\"article:modified_time\" content=\"2025-08-13T06:31:12+00:00\" \/>\n<meta property=\"og:image\" content=\"https:\/\/www.fengtech.com\/wp-content\/uploads\/2025\/08\/GM-YJF6116-1.jpg\" \/>\n\t<meta property=\"og:image:width\" content=\"800\" \/>\n\t<meta property=\"og:image:height\" content=\"800\" \/>\n\t<meta property=\"og:image:type\" content=\"image\/jpeg\" \/>\n<meta name=\"twitter:card\" content=\"summary_large_image\" \/>\n<meta name=\"twitter:label1\" content=\"Tahmini okuma s\u00fcresi\" \/>\n\t<meta name=\"twitter:data1\" content=\"3 dakika\" \/>\n<script type=\"application\/ld+json\" class=\"yoast-schema-graph\">{\"@context\":\"https:\/\/schema.org\",\"@graph\":[{\"@type\":\"WebPage\",\"@id\":\"https:\/\/www.fengtech.com\/product\/gm-yjf\/\",\"url\":\"https:\/\/www.fengtech.com\/product\/gm-yjf\/\",\"name\":\"Valves, Pumps, Food Machinery Motors GM-YJF Series - Fengtech\",\"isPartOf\":{\"@id\":\"https:\/\/www.fengtech.com\/#website\"},\"primaryImageOfPage\":{\"@id\":\"https:\/\/www.fengtech.com\/product\/gm-yjf\/#primaryimage\"},\"image\":{\"@id\":\"https:\/\/www.fengtech.com\/product\/gm-yjf\/#primaryimage\"},\"thumbnailUrl\":\"https:\/\/www.fengtech.com\/wp-content\/uploads\/2025\/08\/GM-YJF6116-1.jpg\",\"datePublished\":\"2025-08-13T05:56:26+00:00\",\"dateModified\":\"2025-08-13T06:31:12+00:00\",\"description\":\"Fengtech's GM-YJF series has built-in multi-stage gear reduction, multiple speed options, low vibration, low noise, long life and other characteristics. It is mainly used in electric valves, damper actuators, food machinery, and automation equipment.\",\"breadcrumb\":{\"@id\":\"https:\/\/www.fengtech.com\/product\/gm-yjf\/#breadcrumb\"},\"inLanguage\":\"tr\",\"potentialAction\":[{\"@type\":\"ReadAction\",\"target\":[\"https:\/\/www.fengtech.com\/product\/gm-yjf\/\"]}]},{\"@type\":\"ImageObject\",\"inLanguage\":\"tr\",\"@id\":\"https:\/\/www.fengtech.com\/product\/gm-yjf\/#primaryimage\",\"url\":\"https:\/\/www.fengtech.com\/wp-content\/uploads\/2025\/08\/GM-YJF6116-1.jpg\",\"contentUrl\":\"https:\/\/www.fengtech.com\/wp-content\/uploads\/2025\/08\/GM-YJF6116-1.jpg\",\"width\":800,\"height\":800,\"caption\":\"GM-YJF6116-1\"},{\"@type\":\"BreadcrumbList\",\"@id\":\"https:\/\/www.fengtech.com\/product\/gm-yjf\/#breadcrumb\",\"itemListElement\":[{\"@type\":\"ListItem\",\"position\":1,\"name\":\"\u9996\u9875\",\"item\":\"https:\/\/www.fengtech.com\/\"},{\"@type\":\"ListItem\",\"position\":2,\"name\":\"Products\",\"item\":\"https:\/\/www.fengtech.com\/shop\/\"},{\"@type\":\"ListItem\",\"position\":3,\"name\":\"GM-YJF\"}]},{\"@type\":\"WebSite\",\"@id\":\"https:\/\/www.fengtech.com\/#website\",\"url\":\"https:\/\/www.fengtech.com\/\",\"name\":\"FengTech Motor\",\"description\":\"Outdoor Sports Adventure Website\",\"publisher\":{\"@id\":\"https:\/\/www.fengtech.com\/#organization\"},\"potentialAction\":[{\"@type\":\"SearchAction\",\"target\":{\"@type\":\"EntryPoint\",\"urlTemplate\":\"https:\/\/www.fengtech.com\/?s={search_term_string}\"},\"query-input\":{\"@type\":\"PropertyValueSpecification\",\"valueRequired\":true,\"valueName\":\"search_term_string\"}}],\"inLanguage\":\"tr\"},{\"@type\":\"Organization\",\"@id\":\"https:\/\/www.fengtech.com\/#organization\",\"name\":\"FengTech Motor\",\"url\":\"https:\/\/www.fengtech.com\/\",\"logo\":{\"@type\":\"ImageObject\",\"inLanguage\":\"tr\",\"@id\":\"https:\/\/www.fengtech.com\/#\/schema\/logo\/image\/\",\"url\":\"https:\/\/www.fengtech.com\/wp-content\/uploads\/2025\/07\/cropped-fengtech_logo_w.jpg\",\"contentUrl\":\"https:\/\/www.fengtech.com\/wp-content\/uploads\/2025\/07\/cropped-fengtech_logo_w.jpg\",\"width\":512,\"height\":512,\"caption\":\"FengTech Motor\"},\"image\":{\"@id\":\"https:\/\/www.fengtech.com\/#\/schema\/logo\/image\/\"},\"sameAs\":[\"https:\/\/www.facebook.com\/fengtech\/\",\"https:\/\/www.linkedin.com\/in\/barry-yuan\/\"]}]}<\/script>\n<!-- \/ Yoast SEO Premium plugin. -->","yoast_head_json":{"title":"Valves, Pumps, Food Machinery Motors GM-YJF Series - Fengtech","description":"Fengtech's GM-YJF series has built-in multi-stage gear reduction, multiple speed options, low vibration, low noise, long life and other characteristics. It is mainly used in electric valves, damper actuators, food machinery, and automation equipment.","robots":{"index":"index","follow":"follow","max-snippet":"max-snippet:-1","max-image-preview":"max-image-preview:large","max-video-preview":"max-video-preview:-1"},"canonical":"https:\/\/www.fengtech.com\/tr\/urun\/gm-yjf\/","og_locale":"tr_TR","og_type":"article","og_title":"GM-YJF","og_description":"Fengtech's GM-YJF series has built-in multi-stage gear reduction, multiple speed options, low vibration, low noise, long life and other characteristics. It is mainly used in electric valves, damper actuators, food machinery, and automation equipment.","og_url":"https:\/\/www.fengtech.com\/tr\/urun\/gm-yjf\/","og_site_name":"Fengtech","article_publisher":"https:\/\/www.facebook.com\/fengtech\/","article_modified_time":"2025-08-13T06:31:12+00:00","og_image":[{"width":800,"height":800,"url":"https:\/\/www.fengtech.com\/wp-content\/uploads\/2025\/08\/GM-YJF6116-1.jpg","type":"image\/jpeg"}],"twitter_card":"summary_large_image","twitter_misc":{"Tahmini okuma s\u00fcresi":"3 dakika"},"schema":{"@context":"https:\/\/schema.org","@graph":[{"@type":"WebPage","@id":"https:\/\/www.fengtech.com\/product\/gm-yjf\/","url":"https:\/\/www.fengtech.com\/product\/gm-yjf\/","name":"Valves, Pumps, Food Machinery Motors GM-YJF Series - Fengtech","isPartOf":{"@id":"https:\/\/www.fengtech.com\/#website"},"primaryImageOfPage":{"@id":"https:\/\/www.fengtech.com\/product\/gm-yjf\/#primaryimage"},"image":{"@id":"https:\/\/www.fengtech.com\/product\/gm-yjf\/#primaryimage"},"thumbnailUrl":"https:\/\/www.fengtech.com\/wp-content\/uploads\/2025\/08\/GM-YJF6116-1.jpg","datePublished":"2025-08-13T05:56:26+00:00","dateModified":"2025-08-13T06:31:12+00:00","description":"Fengtech's GM-YJF series has built-in multi-stage gear reduction, multiple speed options, low vibration, low noise, long life and other characteristics. It is mainly used in electric valves, damper actuators, food machinery, and automation equipment.","breadcrumb":{"@id":"https:\/\/www.fengtech.com\/product\/gm-yjf\/#breadcrumb"},"inLanguage":"tr","potentialAction":[{"@type":"ReadAction","target":["https:\/\/www.fengtech.com\/product\/gm-yjf\/"]}]},{"@type":"ImageObject","inLanguage":"tr","@id":"https:\/\/www.fengtech.com\/product\/gm-yjf\/#primaryimage","url":"https:\/\/www.fengtech.com\/wp-content\/uploads\/2025\/08\/GM-YJF6116-1.jpg","contentUrl":"https:\/\/www.fengtech.com\/wp-content\/uploads\/2025\/08\/GM-YJF6116-1.jpg","width":800,"height":800,"caption":"GM-YJF6116-1"},{"@type":"BreadcrumbList","@id":"https:\/\/www.fengtech.com\/product\/gm-yjf\/#breadcrumb","itemListElement":[{"@type":"ListItem","position":1,"name":"\u9996\u9875","item":"https:\/\/www.fengtech.com\/"},{"@type":"ListItem","position":2,"name":"Products","item":"https:\/\/www.fengtech.com\/shop\/"},{"@type":"ListItem","position":3,"name":"GM-YJF"}]},{"@type":"WebSite","@id":"https:\/\/www.fengtech.com\/#website","url":"https:\/\/www.fengtech.com\/","name":"FengTech Motor","description":"Outdoor Sports Adventure Website","publisher":{"@id":"https:\/\/www.fengtech.com\/#organization"},"potentialAction":[{"@type":"SearchAction","target":{"@type":"EntryPoint","urlTemplate":"https:\/\/www.fengtech.com\/?s={search_term_string}"},"query-input":{"@type":"PropertyValueSpecification","valueRequired":true,"valueName":"search_term_string"}}],"inLanguage":"tr"},{"@type":"Organization","@id":"https:\/\/www.fengtech.com\/#organization","name":"FengTech Motor","url":"https:\/\/www.fengtech.com\/","logo":{"@type":"ImageObject","inLanguage":"tr","@id":"https:\/\/www.fengtech.com\/#\/schema\/logo\/image\/","url":"https:\/\/www.fengtech.com\/wp-content\/uploads\/2025\/07\/cropped-fengtech_logo_w.jpg","contentUrl":"https:\/\/www.fengtech.com\/wp-content\/uploads\/2025\/07\/cropped-fengtech_logo_w.jpg","width":512,"height":512,"caption":"FengTech Motor"},"image":{"@id":"https:\/\/www.fengtech.com\/#\/schema\/logo\/image\/"},"sameAs":["https:\/\/www.facebook.com\/fengtech\/","https:\/\/www.linkedin.com\/in\/barry-yuan\/"]}]}},"_links":{"self":[{"href":"https:\/\/www.fengtech.com\/tr\/wp-json\/wp\/v2\/product\/3126","targetHints":{"allow":["GET"]}}],"collection":[{"href":"https:\/\/www.fengtech.com\/tr\/wp-json\/wp\/v2\/product"}],"about":[{"href":"https:\/\/www.fengtech.com\/tr\/wp-json\/wp\/v2\/types\/product"}],"version-history":[{"count":0,"href":"https:\/\/www.fengtech.com\/tr\/wp-json\/wp\/v2\/product\/3126\/revisions"}],"wp:featuredmedia":[{"embeddable":true,"href":"https:\/\/www.fengtech.com\/tr\/wp-json\/wp\/v2\/media\/3123"}],"wp:attachment":[{"href":"https:\/\/www.fengtech.com\/tr\/wp-json\/wp\/v2\/media?parent=3126"}],"wp:term":[{"taxonomy":"product_brand","embeddable":true,"href":"https:\/\/www.fengtech.com\/tr\/wp-json\/wp\/v2\/product_brand?post=3126"},{"taxonomy":"product_cat","embeddable":true,"href":"https:\/\/www.fengtech.com\/tr\/wp-json\/wp\/v2\/product_cat?post=3126"},{"taxonomy":"product_tag","embeddable":true,"href":"https:\/\/www.fengtech.com\/tr\/wp-json\/wp\/v2\/product_tag?post=3126"}],"curies":[{"name":"wp","href":"https:\/\/api.w.org\/{rel}","templated":true}]}}