{"id":2944,"date":"2025-07-31T16:24:52","date_gmt":"2025-07-31T08:24:52","guid":{"rendered":"https:\/\/www.fengtech.com\/?post_type=product&#038;p=2944"},"modified":"2025-07-31T16:25:33","modified_gmt":"2025-07-31T08:25:33","slug":"64tyd-1","status":"publish","type":"product","link":"https:\/\/www.fengtech.com\/tr\/urun\/64tyd-1\/","title":{"rendered":"64TYD-1"},"content":{"rendered":"<p><span style=\"color: #ff0000;\"><a style=\"color: #ff0000; font-size: 24px;\" href=\"https:\/\/www.fengtech.com\/wp-content\/uploads\/2025\/07\/64TYD-1.pdf\">\u25b664TYD-1.pdf<\/a><\/span><\/p>\n<p>Fengtech 64TYD-1 bir AC senkron di\u015fli motordur. Di\u011fer k\u00fc\u00e7\u00fck motorlarla kar\u015f\u0131la\u015ft\u0131r\u0131ld\u0131\u011f\u0131nda, bu motor 6,5 cm \u00e7ap\u0131yla daha b\u00fcy\u00fckt\u00fcr ve bu nedenle daha g\u00fc\u00e7l\u00fc bir g\u00fcce sahiptir. Genellikle HVAC ve di\u011fer elektrik sistemlerinde kullan\u0131l\u0131r. \u0130yi bir stabiliteye sahiptir, metal bir kasa kullan\u0131r ve -10 \u2103 ile 40 \u2103 aras\u0131ndaki s\u0131cakl\u0131klarda kararl\u0131 bir \u015fekilde \u00e7al\u0131\u015fabilir. Ayn\u0131 zamanda, bu motor CE, CCC ve ROHS gibi uluslararas\u0131 sertifikalar\u0131 ge\u00e7mi\u015ftir.<\/p>\n<h3><img decoding=\"async\" class=\"wp-image-2946 size-full\" src=\"https:\/\/www.fengtech.com\/wp-content\/uploads\/2025\/07\/64TYD-1-scaled.jpg\" alt=\"64TYD-1\" width=\"100%\" height=\"2560\" srcset=\"https:\/\/www.fengtech.com\/wp-content\/uploads\/2025\/07\/64TYD-1-scaled.jpg 1811w, https:\/\/www.fengtech.com\/wp-content\/uploads\/2025\/07\/64TYD-1-212x300.jpg 212w, https:\/\/www.fengtech.com\/wp-content\/uploads\/2025\/07\/64TYD-1-724x1024.jpg 724w, https:\/\/www.fengtech.com\/wp-content\/uploads\/2025\/07\/64TYD-1-768x1086.jpg 768w, https:\/\/www.fengtech.com\/wp-content\/uploads\/2025\/07\/64TYD-1-1086x1536.jpg 1086w, https:\/\/www.fengtech.com\/wp-content\/uploads\/2025\/07\/64TYD-1-1448x2048.jpg 1448w, https:\/\/www.fengtech.com\/wp-content\/uploads\/2025\/07\/64TYD-1-8x12.jpg 8w, https:\/\/www.fengtech.com\/wp-content\/uploads\/2025\/07\/64TYD-1-600x848.jpg 600w\" sizes=\"(max-width: 1811px) 100vw, 1811px\" \/><\/h3>\n<h3>64TYD-1'in ambalajlanmas\u0131 ve nakliyesi<\/h3>\n<table border=\"0\" width=\"100%\" cellspacing=\"0\" cellpadding=\"0\">\n<tbody>\n<tr><!-- \u5de6\u4fa7\u56fe\u7247\u53ca\u63cf\u8ff0 --><\/p>\n<td align=\"center\" valign=\"top\" width=\"48%\"><img decoding=\"async\" class=\"wp-image-2947 size-full\" src=\"https:\/\/www.fengtech.com\/wp-content\/uploads\/2025\/07\/64TYD-1-packaging.jpg\" alt=\"64TYD-1-packaging\" width=\"100%\" height=\"900\" srcset=\"https:\/\/www.fengtech.com\/wp-content\/uploads\/2025\/07\/64TYD-1-packaging.jpg 1200w, https:\/\/www.fengtech.com\/wp-content\/uploads\/2025\/07\/64TYD-1-packaging-300x225.jpg 300w, https:\/\/www.fengtech.com\/wp-content\/uploads\/2025\/07\/64TYD-1-packaging-1024x768.jpg 1024w, https:\/\/www.fengtech.com\/wp-content\/uploads\/2025\/07\/64TYD-1-packaging-768x576.jpg 768w, https:\/\/www.fengtech.com\/wp-content\/uploads\/2025\/07\/64TYD-1-packaging-16x12.jpg 16w, https:\/\/www.fengtech.com\/wp-content\/uploads\/2025\/07\/64TYD-1-packaging-600x450.jpg 600w\" sizes=\"(max-width: 1200px) 100vw, 1200px\" \/><\/p>\n<p>Birim a\u011f\u0131rl\u0131k: 0,55kg<br \/>\nKutu: 40 adet (22,5 kg)<\/td>\n<p><!-- \u4e2d\u95f4\u95f4\u9694 --><\/p>\n<td width=\"4%\"><\/td>\n<p><!-- \u53f3\u4fa7\u56fe\u7247\u53ca\u63cf\u8ff0 --><\/p>\n<td align=\"center\" valign=\"top\" width=\"48%\"><img decoding=\"async\" class=\"wp-image-2948 size-full\" src=\"https:\/\/www.fengtech.com\/wp-content\/uploads\/2025\/07\/64TYD-1-Transport.jpg\" alt=\"64TYD-1 Transport\" width=\"100%\" height=\"1126\" srcset=\"https:\/\/www.fengtech.com\/wp-content\/uploads\/2025\/07\/64TYD-1-Transport.jpg 1200w, https:\/\/www.fengtech.com\/wp-content\/uploads\/2025\/07\/64TYD-1-Transport-300x282.jpg 300w, https:\/\/www.fengtech.com\/wp-content\/uploads\/2025\/07\/64TYD-1-Transport-1024x961.jpg 1024w, https:\/\/www.fengtech.com\/wp-content\/uploads\/2025\/07\/64TYD-1-Transport-768x721.jpg 768w, https:\/\/www.fengtech.com\/wp-content\/uploads\/2025\/07\/64TYD-1-Transport-13x12.jpg 13w, https:\/\/www.fengtech.com\/wp-content\/uploads\/2025\/07\/64TYD-1-Transport-600x563.jpg 600w\" sizes=\"(max-width: 1200px) 100vw, 1200px\" \/><\/td>\n<\/tr>\n<\/tbody>\n<\/table>","protected":false},"excerpt":{"rendered":"<p>Nominal Gerilim: 24\/110\/220V<br \/>\nNominal Frekans: 50\/60Hz<br \/>\nGiri\u015f G\u00fcc\u00fc: &lt;20W<br \/>\nGiri\u015f Ak\u0131m\u0131: &lt;0.9\/0.2\/0.1A<br \/>\n\u00c7\u0131k\u0131\u015f G\u00fcc\u00fc: 5-6W<br \/>\nG\u00fcr\u00fclt\u00fc: &lt;45db<br \/>\nD\u00f6nd\u00fcrme y\u00f6n\u00fc: CW\/CCW\/\u00c7ift y\u00f6nl\u00fc<\/p>","protected":false},"featured_media":2949,"template":"","meta":{"site-sidebar-layout":"default","site-content-layout":"","ast-site-content-layout":"default","site-content-style":"default","site-sidebar-style":"default","ast-global-header-display":"","ast-banner-title-visibility":"","ast-main-header-display":"","ast-hfb-above-header-display":"","ast-hfb-below-header-display":"","ast-hfb-mobile-header-display":"","site-post-title":"","ast-breadcrumbs-content":"","ast-featured-img":"","footer-sml-layout":"","theme-transparent-header-meta":"default","adv-header-id-meta":"","stick-header-meta":"","header-above-stick-meta":"","header-main-stick-meta":"","header-below-stick-meta":"","astra-migrate-meta-layouts":"set","ast-page-background-enabled":"default","ast-page-background-meta":{"desktop":{"background-color":"","background-image":"","background-repeat":"repeat","background-position":"center center","background-size":"auto","background-attachment":"scroll","background-type":"","background-media":"","overlay-type":"","overlay-color":"","overlay-opacity":"","overlay-gradient":""},"tablet":{"background-color":"","background-image":"","background-repeat":"repeat","background-position":"center center","background-size":"auto","background-attachment":"scroll","background-type":"","background-media":"","overlay-type":"","overlay-color":"","overlay-opacity":"","overlay-gradient":""},"mobile":{"background-color":"","background-image":"","background-repeat":"repeat","background-position":"center center","background-size":"auto","background-attachment":"scroll","background-type":"","background-media":"","overlay-type":"","overlay-color":"","overlay-opacity":"","overlay-gradient":""}},"ast-content-background-meta":{"desktop":{"background-color":"var(--ast-global-color-5)","background-image":"","background-repeat":"repeat","background-position":"center center","background-size":"auto","background-attachment":"scroll","background-type":"","background-media":"","overlay-type":"","overlay-color":"","overlay-opacity":"","overlay-gradient":""},"tablet":{"background-color":"var(--ast-global-color-5)","background-image":"","background-repeat":"repeat","background-position":"center center","background-size":"auto","background-attachment":"scroll","background-type":"","background-media":"","overlay-type":"","overlay-color":"","overlay-opacity":"","overlay-gradient":""},"mobile":{"background-color":"var(--ast-global-color-5)","background-image":"","background-repeat":"repeat","background-position":"center center","background-size":"auto","background-attachment":"scroll","background-type":"","background-media":"","overlay-type":"","overlay-color":"","overlay-opacity":"","overlay-gradient":""}}},"product_brand":[],"product_cat":[32],"product_tag":[],"class_list":{"0":"post-2944","1":"product","2":"type-product","3":"status-publish","4":"has-post-thumbnail","6":"product_cat-ac-synchronous-motor","7":"desktop-align-left","8":"tablet-align-left","9":"mobile-align-left","11":"first","12":"instock","13":"shipping-taxable","14":"product-type-simple"},"yoast_head":"<!-- This site is optimized with the Yoast SEO Premium plugin v25.4 (Yoast SEO v25.4) - https:\/\/yoast.com\/wordpress\/plugins\/seo\/ -->\n<title>Custom 220v AC Gear Motor 64TYD-1 - Fengtech<\/title>\n<meta name=\"description\" content=\"The Fengtech 64TYD-1 is an AC synchronous gear motor. Compared to other small motors, this motor is larger, with a diameter of 6.5cm, and therefore has stronger power. It is often used in HVAC and other electrical systems.\" \/>\n<meta name=\"robots\" content=\"index, follow, max-snippet:-1, max-image-preview:large, max-video-preview:-1\" \/>\n<link rel=\"canonical\" href=\"https:\/\/www.fengtech.com\/tr\/urun\/64tyd-1\/\" \/>\n<meta property=\"og:locale\" content=\"tr_TR\" \/>\n<meta property=\"og:type\" content=\"article\" \/>\n<meta property=\"og:title\" content=\"64TYD-1\" \/>\n<meta property=\"og:description\" content=\"The Fengtech 64TYD-1 is an AC synchronous gear motor. Compared to other small motors, this motor is larger, with a diameter of 6.5cm, and therefore has stronger power. It is often used in HVAC and other electrical systems.\" \/>\n<meta property=\"og:url\" content=\"https:\/\/www.fengtech.com\/tr\/urun\/64tyd-1\/\" \/>\n<meta property=\"og:site_name\" content=\"Fengtech\" \/>\n<meta property=\"article:publisher\" content=\"https:\/\/www.facebook.com\/fengtech\/\" \/>\n<meta property=\"article:modified_time\" content=\"2025-07-31T08:25:33+00:00\" \/>\n<meta property=\"og:image\" content=\"https:\/\/www.fengtech.com\/wp-content\/uploads\/2025\/07\/64TYD-1-1.jpg\" \/>\n\t<meta property=\"og:image:width\" content=\"800\" \/>\n\t<meta property=\"og:image:height\" content=\"800\" \/>\n\t<meta property=\"og:image:type\" content=\"image\/jpeg\" \/>\n<meta name=\"twitter:card\" content=\"summary_large_image\" \/>\n<meta name=\"twitter:label1\" content=\"Tahmini okuma s\u00fcresi\" \/>\n\t<meta name=\"twitter:data1\" content=\"2 dakika\" \/>\n<script type=\"application\/ld+json\" class=\"yoast-schema-graph\">{\"@context\":\"https:\/\/schema.org\",\"@graph\":[{\"@type\":\"WebPage\",\"@id\":\"https:\/\/www.fengtech.com\/product\/64tyd-1\/\",\"url\":\"https:\/\/www.fengtech.com\/product\/64tyd-1\/\",\"name\":\"Custom 220v AC Gear Motor 64TYD-1 - Fengtech\",\"isPartOf\":{\"@id\":\"https:\/\/www.fengtech.com\/#website\"},\"primaryImageOfPage\":{\"@id\":\"https:\/\/www.fengtech.com\/product\/64tyd-1\/#primaryimage\"},\"image\":{\"@id\":\"https:\/\/www.fengtech.com\/product\/64tyd-1\/#primaryimage\"},\"thumbnailUrl\":\"https:\/\/www.fengtech.com\/wp-content\/uploads\/2025\/07\/64TYD-1-1.jpg\",\"datePublished\":\"2025-07-31T08:24:52+00:00\",\"dateModified\":\"2025-07-31T08:25:33+00:00\",\"description\":\"The Fengtech 64TYD-1 is an AC synchronous gear motor. Compared to other small motors, this motor is larger, with a diameter of 6.5cm, and therefore has stronger power. It is often used in HVAC and other electrical systems.\",\"breadcrumb\":{\"@id\":\"https:\/\/www.fengtech.com\/product\/64tyd-1\/#breadcrumb\"},\"inLanguage\":\"tr\",\"potentialAction\":[{\"@type\":\"ReadAction\",\"target\":[\"https:\/\/www.fengtech.com\/product\/64tyd-1\/\"]}]},{\"@type\":\"ImageObject\",\"inLanguage\":\"tr\",\"@id\":\"https:\/\/www.fengtech.com\/product\/64tyd-1\/#primaryimage\",\"url\":\"https:\/\/www.fengtech.com\/wp-content\/uploads\/2025\/07\/64TYD-1-1.jpg\",\"contentUrl\":\"https:\/\/www.fengtech.com\/wp-content\/uploads\/2025\/07\/64TYD-1-1.jpg\",\"width\":800,\"height\":800,\"caption\":\"64TYD-1-1\"},{\"@type\":\"BreadcrumbList\",\"@id\":\"https:\/\/www.fengtech.com\/product\/64tyd-1\/#breadcrumb\",\"itemListElement\":[{\"@type\":\"ListItem\",\"position\":1,\"name\":\"\u9996\u9875\",\"item\":\"https:\/\/www.fengtech.com\/\"},{\"@type\":\"ListItem\",\"position\":2,\"name\":\"Products\",\"item\":\"https:\/\/www.fengtech.com\/shop\/\"},{\"@type\":\"ListItem\",\"position\":3,\"name\":\"64TYD-1\"}]},{\"@type\":\"WebSite\",\"@id\":\"https:\/\/www.fengtech.com\/#website\",\"url\":\"https:\/\/www.fengtech.com\/\",\"name\":\"FengTech Motor\",\"description\":\"Outdoor Sports Adventure Website\",\"publisher\":{\"@id\":\"https:\/\/www.fengtech.com\/#organization\"},\"potentialAction\":[{\"@type\":\"SearchAction\",\"target\":{\"@type\":\"EntryPoint\",\"urlTemplate\":\"https:\/\/www.fengtech.com\/?s={search_term_string}\"},\"query-input\":{\"@type\":\"PropertyValueSpecification\",\"valueRequired\":true,\"valueName\":\"search_term_string\"}}],\"inLanguage\":\"tr\"},{\"@type\":\"Organization\",\"@id\":\"https:\/\/www.fengtech.com\/#organization\",\"name\":\"FengTech Motor\",\"url\":\"https:\/\/www.fengtech.com\/\",\"logo\":{\"@type\":\"ImageObject\",\"inLanguage\":\"tr\",\"@id\":\"https:\/\/www.fengtech.com\/#\/schema\/logo\/image\/\",\"url\":\"https:\/\/www.fengtech.com\/wp-content\/uploads\/2025\/07\/cropped-fengtech_logo_w.jpg\",\"contentUrl\":\"https:\/\/www.fengtech.com\/wp-content\/uploads\/2025\/07\/cropped-fengtech_logo_w.jpg\",\"width\":512,\"height\":512,\"caption\":\"FengTech Motor\"},\"image\":{\"@id\":\"https:\/\/www.fengtech.com\/#\/schema\/logo\/image\/\"},\"sameAs\":[\"https:\/\/www.facebook.com\/fengtech\/\",\"https:\/\/www.linkedin.com\/in\/barry-yuan\/\"]}]}<\/script>\n<!-- \/ Yoast SEO Premium plugin. -->","yoast_head_json":{"title":"Custom 220v AC Gear Motor 64TYD-1 - Fengtech","description":"The Fengtech 64TYD-1 is an AC synchronous gear motor. Compared to other small motors, this motor is larger, with a diameter of 6.5cm, and therefore has stronger power. It is often used in HVAC and other electrical systems.","robots":{"index":"index","follow":"follow","max-snippet":"max-snippet:-1","max-image-preview":"max-image-preview:large","max-video-preview":"max-video-preview:-1"},"canonical":"https:\/\/www.fengtech.com\/tr\/urun\/64tyd-1\/","og_locale":"tr_TR","og_type":"article","og_title":"64TYD-1","og_description":"The Fengtech 64TYD-1 is an AC synchronous gear motor. Compared to other small motors, this motor is larger, with a diameter of 6.5cm, and therefore has stronger power. It is often used in HVAC and other electrical systems.","og_url":"https:\/\/www.fengtech.com\/tr\/urun\/64tyd-1\/","og_site_name":"Fengtech","article_publisher":"https:\/\/www.facebook.com\/fengtech\/","article_modified_time":"2025-07-31T08:25:33+00:00","og_image":[{"width":800,"height":800,"url":"https:\/\/www.fengtech.com\/wp-content\/uploads\/2025\/07\/64TYD-1-1.jpg","type":"image\/jpeg"}],"twitter_card":"summary_large_image","twitter_misc":{"Tahmini okuma s\u00fcresi":"2 dakika"},"schema":{"@context":"https:\/\/schema.org","@graph":[{"@type":"WebPage","@id":"https:\/\/www.fengtech.com\/product\/64tyd-1\/","url":"https:\/\/www.fengtech.com\/product\/64tyd-1\/","name":"Custom 220v AC Gear Motor 64TYD-1 - Fengtech","isPartOf":{"@id":"https:\/\/www.fengtech.com\/#website"},"primaryImageOfPage":{"@id":"https:\/\/www.fengtech.com\/product\/64tyd-1\/#primaryimage"},"image":{"@id":"https:\/\/www.fengtech.com\/product\/64tyd-1\/#primaryimage"},"thumbnailUrl":"https:\/\/www.fengtech.com\/wp-content\/uploads\/2025\/07\/64TYD-1-1.jpg","datePublished":"2025-07-31T08:24:52+00:00","dateModified":"2025-07-31T08:25:33+00:00","description":"The Fengtech 64TYD-1 is an AC synchronous gear motor. Compared to other small motors, this motor is larger, with a diameter of 6.5cm, and therefore has stronger power. It is often used in HVAC and other electrical systems.","breadcrumb":{"@id":"https:\/\/www.fengtech.com\/product\/64tyd-1\/#breadcrumb"},"inLanguage":"tr","potentialAction":[{"@type":"ReadAction","target":["https:\/\/www.fengtech.com\/product\/64tyd-1\/"]}]},{"@type":"ImageObject","inLanguage":"tr","@id":"https:\/\/www.fengtech.com\/product\/64tyd-1\/#primaryimage","url":"https:\/\/www.fengtech.com\/wp-content\/uploads\/2025\/07\/64TYD-1-1.jpg","contentUrl":"https:\/\/www.fengtech.com\/wp-content\/uploads\/2025\/07\/64TYD-1-1.jpg","width":800,"height":800,"caption":"64TYD-1-1"},{"@type":"BreadcrumbList","@id":"https:\/\/www.fengtech.com\/product\/64tyd-1\/#breadcrumb","itemListElement":[{"@type":"ListItem","position":1,"name":"\u9996\u9875","item":"https:\/\/www.fengtech.com\/"},{"@type":"ListItem","position":2,"name":"Products","item":"https:\/\/www.fengtech.com\/shop\/"},{"@type":"ListItem","position":3,"name":"64TYD-1"}]},{"@type":"WebSite","@id":"https:\/\/www.fengtech.com\/#website","url":"https:\/\/www.fengtech.com\/","name":"FengTech Motor","description":"Outdoor Sports Adventure Website","publisher":{"@id":"https:\/\/www.fengtech.com\/#organization"},"potentialAction":[{"@type":"SearchAction","target":{"@type":"EntryPoint","urlTemplate":"https:\/\/www.fengtech.com\/?s={search_term_string}"},"query-input":{"@type":"PropertyValueSpecification","valueRequired":true,"valueName":"search_term_string"}}],"inLanguage":"tr"},{"@type":"Organization","@id":"https:\/\/www.fengtech.com\/#organization","name":"FengTech Motor","url":"https:\/\/www.fengtech.com\/","logo":{"@type":"ImageObject","inLanguage":"tr","@id":"https:\/\/www.fengtech.com\/#\/schema\/logo\/image\/","url":"https:\/\/www.fengtech.com\/wp-content\/uploads\/2025\/07\/cropped-fengtech_logo_w.jpg","contentUrl":"https:\/\/www.fengtech.com\/wp-content\/uploads\/2025\/07\/cropped-fengtech_logo_w.jpg","width":512,"height":512,"caption":"FengTech Motor"},"image":{"@id":"https:\/\/www.fengtech.com\/#\/schema\/logo\/image\/"},"sameAs":["https:\/\/www.facebook.com\/fengtech\/","https:\/\/www.linkedin.com\/in\/barry-yuan\/"]}]}},"_links":{"self":[{"href":"https:\/\/www.fengtech.com\/tr\/wp-json\/wp\/v2\/product\/2944","targetHints":{"allow":["GET"]}}],"collection":[{"href":"https:\/\/www.fengtech.com\/tr\/wp-json\/wp\/v2\/product"}],"about":[{"href":"https:\/\/www.fengtech.com\/tr\/wp-json\/wp\/v2\/types\/product"}],"version-history":[{"count":0,"href":"https:\/\/www.fengtech.com\/tr\/wp-json\/wp\/v2\/product\/2944\/revisions"}],"wp:featuredmedia":[{"embeddable":true,"href":"https:\/\/www.fengtech.com\/tr\/wp-json\/wp\/v2\/media\/2949"}],"wp:attachment":[{"href":"https:\/\/www.fengtech.com\/tr\/wp-json\/wp\/v2\/media?parent=2944"}],"wp:term":[{"taxonomy":"product_brand","embeddable":true,"href":"https:\/\/www.fengtech.com\/tr\/wp-json\/wp\/v2\/product_brand?post=2944"},{"taxonomy":"product_cat","embeddable":true,"href":"https:\/\/www.fengtech.com\/tr\/wp-json\/wp\/v2\/product_cat?post=2944"},{"taxonomy":"product_tag","embeddable":true,"href":"https:\/\/www.fengtech.com\/tr\/wp-json\/wp\/v2\/product_tag?post=2944"}],"curies":[{"name":"wp","href":"https:\/\/api.w.org\/{rel}","templated":true}]}}