{"id":2706,"date":"2025-07-22T14:20:22","date_gmt":"2025-07-22T06:20:22","guid":{"rendered":"https:\/\/www.fengtech.com\/?post_type=product&#038;p=2706"},"modified":"2025-07-25T08:46:05","modified_gmt":"2025-07-25T00:46:05","slug":"gf-64tyd","status":"publish","type":"product","link":"https:\/\/www.fengtech.com\/tr\/urun\/gf-64tyd\/","title":{"rendered":"GF-64TYD"},"content":{"rendered":"<p><span style=\"color: #ff0000;\">\u25b6<a style=\"color: #ff0000; font-size: 20px;\" href=\"https:\/\/www.fengtech.com\/wp-content\/uploads\/2025\/07\/GF-64TYD.pdf\">GF-64TYD.pdf<\/a><\/span><\/p>\n<p><img decoding=\"async\" class=\"wp-image-2712 size-full\" src=\"https:\/\/www.fengtech.com\/wp-content\/uploads\/2025\/07\/GF-64TYD-Design-1.jpg\" alt=\"GF-64TYD-Design-1\" width=\"100%\" height=\"579\" srcset=\"https:\/\/www.fengtech.com\/wp-content\/uploads\/2025\/07\/GF-64TYD-Design-1.jpg 1643w, https:\/\/www.fengtech.com\/wp-content\/uploads\/2025\/07\/GF-64TYD-Design-1-300x106.jpg 300w, https:\/\/www.fengtech.com\/wp-content\/uploads\/2025\/07\/GF-64TYD-Design-1-1024x361.jpg 1024w, https:\/\/www.fengtech.com\/wp-content\/uploads\/2025\/07\/GF-64TYD-Design-1-768x271.jpg 768w, https:\/\/www.fengtech.com\/wp-content\/uploads\/2025\/07\/GF-64TYD-Design-1-1536x541.jpg 1536w, https:\/\/www.fengtech.com\/wp-content\/uploads\/2025\/07\/GF-64TYD-Design-1-600x211.jpg 600w\" sizes=\"(max-width: 1643px) 100vw, 1643px\" \/><\/p>\n<p><img decoding=\"async\" class=\"wp-image-2714 size-full\" src=\"https:\/\/www.fengtech.com\/wp-content\/uploads\/2025\/07\/GF-64TYD-Design-2.jpg\" alt=\"GF-64TYD-Design-2\" width=\"100%\" height=\"678\" srcset=\"https:\/\/www.fengtech.com\/wp-content\/uploads\/2025\/07\/GF-64TYD-Design-2.jpg 1504w, https:\/\/www.fengtech.com\/wp-content\/uploads\/2025\/07\/GF-64TYD-Design-2-300x135.jpg 300w, https:\/\/www.fengtech.com\/wp-content\/uploads\/2025\/07\/GF-64TYD-Design-2-1024x462.jpg 1024w, https:\/\/www.fengtech.com\/wp-content\/uploads\/2025\/07\/GF-64TYD-Design-2-768x346.jpg 768w, https:\/\/www.fengtech.com\/wp-content\/uploads\/2025\/07\/GF-64TYD-Design-2-600x270.jpg 600w\" sizes=\"(max-width: 1504px) 100vw, 1504px\" \/><\/p>\n<p><img decoding=\"async\" class=\"wp-image-2715 size-full\" src=\"https:\/\/www.fengtech.com\/wp-content\/uploads\/2025\/07\/GF-64TYD-Design-3.jpg\" alt=\"GF-64TYD-Design-3\" width=\"100%\" height=\"470\" srcset=\"https:\/\/www.fengtech.com\/wp-content\/uploads\/2025\/07\/GF-64TYD-Design-3.jpg 1605w, https:\/\/www.fengtech.com\/wp-content\/uploads\/2025\/07\/GF-64TYD-Design-3-300x88.jpg 300w, https:\/\/www.fengtech.com\/wp-content\/uploads\/2025\/07\/GF-64TYD-Design-3-1024x300.jpg 1024w, https:\/\/www.fengtech.com\/wp-content\/uploads\/2025\/07\/GF-64TYD-Design-3-768x225.jpg 768w, https:\/\/www.fengtech.com\/wp-content\/uploads\/2025\/07\/GF-64TYD-Design-3-1536x450.jpg 1536w, https:\/\/www.fengtech.com\/wp-content\/uploads\/2025\/07\/GF-64TYD-Design-3-600x176.jpg 600w\" sizes=\"(max-width: 1605px) 100vw, 1605px\" \/><\/p>\n<p><img decoding=\"async\" class=\"wp-image-2716 size-full\" src=\"https:\/\/www.fengtech.com\/wp-content\/uploads\/2025\/07\/GF-64TYD-Design-4.jpg\" alt=\"GF-64TYD-Design-4\" width=\"100%\" height=\"254\" srcset=\"https:\/\/www.fengtech.com\/wp-content\/uploads\/2025\/07\/GF-64TYD-Design-4.jpg 1531w, https:\/\/www.fengtech.com\/wp-content\/uploads\/2025\/07\/GF-64TYD-Design-4-300x50.jpg 300w, https:\/\/www.fengtech.com\/wp-content\/uploads\/2025\/07\/GF-64TYD-Design-4-1024x170.jpg 1024w, https:\/\/www.fengtech.com\/wp-content\/uploads\/2025\/07\/GF-64TYD-Design-4-768x127.jpg 768w, https:\/\/www.fengtech.com\/wp-content\/uploads\/2025\/07\/GF-64TYD-Design-4-600x100.jpg 600w\" sizes=\"(max-width: 1531px) 100vw, 1531px\" \/><\/p>\n<h3>\u00d6zel Tasar\u0131m (Uzat\u0131lm\u0131\u015f \u015eaft)<\/h3>\n<table border=\"0\" width=\"100%\" cellspacing=\"0\" cellpadding=\"0\">\n<tbody>\n<tr><!-- \u5de6\u4fa7\u56fe\u7247\u53ca\u63cf\u8ff0 --><\/p>\n<td align=\"center\" valign=\"top\" width=\"48%\"><img fetchpriority=\"high\" decoding=\"async\" class=\"alignnone wp-image-2717 size-full\" src=\"https:\/\/www.fengtech.com\/wp-content\/uploads\/2025\/07\/GF-64TYD-Custom.jpg\" alt=\"GF-64TYD-Custom\" width=\"1000\" height=\"1333\" srcset=\"https:\/\/www.fengtech.com\/wp-content\/uploads\/2025\/07\/GF-64TYD-Custom.jpg 1000w, https:\/\/www.fengtech.com\/wp-content\/uploads\/2025\/07\/GF-64TYD-Custom-225x300.jpg 225w, https:\/\/www.fengtech.com\/wp-content\/uploads\/2025\/07\/GF-64TYD-Custom-768x1024.jpg 768w, https:\/\/www.fengtech.com\/wp-content\/uploads\/2025\/07\/GF-64TYD-Custom-600x800.jpg 600w\" sizes=\"(max-width: 1000px) 100vw, 1000px\" \/><\/td>\n<p><!-- \u4e2d\u95f4\u95f4\u9694 --><\/p>\n<td width=\"4%\"><\/td>\n<p><!-- \u53f3\u4fa7\u56fe\u7247\u53ca\u63cf\u8ff0 --><\/p>\n<td align=\"center\" valign=\"top\" width=\"48%\"><img decoding=\"async\" class=\"alignnone wp-image-2718 size-full\" src=\"https:\/\/www.fengtech.com\/wp-content\/uploads\/2025\/07\/GF-64TYD-Custom2.jpg\" alt=\"GF-64TYD-Custom2\" width=\"1000\" height=\"1333\" srcset=\"https:\/\/www.fengtech.com\/wp-content\/uploads\/2025\/07\/GF-64TYD-Custom2.jpg 1000w, https:\/\/www.fengtech.com\/wp-content\/uploads\/2025\/07\/GF-64TYD-Custom2-225x300.jpg 225w, https:\/\/www.fengtech.com\/wp-content\/uploads\/2025\/07\/GF-64TYD-Custom2-768x1024.jpg 768w, https:\/\/www.fengtech.com\/wp-content\/uploads\/2025\/07\/GF-64TYD-Custom2-600x800.jpg 600w\" sizes=\"(max-width: 1000px) 100vw, 1000px\" \/><\/td>\n<\/tr>\n<\/tbody>\n<\/table>\n<p>&nbsp;<\/p>\n<h3>Paketleme ve Nakliye<\/h3>\n<table border=\"0\" width=\"100%\" cellspacing=\"0\" cellpadding=\"0\">\n<tbody>\n<tr><!-- \u5de6\u4fa7\u56fe\u7247\u53ca\u63cf\u8ff0 --><\/p>\n<td align=\"center\" valign=\"top\" width=\"48%\"><img decoding=\"async\" class=\"wp-image-2719 size-full\" src=\"https:\/\/www.fengtech.com\/wp-content\/uploads\/2025\/07\/GF-64TYD-Packaging.jpg\" alt=\"GF-64TYD-Packaging\" width=\"100%\" height=\"750\" srcset=\"https:\/\/www.fengtech.com\/wp-content\/uploads\/2025\/07\/GF-64TYD-Packaging.jpg 1000w, https:\/\/www.fengtech.com\/wp-content\/uploads\/2025\/07\/GF-64TYD-Packaging-300x225.jpg 300w, https:\/\/www.fengtech.com\/wp-content\/uploads\/2025\/07\/GF-64TYD-Packaging-768x576.jpg 768w, https:\/\/www.fengtech.com\/wp-content\/uploads\/2025\/07\/GF-64TYD-Packaging-600x450.jpg 600w\" sizes=\"(max-width: 1000px) 100vw, 1000px\" \/>Tek a\u011f\u0131rl\u0131k: 0,95 kg<br \/>\nTek kutu a\u011f\u0131rl\u0131\u011f\u0131: 8,1 kg (kutu ba\u015f\u0131na 8 par\u00e7a)<\/td>\n<p><!-- \u4e2d\u95f4\u95f4\u9694 --><\/p>\n<td width=\"4%\"><\/td>\n<p><!-- \u53f3\u4fa7\u56fe\u7247\u53ca\u63cf\u8ff0 --><\/p>\n<td align=\"center\" valign=\"top\" width=\"48%\"><img decoding=\"async\" class=\"wp-image-2720 size-full\" src=\"https:\/\/www.fengtech.com\/wp-content\/uploads\/2025\/07\/GF-64TYD-Transport.jpg\" alt=\"GF-64TYD-Transport\" width=\"100%\" height=\"1412\" srcset=\"https:\/\/www.fengtech.com\/wp-content\/uploads\/2025\/07\/GF-64TYD-Transport.jpg 1422w, https:\/\/www.fengtech.com\/wp-content\/uploads\/2025\/07\/GF-64TYD-Transport-300x298.jpg 300w, https:\/\/www.fengtech.com\/wp-content\/uploads\/2025\/07\/GF-64TYD-Transport-1024x1017.jpg 1024w, https:\/\/www.fengtech.com\/wp-content\/uploads\/2025\/07\/GF-64TYD-Transport-150x150.jpg 150w, https:\/\/www.fengtech.com\/wp-content\/uploads\/2025\/07\/GF-64TYD-Transport-768x763.jpg 768w, https:\/\/www.fengtech.com\/wp-content\/uploads\/2025\/07\/GF-64TYD-Transport-600x596.jpg 600w, https:\/\/www.fengtech.com\/wp-content\/uploads\/2025\/07\/GF-64TYD-Transport-100x100.jpg 100w\" sizes=\"(max-width: 1422px) 100vw, 1422px\" \/>Ta\u015f\u0131ma i\u00e7in koruyucu film ve bandaj<\/td>\n<\/tr>\n<\/tbody>\n<\/table>","protected":false},"excerpt":{"rendered":"<p>Nominal Gerilim: 24\/110-120\/220-240V<br \/>\nNominal Frekans: 50\/60Hz<br \/>\nGiri\u015f G\u00fcc\u00fc: &lt;20W<br \/>\nGiri\u015f Ak\u0131m\u0131: &lt;0.9\/&lt;0.19\/&lt;0.01A<br \/>\n\u00c7\u0131k\u0131\u015f G\u00fcc\u00fc: 5-8W<br \/>\nG\u00fcr\u00fclt\u00fc: &lt;45db<br \/>\nD\u00f6nd\u00fcrme y\u00f6n\u00fc: CW\/CCW\/\u00c7ift y\u00f6nl\u00fc<\/p>","protected":false},"featured_media":2707,"template":"","meta":{"site-sidebar-layout":"default","site-content-layout":"","ast-site-content-layout":"default","site-content-style":"default","site-sidebar-style":"default","ast-global-header-display":"","ast-banner-title-visibility":"","ast-main-header-display":"","ast-hfb-above-header-display":"","ast-hfb-below-header-display":"","ast-hfb-mobile-header-display":"","site-post-title":"","ast-breadcrumbs-content":"","ast-featured-img":"","footer-sml-layout":"","theme-transparent-header-meta":"default","adv-header-id-meta":"","stick-header-meta":"","header-above-stick-meta":"","header-main-stick-meta":"","header-below-stick-meta":"","astra-migrate-meta-layouts":"set","ast-page-background-enabled":"default","ast-page-background-meta":{"desktop":{"background-color":"","background-image":"","background-repeat":"repeat","background-position":"center center","background-size":"auto","background-attachment":"scroll","background-type":"","background-media":"","overlay-type":"","overlay-color":"","overlay-opacity":"","overlay-gradient":""},"tablet":{"background-color":"","background-image":"","background-repeat":"repeat","background-position":"center center","background-size":"auto","background-attachment":"scroll","background-type":"","background-media":"","overlay-type":"","overlay-color":"","overlay-opacity":"","overlay-gradient":""},"mobile":{"background-color":"","background-image":"","background-repeat":"repeat","background-position":"center center","background-size":"auto","background-attachment":"scroll","background-type":"","background-media":"","overlay-type":"","overlay-color":"","overlay-opacity":"","overlay-gradient":""}},"ast-content-background-meta":{"desktop":{"background-color":"var(--ast-global-color-5)","background-image":"","background-repeat":"repeat","background-position":"center center","background-size":"auto","background-attachment":"scroll","background-type":"","background-media":"","overlay-type":"","overlay-color":"","overlay-opacity":"","overlay-gradient":""},"tablet":{"background-color":"var(--ast-global-color-5)","background-image":"","background-repeat":"repeat","background-position":"center center","background-size":"auto","background-attachment":"scroll","background-type":"","background-media":"","overlay-type":"","overlay-color":"","overlay-opacity":"","overlay-gradient":""},"mobile":{"background-color":"var(--ast-global-color-5)","background-image":"","background-repeat":"repeat","background-position":"center center","background-size":"auto","background-attachment":"scroll","background-type":"","background-media":"","overlay-type":"","overlay-color":"","overlay-opacity":"","overlay-gradient":""}}},"product_brand":[],"product_cat":[32],"product_tag":[60,59,41],"class_list":{"0":"post-2706","1":"product","2":"type-product","3":"status-publish","4":"has-post-thumbnail","6":"product_cat-ac-synchronous-motor","7":"product_tag-pellet-burner-motor","8":"product_tag-pellet-feeder-motor","9":"product_tag-pellet-stove-auger-motor","10":"desktop-align-left","11":"tablet-align-left","12":"mobile-align-left","14":"first","15":"instock","16":"shipping-taxable","17":"product-type-simple"},"yoast_head":"<!-- This site is optimized with the Yoast SEO Premium plugin v25.4 (Yoast SEO v25.4) - https:\/\/yoast.com\/wordpress\/plugins\/seo\/ -->\n<title>GF-64TYD Pellet Feeder, Pellet Stove Auger, Pellet Burner Motor - Fengtech<\/title>\n<meta name=\"description\" content=\"GF-64TYD is one of Fengtech&#039;s AC synchronous motor types, used in pellet feeders, pellet furnace screw conveyors, pellet burners, pellet grinders and other equipment, with the characteristics of stability, long life and low noise.\" \/>\n<meta name=\"robots\" content=\"index, follow, max-snippet:-1, max-image-preview:large, max-video-preview:-1\" \/>\n<link rel=\"canonical\" href=\"https:\/\/www.fengtech.com\/tr\/urun\/gf-64tyd\/\" \/>\n<meta property=\"og:locale\" content=\"tr_TR\" \/>\n<meta property=\"og:type\" content=\"article\" \/>\n<meta property=\"og:title\" content=\"GF-64TYD\" \/>\n<meta property=\"og:description\" content=\"GF-64TYD is one of Fengtech&#039;s AC synchronous motor types, used in pellet feeders, pellet furnace screw conveyors, pellet burners, pellet grinders and other equipment, with the characteristics of stability, long life and low noise.\" \/>\n<meta property=\"og:url\" content=\"https:\/\/www.fengtech.com\/tr\/urun\/gf-64tyd\/\" \/>\n<meta property=\"og:site_name\" content=\"Fengtech\" \/>\n<meta property=\"article:publisher\" content=\"https:\/\/www.facebook.com\/fengtech\/\" \/>\n<meta property=\"article:modified_time\" content=\"2025-07-25T00:46:05+00:00\" \/>\n<meta property=\"og:image\" content=\"https:\/\/www.fengtech.com\/wp-content\/uploads\/2025\/07\/GF-64TYD-1.png\" \/>\n\t<meta property=\"og:image:width\" content=\"800\" \/>\n\t<meta property=\"og:image:height\" content=\"800\" \/>\n\t<meta property=\"og:image:type\" content=\"image\/png\" \/>\n<meta name=\"twitter:card\" content=\"summary_large_image\" \/>\n<meta name=\"twitter:label1\" content=\"Tahmini okuma s\u00fcresi\" \/>\n\t<meta name=\"twitter:data1\" content=\"2 dakika\" \/>\n<script type=\"application\/ld+json\" class=\"yoast-schema-graph\">{\"@context\":\"https:\/\/schema.org\",\"@graph\":[{\"@type\":\"WebPage\",\"@id\":\"https:\/\/www.fengtech.com\/product\/gf-64tyd\/\",\"url\":\"https:\/\/www.fengtech.com\/product\/gf-64tyd\/\",\"name\":\"GF-64TYD Pellet Feeder, Pellet Stove Auger, Pellet Burner Motor - Fengtech\",\"isPartOf\":{\"@id\":\"https:\/\/www.fengtech.com\/#website\"},\"primaryImageOfPage\":{\"@id\":\"https:\/\/www.fengtech.com\/product\/gf-64tyd\/#primaryimage\"},\"image\":{\"@id\":\"https:\/\/www.fengtech.com\/product\/gf-64tyd\/#primaryimage\"},\"thumbnailUrl\":\"https:\/\/www.fengtech.com\/wp-content\/uploads\/2025\/07\/GF-64TYD-1.png\",\"datePublished\":\"2025-07-22T06:20:22+00:00\",\"dateModified\":\"2025-07-25T00:46:05+00:00\",\"description\":\"GF-64TYD is one of Fengtech's AC synchronous motor types, used in pellet feeders, pellet furnace screw conveyors, pellet burners, pellet grinders and other equipment, with the characteristics of stability, long life and low noise.\",\"breadcrumb\":{\"@id\":\"https:\/\/www.fengtech.com\/product\/gf-64tyd\/#breadcrumb\"},\"inLanguage\":\"tr\",\"potentialAction\":[{\"@type\":\"ReadAction\",\"target\":[\"https:\/\/www.fengtech.com\/product\/gf-64tyd\/\"]}]},{\"@type\":\"ImageObject\",\"inLanguage\":\"tr\",\"@id\":\"https:\/\/www.fengtech.com\/product\/gf-64tyd\/#primaryimage\",\"url\":\"https:\/\/www.fengtech.com\/wp-content\/uploads\/2025\/07\/GF-64TYD-1.png\",\"contentUrl\":\"https:\/\/www.fengtech.com\/wp-content\/uploads\/2025\/07\/GF-64TYD-1.png\",\"width\":800,\"height\":800,\"caption\":\"GF-64TYD-1\"},{\"@type\":\"BreadcrumbList\",\"@id\":\"https:\/\/www.fengtech.com\/product\/gf-64tyd\/#breadcrumb\",\"itemListElement\":[{\"@type\":\"ListItem\",\"position\":1,\"name\":\"\u9996\u9875\",\"item\":\"https:\/\/www.fengtech.com\/\"},{\"@type\":\"ListItem\",\"position\":2,\"name\":\"Products\",\"item\":\"https:\/\/www.fengtech.com\/shop\/\"},{\"@type\":\"ListItem\",\"position\":3,\"name\":\"GF-64TYD\"}]},{\"@type\":\"WebSite\",\"@id\":\"https:\/\/www.fengtech.com\/#website\",\"url\":\"https:\/\/www.fengtech.com\/\",\"name\":\"FengTech Motor\",\"description\":\"Outdoor Sports Adventure Website\",\"publisher\":{\"@id\":\"https:\/\/www.fengtech.com\/#organization\"},\"potentialAction\":[{\"@type\":\"SearchAction\",\"target\":{\"@type\":\"EntryPoint\",\"urlTemplate\":\"https:\/\/www.fengtech.com\/?s={search_term_string}\"},\"query-input\":{\"@type\":\"PropertyValueSpecification\",\"valueRequired\":true,\"valueName\":\"search_term_string\"}}],\"inLanguage\":\"tr\"},{\"@type\":\"Organization\",\"@id\":\"https:\/\/www.fengtech.com\/#organization\",\"name\":\"FengTech Motor\",\"url\":\"https:\/\/www.fengtech.com\/\",\"logo\":{\"@type\":\"ImageObject\",\"inLanguage\":\"tr\",\"@id\":\"https:\/\/www.fengtech.com\/#\/schema\/logo\/image\/\",\"url\":\"https:\/\/www.fengtech.com\/wp-content\/uploads\/2025\/07\/cropped-fengtech_logo_w.jpg\",\"contentUrl\":\"https:\/\/www.fengtech.com\/wp-content\/uploads\/2025\/07\/cropped-fengtech_logo_w.jpg\",\"width\":512,\"height\":512,\"caption\":\"FengTech Motor\"},\"image\":{\"@id\":\"https:\/\/www.fengtech.com\/#\/schema\/logo\/image\/\"},\"sameAs\":[\"https:\/\/www.facebook.com\/fengtech\/\",\"https:\/\/www.linkedin.com\/in\/barry-yuan\/\"]}]}<\/script>\n<!-- \/ Yoast SEO Premium plugin. -->","yoast_head_json":{"title":"GF-64TYD Pellet Feeder, Pellet Stove Auger, Pellet Burner Motor - Fengtech","description":"GF-64TYD is one of Fengtech's AC synchronous motor types, used in pellet feeders, pellet furnace screw conveyors, pellet burners, pellet grinders and other equipment, with the characteristics of stability, long life and low noise.","robots":{"index":"index","follow":"follow","max-snippet":"max-snippet:-1","max-image-preview":"max-image-preview:large","max-video-preview":"max-video-preview:-1"},"canonical":"https:\/\/www.fengtech.com\/tr\/urun\/gf-64tyd\/","og_locale":"tr_TR","og_type":"article","og_title":"GF-64TYD","og_description":"GF-64TYD is one of Fengtech's AC synchronous motor types, used in pellet feeders, pellet furnace screw conveyors, pellet burners, pellet grinders and other equipment, with the characteristics of stability, long life and low noise.","og_url":"https:\/\/www.fengtech.com\/tr\/urun\/gf-64tyd\/","og_site_name":"Fengtech","article_publisher":"https:\/\/www.facebook.com\/fengtech\/","article_modified_time":"2025-07-25T00:46:05+00:00","og_image":[{"width":800,"height":800,"url":"https:\/\/www.fengtech.com\/wp-content\/uploads\/2025\/07\/GF-64TYD-1.png","type":"image\/png"}],"twitter_card":"summary_large_image","twitter_misc":{"Tahmini okuma s\u00fcresi":"2 dakika"},"schema":{"@context":"https:\/\/schema.org","@graph":[{"@type":"WebPage","@id":"https:\/\/www.fengtech.com\/product\/gf-64tyd\/","url":"https:\/\/www.fengtech.com\/product\/gf-64tyd\/","name":"GF-64TYD Pellet Feeder, Pellet Stove Auger, Pellet Burner Motor - Fengtech","isPartOf":{"@id":"https:\/\/www.fengtech.com\/#website"},"primaryImageOfPage":{"@id":"https:\/\/www.fengtech.com\/product\/gf-64tyd\/#primaryimage"},"image":{"@id":"https:\/\/www.fengtech.com\/product\/gf-64tyd\/#primaryimage"},"thumbnailUrl":"https:\/\/www.fengtech.com\/wp-content\/uploads\/2025\/07\/GF-64TYD-1.png","datePublished":"2025-07-22T06:20:22+00:00","dateModified":"2025-07-25T00:46:05+00:00","description":"GF-64TYD is one of Fengtech's AC synchronous motor types, used in pellet feeders, pellet furnace screw conveyors, pellet burners, pellet grinders and other equipment, with the characteristics of stability, long life and low noise.","breadcrumb":{"@id":"https:\/\/www.fengtech.com\/product\/gf-64tyd\/#breadcrumb"},"inLanguage":"tr","potentialAction":[{"@type":"ReadAction","target":["https:\/\/www.fengtech.com\/product\/gf-64tyd\/"]}]},{"@type":"ImageObject","inLanguage":"tr","@id":"https:\/\/www.fengtech.com\/product\/gf-64tyd\/#primaryimage","url":"https:\/\/www.fengtech.com\/wp-content\/uploads\/2025\/07\/GF-64TYD-1.png","contentUrl":"https:\/\/www.fengtech.com\/wp-content\/uploads\/2025\/07\/GF-64TYD-1.png","width":800,"height":800,"caption":"GF-64TYD-1"},{"@type":"BreadcrumbList","@id":"https:\/\/www.fengtech.com\/product\/gf-64tyd\/#breadcrumb","itemListElement":[{"@type":"ListItem","position":1,"name":"\u9996\u9875","item":"https:\/\/www.fengtech.com\/"},{"@type":"ListItem","position":2,"name":"Products","item":"https:\/\/www.fengtech.com\/shop\/"},{"@type":"ListItem","position":3,"name":"GF-64TYD"}]},{"@type":"WebSite","@id":"https:\/\/www.fengtech.com\/#website","url":"https:\/\/www.fengtech.com\/","name":"FengTech Motor","description":"Outdoor Sports Adventure Website","publisher":{"@id":"https:\/\/www.fengtech.com\/#organization"},"potentialAction":[{"@type":"SearchAction","target":{"@type":"EntryPoint","urlTemplate":"https:\/\/www.fengtech.com\/?s={search_term_string}"},"query-input":{"@type":"PropertyValueSpecification","valueRequired":true,"valueName":"search_term_string"}}],"inLanguage":"tr"},{"@type":"Organization","@id":"https:\/\/www.fengtech.com\/#organization","name":"FengTech Motor","url":"https:\/\/www.fengtech.com\/","logo":{"@type":"ImageObject","inLanguage":"tr","@id":"https:\/\/www.fengtech.com\/#\/schema\/logo\/image\/","url":"https:\/\/www.fengtech.com\/wp-content\/uploads\/2025\/07\/cropped-fengtech_logo_w.jpg","contentUrl":"https:\/\/www.fengtech.com\/wp-content\/uploads\/2025\/07\/cropped-fengtech_logo_w.jpg","width":512,"height":512,"caption":"FengTech Motor"},"image":{"@id":"https:\/\/www.fengtech.com\/#\/schema\/logo\/image\/"},"sameAs":["https:\/\/www.facebook.com\/fengtech\/","https:\/\/www.linkedin.com\/in\/barry-yuan\/"]}]}},"_links":{"self":[{"href":"https:\/\/www.fengtech.com\/tr\/wp-json\/wp\/v2\/product\/2706","targetHints":{"allow":["GET"]}}],"collection":[{"href":"https:\/\/www.fengtech.com\/tr\/wp-json\/wp\/v2\/product"}],"about":[{"href":"https:\/\/www.fengtech.com\/tr\/wp-json\/wp\/v2\/types\/product"}],"version-history":[{"count":0,"href":"https:\/\/www.fengtech.com\/tr\/wp-json\/wp\/v2\/product\/2706\/revisions"}],"wp:featuredmedia":[{"embeddable":true,"href":"https:\/\/www.fengtech.com\/tr\/wp-json\/wp\/v2\/media\/2707"}],"wp:attachment":[{"href":"https:\/\/www.fengtech.com\/tr\/wp-json\/wp\/v2\/media?parent=2706"}],"wp:term":[{"taxonomy":"product_brand","embeddable":true,"href":"https:\/\/www.fengtech.com\/tr\/wp-json\/wp\/v2\/product_brand?post=2706"},{"taxonomy":"product_cat","embeddable":true,"href":"https:\/\/www.fengtech.com\/tr\/wp-json\/wp\/v2\/product_cat?post=2706"},{"taxonomy":"product_tag","embeddable":true,"href":"https:\/\/www.fengtech.com\/tr\/wp-json\/wp\/v2\/product_tag?post=2706"}],"curies":[{"name":"wp","href":"https:\/\/api.w.org\/{rel}","templated":true}]}}