{"id":2539,"date":"2025-07-21T09:46:01","date_gmt":"2025-07-21T01:46:01","guid":{"rendered":"https:\/\/www.fengtech.com\/?post_type=product&#038;p=2539"},"modified":"2025-09-05T09:13:42","modified_gmt":"2025-09-05T01:13:42","slug":"gm-bl60","status":"publish","type":"product","link":"https:\/\/www.fengtech.com\/tr\/urun\/gm-bl60\/","title":{"rendered":"GM-BL60"},"content":{"rendered":"<p><span style=\"color: #ff0000;\"><a style=\"color: #ff0000; font-size: 20px;\" href=\"https:\/\/www.fengtech.com\/wp-content\/uploads\/2025\/07\/GM-BL60.pdf\">\u25b6GM-BL60.pdf<\/a><\/span><\/p>\n<p><img decoding=\"async\" class=\"wp-image-2542 size-full\" src=\"https:\/\/www.fengtech.com\/wp-content\/uploads\/2025\/07\/GM-BL60-1.jpg\" alt=\"GM-BL60-1\" width=\"100%\" height=\"681\" srcset=\"https:\/\/www.fengtech.com\/wp-content\/uploads\/2025\/07\/GM-BL60-1.jpg 1420w, https:\/\/www.fengtech.com\/wp-content\/uploads\/2025\/07\/GM-BL60-1-300x144.jpg 300w, https:\/\/www.fengtech.com\/wp-content\/uploads\/2025\/07\/GM-BL60-1-1024x491.jpg 1024w, https:\/\/www.fengtech.com\/wp-content\/uploads\/2025\/07\/GM-BL60-1-768x368.jpg 768w, https:\/\/www.fengtech.com\/wp-content\/uploads\/2025\/07\/GM-BL60-1-600x288.jpg 600w\" sizes=\"(max-width: 1420px) 100vw, 1420px\" \/><\/p>\n<p><img decoding=\"async\" class=\"wp-image-2543 size-full\" src=\"https:\/\/www.fengtech.com\/wp-content\/uploads\/2025\/07\/GM-BL60-2.jpg\" alt=\"GM-BL60-2\" width=\"100%\" height=\"442\" srcset=\"https:\/\/www.fengtech.com\/wp-content\/uploads\/2025\/07\/GM-BL60-2.jpg 1354w, https:\/\/www.fengtech.com\/wp-content\/uploads\/2025\/07\/GM-BL60-2-300x98.jpg 300w, https:\/\/www.fengtech.com\/wp-content\/uploads\/2025\/07\/GM-BL60-2-1024x334.jpg 1024w, https:\/\/www.fengtech.com\/wp-content\/uploads\/2025\/07\/GM-BL60-2-768x251.jpg 768w, https:\/\/www.fengtech.com\/wp-content\/uploads\/2025\/07\/GM-BL60-2-600x196.jpg 600w\" sizes=\"(max-width: 1354px) 100vw, 1354px\" \/><\/p>\n<p><img decoding=\"async\" class=\"alignnone wp-image-2544 size-full\" src=\"https:\/\/www.fengtech.com\/wp-content\/uploads\/2025\/07\/GM-BL60-3.jpg\" alt=\"GM-BL60-3\" width=\"100%\" height=\"712\" srcset=\"https:\/\/www.fengtech.com\/wp-content\/uploads\/2025\/07\/GM-BL60-3.jpg 1420w, https:\/\/www.fengtech.com\/wp-content\/uploads\/2025\/07\/GM-BL60-3-300x150.jpg 300w, https:\/\/www.fengtech.com\/wp-content\/uploads\/2025\/07\/GM-BL60-3-1024x513.jpg 1024w, https:\/\/www.fengtech.com\/wp-content\/uploads\/2025\/07\/GM-BL60-3-768x385.jpg 768w, https:\/\/www.fengtech.com\/wp-content\/uploads\/2025\/07\/GM-BL60-3-600x301.jpg 600w\" sizes=\"(max-width: 1420px) 100vw, 1420px\" \/><\/p>\n<h3><\/h3>\n<h3>GM-BL60 Ambalaj<\/h3>\n<table border=\"0\" width=\"100%\" cellspacing=\"0\" cellpadding=\"0\">\n<tbody>\n<tr>\n<td width=\"48%\"><img decoding=\"async\" class=\"wp-image-2549 size-full\" src=\"https:\/\/www.fengtech.com\/wp-content\/uploads\/2025\/07\/gm-bl60packing.jpg\" alt=\"gm-bl60packing\" width=\"100%\" height=\"1536\" srcset=\"https:\/\/www.fengtech.com\/wp-content\/uploads\/2025\/07\/gm-bl60packing.jpg 2048w, https:\/\/www.fengtech.com\/wp-content\/uploads\/2025\/07\/gm-bl60packing-300x225.jpg 300w, https:\/\/www.fengtech.com\/wp-content\/uploads\/2025\/07\/gm-bl60packing-1024x768.jpg 1024w, https:\/\/www.fengtech.com\/wp-content\/uploads\/2025\/07\/gm-bl60packing-768x576.jpg 768w, https:\/\/www.fengtech.com\/wp-content\/uploads\/2025\/07\/gm-bl60packing-1536x1152.jpg 1536w, https:\/\/www.fengtech.com\/wp-content\/uploads\/2025\/07\/gm-bl60packing-600x450.jpg 600w\" sizes=\"(max-width: 2048px) 100vw, 2048px\" \/><\/td>\n<td width=\"6%\"><\/td>\n<td width=\"48%\"><img decoding=\"async\" class=\"wp-image-2550 size-full\" src=\"https:\/\/www.fengtech.com\/wp-content\/uploads\/2025\/07\/gm-bl60-shipping.jpg\" alt=\"gm-bl60 shipping\" width=\"100%\" height=\"1493\" srcset=\"https:\/\/www.fengtech.com\/wp-content\/uploads\/2025\/07\/gm-bl60-shipping.jpg 1494w, https:\/\/www.fengtech.com\/wp-content\/uploads\/2025\/07\/gm-bl60-shipping-300x300.jpg 300w, https:\/\/www.fengtech.com\/wp-content\/uploads\/2025\/07\/gm-bl60-shipping-1024x1024.jpg 1024w, https:\/\/www.fengtech.com\/wp-content\/uploads\/2025\/07\/gm-bl60-shipping-150x150.jpg 150w, https:\/\/www.fengtech.com\/wp-content\/uploads\/2025\/07\/gm-bl60-shipping-768x767.jpg 768w, https:\/\/www.fengtech.com\/wp-content\/uploads\/2025\/07\/gm-bl60-shipping-600x600.jpg 600w, https:\/\/www.fengtech.com\/wp-content\/uploads\/2025\/07\/gm-bl60-shipping-100x100.jpg 100w\" sizes=\"(max-width: 1494px) 100vw, 1494px\" \/><\/td>\n<\/tr>\n<\/tbody>\n<\/table>\n<h3>GM-BL60 Test<\/h3>\n<table border=\"0\" width=\"100%\" cellspacing=\"0\" cellpadding=\"0\">\n<tbody>\n<tr>\n<td width=\"48%\"><img decoding=\"async\" class=\"wp-image-2551 size-full\" src=\"https:\/\/www.fengtech.com\/wp-content\/uploads\/2025\/07\/Torque-test.jpg\" alt=\"Torque test\" width=\"100%\" height=\"1481\" srcset=\"https:\/\/www.fengtech.com\/wp-content\/uploads\/2025\/07\/Torque-test.jpg 1000w, https:\/\/www.fengtech.com\/wp-content\/uploads\/2025\/07\/Torque-test-203x300.jpg 203w, https:\/\/www.fengtech.com\/wp-content\/uploads\/2025\/07\/Torque-test-691x1024.jpg 691w, https:\/\/www.fengtech.com\/wp-content\/uploads\/2025\/07\/Torque-test-768x1137.jpg 768w, https:\/\/www.fengtech.com\/wp-content\/uploads\/2025\/07\/Torque-test-600x889.jpg 600w\" sizes=\"(max-width: 1000px) 100vw, 1000px\" \/>Tork testi<\/td>\n<td width=\"6%\"><\/td>\n<td width=\"48%\"><img decoding=\"async\" class=\"wp-image-2552 size-full\" src=\"https:\/\/www.fengtech.com\/wp-content\/uploads\/2025\/07\/Speed-test.jpg\" alt=\"Speed test\" width=\"100%\" height=\"1481\" srcset=\"https:\/\/www.fengtech.com\/wp-content\/uploads\/2025\/07\/Speed-test.jpg 1000w, https:\/\/www.fengtech.com\/wp-content\/uploads\/2025\/07\/Speed-test-203x300.jpg 203w, https:\/\/www.fengtech.com\/wp-content\/uploads\/2025\/07\/Speed-test-691x1024.jpg 691w, https:\/\/www.fengtech.com\/wp-content\/uploads\/2025\/07\/Speed-test-768x1137.jpg 768w, https:\/\/www.fengtech.com\/wp-content\/uploads\/2025\/07\/Speed-test-600x889.jpg 600w\" sizes=\"(max-width: 1000px) 100vw, 1000px\" \/>H\u0131z testi<\/td>\n<\/tr>\n<\/tbody>\n<\/table>","protected":false},"excerpt":{"rendered":"<p>Giri\u015f Voltaj\u0131: 12\/24VDC<br \/>\nGiri\u015f G\u00fcc\u00fc: 5~20W<br \/>\nH\u0131z Aral\u0131\u011f\u0131: 0~2800RPM<br \/>\n\u00c7\u0131k\u0131\u015f G\u00fcc\u00fc: 3~10W<br \/>\nTakometre: 9PPR<br \/>\nD\u00f6nd\u00fcrme Y\u00f6n\u00fc: \u00c7ift y\u00f6nl\u00fc<br \/>\nAk\u0131m S\u0131n\u0131r\u0131: 1~2A<\/p>","protected":false},"featured_media":2545,"template":"","meta":{"site-sidebar-layout":"default","site-content-layout":"","ast-site-content-layout":"default","site-content-style":"default","site-sidebar-style":"default","ast-global-header-display":"","ast-banner-title-visibility":"","ast-main-header-display":"","ast-hfb-above-header-display":"","ast-hfb-below-header-display":"","ast-hfb-mobile-header-display":"","site-post-title":"","ast-breadcrumbs-content":"","ast-featured-img":"","footer-sml-layout":"","theme-transparent-header-meta":"default","adv-header-id-meta":"","stick-header-meta":"","header-above-stick-meta":"","header-main-stick-meta":"","header-below-stick-meta":"","astra-migrate-meta-layouts":"set","ast-page-background-enabled":"default","ast-page-background-meta":{"desktop":{"background-color":"","background-image":"","background-repeat":"repeat","background-position":"center center","background-size":"auto","background-attachment":"scroll","background-type":"","background-media":"","overlay-type":"","overlay-color":"","overlay-opacity":"","overlay-gradient":""},"tablet":{"background-color":"","background-image":"","background-repeat":"repeat","background-position":"center center","background-size":"auto","background-attachment":"scroll","background-type":"","background-media":"","overlay-type":"","overlay-color":"","overlay-opacity":"","overlay-gradient":""},"mobile":{"background-color":"","background-image":"","background-repeat":"repeat","background-position":"center center","background-size":"auto","background-attachment":"scroll","background-type":"","background-media":"","overlay-type":"","overlay-color":"","overlay-opacity":"","overlay-gradient":""}},"ast-content-background-meta":{"desktop":{"background-color":"var(--ast-global-color-5)","background-image":"","background-repeat":"repeat","background-position":"center center","background-size":"auto","background-attachment":"scroll","background-type":"","background-media":"","overlay-type":"","overlay-color":"","overlay-opacity":"","overlay-gradient":""},"tablet":{"background-color":"var(--ast-global-color-5)","background-image":"","background-repeat":"repeat","background-position":"center center","background-size":"auto","background-attachment":"scroll","background-type":"","background-media":"","overlay-type":"","overlay-color":"","overlay-opacity":"","overlay-gradient":""},"mobile":{"background-color":"var(--ast-global-color-5)","background-image":"","background-repeat":"repeat","background-position":"center center","background-size":"auto","background-attachment":"scroll","background-type":"","background-media":"","overlay-type":"","overlay-color":"","overlay-opacity":"","overlay-gradient":""}}},"product_brand":[],"product_cat":[27],"product_tag":[35,36,41,33,34,37],"class_list":{"0":"post-2539","1":"product","2":"type-product","3":"status-publish","4":"has-post-thumbnail","6":"product_cat-brushless-dc-motor","7":"product_tag-12v-bldc-motor","8":"product_tag-24v-bldc-motor","9":"product_tag-pellet-stove-auger-motor","10":"product_tag-pellet-stove-motor","11":"product_tag-slush-machine-motor","12":"product_tag-small-geared-motor","13":"desktop-align-left","14":"tablet-align-left","15":"mobile-align-left","17":"first","18":"instock","19":"shipping-taxable","20":"product-type-simple"},"yoast_head":"<!-- This site is optimized with the Yoast SEO Premium plugin v25.4 (Yoast SEO v25.4) - https:\/\/yoast.com\/wordpress\/plugins\/seo\/ -->\n<title>GM-BL60 - Fengtech<\/title>\n<meta name=\"description\" content=\"Fengtech&#039;s GM-BL60 is a DC reduction motor with an aluminum die-cast metal housing, which is more durable and has passed CE, CCC, ROSH and other certifications. It is widely used in home appliances, robots, and automation machinery.\" \/>\n<meta name=\"robots\" content=\"index, follow, max-snippet:-1, max-image-preview:large, max-video-preview:-1\" \/>\n<link rel=\"canonical\" href=\"https:\/\/www.fengtech.com\/tr\/urun\/gm-bl60\/\" \/>\n<meta property=\"og:locale\" content=\"tr_TR\" \/>\n<meta property=\"og:type\" content=\"article\" \/>\n<meta property=\"og:title\" content=\"GM-BL60\" \/>\n<meta property=\"og:description\" content=\"Fengtech&#039;s GM-BL60 is a DC reduction motor with an aluminum die-cast metal housing, which is more durable and has passed CE, CCC, ROSH and other certifications. It is widely used in home appliances, robots, and automation machinery.\" \/>\n<meta property=\"og:url\" content=\"https:\/\/www.fengtech.com\/tr\/urun\/gm-bl60\/\" \/>\n<meta property=\"og:site_name\" content=\"Fengtech\" \/>\n<meta property=\"article:publisher\" content=\"https:\/\/www.facebook.com\/fengtech\/\" \/>\n<meta property=\"article:modified_time\" content=\"2025-09-05T01:13:42+00:00\" \/>\n<meta property=\"og:image\" content=\"https:\/\/www.fengtech.com\/wp-content\/uploads\/2025\/07\/GM-BL60-1-1.jpg\" \/>\n\t<meta property=\"og:image:width\" content=\"800\" \/>\n\t<meta property=\"og:image:height\" content=\"800\" \/>\n\t<meta property=\"og:image:type\" content=\"image\/jpeg\" \/>\n<meta name=\"twitter:card\" content=\"summary_large_image\" \/>\n<meta name=\"twitter:label1\" content=\"Tahmini okuma s\u00fcresi\" \/>\n\t<meta name=\"twitter:data1\" content=\"2 dakika\" \/>\n<script type=\"application\/ld+json\" class=\"yoast-schema-graph\">{\"@context\":\"https:\/\/schema.org\",\"@graph\":[{\"@type\":\"WebPage\",\"@id\":\"https:\/\/www.fengtech.com\/product\/gm-bl60\/\",\"url\":\"https:\/\/www.fengtech.com\/product\/gm-bl60\/\",\"name\":\"GM-BL60 - Fengtech\",\"isPartOf\":{\"@id\":\"https:\/\/www.fengtech.com\/#website\"},\"primaryImageOfPage\":{\"@id\":\"https:\/\/www.fengtech.com\/product\/gm-bl60\/#primaryimage\"},\"image\":{\"@id\":\"https:\/\/www.fengtech.com\/product\/gm-bl60\/#primaryimage\"},\"thumbnailUrl\":\"https:\/\/www.fengtech.com\/wp-content\/uploads\/2025\/07\/GM-BL60-1-1.jpg\",\"datePublished\":\"2025-07-21T01:46:01+00:00\",\"dateModified\":\"2025-09-05T01:13:42+00:00\",\"description\":\"Fengtech's GM-BL60 is a DC reduction motor with an aluminum die-cast metal housing, which is more durable and has passed CE, CCC, ROSH and other certifications. It is widely used in home appliances, robots, and automation machinery.\",\"breadcrumb\":{\"@id\":\"https:\/\/www.fengtech.com\/product\/gm-bl60\/#breadcrumb\"},\"inLanguage\":\"tr\",\"potentialAction\":[{\"@type\":\"ReadAction\",\"target\":[\"https:\/\/www.fengtech.com\/product\/gm-bl60\/\"]}]},{\"@type\":\"ImageObject\",\"inLanguage\":\"tr\",\"@id\":\"https:\/\/www.fengtech.com\/product\/gm-bl60\/#primaryimage\",\"url\":\"https:\/\/www.fengtech.com\/wp-content\/uploads\/2025\/07\/GM-BL60-1-1.jpg\",\"contentUrl\":\"https:\/\/www.fengtech.com\/wp-content\/uploads\/2025\/07\/GM-BL60-1-1.jpg\",\"width\":800,\"height\":800,\"caption\":\"GM-BL60-1\"},{\"@type\":\"BreadcrumbList\",\"@id\":\"https:\/\/www.fengtech.com\/product\/gm-bl60\/#breadcrumb\",\"itemListElement\":[{\"@type\":\"ListItem\",\"position\":1,\"name\":\"\u9996\u9875\",\"item\":\"https:\/\/www.fengtech.com\/\"},{\"@type\":\"ListItem\",\"position\":2,\"name\":\"Products\",\"item\":\"https:\/\/www.fengtech.com\/shop\/\"},{\"@type\":\"ListItem\",\"position\":3,\"name\":\"GM-BL60\"}]},{\"@type\":\"WebSite\",\"@id\":\"https:\/\/www.fengtech.com\/#website\",\"url\":\"https:\/\/www.fengtech.com\/\",\"name\":\"FengTech Motor\",\"description\":\"Outdoor Sports Adventure Website\",\"publisher\":{\"@id\":\"https:\/\/www.fengtech.com\/#organization\"},\"potentialAction\":[{\"@type\":\"SearchAction\",\"target\":{\"@type\":\"EntryPoint\",\"urlTemplate\":\"https:\/\/www.fengtech.com\/?s={search_term_string}\"},\"query-input\":{\"@type\":\"PropertyValueSpecification\",\"valueRequired\":true,\"valueName\":\"search_term_string\"}}],\"inLanguage\":\"tr\"},{\"@type\":\"Organization\",\"@id\":\"https:\/\/www.fengtech.com\/#organization\",\"name\":\"FengTech Motor\",\"url\":\"https:\/\/www.fengtech.com\/\",\"logo\":{\"@type\":\"ImageObject\",\"inLanguage\":\"tr\",\"@id\":\"https:\/\/www.fengtech.com\/#\/schema\/logo\/image\/\",\"url\":\"https:\/\/www.fengtech.com\/wp-content\/uploads\/2025\/07\/cropped-fengtech_logo_w.jpg\",\"contentUrl\":\"https:\/\/www.fengtech.com\/wp-content\/uploads\/2025\/07\/cropped-fengtech_logo_w.jpg\",\"width\":512,\"height\":512,\"caption\":\"FengTech Motor\"},\"image\":{\"@id\":\"https:\/\/www.fengtech.com\/#\/schema\/logo\/image\/\"},\"sameAs\":[\"https:\/\/www.facebook.com\/fengtech\/\",\"https:\/\/www.linkedin.com\/in\/barry-yuan\/\"]}]}<\/script>\n<!-- \/ Yoast SEO Premium plugin. -->","yoast_head_json":{"title":"GM-BL60 - Fengtech","description":"Fengtech's GM-BL60 is a DC reduction motor with an aluminum die-cast metal housing, which is more durable and has passed CE, CCC, ROSH and other certifications. It is widely used in home appliances, robots, and automation machinery.","robots":{"index":"index","follow":"follow","max-snippet":"max-snippet:-1","max-image-preview":"max-image-preview:large","max-video-preview":"max-video-preview:-1"},"canonical":"https:\/\/www.fengtech.com\/tr\/urun\/gm-bl60\/","og_locale":"tr_TR","og_type":"article","og_title":"GM-BL60","og_description":"Fengtech's GM-BL60 is a DC reduction motor with an aluminum die-cast metal housing, which is more durable and has passed CE, CCC, ROSH and other certifications. It is widely used in home appliances, robots, and automation machinery.","og_url":"https:\/\/www.fengtech.com\/tr\/urun\/gm-bl60\/","og_site_name":"Fengtech","article_publisher":"https:\/\/www.facebook.com\/fengtech\/","article_modified_time":"2025-09-05T01:13:42+00:00","og_image":[{"width":800,"height":800,"url":"https:\/\/www.fengtech.com\/wp-content\/uploads\/2025\/07\/GM-BL60-1-1.jpg","type":"image\/jpeg"}],"twitter_card":"summary_large_image","twitter_misc":{"Tahmini okuma s\u00fcresi":"2 dakika"},"schema":{"@context":"https:\/\/schema.org","@graph":[{"@type":"WebPage","@id":"https:\/\/www.fengtech.com\/product\/gm-bl60\/","url":"https:\/\/www.fengtech.com\/product\/gm-bl60\/","name":"GM-BL60 - Fengtech","isPartOf":{"@id":"https:\/\/www.fengtech.com\/#website"},"primaryImageOfPage":{"@id":"https:\/\/www.fengtech.com\/product\/gm-bl60\/#primaryimage"},"image":{"@id":"https:\/\/www.fengtech.com\/product\/gm-bl60\/#primaryimage"},"thumbnailUrl":"https:\/\/www.fengtech.com\/wp-content\/uploads\/2025\/07\/GM-BL60-1-1.jpg","datePublished":"2025-07-21T01:46:01+00:00","dateModified":"2025-09-05T01:13:42+00:00","description":"Fengtech's GM-BL60 is a DC reduction motor with an aluminum die-cast metal housing, which is more durable and has passed CE, CCC, ROSH and other certifications. It is widely used in home appliances, robots, and automation machinery.","breadcrumb":{"@id":"https:\/\/www.fengtech.com\/product\/gm-bl60\/#breadcrumb"},"inLanguage":"tr","potentialAction":[{"@type":"ReadAction","target":["https:\/\/www.fengtech.com\/product\/gm-bl60\/"]}]},{"@type":"ImageObject","inLanguage":"tr","@id":"https:\/\/www.fengtech.com\/product\/gm-bl60\/#primaryimage","url":"https:\/\/www.fengtech.com\/wp-content\/uploads\/2025\/07\/GM-BL60-1-1.jpg","contentUrl":"https:\/\/www.fengtech.com\/wp-content\/uploads\/2025\/07\/GM-BL60-1-1.jpg","width":800,"height":800,"caption":"GM-BL60-1"},{"@type":"BreadcrumbList","@id":"https:\/\/www.fengtech.com\/product\/gm-bl60\/#breadcrumb","itemListElement":[{"@type":"ListItem","position":1,"name":"\u9996\u9875","item":"https:\/\/www.fengtech.com\/"},{"@type":"ListItem","position":2,"name":"Products","item":"https:\/\/www.fengtech.com\/shop\/"},{"@type":"ListItem","position":3,"name":"GM-BL60"}]},{"@type":"WebSite","@id":"https:\/\/www.fengtech.com\/#website","url":"https:\/\/www.fengtech.com\/","name":"FengTech Motor","description":"Outdoor Sports Adventure Website","publisher":{"@id":"https:\/\/www.fengtech.com\/#organization"},"potentialAction":[{"@type":"SearchAction","target":{"@type":"EntryPoint","urlTemplate":"https:\/\/www.fengtech.com\/?s={search_term_string}"},"query-input":{"@type":"PropertyValueSpecification","valueRequired":true,"valueName":"search_term_string"}}],"inLanguage":"tr"},{"@type":"Organization","@id":"https:\/\/www.fengtech.com\/#organization","name":"FengTech Motor","url":"https:\/\/www.fengtech.com\/","logo":{"@type":"ImageObject","inLanguage":"tr","@id":"https:\/\/www.fengtech.com\/#\/schema\/logo\/image\/","url":"https:\/\/www.fengtech.com\/wp-content\/uploads\/2025\/07\/cropped-fengtech_logo_w.jpg","contentUrl":"https:\/\/www.fengtech.com\/wp-content\/uploads\/2025\/07\/cropped-fengtech_logo_w.jpg","width":512,"height":512,"caption":"FengTech Motor"},"image":{"@id":"https:\/\/www.fengtech.com\/#\/schema\/logo\/image\/"},"sameAs":["https:\/\/www.facebook.com\/fengtech\/","https:\/\/www.linkedin.com\/in\/barry-yuan\/"]}]}},"_links":{"self":[{"href":"https:\/\/www.fengtech.com\/tr\/wp-json\/wp\/v2\/product\/2539","targetHints":{"allow":["GET"]}}],"collection":[{"href":"https:\/\/www.fengtech.com\/tr\/wp-json\/wp\/v2\/product"}],"about":[{"href":"https:\/\/www.fengtech.com\/tr\/wp-json\/wp\/v2\/types\/product"}],"version-history":[{"count":0,"href":"https:\/\/www.fengtech.com\/tr\/wp-json\/wp\/v2\/product\/2539\/revisions"}],"wp:featuredmedia":[{"embeddable":true,"href":"https:\/\/www.fengtech.com\/tr\/wp-json\/wp\/v2\/media\/2545"}],"wp:attachment":[{"href":"https:\/\/www.fengtech.com\/tr\/wp-json\/wp\/v2\/media?parent=2539"}],"wp:term":[{"taxonomy":"product_brand","embeddable":true,"href":"https:\/\/www.fengtech.com\/tr\/wp-json\/wp\/v2\/product_brand?post=2539"},{"taxonomy":"product_cat","embeddable":true,"href":"https:\/\/www.fengtech.com\/tr\/wp-json\/wp\/v2\/product_cat?post=2539"},{"taxonomy":"product_tag","embeddable":true,"href":"https:\/\/www.fengtech.com\/tr\/wp-json\/wp\/v2\/product_tag?post=2539"}],"curies":[{"name":"wp","href":"https:\/\/api.w.org\/{rel}","templated":true}]}}