{"id":544,"date":"2025-07-08T10:21:23","date_gmt":"2025-07-08T02:21:23","guid":{"rendered":"http:\/\/fengair.com\/contact\/"},"modified":"2026-03-12T13:28:00","modified_gmt":"2026-03-12T05:28:00","slug":"contact","status":"publish","type":"page","link":"https:\/\/www.fengtech.com\/tr\/contact\/","title":{"rendered":"\u0130leti\u015fim"},"content":{"rendered":"<div data-elementor-type=\"wp-post\" data-elementor-id=\"544\" class=\"elementor elementor-544\" data-elementor-post-type=\"page\">\n\t\t\t\t<div class=\"elementor-element elementor-element-694fe71 e-con-full e-flex e-con e-parent\" data-id=\"694fe71\" data-element_type=\"container\" data-e-type=\"container\">\n\t\t<div class=\"elementor-element elementor-element-0c3c663 e-con-full e-flex e-con e-child\" data-id=\"0c3c663\" data-element_type=\"container\" data-e-type=\"container\">\n\t\t\t\t<div class=\"elementor-element elementor-element-e49283b elementor-widget elementor-widget-woocommerce-breadcrumb\" data-id=\"e49283b\" data-element_type=\"widget\" data-e-type=\"widget\" data-settings=\"{&quot;ekit_we_effect_on&quot;:&quot;none&quot;}\" data-widget_type=\"woocommerce-breadcrumb.default\">\n\t\t\t\t<div class=\"elementor-widget-container\">\n\t\t\t\t\t<nav class=\"woocommerce-breadcrumb\" aria-label=\"Breadcrumb\" data-no-translation=\"\" data-trp-gettext=\"\">Ana Sayfa<\/nav>\t\t\t\t<\/div>\n\t\t\t\t<\/div>\n\t\t\t\t<\/div>\n\t\t<div class=\"elementor-element elementor-element-0284bf6 e-con-full e-flex e-con e-child\" data-id=\"0284bf6\" data-element_type=\"container\" data-e-type=\"container\">\n\t\t\t\t<div class=\"elementor-element elementor-element-57af3fc elementor-widget elementor-widget-heading\" data-id=\"57af3fc\" data-element_type=\"widget\" data-e-type=\"widget\" data-settings=\"{&quot;ekit_we_effect_on&quot;:&quot;none&quot;}\" data-widget_type=\"heading.default\">\n\t\t\t\t<div class=\"elementor-widget-container\">\n\t\t\t\t\t<h1 class=\"elementor-heading-title elementor-size-default\">Bize Ula\u015f\u0131n<\/h1>\t\t\t\t<\/div>\n\t\t\t\t<\/div>\n\t\t\t\t<div class=\"elementor-element elementor-element-af9fc13 elementor-widget-divider--view-line elementor-widget elementor-widget-divider\" data-id=\"af9fc13\" data-element_type=\"widget\" data-e-type=\"widget\" data-settings=\"{&quot;ekit_we_effect_on&quot;:&quot;none&quot;}\" data-widget_type=\"divider.default\">\n\t\t\t\t<div class=\"elementor-widget-container\">\n\t\t\t\t\t\t\t<div class=\"elementor-divider\">\n\t\t\t<span class=\"elementor-divider-separator\">\n\t\t\t\t\t\t<\/span>\n\t\t<\/div>\n\t\t\t\t\t\t<\/div>\n\t\t\t\t<\/div>\n\t\t\t\t<div class=\"elementor-element elementor-element-2d90c7f elementor-widget elementor-widget-text-editor\" data-id=\"2d90c7f\" data-element_type=\"widget\" data-e-type=\"widget\" data-settings=\"{&quot;ekit_we_effect_on&quot;:&quot;none&quot;}\" data-widget_type=\"text-editor.default\">\n\t\t\t\t<div class=\"elementor-widget-container\">\n\t\t\t\t\t\t\t\t\t<p>\u0130ster i\u015f orta\u011f\u0131m\u0131z olmak isteyin, ister \u00fcr\u00fcn se\u00e7imi veya motor sorunlar\u0131n\u0131n giderilmesi konusunda uzman rehberli\u011fine ihtiya\u00e7 duyun, ekibimiz size yard\u0131mc\u0131 olmaya haz\u0131rd\u0131r (d\u00fcnya \u00e7ap\u0131nda, 24 saat i\u00e7inde).<\/p>\t\t\t\t\t\t\t\t<\/div>\n\t\t\t\t<\/div>\n\t\t\t\t<\/div>\n\t\t\t\t<\/div>\n\t\t<div class=\"elementor-element elementor-element-3260736 e-con-full e-flex e-con e-parent\" data-id=\"3260736\" data-element_type=\"container\" data-e-type=\"container\">\n\t\t<div class=\"elementor-element elementor-element-e933b9f e-con-full e-flex e-con e-child\" data-id=\"e933b9f\" data-element_type=\"container\" data-e-type=\"container\" data-settings=\"{&quot;background_background&quot;:&quot;classic&quot;}\">\n\t\t\t\t<div class=\"elementor-element elementor-element-57c507f elementor-widget elementor-widget-heading\" data-id=\"57c507f\" data-element_type=\"widget\" data-e-type=\"widget\" data-settings=\"{&quot;ekit_we_effect_on&quot;:&quot;none&quot;}\" data-widget_type=\"heading.default\">\n\t\t\t\t<div class=\"elementor-widget-container\">\n\t\t\t\t\t<h2 class=\"elementor-heading-title elementor-size-default\">Ningbo Fengtech Motor Co, Ltd.<\/h2>\t\t\t\t<\/div>\n\t\t\t\t<\/div>\n\t\t\t\t<div class=\"elementor-element elementor-element-877b755 elementor-widget-divider--view-line elementor-widget elementor-widget-divider\" data-id=\"877b755\" data-element_type=\"widget\" data-e-type=\"widget\" data-settings=\"{&quot;ekit_we_effect_on&quot;:&quot;none&quot;}\" data-widget_type=\"divider.default\">\n\t\t\t\t<div class=\"elementor-widget-container\">\n\t\t\t\t\t\t\t<div class=\"elementor-divider\">\n\t\t\t<span class=\"elementor-divider-separator\">\n\t\t\t\t\t\t<\/span>\n\t\t<\/div>\n\t\t\t\t\t\t<\/div>\n\t\t\t\t<\/div>\n\t\t\t\t<div class=\"elementor-element elementor-element-0c57b70 elementor-align-start elementor-icon-list--layout-traditional elementor-list-item-link-full_width elementor-widget elementor-widget-icon-list\" data-id=\"0c57b70\" data-element_type=\"widget\" data-e-type=\"widget\" data-settings=\"{&quot;ekit_we_effect_on&quot;:&quot;none&quot;}\" data-widget_type=\"icon-list.default\">\n\t\t\t\t<div class=\"elementor-widget-container\">\n\t\t\t\t\t\t\t<ul class=\"elementor-icon-list-items\">\n\t\t\t\t\t\t\t<li class=\"elementor-icon-list-item\">\n\t\t\t\t\t\t\t\t\t\t\t<span class=\"elementor-icon-list-icon\">\n\t\t\t\t\t\t\t<i aria-hidden=\"true\" class=\"fas fa-phone-volume\"><\/i>\t\t\t\t\t\t<\/span>\n\t\t\t\t\t\t\t\t\t\t<span class=\"elementor-icon-list-text\">TEL: 86-13355938122<\/span>\n\t\t\t\t\t\t\t\t\t<\/li>\n\t\t\t\t\t\t\t\t<li class=\"elementor-icon-list-item\">\n\t\t\t\t\t\t\t\t\t\t\t<span class=\"elementor-icon-list-icon\">\n\t\t\t\t\t\t\t<i aria-hidden=\"true\" class=\"fas fa-house-user\"><\/i>\t\t\t\t\t\t<\/span>\n\t\t\t\t\t\t\t\t\t\t<span class=\"elementor-icon-list-text\">TEL: 0086-574 8826 9878<\/span>\n\t\t\t\t\t\t\t\t\t<\/li>\n\t\t\t\t\t\t\t\t<li class=\"elementor-icon-list-item\">\n\t\t\t\t\t\t\t\t\t\t\t<a href=\"mailto:export@fengtech.cn\">\n\n\t\t\t\t\t\t\t\t\t\t\t\t<span class=\"elementor-icon-list-icon\">\n\t\t\t\t\t\t\t<i aria-hidden=\"true\" class=\"far fa-envelope\"><\/i>\t\t\t\t\t\t<\/span>\n\t\t\t\t\t\t\t\t\t\t<span class=\"elementor-icon-list-text\">Email: export@fengtech.cn<\/span>\n\t\t\t\t\t\t\t\t\t\t\t<\/a>\n\t\t\t\t\t\t\t\t\t<\/li>\n\t\t\t\t\t\t\t\t<li class=\"elementor-icon-list-item\">\n\t\t\t\t\t\t\t\t\t\t\t<span class=\"elementor-icon-list-icon\">\n\t\t\t\t\t\t\t<i aria-hidden=\"true\" class=\"fas fa-location-arrow\"><\/i>\t\t\t\t\t\t<\/span>\n\t\t\t\t\t\t\t\t\t\t<span class=\"elementor-icon-list-text\">Adres No.1, ShangshuiQi, Dongqiao, Haishu, Ningbo, \u00c7in<\/span>\n\t\t\t\t\t\t\t\t\t<\/li>\n\t\t\t\t\t\t<\/ul>\n\t\t\t\t\t\t<\/div>\n\t\t\t\t<\/div>\n\t\t\t\t<\/div>\n\t\t<div class=\"elementor-element elementor-element-d61c8a0 e-con-full e-flex e-con e-child\" data-id=\"d61c8a0\" data-element_type=\"container\" data-e-type=\"container\">\n\t\t\t\t<div class=\"elementor-element elementor-element-00918cb elementor-widget elementor-widget-wpforms\" data-id=\"00918cb\" data-element_type=\"widget\" data-e-type=\"widget\" data-settings=\"{&quot;ekit_we_effect_on&quot;:&quot;none&quot;}\" data-widget_type=\"wpforms.default\">\n\t\t\t\t<div class=\"elementor-widget-container\">\n\t\t\t\t\t<div class=\"wpforms-container\" id=\"wpforms-3219\"><form id=\"wpforms-form-3219\" class=\"wpforms-validate wpforms-form\" data-formid=\"3219\" method=\"post\" enctype=\"multipart\/form-data\" action=\"\/tr\/wp-json\/wp\/v2\/pages\/544\" data-token=\"060ed9ca39857438feb6ad66053d2785\" data-token-time=\"1777535814\" data-trp-original-action=\"\/tr\/wp-json\/wp\/v2\/pages\/544\"><noscript class=\"wpforms-error-noscript\">Bu formu bitirebilmek i\u00e7in taray\u0131c\u0131n\u0131zda JavaScript&#039;i etkinle\u015ftirin.<\/noscript><div class=\"wpforms-field-container\"><div id=\"wpforms-3219-field_0-container\" class=\"wpforms-field wpforms-field-name\" data-field-id=\"0\"><label class=\"wpforms-field-label wpforms-label-hide\" for=\"wpforms-3219-field_0\">\u0130sim  <span class=\"wpforms-required-label\">*<\/span><\/label><input type=\"text\" id=\"wpforms-3219-field_0\" class=\"wpforms-field-large wpforms-field-required\" name=\"wpforms[fields][0]\" placeholder=\"* \u0130sim \" required><\/div><div id=\"wpforms-3219-field_1-container\" class=\"wpforms-field wpforms-field-email\" data-field-id=\"1\"><label class=\"wpforms-field-label wpforms-label-hide\" for=\"wpforms-3219-field_1\">E-posta <span class=\"wpforms-required-label\">*<\/span><\/label><input type=\"email\" id=\"wpforms-3219-field_1\" class=\"wpforms-field-large wpforms-field-required\" name=\"wpforms[fields][1]\" placeholder=\"* E-posta\" spellcheck=\"false\" required><\/div><div id=\"wpforms-3219-field_9-container\" class=\"wpforms-field wpforms-field-name\" data-field-id=\"9\"><label class=\"wpforms-field-label wpforms-label-hide\" for=\"wpforms-3219-field_9\">\u015eirket<\/label><input type=\"text\" id=\"wpforms-3219-field_9\" class=\"wpforms-field-large\" name=\"wpforms[fields][9]\" placeholder=\"\u015eirket\" ><\/div><div id=\"wpforms-3219-field_2-container\" class=\"wpforms-field wpforms-field-textarea\" data-field-id=\"2\"><label class=\"wpforms-field-label wpforms-label-hide\" for=\"wpforms-3219-field_2\">Mesaj\u0131n\u0131z <span class=\"wpforms-required-label\">*<\/span><\/label><textarea id=\"wpforms-3219-field_2\" class=\"wpforms-field-medium wpforms-field-required\" name=\"wpforms[fields][2]\" placeholder=\"* Mesaj\" required><\/textarea><\/div><\/div><!-- .wpforms-field-container --><div class=\"wpforms-field wpforms-field-hp\"><label for=\"wpforms-3219-field-hp\" class=\"wpforms-field-label\">\u0130sim<\/label><input type=\"text\" name=\"wpforms[hp]\" id=\"wpforms-3219-field-hp\" class=\"wpforms-field-medium\"><\/div><div class=\"wpforms-recaptcha-container wpforms-is-recaptcha wpforms-is-recaptcha-type-v3\" ><input type=\"hidden\" name=\"wpforms[recaptcha]\" value=\"\"><\/div><div class=\"wpforms-submit-container\" ><input type=\"hidden\" name=\"wpforms[id]\" value=\"3219\"><input type=\"hidden\" name=\"page_title\" value=\"\"><input type=\"hidden\" name=\"page_url\" value=\"https:\/\/www.fengtech.com\/tr\/wp-json\/wp\/v2\/pages\/544\"><input type=\"hidden\" name=\"url_referer\" value=\"\"><button type=\"submit\" name=\"wpforms[submit]\" id=\"wpforms-submit-3219\" class=\"wpforms-submit\" data-alt-text=\"Sending...\" data-submit-text=\"SEND MESSAGE\" aria-live=\"assertive\" value=\"wpforms-submit\">MESAJ G\u00d6NDER<\/button><\/div><input type=\"hidden\" name=\"trp-form-language\" value=\"tr\"\/><\/form><\/div>  <!-- .wpforms-container -->\t\t\t\t<\/div>\n\t\t\t\t<\/div>\n\t\t\t\t<div class=\"elementor-element elementor-element-1b7d3d4 elementor-widget elementor-widget-text-editor\" data-id=\"1b7d3d4\" data-element_type=\"widget\" data-e-type=\"widget\" data-settings=\"{&quot;ekit_we_effect_on&quot;:&quot;none&quot;}\" data-widget_type=\"text-editor.default\">\n\t\t\t\t<div class=\"elementor-widget-container\">\n\t\t\t\t\t\t\t\t\t<p>* Zorunlu alanlar * ile i\u015faretlenmi\u015ftir.<br \/>* Gizlili\u011finize sayg\u0131 duyuyoruz ve t\u00fcm bilgiler korunuyor.<\/p>\t\t\t\t\t\t\t\t<\/div>\n\t\t\t\t<\/div>\n\t\t\t\t<\/div>\n\t\t\t\t<\/div>\n\t\t<div class=\"elementor-element elementor-element-0371046 e-con-full e-flex e-con e-parent\" data-id=\"0371046\" data-element_type=\"container\" data-e-type=\"container\">\n\t\t<div class=\"elementor-element elementor-element-eba7f72 e-con-full e-flex e-con e-child\" data-id=\"eba7f72\" data-element_type=\"container\" data-e-type=\"container\">\n\t\t\t\t<div class=\"elementor-element elementor-element-fdd0e95 elementor-widget elementor-widget-google_maps\" data-id=\"fdd0e95\" data-element_type=\"widget\" data-e-type=\"widget\" data-settings=\"{&quot;ekit_we_effect_on&quot;:&quot;none&quot;}\" data-widget_type=\"google_maps.default\">\n\t\t\t\t<div class=\"elementor-widget-container\">\n\t\t\t\t\t\t\t<div class=\"elementor-custom-embed\">\n\t\t\t<iframe loading=\"lazy\"\n\t\t\t\t\tsrc=\"https:\/\/maps.google.com\/maps?q=Dongqiao%20Town%2C%20Haishu%20District%2C%20Ningbo%20City%2C%20Zhejiang%20Province&#038;t=m&#038;z=18&#038;output=embed&#038;iwloc=near\"\n\t\t\t\t\ttitle=\"Dongqiao Kasabas\u0131, Haishu B\u00f6lgesi, Ningbo \u015eehri, Zhejiang Eyaleti\"\n\t\t\t\t\taria-label=\"Dongqiao Kasabas\u0131, Haishu B\u00f6lgesi, Ningbo \u015eehri, Zhejiang Eyaleti\"\n\t\t\t><\/iframe>\n\t\t<\/div>\n\t\t\t\t\t\t<\/div>\n\t\t\t\t<\/div>\n\t\t\t\t<\/div>\n\t\t\t\t<\/div>\n\t\t\t\t<\/div>","protected":false},"excerpt":{"rendered":"<p>Contact Us Whether you want to become our partner, need expert guidance on product selection or motor troubleshooting, our team is ready to help you (worldwide, within 24 hours). Ningbo Fengtech Motor Co., Ltd. TEL: 86-13355938122 TEL: 0086-574 8826 9878 Email: export@fengtech.cn Address: No.1, ShangshuiQi, Dongqiao, Haishu, Ningbo, China Please enable JavaScript in your browser [&hellip;]<\/p>","protected":false},"author":1,"featured_media":0,"parent":0,"menu_order":0,"comment_status":"closed","ping_status":"closed","template":"","meta":{"site-sidebar-layout":"no-sidebar","site-content-layout":"page-builder","ast-site-content-layout":"full-width-container","site-content-style":"unboxed","site-sidebar-style":"unboxed","ast-global-header-display":"","ast-banner-title-visibility":"","ast-main-header-display":"","ast-hfb-above-header-display":"","ast-hfb-below-header-display":"","ast-hfb-mobile-header-display":"","site-post-title":"disabled","ast-breadcrumbs-content":"","ast-featured-img":"disabled","footer-sml-layout":"","theme-transparent-header-meta":"enabled","adv-header-id-meta":"","stick-header-meta":"","header-above-stick-meta":"","header-main-stick-meta":"","header-below-stick-meta":"","astra-migrate-meta-layouts":"set","ast-page-background-enabled":"default","ast-page-background-meta":{"desktop":{"background-color":"","background-image":"","background-repeat":"repeat","background-position":"center center","background-size":"auto","background-attachment":"scroll","background-type":"","background-media":"","overlay-type":"","overlay-color":"","overlay-opacity":"","overlay-gradient":""},"tablet":{"background-color":"","background-image":"","background-repeat":"repeat","background-position":"center center","background-size":"auto","background-attachment":"scroll","background-type":"","background-media":"","overlay-type":"","overlay-color":"","overlay-opacity":"","overlay-gradient":""},"mobile":{"background-color":"","background-image":"","background-repeat":"repeat","background-position":"center center","background-size":"auto","background-attachment":"scroll","background-type":"","background-media":"","overlay-type":"","overlay-color":"","overlay-opacity":"","overlay-gradient":""}},"ast-content-background-meta":{"desktop":{"background-color":"var(--ast-global-color-5)","background-image":"","background-repeat":"repeat","background-position":"center center","background-size":"auto","background-attachment":"scroll","background-type":"","background-media":"","overlay-type":"","overlay-color":"","overlay-opacity":"","overlay-gradient":""},"tablet":{"background-color":"var(--ast-global-color-5)","background-image":"","background-repeat":"repeat","background-position":"center center","background-size":"auto","background-attachment":"scroll","background-type":"","background-media":"","overlay-type":"","overlay-color":"","overlay-opacity":"","overlay-gradient":""},"mobile":{"background-color":"var(--ast-global-color-5)","background-image":"","background-repeat":"repeat","background-position":"center center","background-size":"auto","background-attachment":"scroll","background-type":"","background-media":"","overlay-type":"","overlay-color":"","overlay-opacity":"","overlay-gradient":""}},"footnotes":""},"class_list":["post-544","page","type-page","status-publish","hentry"],"yoast_head":"<!-- This site is optimized with the Yoast SEO Premium plugin v25.4 (Yoast SEO v25.4) - https:\/\/yoast.com\/wordpress\/plugins\/seo\/ -->\n<title>Contact Us - Fengtech<\/title>\n<meta name=\"description\" content=\"Contact Fengtech page, communicate with Fengtech immediately and get motor solutions.\" \/>\n<meta name=\"robots\" content=\"index, follow, max-snippet:-1, max-image-preview:large, max-video-preview:-1\" \/>\n<link rel=\"canonical\" href=\"https:\/\/www.fengtech.com\/tr\/contact\/\" \/>\n<meta property=\"og:locale\" content=\"tr_TR\" \/>\n<meta property=\"og:type\" content=\"article\" \/>\n<meta property=\"og:title\" content=\"Contact\" \/>\n<meta property=\"og:description\" content=\"Contact Fengtech page, communicate with Fengtech immediately and get motor solutions.\" \/>\n<meta property=\"og:url\" content=\"https:\/\/www.fengtech.com\/tr\/contact\/\" \/>\n<meta property=\"og:site_name\" content=\"Fengtech\" \/>\n<meta property=\"article:publisher\" content=\"https:\/\/www.facebook.com\/fengtech\/\" \/>\n<meta property=\"article:modified_time\" content=\"2026-03-12T05:28:00+00:00\" \/>\n<meta name=\"twitter:card\" content=\"summary_large_image\" \/>\n<meta name=\"twitter:label1\" content=\"Tahmini okuma s\u00fcresi\" \/>\n\t<meta name=\"twitter:data1\" content=\"1 dakika\" \/>\n<script type=\"application\/ld+json\" class=\"yoast-schema-graph\">{\"@context\":\"https:\/\/schema.org\",\"@graph\":[{\"@type\":\"WebPage\",\"@id\":\"https:\/\/www.fengtech.com\/contact\/\",\"url\":\"https:\/\/www.fengtech.com\/contact\/\",\"name\":\"Contact Us - Fengtech\",\"isPartOf\":{\"@id\":\"https:\/\/www.fengtech.com\/#website\"},\"datePublished\":\"2025-07-08T02:21:23+00:00\",\"dateModified\":\"2026-03-12T05:28:00+00:00\",\"description\":\"Contact Fengtech page, communicate with Fengtech immediately and get motor solutions.\",\"breadcrumb\":{\"@id\":\"https:\/\/www.fengtech.com\/contact\/#breadcrumb\"},\"inLanguage\":\"tr\",\"potentialAction\":[{\"@type\":\"ReadAction\",\"target\":[\"https:\/\/www.fengtech.com\/contact\/\"]}]},{\"@type\":\"BreadcrumbList\",\"@id\":\"https:\/\/www.fengtech.com\/contact\/#breadcrumb\",\"itemListElement\":[{\"@type\":\"ListItem\",\"position\":1,\"name\":\"\u9996\u9875\",\"item\":\"https:\/\/www.fengtech.com\/\"},{\"@type\":\"ListItem\",\"position\":2,\"name\":\"Contact\"}]},{\"@type\":\"WebSite\",\"@id\":\"https:\/\/www.fengtech.com\/#website\",\"url\":\"https:\/\/www.fengtech.com\/\",\"name\":\"FengTech Motor\",\"description\":\"Outdoor Sports Adventure Website\",\"publisher\":{\"@id\":\"https:\/\/www.fengtech.com\/#organization\"},\"potentialAction\":[{\"@type\":\"SearchAction\",\"target\":{\"@type\":\"EntryPoint\",\"urlTemplate\":\"https:\/\/www.fengtech.com\/?s={search_term_string}\"},\"query-input\":{\"@type\":\"PropertyValueSpecification\",\"valueRequired\":true,\"valueName\":\"search_term_string\"}}],\"inLanguage\":\"tr\"},{\"@type\":\"Organization\",\"@id\":\"https:\/\/www.fengtech.com\/#organization\",\"name\":\"FengTech Motor\",\"url\":\"https:\/\/www.fengtech.com\/\",\"logo\":{\"@type\":\"ImageObject\",\"inLanguage\":\"tr\",\"@id\":\"https:\/\/www.fengtech.com\/#\/schema\/logo\/image\/\",\"url\":\"https:\/\/www.fengtech.com\/wp-content\/uploads\/2025\/07\/cropped-fengtech_logo_w.jpg\",\"contentUrl\":\"https:\/\/www.fengtech.com\/wp-content\/uploads\/2025\/07\/cropped-fengtech_logo_w.jpg\",\"width\":512,\"height\":512,\"caption\":\"FengTech Motor\"},\"image\":{\"@id\":\"https:\/\/www.fengtech.com\/#\/schema\/logo\/image\/\"},\"sameAs\":[\"https:\/\/www.facebook.com\/fengtech\/\",\"https:\/\/www.linkedin.com\/in\/barry-yuan\/\"]}]}<\/script>\n<!-- \/ Yoast SEO Premium plugin. -->","yoast_head_json":{"title":"Contact Us - Fengtech","description":"Contact Fengtech page, communicate with Fengtech immediately and get motor solutions.","robots":{"index":"index","follow":"follow","max-snippet":"max-snippet:-1","max-image-preview":"max-image-preview:large","max-video-preview":"max-video-preview:-1"},"canonical":"https:\/\/www.fengtech.com\/tr\/contact\/","og_locale":"tr_TR","og_type":"article","og_title":"Contact","og_description":"Contact Fengtech page, communicate with Fengtech immediately and get motor solutions.","og_url":"https:\/\/www.fengtech.com\/tr\/contact\/","og_site_name":"Fengtech","article_publisher":"https:\/\/www.facebook.com\/fengtech\/","article_modified_time":"2026-03-12T05:28:00+00:00","twitter_card":"summary_large_image","twitter_misc":{"Tahmini okuma s\u00fcresi":"1 dakika"},"schema":{"@context":"https:\/\/schema.org","@graph":[{"@type":"WebPage","@id":"https:\/\/www.fengtech.com\/contact\/","url":"https:\/\/www.fengtech.com\/contact\/","name":"Contact Us - Fengtech","isPartOf":{"@id":"https:\/\/www.fengtech.com\/#website"},"datePublished":"2025-07-08T02:21:23+00:00","dateModified":"2026-03-12T05:28:00+00:00","description":"Contact Fengtech page, communicate with Fengtech immediately and get motor solutions.","breadcrumb":{"@id":"https:\/\/www.fengtech.com\/contact\/#breadcrumb"},"inLanguage":"tr","potentialAction":[{"@type":"ReadAction","target":["https:\/\/www.fengtech.com\/contact\/"]}]},{"@type":"BreadcrumbList","@id":"https:\/\/www.fengtech.com\/contact\/#breadcrumb","itemListElement":[{"@type":"ListItem","position":1,"name":"\u9996\u9875","item":"https:\/\/www.fengtech.com\/"},{"@type":"ListItem","position":2,"name":"Contact"}]},{"@type":"WebSite","@id":"https:\/\/www.fengtech.com\/#website","url":"https:\/\/www.fengtech.com\/","name":"FengTech Motor","description":"Outdoor Sports Adventure Website","publisher":{"@id":"https:\/\/www.fengtech.com\/#organization"},"potentialAction":[{"@type":"SearchAction","target":{"@type":"EntryPoint","urlTemplate":"https:\/\/www.fengtech.com\/?s={search_term_string}"},"query-input":{"@type":"PropertyValueSpecification","valueRequired":true,"valueName":"search_term_string"}}],"inLanguage":"tr"},{"@type":"Organization","@id":"https:\/\/www.fengtech.com\/#organization","name":"FengTech Motor","url":"https:\/\/www.fengtech.com\/","logo":{"@type":"ImageObject","inLanguage":"tr","@id":"https:\/\/www.fengtech.com\/#\/schema\/logo\/image\/","url":"https:\/\/www.fengtech.com\/wp-content\/uploads\/2025\/07\/cropped-fengtech_logo_w.jpg","contentUrl":"https:\/\/www.fengtech.com\/wp-content\/uploads\/2025\/07\/cropped-fengtech_logo_w.jpg","width":512,"height":512,"caption":"FengTech Motor"},"image":{"@id":"https:\/\/www.fengtech.com\/#\/schema\/logo\/image\/"},"sameAs":["https:\/\/www.facebook.com\/fengtech\/","https:\/\/www.linkedin.com\/in\/barry-yuan\/"]}]}},"_links":{"self":[{"href":"https:\/\/www.fengtech.com\/tr\/wp-json\/wp\/v2\/pages\/544","targetHints":{"allow":["GET"]}}],"collection":[{"href":"https:\/\/www.fengtech.com\/tr\/wp-json\/wp\/v2\/pages"}],"about":[{"href":"https:\/\/www.fengtech.com\/tr\/wp-json\/wp\/v2\/types\/page"}],"author":[{"embeddable":true,"href":"https:\/\/www.fengtech.com\/tr\/wp-json\/wp\/v2\/users\/1"}],"replies":[{"embeddable":true,"href":"https:\/\/www.fengtech.com\/tr\/wp-json\/wp\/v2\/comments?post=544"}],"version-history":[{"count":0,"href":"https:\/\/www.fengtech.com\/tr\/wp-json\/wp\/v2\/pages\/544\/revisions"}],"wp:attachment":[{"href":"https:\/\/www.fengtech.com\/tr\/wp-json\/wp\/v2\/media?parent=544"}],"curies":[{"name":"wp","href":"https:\/\/api.w.org\/{rel}","templated":true}]}}