{"id":1629,"date":"2025-07-10T15:04:26","date_gmt":"2025-07-10T07:04:26","guid":{"rendered":"http:\/\/fengair.com\/?page_id=1629"},"modified":"2025-07-16T16:29:11","modified_gmt":"2025-07-16T08:29:11","slug":"company-news","status":"publish","type":"page","link":"https:\/\/www.fengtech.com\/tr\/company-news\/","title":{"rendered":"\u015eirket Haberleri"},"content":{"rendered":"<div data-elementor-type=\"wp-page\" data-elementor-id=\"1629\" class=\"elementor elementor-1629\" data-elementor-post-type=\"page\">\n\t\t\t\t<div class=\"elementor-element elementor-element-8f77477 e-con-full e-flex e-con e-parent\" data-id=\"8f77477\" data-element_type=\"container\" data-e-type=\"container\" data-settings=\"{&quot;background_background&quot;:&quot;classic&quot;}\">\n\t\t\t\t<div class=\"elementor-element elementor-element-c605ed0 elementor-widget elementor-widget-heading\" data-id=\"c605ed0\" data-element_type=\"widget\" data-e-type=\"widget\" data-settings=\"{&quot;ekit_we_effect_on&quot;:&quot;none&quot;}\" data-widget_type=\"heading.default\">\n\t\t\t\t<div class=\"elementor-widget-container\">\n\t\t\t\t\t<h1 class=\"elementor-heading-title elementor-size-default\">\u015eirket Haberleri<\/h1>\t\t\t\t<\/div>\n\t\t\t\t<\/div>\n\t\t\t\t<div class=\"elementor-element elementor-element-d91ca52 elementor-widget elementor-widget-woocommerce-breadcrumb\" data-id=\"d91ca52\" data-element_type=\"widget\" data-e-type=\"widget\" data-settings=\"{&quot;ekit_we_effect_on&quot;:&quot;none&quot;}\" data-widget_type=\"woocommerce-breadcrumb.default\">\n\t\t\t\t<div class=\"elementor-widget-container\">\n\t\t\t\t\t<nav class=\"woocommerce-breadcrumb\" aria-label=\"Breadcrumb\" data-no-translation=\"\" data-trp-gettext=\"\">Ana Sayfa<\/nav>\t\t\t\t<\/div>\n\t\t\t\t<\/div>\n\t\t\t\t<\/div>\n\t\t<div class=\"elementor-element elementor-element-cea10be e-con-full e-flex e-con e-parent\" data-id=\"cea10be\" data-element_type=\"container\" data-e-type=\"container\">\n\t\t<div class=\"elementor-element elementor-element-814ffa9 e-con-full e-flex e-con e-child\" data-id=\"814ffa9\" data-element_type=\"container\" data-e-type=\"container\">\n\t\t\t\t<div class=\"elementor-element elementor-element-8e1af01 elementor-widget elementor-widget-uael-posts\" data-id=\"8e1af01\" data-element_type=\"widget\" data-e-type=\"widget\" data-settings=\"{&quot;feed_slides_to_show_tablet&quot;:2,&quot;feed_slides_to_show_mobile&quot;:1,&quot;feed_pagination_type&quot;:&quot;ajax&quot;,&quot;ekit_we_effect_on&quot;:&quot;none&quot;}\" data-widget_type=\"uael-posts.feed\">\n\t\t\t\t<div class=\"elementor-widget-container\">\n\t\t\t\t\t\t\t<div class=\"uael-post__header\">\n\t\t\t\t\t<\/div>\n\t\t<div class=\"uael-post__body\">\n\t\t\t\n\t\t\n\t\t<div class=\"uael-post-grid uael-posts\" data-query-type=\"custom\" data-structure=\"\" data-layout=\"\" data-page=\"1629\" data-skin=\"feed\" data-filter-default=\"\" data-offset-top=\"30\" >\n\n\t\t\t\t\t\t\t<div class=\"uael-post-grid__inner uael-post__columns-1 uael-post__columns-tablet-1 uael-post__columns-mobile-1\">\n\t\t\t\n\n<div class=\"uael-post-wrapper  company-news\">\n\n\t<div class=\"uael-post__bg-wrap\">\n\t\t\n\t\t\n\t\t<div class=\"uael-post__inner-wrap\">\n\n\t\t\t\t<div class=\"uael-post__thumbnail\">\n\t\t\t\n\t\t\t<a href=\"https:\/\/www.fengtech.com\/tr\/fengtech-participated-in-the-ningbo-home-application-expo\/\" target=\"_blank\" title=\"Fengtech 2025 Ningbo Ev Aletleri Fuar\u0131na Kat\u0131ld\u0131\"><img fetchpriority=\"high\" decoding=\"async\" width=\"1200\" height=\"675\" src=\"https:\/\/www.fengtech.com\/wp-content\/uploads\/2025\/08\/Ningbo-Home-Appliances-Exhibition2.jpg\" class=\"attachment-2048x2048 size-2048x2048 wp-image-3109\" alt=\"Ningbo Home Appliances Exhibition\" srcset=\"https:\/\/www.fengtech.com\/wp-content\/uploads\/2025\/08\/Ningbo-Home-Appliances-Exhibition2.jpg 1200w, https:\/\/www.fengtech.com\/wp-content\/uploads\/2025\/08\/Ningbo-Home-Appliances-Exhibition2-300x169.jpg 300w, https:\/\/www.fengtech.com\/wp-content\/uploads\/2025\/08\/Ningbo-Home-Appliances-Exhibition2-1024x576.jpg 1024w, https:\/\/www.fengtech.com\/wp-content\/uploads\/2025\/08\/Ningbo-Home-Appliances-Exhibition2-768x432.jpg 768w, https:\/\/www.fengtech.com\/wp-content\/uploads\/2025\/08\/Ningbo-Home-Appliances-Exhibition2-18x10.jpg 18w, https:\/\/www.fengtech.com\/wp-content\/uploads\/2025\/08\/Ningbo-Home-Appliances-Exhibition2-600x338.jpg 600w\" sizes=\"(max-width: 1200px) 100vw, 1200px\" \/><\/a>\n\t\t\t\t\t<\/div>\n\t\t\n\t\t\t\n\t\t\t<div class=\"uael-post__content-wrap\">\n\n\t\t\t<span class=\"uael-post__terms\"><a href=\"https:\/\/www.fengtech.com\/tr\/category\/company-news\/\" class=\"uael-listing__terms-link\" id=\"uael-post-term-company-news\" aria-labelledby=\"uael-post-term-company-news\">\u015eirket Haberleri<\/a><\/span>\t\t<h3 class=\"uael-post__title\">\n\n\t\t\n\t\t\t\t\t\t<a href=\"https:\/\/www.fengtech.com\/tr\/fengtech-participated-in-the-ningbo-home-application-expo\/\" target=\"_self\">\n\t\t\t\tFengtech 2025 Ningbo Ev Aletleri Fuar\u0131na Kat\u0131ld\u0131\t\t\t<\/a>\n\n\t\t\t\t<\/h3>\n\t\t<div class=\"uael-post__separator\"><\/div>\n\t\t<div class=\"uael-post__excerpt\">\n\t\t\tFengtech, 8-10 A\u011fustos 2025 tarihleri aras\u0131nda 2025 Ningbo Ev Aletleri Fuar\u0131'na kat\u0131larak en yeni sulu kar makinesi \u00e7\u00f6z\u00fcmlerimizi ve se\u00e7ili \u00fcr\u00fcn serilerimizi sergiledi. ...\t\t<\/div>\n\n\t\t\t\t\t<div class=\"uael-post__meta-data\">\n\t\t\t\t\t<span class=\"uael-post__author\">\n\t\t\t\n\t\t\t\t\t\t\t\t\t\t\t<i aria-hidden=\"true\" class=\"fa fa-user\"><\/i>\t\t\t\t\t\t\t\t\t\n\t\t\t<a href=\"https:\/\/www.fengtech.com\/tr\/author\/fengair\/\" title=\"Fengtech taraf\u0131ndan yaz\u0131lan yaz\u0131lar\" rel=\"author\">Fengtech<\/a>\t\t<\/span>\n\t\t\t\t<span class=\"uael-post__date\">\n\t\t\t\t\t\t\t\t\t\t\t\t\t<i aria-hidden=\"true\" class=\"fa fa-calendar\"><\/i>\t\t\t\t\t\t\t\t\t\n\t\t\t11\/08\/2025\t\t<\/span>\n\t\t\t\t<span class=\"uael-post__comments\">\n\t\t\t\t\t\t\t\t\t\t\t\t<i aria-hidden=\"true\" class=\"fa fa-comments\"><\/i>\t\t\t\t\t\t\t\t\t\tYorum yap\u0131lmam\u0131\u015f\t\t<\/span>\n\t\t\t\t<\/div>\n\t\t\t\t\t<\/div>\n\t\t\t\n\t\t<\/div>\n\t\t\n\t<\/div>\n\n<\/div>\n\n\n<div class=\"uael-post-wrapper  company-news\">\n\n\t<div class=\"uael-post__bg-wrap\">\n\t\t\n\t\t\n\t\t<div class=\"uael-post__inner-wrap\">\n\n\t\t\t\t<div class=\"uael-post__thumbnail\">\n\t\t\t\n\t\t\t<a href=\"https:\/\/www.fengtech.com\/tr\/the-zhejiang-made-in-china-product-certification\/\" target=\"_blank\" title=\"Ningbo Fengtech Motor Co, Ltd, Zhejiang Made-in-China \u00dcr\u00fcn Sertifikas\u0131 ile \u00f6d\u00fcllendirildi\"><img decoding=\"async\" width=\"1200\" height=\"900\" src=\"https:\/\/www.fengtech.com\/wp-content\/uploads\/2025\/07\/Factory-exterior1.jpg\" class=\"attachment-2048x2048 size-2048x2048 wp-image-1557\" alt=\"Factory exterior1\" srcset=\"https:\/\/www.fengtech.com\/wp-content\/uploads\/2025\/07\/Factory-exterior1.jpg 1200w, https:\/\/www.fengtech.com\/wp-content\/uploads\/2025\/07\/Factory-exterior1-300x225.jpg 300w, https:\/\/www.fengtech.com\/wp-content\/uploads\/2025\/07\/Factory-exterior1-1024x768.jpg 1024w, https:\/\/www.fengtech.com\/wp-content\/uploads\/2025\/07\/Factory-exterior1-768x576.jpg 768w, https:\/\/www.fengtech.com\/wp-content\/uploads\/2025\/07\/Factory-exterior1-600x450.jpg 600w\" sizes=\"(max-width: 1200px) 100vw, 1200px\" \/><\/a>\n\t\t\t\t\t<\/div>\n\t\t\n\t\t\t\n\t\t\t<div class=\"uael-post__content-wrap\">\n\n\t\t\t<span class=\"uael-post__terms\"><a href=\"https:\/\/www.fengtech.com\/tr\/category\/company-news\/\" class=\"uael-listing__terms-link\" id=\"uael-post-term-company-news\" aria-labelledby=\"uael-post-term-company-news\">\u015eirket Haberleri<\/a><\/span>\t\t<h3 class=\"uael-post__title\">\n\n\t\t\n\t\t\t\t\t\t<a href=\"https:\/\/www.fengtech.com\/tr\/the-zhejiang-made-in-china-product-certification\/\" target=\"_self\">\n\t\t\t\tNingbo Fengtech Motor Co, Ltd, Zhejiang Made-in-China \u00dcr\u00fcn Sertifikas\u0131 ile \u00f6d\u00fcllendirildi\t\t\t<\/a>\n\n\t\t\t\t<\/h3>\n\t\t<div class=\"uael-post__separator\"><\/div>\n\t\t<div class=\"uael-post__excerpt\">\n\t\t\tDe\u011ferli ortaklar\u0131m\u0131z ve m\u00fc\u015fterilerimiz, Ningbo Fengtek Motor Co, Ltd'nin Zhejiang Made-in-China \u00dcr\u00fcn Sertifikas\u0131 ile \u00f6d\u00fcllendirildi\u011fini duyurmaktan b\u00fcy\u00fck memnuniyet duyuyoruz.\t\t<\/div>\n\n\t\t\t\t\t<div class=\"uael-post__meta-data\">\n\t\t\t\t\t<span class=\"uael-post__author\">\n\t\t\t\n\t\t\t\t\t\t\t\t\t\t\t<i aria-hidden=\"true\" class=\"fa fa-user\"><\/i>\t\t\t\t\t\t\t\t\t\n\t\t\t<a href=\"https:\/\/www.fengtech.com\/tr\/author\/fengair\/\" title=\"Fengtech taraf\u0131ndan yaz\u0131lan yaz\u0131lar\" rel=\"author\">Fengtech<\/a>\t\t<\/span>\n\t\t\t\t<span class=\"uael-post__date\">\n\t\t\t\t\t\t\t\t\t\t\t\t\t<i aria-hidden=\"true\" class=\"fa fa-calendar\"><\/i>\t\t\t\t\t\t\t\t\t\n\t\t\t11\/07\/2025\t\t<\/span>\n\t\t\t\t<span class=\"uael-post__comments\">\n\t\t\t\t\t\t\t\t\t\t\t\t<i aria-hidden=\"true\" class=\"fa fa-comments\"><\/i>\t\t\t\t\t\t\t\t\t\tYorum yap\u0131lmam\u0131\u015f\t\t<\/span>\n\t\t\t\t<\/div>\n\t\t\t\t\t<\/div>\n\t\t\t\n\t\t<\/div>\n\t\t\n\t<\/div>\n\n<\/div>\n\t\t\t\t<\/div>\n\t\t\t\t\t\t\n\t\t<\/div>\n\n\t\t\t\t\t\t<\/div>\n\t\t<div class=\"uael-post__footer\">\n\t\t\t\t\t<\/div>\n\t\t\t\t\t\t<\/div>\n\t\t\t\t<\/div>\n\t\t\t\t<\/div>\n\t\t\t\t<\/div>\n\t\t\t\t<\/div>","protected":false},"excerpt":{"rendered":"<p>Company News Company News Ningbo Fengtech Motor Co., Ltd. has been awarded the Zhejiang Made-in-China Product Certification Dear partners and customers, We are very pleased to announce that Ningbo Fengtek Motor Co., Ltd. has been awarded the Zhejiang Made-in-China Product Certification, which fengair 11\/07\/2025 No Comments<\/p>","protected":false},"author":1,"featured_media":0,"parent":0,"menu_order":0,"comment_status":"closed","ping_status":"closed","template":"","meta":{"site-sidebar-layout":"no-sidebar","site-content-layout":"page-builder","ast-site-content-layout":"full-width-container","site-content-style":"default","site-sidebar-style":"default","ast-global-header-display":"","ast-banner-title-visibility":"","ast-main-header-display":"","ast-hfb-above-header-display":"","ast-hfb-below-header-display":"","ast-hfb-mobile-header-display":"","site-post-title":"disabled","ast-breadcrumbs-content":"","ast-featured-img":"disabled","footer-sml-layout":"","theme-transparent-header-meta":"","adv-header-id-meta":"","stick-header-meta":"","header-above-stick-meta":"","header-main-stick-meta":"","header-below-stick-meta":"","astra-migrate-meta-layouts":"set","ast-page-background-enabled":"default","ast-page-background-meta":{"desktop":{"background-color":"","background-image":"","background-repeat":"repeat","background-position":"center center","background-size":"auto","background-attachment":"scroll","background-type":"","background-media":"","overlay-type":"","overlay-color":"","overlay-opacity":"","overlay-gradient":""},"tablet":{"background-color":"","background-image":"","background-repeat":"repeat","background-position":"center center","background-size":"auto","background-attachment":"scroll","background-type":"","background-media":"","overlay-type":"","overlay-color":"","overlay-opacity":"","overlay-gradient":""},"mobile":{"background-color":"","background-image":"","background-repeat":"repeat","background-position":"center center","background-size":"auto","background-attachment":"scroll","background-type":"","background-media":"","overlay-type":"","overlay-color":"","overlay-opacity":"","overlay-gradient":""}},"ast-content-background-meta":{"desktop":{"background-color":"var(--ast-global-color-5)","background-image":"","background-repeat":"repeat","background-position":"center center","background-size":"auto","background-attachment":"scroll","background-type":"","background-media":"","overlay-type":"","overlay-color":"","overlay-opacity":"","overlay-gradient":""},"tablet":{"background-color":"var(--ast-global-color-5)","background-image":"","background-repeat":"repeat","background-position":"center center","background-size":"auto","background-attachment":"scroll","background-type":"","background-media":"","overlay-type":"","overlay-color":"","overlay-opacity":"","overlay-gradient":""},"mobile":{"background-color":"var(--ast-global-color-5)","background-image":"","background-repeat":"repeat","background-position":"center center","background-size":"auto","background-attachment":"scroll","background-type":"","background-media":"","overlay-type":"","overlay-color":"","overlay-opacity":"","overlay-gradient":""}},"footnotes":""},"class_list":["post-1629","page","type-page","status-publish","hentry"],"yoast_head":"<!-- This site is optimized with the Yoast SEO Premium plugin v25.4 (Yoast SEO v25.4) - https:\/\/yoast.com\/wordpress\/plugins\/seo\/ -->\n<title>Fengtech&#039;s Related News - Fengtech<\/title>\n<meta name=\"description\" content=\"Fengtech related news, including team activities, awards, and company changes.\" \/>\n<meta name=\"robots\" content=\"index, follow, max-snippet:-1, max-image-preview:large, max-video-preview:-1\" \/>\n<link rel=\"canonical\" href=\"https:\/\/www.fengtech.com\/tr\/company-news\/\" \/>\n<meta property=\"og:locale\" content=\"tr_TR\" \/>\n<meta property=\"og:type\" content=\"article\" \/>\n<meta property=\"og:title\" content=\"Company News\" \/>\n<meta property=\"og:description\" content=\"Fengtech related news, including team activities, awards, and company changes.\" \/>\n<meta property=\"og:url\" content=\"https:\/\/www.fengtech.com\/tr\/company-news\/\" \/>\n<meta property=\"og:site_name\" content=\"Fengtech\" \/>\n<meta property=\"article:publisher\" content=\"https:\/\/www.facebook.com\/fengtech\/\" \/>\n<meta property=\"article:modified_time\" content=\"2025-07-16T08:29:11+00:00\" \/>\n<meta property=\"og:image\" content=\"https:\/\/www.fengtech.com\/wp-content\/uploads\/2025\/07\/Factory-exterior1.jpg\" \/>\n<meta name=\"twitter:card\" content=\"summary_large_image\" \/>\n<meta name=\"twitter:label1\" content=\"Tahmini okuma s\u00fcresi\" \/>\n\t<meta name=\"twitter:data1\" content=\"1 dakika\" \/>\n<script type=\"application\/ld+json\" class=\"yoast-schema-graph\">{\"@context\":\"https:\/\/schema.org\",\"@graph\":[{\"@type\":\"WebPage\",\"@id\":\"https:\/\/www.fengtech.com\/company-news\/\",\"url\":\"https:\/\/www.fengtech.com\/company-news\/\",\"name\":\"Fengtech's Related News - Fengtech\",\"isPartOf\":{\"@id\":\"https:\/\/www.fengtech.com\/#website\"},\"primaryImageOfPage\":{\"@id\":\"https:\/\/www.fengtech.com\/company-news\/#primaryimage\"},\"image\":{\"@id\":\"https:\/\/www.fengtech.com\/company-news\/#primaryimage\"},\"thumbnailUrl\":\"https:\/\/www.fengtech.com\/wp-content\/uploads\/2025\/07\/Factory-exterior1.jpg\",\"datePublished\":\"2025-07-10T07:04:26+00:00\",\"dateModified\":\"2025-07-16T08:29:11+00:00\",\"description\":\"Fengtech related news, including team activities, awards, and company changes.\",\"breadcrumb\":{\"@id\":\"https:\/\/www.fengtech.com\/company-news\/#breadcrumb\"},\"inLanguage\":\"tr\",\"potentialAction\":[{\"@type\":\"ReadAction\",\"target\":[\"https:\/\/www.fengtech.com\/company-news\/\"]}]},{\"@type\":\"ImageObject\",\"inLanguage\":\"tr\",\"@id\":\"https:\/\/www.fengtech.com\/company-news\/#primaryimage\",\"url\":\"https:\/\/www.fengtech.com\/wp-content\/uploads\/2025\/07\/Factory-exterior1.jpg\",\"contentUrl\":\"https:\/\/www.fengtech.com\/wp-content\/uploads\/2025\/07\/Factory-exterior1.jpg\"},{\"@type\":\"BreadcrumbList\",\"@id\":\"https:\/\/www.fengtech.com\/company-news\/#breadcrumb\",\"itemListElement\":[{\"@type\":\"ListItem\",\"position\":1,\"name\":\"\u9996\u9875\",\"item\":\"https:\/\/www.fengtech.com\/\"},{\"@type\":\"ListItem\",\"position\":2,\"name\":\"Company News\"}]},{\"@type\":\"WebSite\",\"@id\":\"https:\/\/www.fengtech.com\/#website\",\"url\":\"https:\/\/www.fengtech.com\/\",\"name\":\"FengTech Motor\",\"description\":\"Outdoor Sports Adventure Website\",\"publisher\":{\"@id\":\"https:\/\/www.fengtech.com\/#organization\"},\"potentialAction\":[{\"@type\":\"SearchAction\",\"target\":{\"@type\":\"EntryPoint\",\"urlTemplate\":\"https:\/\/www.fengtech.com\/?s={search_term_string}\"},\"query-input\":{\"@type\":\"PropertyValueSpecification\",\"valueRequired\":true,\"valueName\":\"search_term_string\"}}],\"inLanguage\":\"tr\"},{\"@type\":\"Organization\",\"@id\":\"https:\/\/www.fengtech.com\/#organization\",\"name\":\"FengTech Motor\",\"url\":\"https:\/\/www.fengtech.com\/\",\"logo\":{\"@type\":\"ImageObject\",\"inLanguage\":\"tr\",\"@id\":\"https:\/\/www.fengtech.com\/#\/schema\/logo\/image\/\",\"url\":\"https:\/\/www.fengtech.com\/wp-content\/uploads\/2025\/07\/cropped-fengtech_logo_w.jpg\",\"contentUrl\":\"https:\/\/www.fengtech.com\/wp-content\/uploads\/2025\/07\/cropped-fengtech_logo_w.jpg\",\"width\":512,\"height\":512,\"caption\":\"FengTech Motor\"},\"image\":{\"@id\":\"https:\/\/www.fengtech.com\/#\/schema\/logo\/image\/\"},\"sameAs\":[\"https:\/\/www.facebook.com\/fengtech\/\",\"https:\/\/www.linkedin.com\/in\/barry-yuan\/\"]}]}<\/script>\n<!-- \/ Yoast SEO Premium plugin. -->","yoast_head_json":{"title":"Fengtech's Related News - Fengtech","description":"Fengtech related news, including team activities, awards, and company changes.","robots":{"index":"index","follow":"follow","max-snippet":"max-snippet:-1","max-image-preview":"max-image-preview:large","max-video-preview":"max-video-preview:-1"},"canonical":"https:\/\/www.fengtech.com\/tr\/company-news\/","og_locale":"tr_TR","og_type":"article","og_title":"Company News","og_description":"Fengtech related news, including team activities, awards, and company changes.","og_url":"https:\/\/www.fengtech.com\/tr\/company-news\/","og_site_name":"Fengtech","article_publisher":"https:\/\/www.facebook.com\/fengtech\/","article_modified_time":"2025-07-16T08:29:11+00:00","og_image":[{"url":"https:\/\/www.fengtech.com\/wp-content\/uploads\/2025\/07\/Factory-exterior1.jpg","type":"","width":"","height":""}],"twitter_card":"summary_large_image","twitter_misc":{"Tahmini okuma s\u00fcresi":"1 dakika"},"schema":{"@context":"https:\/\/schema.org","@graph":[{"@type":"WebPage","@id":"https:\/\/www.fengtech.com\/company-news\/","url":"https:\/\/www.fengtech.com\/company-news\/","name":"Fengtech's Related News - Fengtech","isPartOf":{"@id":"https:\/\/www.fengtech.com\/#website"},"primaryImageOfPage":{"@id":"https:\/\/www.fengtech.com\/company-news\/#primaryimage"},"image":{"@id":"https:\/\/www.fengtech.com\/company-news\/#primaryimage"},"thumbnailUrl":"https:\/\/www.fengtech.com\/wp-content\/uploads\/2025\/07\/Factory-exterior1.jpg","datePublished":"2025-07-10T07:04:26+00:00","dateModified":"2025-07-16T08:29:11+00:00","description":"Fengtech related news, including team activities, awards, and company changes.","breadcrumb":{"@id":"https:\/\/www.fengtech.com\/company-news\/#breadcrumb"},"inLanguage":"tr","potentialAction":[{"@type":"ReadAction","target":["https:\/\/www.fengtech.com\/company-news\/"]}]},{"@type":"ImageObject","inLanguage":"tr","@id":"https:\/\/www.fengtech.com\/company-news\/#primaryimage","url":"https:\/\/www.fengtech.com\/wp-content\/uploads\/2025\/07\/Factory-exterior1.jpg","contentUrl":"https:\/\/www.fengtech.com\/wp-content\/uploads\/2025\/07\/Factory-exterior1.jpg"},{"@type":"BreadcrumbList","@id":"https:\/\/www.fengtech.com\/company-news\/#breadcrumb","itemListElement":[{"@type":"ListItem","position":1,"name":"\u9996\u9875","item":"https:\/\/www.fengtech.com\/"},{"@type":"ListItem","position":2,"name":"Company News"}]},{"@type":"WebSite","@id":"https:\/\/www.fengtech.com\/#website","url":"https:\/\/www.fengtech.com\/","name":"FengTech Motor","description":"Outdoor Sports Adventure Website","publisher":{"@id":"https:\/\/www.fengtech.com\/#organization"},"potentialAction":[{"@type":"SearchAction","target":{"@type":"EntryPoint","urlTemplate":"https:\/\/www.fengtech.com\/?s={search_term_string}"},"query-input":{"@type":"PropertyValueSpecification","valueRequired":true,"valueName":"search_term_string"}}],"inLanguage":"tr"},{"@type":"Organization","@id":"https:\/\/www.fengtech.com\/#organization","name":"FengTech Motor","url":"https:\/\/www.fengtech.com\/","logo":{"@type":"ImageObject","inLanguage":"tr","@id":"https:\/\/www.fengtech.com\/#\/schema\/logo\/image\/","url":"https:\/\/www.fengtech.com\/wp-content\/uploads\/2025\/07\/cropped-fengtech_logo_w.jpg","contentUrl":"https:\/\/www.fengtech.com\/wp-content\/uploads\/2025\/07\/cropped-fengtech_logo_w.jpg","width":512,"height":512,"caption":"FengTech Motor"},"image":{"@id":"https:\/\/www.fengtech.com\/#\/schema\/logo\/image\/"},"sameAs":["https:\/\/www.facebook.com\/fengtech\/","https:\/\/www.linkedin.com\/in\/barry-yuan\/"]}]}},"_links":{"self":[{"href":"https:\/\/www.fengtech.com\/tr\/wp-json\/wp\/v2\/pages\/1629","targetHints":{"allow":["GET"]}}],"collection":[{"href":"https:\/\/www.fengtech.com\/tr\/wp-json\/wp\/v2\/pages"}],"about":[{"href":"https:\/\/www.fengtech.com\/tr\/wp-json\/wp\/v2\/types\/page"}],"author":[{"embeddable":true,"href":"https:\/\/www.fengtech.com\/tr\/wp-json\/wp\/v2\/users\/1"}],"replies":[{"embeddable":true,"href":"https:\/\/www.fengtech.com\/tr\/wp-json\/wp\/v2\/comments?post=1629"}],"version-history":[{"count":0,"href":"https:\/\/www.fengtech.com\/tr\/wp-json\/wp\/v2\/pages\/1629\/revisions"}],"wp:attachment":[{"href":"https:\/\/www.fengtech.com\/tr\/wp-json\/wp\/v2\/media?parent=1629"}],"curies":[{"name":"wp","href":"https:\/\/api.w.org\/{rel}","templated":true}]}}