{"id":3207,"date":"2025-08-18T15:02:08","date_gmt":"2025-08-18T07:02:08","guid":{"rendered":"https:\/\/www.fengtech.com\/?post_type=product&#038;p=3207"},"modified":"2025-08-18T15:32:16","modified_gmt":"2025-08-18T07:32:16","slug":"custom-motorized-ball-valve-motor","status":"publish","type":"product","link":"https:\/\/www.fengtech.com\/fr\/produit\/custom-motorized-ball-valve-motor\/","title":{"rendered":"Fengtech 49TYD-1 Moteur de vanne \u00e0 bille motoris\u00e9e sur mesure AC220v"},"content":{"rendered":"<p>La s\u00e9rie 49TYD-1 est utilis\u00e9e comme moteur \u00e9lectrique de vanne \u00e0 bille et de vanne \u00e0 trois voies, contr\u00f4lant efficacement l'ouverture et la fermeture des vannes dans les applications industrielles.<br \/>\nFengtech fournit \u00e9galement des syst\u00e8mes complets de vannes \u00e0 bille et de vannes \u00e0 trois voies, avec des structures internes et des programmes de contr\u00f4le personnalisables pour r\u00e9pondre aux besoins de divers sc\u00e9narios d'application.<\/p>\n<p><strong>Param\u00e8tres du produit<\/strong><\/p>\n<ul>\n<li><span style=\"color: #ff0000;\"><a style=\"color: #ff0000;\" href=\"https:\/\/www.fengtech.com\/wp-content\/uploads\/2025\/07\/49TYD-1.pdf\"><strong>49TYD-1<\/strong><\/a><strong>.pdf<\/strong><\/span><\/li>\n<\/ul>\n<p><img decoding=\"async\" class=\"alignnone wp-image-2446 size-full\" src=\"https:\/\/www.fengtech.com\/wp-content\/uploads\/2025\/07\/49TYD-1design-1.jpg\" alt=\"49TYD-1design-1\" width=\"100%\" height=\"652\" srcset=\"https:\/\/www.fengtech.com\/wp-content\/uploads\/2025\/07\/49TYD-1design-1.jpg 1419w, https:\/\/www.fengtech.com\/wp-content\/uploads\/2025\/07\/49TYD-1design-1-300x138.jpg 300w, https:\/\/www.fengtech.com\/wp-content\/uploads\/2025\/07\/49TYD-1design-1-1024x471.jpg 1024w, https:\/\/www.fengtech.com\/wp-content\/uploads\/2025\/07\/49TYD-1design-1-768x353.jpg 768w, https:\/\/www.fengtech.com\/wp-content\/uploads\/2025\/07\/49TYD-1design-1-600x276.jpg 600w\" sizes=\"(max-width: 1419px) 100vw, 1419px\" \/><\/p>\n<p><img decoding=\"async\" class=\"alignnone wp-image-2447 size-full\" src=\"https:\/\/www.fengtech.com\/wp-content\/uploads\/2025\/07\/49TYD-1design-2.jpg\" alt=\"49TYD-1design-2\" width=\"100%\" height=\"559\" srcset=\"https:\/\/www.fengtech.com\/wp-content\/uploads\/2025\/07\/49TYD-1design-2.jpg 1382w, https:\/\/www.fengtech.com\/wp-content\/uploads\/2025\/07\/49TYD-1design-2-300x121.jpg 300w, https:\/\/www.fengtech.com\/wp-content\/uploads\/2025\/07\/49TYD-1design-2-1024x414.jpg 1024w, https:\/\/www.fengtech.com\/wp-content\/uploads\/2025\/07\/49TYD-1design-2-768x311.jpg 768w, https:\/\/www.fengtech.com\/wp-content\/uploads\/2025\/07\/49TYD-1design-2-600x243.jpg 600w\" sizes=\"(max-width: 1382px) 100vw, 1382px\" \/><\/p>\n<p><img decoding=\"async\" class=\"alignnone wp-image-2448 size-full\" src=\"https:\/\/www.fengtech.com\/wp-content\/uploads\/2025\/07\/49TYD-1design-3.jpg\" alt=\"49TYD-1design-3\" width=\"100%\" height=\"337\" srcset=\"https:\/\/www.fengtech.com\/wp-content\/uploads\/2025\/07\/49TYD-1design-3.jpg 1400w, https:\/\/www.fengtech.com\/wp-content\/uploads\/2025\/07\/49TYD-1design-3-300x72.jpg 300w, https:\/\/www.fengtech.com\/wp-content\/uploads\/2025\/07\/49TYD-1design-3-1024x246.jpg 1024w, https:\/\/www.fengtech.com\/wp-content\/uploads\/2025\/07\/49TYD-1design-3-768x185.jpg 768w, https:\/\/www.fengtech.com\/wp-content\/uploads\/2025\/07\/49TYD-1design-3-600x144.jpg 600w\" sizes=\"(max-width: 1400px) 100vw, 1400px\" \/><\/p>\n<p><img decoding=\"async\" class=\"alignnone wp-image-2449 size-full\" src=\"https:\/\/www.fengtech.com\/wp-content\/uploads\/2025\/07\/49TYD-1design-4.jpg\" alt=\"49TYD-1design-4\" width=\"100%\" height=\"289\" srcset=\"https:\/\/www.fengtech.com\/wp-content\/uploads\/2025\/07\/49TYD-1design-4.jpg 1393w, https:\/\/www.fengtech.com\/wp-content\/uploads\/2025\/07\/49TYD-1design-4-300x62.jpg 300w, https:\/\/www.fengtech.com\/wp-content\/uploads\/2025\/07\/49TYD-1design-4-1024x212.jpg 1024w, https:\/\/www.fengtech.com\/wp-content\/uploads\/2025\/07\/49TYD-1design-4-768x159.jpg 768w, https:\/\/www.fengtech.com\/wp-content\/uploads\/2025\/07\/49TYD-1design-4-600x124.jpg 600w\" sizes=\"(max-width: 1393px) 100vw, 1393px\" \/><\/p>\n<p><strong>Applications<\/strong><\/p>\n<table border=\"0\" width=\"100%\" cellspacing=\"0\" cellpadding=\"0\">\n<tbody>\n<tr><!-- \u5de6\u4fa7\u56fe\u7247\u53ca\u63cf\u8ff0 --><\/p>\n<td align=\"center\" valign=\"top\" width=\"48%\"><img decoding=\"async\" class=\"alignnone wp-image-3212 size-full\" src=\"https:\/\/www.fengtech.com\/wp-content\/uploads\/2025\/08\/49TYD-1-13.jpg\" alt=\"49TYD-1-13\" width=\"100%\" height=\"800\" srcset=\"https:\/\/www.fengtech.com\/wp-content\/uploads\/2025\/08\/49TYD-1-13.jpg 800w, https:\/\/www.fengtech.com\/wp-content\/uploads\/2025\/08\/49TYD-1-13-300x300.jpg 300w, https:\/\/www.fengtech.com\/wp-content\/uploads\/2025\/08\/49TYD-1-13-150x150.jpg 150w, https:\/\/www.fengtech.com\/wp-content\/uploads\/2025\/08\/49TYD-1-13-768x768.jpg 768w, https:\/\/www.fengtech.com\/wp-content\/uploads\/2025\/08\/49TYD-1-13-12x12.jpg 12w, https:\/\/www.fengtech.com\/wp-content\/uploads\/2025\/08\/49TYD-1-13-600x600.jpg 600w, https:\/\/www.fengtech.com\/wp-content\/uploads\/2025\/08\/49TYD-1-13-100x100.jpg 100w\" sizes=\"(max-width: 800px) 100vw, 800px\" \/><\/p>\n<p>Actionneur de clapet<\/td>\n<p><!-- \u4e2d\u95f4\u95f4\u9694 --><\/p>\n<td width=\"4%\"><\/td>\n<p><!-- \u53f3\u4fa7\u56fe\u7247\u53ca\u63cf\u8ff0 --><\/p>\n<td align=\"center\" valign=\"top\" width=\"48%\"><img decoding=\"async\" class=\"alignnone wp-image-3213 size-full\" src=\"https:\/\/www.fengtech.com\/wp-content\/uploads\/2025\/08\/49TYD-1-9-1.jpg\" alt=\"49TYD-1-9\" width=\"100%\" height=\"800\" srcset=\"https:\/\/www.fengtech.com\/wp-content\/uploads\/2025\/08\/49TYD-1-9-1.jpg 800w, https:\/\/www.fengtech.com\/wp-content\/uploads\/2025\/08\/49TYD-1-9-1-300x300.jpg 300w, https:\/\/www.fengtech.com\/wp-content\/uploads\/2025\/08\/49TYD-1-9-1-150x150.jpg 150w, https:\/\/www.fengtech.com\/wp-content\/uploads\/2025\/08\/49TYD-1-9-1-768x768.jpg 768w, https:\/\/www.fengtech.com\/wp-content\/uploads\/2025\/08\/49TYD-1-9-1-12x12.jpg 12w, https:\/\/www.fengtech.com\/wp-content\/uploads\/2025\/08\/49TYD-1-9-1-600x600.jpg 600w, https:\/\/www.fengtech.com\/wp-content\/uploads\/2025\/08\/49TYD-1-9-1-100x100.jpg 100w\" sizes=\"(max-width: 800px) 100vw, 800px\" \/><\/p>\n<p>Vanne \u00e0 bille\/vanne \u00e0 trois voies<\/td>\n<\/tr>\n<\/tbody>\n<\/table>\n<p><strong>49TYD-1 Vid\u00e9o<\/strong><br \/>\n<iframe title=\"Lecteur vid\u00e9o YouTube\" src=\"https:\/\/www.youtube.com\/embed\/2EkHRuM87S0?si=iGyIZ6PoOA_CQ8QF\" width=\"100%\" height=\"450\" frameborder=\"0\" allowfullscreen=\"allowfullscreen\"><span data-mce-type=\"bookmark\" style=\"display: inline-block; width: 0px; overflow: hidden; line-height: 0;\" class=\"mce_SELRES_start\"><\/span><\/iframe><\/p>\n<p><strong>Emballage et exp\u00e9dition<\/strong><\/p>\n<table border=\"0\" width=\"100%\" cellspacing=\"0\" cellpadding=\"0\">\n<tbody>\n<tr><!-- \u5de6\u4fa7\u56fe\u7247\u53ca\u63cf\u8ff0 --><\/p>\n<td align=\"center\" valign=\"top\" width=\"48%\"><img decoding=\"async\" class=\"alignnone wp-image-3214 size-full\" src=\"https:\/\/www.fengtech.com\/wp-content\/uploads\/2025\/08\/49TYD_P04.jpg\" alt=\"49TYD_P04\" width=\"100%\" height=\"498\" srcset=\"https:\/\/www.fengtech.com\/wp-content\/uploads\/2025\/08\/49TYD_P04.jpg 663w, https:\/\/www.fengtech.com\/wp-content\/uploads\/2025\/08\/49TYD_P04-300x225.jpg 300w, https:\/\/www.fengtech.com\/wp-content\/uploads\/2025\/08\/49TYD_P04-16x12.jpg 16w, https:\/\/www.fengtech.com\/wp-content\/uploads\/2025\/08\/49TYD_P04-600x451.jpg 600w\" sizes=\"(max-width: 663px) 100vw, 663px\" \/><\/td>\n<p><!-- \u4e2d\u95f4\u95f4\u9694 --><\/p>\n<td width=\"4%\"><\/td>\n<p><!-- \u53f3\u4fa7\u56fe\u7247\u53ca\u63cf\u8ff0 --><\/p>\n<td align=\"center\" valign=\"top\" width=\"48%\"><img decoding=\"async\" class=\"alignnone wp-image-3215 size-full\" src=\"https:\/\/www.fengtech.com\/wp-content\/uploads\/2025\/08\/49TYD-1packaging2.jpg\" alt=\"49TYD-1packaging2\" width=\"100%\" height=\"462\" srcset=\"https:\/\/www.fengtech.com\/wp-content\/uploads\/2025\/08\/49TYD-1packaging2.jpg 617w, https:\/\/www.fengtech.com\/wp-content\/uploads\/2025\/08\/49TYD-1packaging2-300x225.jpg 300w, https:\/\/www.fengtech.com\/wp-content\/uploads\/2025\/08\/49TYD-1packaging2-16x12.jpg 16w, https:\/\/www.fengtech.com\/wp-content\/uploads\/2025\/08\/49TYD-1packaging2-600x449.jpg 600w\" sizes=\"(max-width: 617px) 100vw, 617px\" \/><\/td>\n<\/tr>\n<\/tbody>\n<\/table>","protected":false},"excerpt":{"rendered":"<p>Tension nominale : 24\/115\/230V<br \/>\nFr\u00e9quence nominale : 50\/60Hz<br \/>\nPuissance d'entr\u00e9e : 2,5-7W<br \/>\nCourant d'entr\u00e9e : &lt;0,2\/0,05\/0,023A<br \/>\nPuissance de sortie : 1,2 W<br \/>\nBruit&lt;45db<br \/>\nSens de rotation : CW\/CCW\/Bi-directionnel<\/p>","protected":false},"featured_media":3208,"template":"","meta":{"site-sidebar-layout":"default","site-content-layout":"","ast-site-content-layout":"default","site-content-style":"default","site-sidebar-style":"default","ast-global-header-display":"","ast-banner-title-visibility":"","ast-main-header-display":"","ast-hfb-above-header-display":"","ast-hfb-below-header-display":"","ast-hfb-mobile-header-display":"","site-post-title":"","ast-breadcrumbs-content":"","ast-featured-img":"","footer-sml-layout":"","theme-transparent-header-meta":"default","adv-header-id-meta":"","stick-header-meta":"","header-above-stick-meta":"","header-main-stick-meta":"","header-below-stick-meta":"","astra-migrate-meta-layouts":"set","ast-page-background-enabled":"default","ast-page-background-meta":{"desktop":{"background-color":"","background-image":"","background-repeat":"repeat","background-position":"center center","background-size":"auto","background-attachment":"scroll","background-type":"","background-media":"","overlay-type":"","overlay-color":"","overlay-opacity":"","overlay-gradient":""},"tablet":{"background-color":"","background-image":"","background-repeat":"repeat","background-position":"center center","background-size":"auto","background-attachment":"scroll","background-type":"","background-media":"","overlay-type":"","overlay-color":"","overlay-opacity":"","overlay-gradient":""},"mobile":{"background-color":"","background-image":"","background-repeat":"repeat","background-position":"center center","background-size":"auto","background-attachment":"scroll","background-type":"","background-media":"","overlay-type":"","overlay-color":"","overlay-opacity":"","overlay-gradient":""}},"ast-content-background-meta":{"desktop":{"background-color":"var(--ast-global-color-5)","background-image":"","background-repeat":"repeat","background-position":"center center","background-size":"auto","background-attachment":"scroll","background-type":"","background-media":"","overlay-type":"","overlay-color":"","overlay-opacity":"","overlay-gradient":""},"tablet":{"background-color":"var(--ast-global-color-5)","background-image":"","background-repeat":"repeat","background-position":"center center","background-size":"auto","background-attachment":"scroll","background-type":"","background-media":"","overlay-type":"","overlay-color":"","overlay-opacity":"","overlay-gradient":""},"mobile":{"background-color":"var(--ast-global-color-5)","background-image":"","background-repeat":"repeat","background-position":"center center","background-size":"auto","background-attachment":"scroll","background-type":"","background-media":"","overlay-type":"","overlay-color":"","overlay-opacity":"","overlay-gradient":""}}},"product_brand":[],"product_cat":[71],"product_tag":[],"class_list":{"0":"post-3207","1":"product","2":"type-product","3":"status-publish","4":"has-post-thumbnail","6":"product_cat-ball-valve-motor","7":"desktop-align-left","8":"tablet-align-left","9":"mobile-align-left","11":"first","12":"instock","13":"shipping-taxable","14":"product-type-simple"},"yoast_head":"<!-- This site is optimized with the Yoast SEO Premium plugin v25.4 (Yoast SEO v25.4) - https:\/\/yoast.com\/wordpress\/plugins\/seo\/ -->\n<title>Fengtech 49TYD-1 Custom Motorized Ball Valve Motor AC220v - Fengtech<\/title>\n<meta name=\"description\" content=\"The 49TYD-1 series is used as an electric ball valve motor and a three-way valve motor, effectively controlling the opening and closing of valves and is suitable for industrial applications.\" \/>\n<meta name=\"robots\" content=\"index, follow, max-snippet:-1, max-image-preview:large, max-video-preview:-1\" \/>\n<link rel=\"canonical\" href=\"https:\/\/www.fengtech.com\/fr\/produit\/custom-motorized-ball-valve-motor\/\" \/>\n<meta property=\"og:locale\" content=\"fr_FR\" \/>\n<meta property=\"og:type\" content=\"article\" \/>\n<meta property=\"og:title\" content=\"Fengtech 49TYD-1 Custom Motorized Ball Valve Motor AC220v\" \/>\n<meta property=\"og:description\" content=\"The 49TYD-1 series is used as an electric ball valve motor and a three-way valve motor, effectively controlling the opening and closing of valves and is suitable for industrial applications.\" \/>\n<meta property=\"og:url\" content=\"https:\/\/www.fengtech.com\/fr\/produit\/custom-motorized-ball-valve-motor\/\" \/>\n<meta property=\"og:site_name\" content=\"Fengtech\" \/>\n<meta property=\"article:publisher\" content=\"https:\/\/www.facebook.com\/fengtech\/\" \/>\n<meta property=\"article:modified_time\" content=\"2025-08-18T07:32:16+00:00\" \/>\n<meta property=\"og:image\" content=\"https:\/\/www.fengtech.com\/wp-content\/uploads\/2025\/08\/49TYD-1-9.jpg\" \/>\n\t<meta property=\"og:image:width\" content=\"800\" \/>\n\t<meta property=\"og:image:height\" content=\"800\" \/>\n\t<meta property=\"og:image:type\" content=\"image\/jpeg\" \/>\n<meta name=\"twitter:card\" content=\"summary_large_image\" \/>\n<meta name=\"twitter:label1\" content=\"Dur\u00e9e de lecture estim\u00e9e\" \/>\n\t<meta name=\"twitter:data1\" content=\"3 minutes\" \/>\n<script type=\"application\/ld+json\" class=\"yoast-schema-graph\">{\"@context\":\"https:\/\/schema.org\",\"@graph\":[{\"@type\":\"WebPage\",\"@id\":\"https:\/\/www.fengtech.com\/product\/custom-motorized-ball-valve-motor\/\",\"url\":\"https:\/\/www.fengtech.com\/product\/custom-motorized-ball-valve-motor\/\",\"name\":\"Fengtech 49TYD-1 Custom Motorized Ball Valve Motor AC220v - Fengtech\",\"isPartOf\":{\"@id\":\"https:\/\/www.fengtech.com\/#website\"},\"primaryImageOfPage\":{\"@id\":\"https:\/\/www.fengtech.com\/product\/custom-motorized-ball-valve-motor\/#primaryimage\"},\"image\":{\"@id\":\"https:\/\/www.fengtech.com\/product\/custom-motorized-ball-valve-motor\/#primaryimage\"},\"thumbnailUrl\":\"https:\/\/www.fengtech.com\/wp-content\/uploads\/2025\/08\/49TYD-1-9.jpg\",\"datePublished\":\"2025-08-18T07:02:08+00:00\",\"dateModified\":\"2025-08-18T07:32:16+00:00\",\"description\":\"The 49TYD-1 series is used as an electric ball valve motor and a three-way valve motor, effectively controlling the opening and closing of valves and is suitable for industrial applications.\",\"breadcrumb\":{\"@id\":\"https:\/\/www.fengtech.com\/product\/custom-motorized-ball-valve-motor\/#breadcrumb\"},\"inLanguage\":\"fr-FR\",\"potentialAction\":[{\"@type\":\"ReadAction\",\"target\":[\"https:\/\/www.fengtech.com\/product\/custom-motorized-ball-valve-motor\/\"]}]},{\"@type\":\"ImageObject\",\"inLanguage\":\"fr-FR\",\"@id\":\"https:\/\/www.fengtech.com\/product\/custom-motorized-ball-valve-motor\/#primaryimage\",\"url\":\"https:\/\/www.fengtech.com\/wp-content\/uploads\/2025\/08\/49TYD-1-9.jpg\",\"contentUrl\":\"https:\/\/www.fengtech.com\/wp-content\/uploads\/2025\/08\/49TYD-1-9.jpg\",\"width\":800,\"height\":800,\"caption\":\"Ball Valve Motor 49tyd\"},{\"@type\":\"BreadcrumbList\",\"@id\":\"https:\/\/www.fengtech.com\/product\/custom-motorized-ball-valve-motor\/#breadcrumb\",\"itemListElement\":[{\"@type\":\"ListItem\",\"position\":1,\"name\":\"\u9996\u9875\",\"item\":\"https:\/\/www.fengtech.com\/\"},{\"@type\":\"ListItem\",\"position\":2,\"name\":\"Products\",\"item\":\"https:\/\/www.fengtech.com\/shop\/\"},{\"@type\":\"ListItem\",\"position\":3,\"name\":\"Fengtech 49TYD-1 Custom Motorized Ball Valve Motor AC220v\"}]},{\"@type\":\"WebSite\",\"@id\":\"https:\/\/www.fengtech.com\/#website\",\"url\":\"https:\/\/www.fengtech.com\/\",\"name\":\"FengTech Motor\",\"description\":\"Outdoor Sports Adventure Website\",\"publisher\":{\"@id\":\"https:\/\/www.fengtech.com\/#organization\"},\"potentialAction\":[{\"@type\":\"SearchAction\",\"target\":{\"@type\":\"EntryPoint\",\"urlTemplate\":\"https:\/\/www.fengtech.com\/?s={search_term_string}\"},\"query-input\":{\"@type\":\"PropertyValueSpecification\",\"valueRequired\":true,\"valueName\":\"search_term_string\"}}],\"inLanguage\":\"fr-FR\"},{\"@type\":\"Organization\",\"@id\":\"https:\/\/www.fengtech.com\/#organization\",\"name\":\"FengTech Motor\",\"url\":\"https:\/\/www.fengtech.com\/\",\"logo\":{\"@type\":\"ImageObject\",\"inLanguage\":\"fr-FR\",\"@id\":\"https:\/\/www.fengtech.com\/#\/schema\/logo\/image\/\",\"url\":\"https:\/\/www.fengtech.com\/wp-content\/uploads\/2025\/07\/cropped-fengtech_logo_w.jpg\",\"contentUrl\":\"https:\/\/www.fengtech.com\/wp-content\/uploads\/2025\/07\/cropped-fengtech_logo_w.jpg\",\"width\":512,\"height\":512,\"caption\":\"FengTech Motor\"},\"image\":{\"@id\":\"https:\/\/www.fengtech.com\/#\/schema\/logo\/image\/\"},\"sameAs\":[\"https:\/\/www.facebook.com\/fengtech\/\",\"https:\/\/www.linkedin.com\/in\/barry-yuan\/\"]}]}<\/script>\n<!-- \/ Yoast SEO Premium plugin. -->","yoast_head_json":{"title":"Fengtech 49TYD-1 Custom Motorized Ball Valve Motor AC220v - Fengtech","description":"The 49TYD-1 series is used as an electric ball valve motor and a three-way valve motor, effectively controlling the opening and closing of valves and is suitable for industrial applications.","robots":{"index":"index","follow":"follow","max-snippet":"max-snippet:-1","max-image-preview":"max-image-preview:large","max-video-preview":"max-video-preview:-1"},"canonical":"https:\/\/www.fengtech.com\/fr\/produit\/custom-motorized-ball-valve-motor\/","og_locale":"fr_FR","og_type":"article","og_title":"Fengtech 49TYD-1 Custom Motorized Ball Valve Motor AC220v","og_description":"The 49TYD-1 series is used as an electric ball valve motor and a three-way valve motor, effectively controlling the opening and closing of valves and is suitable for industrial applications.","og_url":"https:\/\/www.fengtech.com\/fr\/produit\/custom-motorized-ball-valve-motor\/","og_site_name":"Fengtech","article_publisher":"https:\/\/www.facebook.com\/fengtech\/","article_modified_time":"2025-08-18T07:32:16+00:00","og_image":[{"width":800,"height":800,"url":"https:\/\/www.fengtech.com\/wp-content\/uploads\/2025\/08\/49TYD-1-9.jpg","type":"image\/jpeg"}],"twitter_card":"summary_large_image","twitter_misc":{"Dur\u00e9e de lecture estim\u00e9e":"3 minutes"},"schema":{"@context":"https:\/\/schema.org","@graph":[{"@type":"WebPage","@id":"https:\/\/www.fengtech.com\/product\/custom-motorized-ball-valve-motor\/","url":"https:\/\/www.fengtech.com\/product\/custom-motorized-ball-valve-motor\/","name":"Fengtech 49TYD-1 Custom Motorized Ball Valve Motor AC220v - Fengtech","isPartOf":{"@id":"https:\/\/www.fengtech.com\/#website"},"primaryImageOfPage":{"@id":"https:\/\/www.fengtech.com\/product\/custom-motorized-ball-valve-motor\/#primaryimage"},"image":{"@id":"https:\/\/www.fengtech.com\/product\/custom-motorized-ball-valve-motor\/#primaryimage"},"thumbnailUrl":"https:\/\/www.fengtech.com\/wp-content\/uploads\/2025\/08\/49TYD-1-9.jpg","datePublished":"2025-08-18T07:02:08+00:00","dateModified":"2025-08-18T07:32:16+00:00","description":"The 49TYD-1 series is used as an electric ball valve motor and a three-way valve motor, effectively controlling the opening and closing of valves and is suitable for industrial applications.","breadcrumb":{"@id":"https:\/\/www.fengtech.com\/product\/custom-motorized-ball-valve-motor\/#breadcrumb"},"inLanguage":"fr-FR","potentialAction":[{"@type":"ReadAction","target":["https:\/\/www.fengtech.com\/product\/custom-motorized-ball-valve-motor\/"]}]},{"@type":"ImageObject","inLanguage":"fr-FR","@id":"https:\/\/www.fengtech.com\/product\/custom-motorized-ball-valve-motor\/#primaryimage","url":"https:\/\/www.fengtech.com\/wp-content\/uploads\/2025\/08\/49TYD-1-9.jpg","contentUrl":"https:\/\/www.fengtech.com\/wp-content\/uploads\/2025\/08\/49TYD-1-9.jpg","width":800,"height":800,"caption":"Ball Valve Motor 49tyd"},{"@type":"BreadcrumbList","@id":"https:\/\/www.fengtech.com\/product\/custom-motorized-ball-valve-motor\/#breadcrumb","itemListElement":[{"@type":"ListItem","position":1,"name":"\u9996\u9875","item":"https:\/\/www.fengtech.com\/"},{"@type":"ListItem","position":2,"name":"Products","item":"https:\/\/www.fengtech.com\/shop\/"},{"@type":"ListItem","position":3,"name":"Fengtech 49TYD-1 Custom Motorized Ball Valve Motor AC220v"}]},{"@type":"WebSite","@id":"https:\/\/www.fengtech.com\/#website","url":"https:\/\/www.fengtech.com\/","name":"FengTech Motor","description":"Outdoor Sports Adventure Website","publisher":{"@id":"https:\/\/www.fengtech.com\/#organization"},"potentialAction":[{"@type":"SearchAction","target":{"@type":"EntryPoint","urlTemplate":"https:\/\/www.fengtech.com\/?s={search_term_string}"},"query-input":{"@type":"PropertyValueSpecification","valueRequired":true,"valueName":"search_term_string"}}],"inLanguage":"fr-FR"},{"@type":"Organization","@id":"https:\/\/www.fengtech.com\/#organization","name":"FengTech Motor","url":"https:\/\/www.fengtech.com\/","logo":{"@type":"ImageObject","inLanguage":"fr-FR","@id":"https:\/\/www.fengtech.com\/#\/schema\/logo\/image\/","url":"https:\/\/www.fengtech.com\/wp-content\/uploads\/2025\/07\/cropped-fengtech_logo_w.jpg","contentUrl":"https:\/\/www.fengtech.com\/wp-content\/uploads\/2025\/07\/cropped-fengtech_logo_w.jpg","width":512,"height":512,"caption":"FengTech Motor"},"image":{"@id":"https:\/\/www.fengtech.com\/#\/schema\/logo\/image\/"},"sameAs":["https:\/\/www.facebook.com\/fengtech\/","https:\/\/www.linkedin.com\/in\/barry-yuan\/"]}]}},"_links":{"self":[{"href":"https:\/\/www.fengtech.com\/fr\/wp-json\/wp\/v2\/product\/3207","targetHints":{"allow":["GET"]}}],"collection":[{"href":"https:\/\/www.fengtech.com\/fr\/wp-json\/wp\/v2\/product"}],"about":[{"href":"https:\/\/www.fengtech.com\/fr\/wp-json\/wp\/v2\/types\/product"}],"version-history":[{"count":0,"href":"https:\/\/www.fengtech.com\/fr\/wp-json\/wp\/v2\/product\/3207\/revisions"}],"wp:featuredmedia":[{"embeddable":true,"href":"https:\/\/www.fengtech.com\/fr\/wp-json\/wp\/v2\/media\/3208"}],"wp:attachment":[{"href":"https:\/\/www.fengtech.com\/fr\/wp-json\/wp\/v2\/media?parent=3207"}],"wp:term":[{"taxonomy":"product_brand","embeddable":true,"href":"https:\/\/www.fengtech.com\/fr\/wp-json\/wp\/v2\/product_brand?post=3207"},{"taxonomy":"product_cat","embeddable":true,"href":"https:\/\/www.fengtech.com\/fr\/wp-json\/wp\/v2\/product_cat?post=3207"},{"taxonomy":"product_tag","embeddable":true,"href":"https:\/\/www.fengtech.com\/fr\/wp-json\/wp\/v2\/product_tag?post=3207"}],"curies":[{"name":"wp","href":"https:\/\/api.w.org\/{rel}","templated":true}]}}