{"id":2963,"date":"2025-08-01T08:55:39","date_gmt":"2025-08-01T00:55:39","guid":{"rendered":"https:\/\/www.fengtech.com\/?post_type=product&#038;p=2963"},"modified":"2025-09-05T09:17:47","modified_gmt":"2025-09-05T01:17:47","slug":"fn-bl70","status":"publish","type":"product","link":"https:\/\/www.fengtech.com\/fr\/produit\/fn-bl70\/","title":{"rendered":"FN-BL70"},"content":{"rendered":"<p><span style=\"color: #ff0000;\"><a style=\"color: #ff0000; font-size: 24px;\" href=\"https:\/\/www.fengtech.com\/wp-content\/uploads\/2025\/08\/EN2021_FN-BL70.pdf\">\u25b6EN2021_FN-BL70.pdf<\/a><\/span><\/p>\n<p>Le FN-BL70 de FENGTECH est extr\u00eamement durable. Le rotor et l'arbre utilisent tous deux des roulements \u00e0 billes, et le syst\u00e8me d'engrenage utilise des roulements \u00e0 aiguilles et des roulements en nylon. Il est \u00e9quip\u00e9 d'un contr\u00f4leur avec une interface RS-485 et peut s\u00e9lectionner une vitesse de 0 \u00e0 3500 RPM. Il est souvent utilis\u00e9 dans des machines telles que les po\u00eales \u00e0 granul\u00e9s, les machines \u00e0 glace et les pompes.<\/p>\n<p><img decoding=\"async\" class=\"alignnone wp-image-2969 size-full\" src=\"https:\/\/www.fengtech.com\/wp-content\/uploads\/2025\/08\/FN-BL70-Desgin-scaled.jpg\" alt=\"FN-BL70-Desgin\" width=\"100%\" height=\"2560\" srcset=\"https:\/\/www.fengtech.com\/wp-content\/uploads\/2025\/08\/FN-BL70-Desgin-scaled.jpg 1886w, https:\/\/www.fengtech.com\/wp-content\/uploads\/2025\/08\/FN-BL70-Desgin-221x300.jpg 221w, https:\/\/www.fengtech.com\/wp-content\/uploads\/2025\/08\/FN-BL70-Desgin-755x1024.jpg 755w, https:\/\/www.fengtech.com\/wp-content\/uploads\/2025\/08\/FN-BL70-Desgin-768x1042.jpg 768w, https:\/\/www.fengtech.com\/wp-content\/uploads\/2025\/08\/FN-BL70-Desgin-1132x1536.jpg 1132w, https:\/\/www.fengtech.com\/wp-content\/uploads\/2025\/08\/FN-BL70-Desgin-1509x2048.jpg 1509w, https:\/\/www.fengtech.com\/wp-content\/uploads\/2025\/08\/FN-BL70-Desgin-9x12.jpg 9w, https:\/\/www.fengtech.com\/wp-content\/uploads\/2025\/08\/FN-BL70-Desgin-600x814.jpg 600w\" sizes=\"(max-width: 1886px) 100vw, 1886px\" \/><\/p>","protected":false},"excerpt":{"rendered":"<p>Tension d'entr\u00e9e : 12\/24VDC<br \/>\nPuissance d'entr\u00e9e : 10~80W<br \/>\nPlage de vitesse : 0~3500RPM<br \/>\nPuissance de sortie : 6~50W<br \/>\nTachym\u00e8tre : 9PPR<br \/>\nSens de rotation : Bi-directionnel<br \/>\nLimite de courant : 1,0~5,0A<\/p>","protected":false},"featured_media":2964,"template":"","meta":{"site-sidebar-layout":"default","site-content-layout":"","ast-site-content-layout":"default","site-content-style":"default","site-sidebar-style":"default","ast-global-header-display":"","ast-banner-title-visibility":"","ast-main-header-display":"","ast-hfb-above-header-display":"","ast-hfb-below-header-display":"","ast-hfb-mobile-header-display":"","site-post-title":"","ast-breadcrumbs-content":"","ast-featured-img":"","footer-sml-layout":"","theme-transparent-header-meta":"default","adv-header-id-meta":"","stick-header-meta":"","header-above-stick-meta":"","header-main-stick-meta":"","header-below-stick-meta":"","astra-migrate-meta-layouts":"set","ast-page-background-enabled":"default","ast-page-background-meta":{"desktop":{"background-color":"","background-image":"","background-repeat":"repeat","background-position":"center center","background-size":"auto","background-attachment":"scroll","background-type":"","background-media":"","overlay-type":"","overlay-color":"","overlay-opacity":"","overlay-gradient":""},"tablet":{"background-color":"","background-image":"","background-repeat":"repeat","background-position":"center center","background-size":"auto","background-attachment":"scroll","background-type":"","background-media":"","overlay-type":"","overlay-color":"","overlay-opacity":"","overlay-gradient":""},"mobile":{"background-color":"","background-image":"","background-repeat":"repeat","background-position":"center center","background-size":"auto","background-attachment":"scroll","background-type":"","background-media":"","overlay-type":"","overlay-color":"","overlay-opacity":"","overlay-gradient":""}},"ast-content-background-meta":{"desktop":{"background-color":"var(--ast-global-color-5)","background-image":"","background-repeat":"repeat","background-position":"center center","background-size":"auto","background-attachment":"scroll","background-type":"","background-media":"","overlay-type":"","overlay-color":"","overlay-opacity":"","overlay-gradient":""},"tablet":{"background-color":"var(--ast-global-color-5)","background-image":"","background-repeat":"repeat","background-position":"center center","background-size":"auto","background-attachment":"scroll","background-type":"","background-media":"","overlay-type":"","overlay-color":"","overlay-opacity":"","overlay-gradient":""},"mobile":{"background-color":"var(--ast-global-color-5)","background-image":"","background-repeat":"repeat","background-position":"center center","background-size":"auto","background-attachment":"scroll","background-type":"","background-media":"","overlay-type":"","overlay-color":"","overlay-opacity":"","overlay-gradient":""}}},"product_brand":[],"product_cat":[27],"product_tag":[],"class_list":{"0":"post-2963","1":"product","2":"type-product","3":"status-publish","4":"has-post-thumbnail","6":"product_cat-brushless-dc-motor","7":"desktop-align-left","8":"tablet-align-left","9":"mobile-align-left","11":"first","12":"instock","13":"shipping-taxable","14":"product-type-simple"},"yoast_head":"<!-- This site is optimized with the Yoast SEO Premium plugin v25.4 (Yoast SEO v25.4) - https:\/\/yoast.com\/wordpress\/plugins\/seo\/ -->\n<title>Custom 12\/24V 400RPM BLDC Motor FN-BL70 - Fengtech<\/title>\n<meta name=\"description\" content=\"FENGTECH&#039;s FN-BL70 has super durability. The rotor and shaft both use ball bearing structures, and the gear system uses needle bearings and nylon bearings.\" \/>\n<meta name=\"robots\" content=\"index, follow, max-snippet:-1, max-image-preview:large, max-video-preview:-1\" \/>\n<link rel=\"canonical\" href=\"https:\/\/www.fengtech.com\/fr\/produit\/fn-bl70\/\" \/>\n<meta property=\"og:locale\" content=\"fr_FR\" \/>\n<meta property=\"og:type\" content=\"article\" \/>\n<meta property=\"og:title\" content=\"FN-BL70\" \/>\n<meta property=\"og:description\" content=\"FENGTECH&#039;s FN-BL70 has super durability. The rotor and shaft both use ball bearing structures, and the gear system uses needle bearings and nylon bearings.\" \/>\n<meta property=\"og:url\" content=\"https:\/\/www.fengtech.com\/fr\/produit\/fn-bl70\/\" \/>\n<meta property=\"og:site_name\" content=\"Fengtech\" \/>\n<meta property=\"article:publisher\" content=\"https:\/\/www.facebook.com\/fengtech\/\" \/>\n<meta property=\"article:modified_time\" content=\"2025-09-05T01:17:47+00:00\" \/>\n<meta property=\"og:image\" content=\"https:\/\/www.fengtech.com\/wp-content\/uploads\/2025\/08\/FN-BL70-1.jpg\" \/>\n\t<meta property=\"og:image:width\" content=\"800\" \/>\n\t<meta property=\"og:image:height\" content=\"800\" \/>\n\t<meta property=\"og:image:type\" content=\"image\/jpeg\" \/>\n<meta name=\"twitter:card\" content=\"summary_large_image\" \/>\n<meta name=\"twitter:label1\" content=\"Dur\u00e9e de lecture estim\u00e9e\" \/>\n\t<meta name=\"twitter:data1\" content=\"1 minute\" \/>\n<script type=\"application\/ld+json\" class=\"yoast-schema-graph\">{\"@context\":\"https:\/\/schema.org\",\"@graph\":[{\"@type\":\"WebPage\",\"@id\":\"https:\/\/www.fengtech.com\/product\/fn-bl70\/\",\"url\":\"https:\/\/www.fengtech.com\/product\/fn-bl70\/\",\"name\":\"Custom 12\/24V 400RPM BLDC Motor FN-BL70 - Fengtech\",\"isPartOf\":{\"@id\":\"https:\/\/www.fengtech.com\/#website\"},\"primaryImageOfPage\":{\"@id\":\"https:\/\/www.fengtech.com\/product\/fn-bl70\/#primaryimage\"},\"image\":{\"@id\":\"https:\/\/www.fengtech.com\/product\/fn-bl70\/#primaryimage\"},\"thumbnailUrl\":\"https:\/\/www.fengtech.com\/wp-content\/uploads\/2025\/08\/FN-BL70-1.jpg\",\"datePublished\":\"2025-08-01T00:55:39+00:00\",\"dateModified\":\"2025-09-05T01:17:47+00:00\",\"description\":\"FENGTECH's FN-BL70 has super durability. The rotor and shaft both use ball bearing structures, and the gear system uses needle bearings and nylon bearings.\",\"breadcrumb\":{\"@id\":\"https:\/\/www.fengtech.com\/product\/fn-bl70\/#breadcrumb\"},\"inLanguage\":\"fr-FR\",\"potentialAction\":[{\"@type\":\"ReadAction\",\"target\":[\"https:\/\/www.fengtech.com\/product\/fn-bl70\/\"]}]},{\"@type\":\"ImageObject\",\"inLanguage\":\"fr-FR\",\"@id\":\"https:\/\/www.fengtech.com\/product\/fn-bl70\/#primaryimage\",\"url\":\"https:\/\/www.fengtech.com\/wp-content\/uploads\/2025\/08\/FN-BL70-1.jpg\",\"contentUrl\":\"https:\/\/www.fengtech.com\/wp-content\/uploads\/2025\/08\/FN-BL70-1.jpg\",\"width\":800,\"height\":800,\"caption\":\"FN-BL70-1\"},{\"@type\":\"BreadcrumbList\",\"@id\":\"https:\/\/www.fengtech.com\/product\/fn-bl70\/#breadcrumb\",\"itemListElement\":[{\"@type\":\"ListItem\",\"position\":1,\"name\":\"\u9996\u9875\",\"item\":\"https:\/\/www.fengtech.com\/\"},{\"@type\":\"ListItem\",\"position\":2,\"name\":\"Products\",\"item\":\"https:\/\/www.fengtech.com\/shop\/\"},{\"@type\":\"ListItem\",\"position\":3,\"name\":\"FN-BL70\"}]},{\"@type\":\"WebSite\",\"@id\":\"https:\/\/www.fengtech.com\/#website\",\"url\":\"https:\/\/www.fengtech.com\/\",\"name\":\"FengTech Motor\",\"description\":\"Outdoor Sports Adventure Website\",\"publisher\":{\"@id\":\"https:\/\/www.fengtech.com\/#organization\"},\"potentialAction\":[{\"@type\":\"SearchAction\",\"target\":{\"@type\":\"EntryPoint\",\"urlTemplate\":\"https:\/\/www.fengtech.com\/?s={search_term_string}\"},\"query-input\":{\"@type\":\"PropertyValueSpecification\",\"valueRequired\":true,\"valueName\":\"search_term_string\"}}],\"inLanguage\":\"fr-FR\"},{\"@type\":\"Organization\",\"@id\":\"https:\/\/www.fengtech.com\/#organization\",\"name\":\"FengTech Motor\",\"url\":\"https:\/\/www.fengtech.com\/\",\"logo\":{\"@type\":\"ImageObject\",\"inLanguage\":\"fr-FR\",\"@id\":\"https:\/\/www.fengtech.com\/#\/schema\/logo\/image\/\",\"url\":\"https:\/\/www.fengtech.com\/wp-content\/uploads\/2025\/07\/cropped-fengtech_logo_w.jpg\",\"contentUrl\":\"https:\/\/www.fengtech.com\/wp-content\/uploads\/2025\/07\/cropped-fengtech_logo_w.jpg\",\"width\":512,\"height\":512,\"caption\":\"FengTech Motor\"},\"image\":{\"@id\":\"https:\/\/www.fengtech.com\/#\/schema\/logo\/image\/\"},\"sameAs\":[\"https:\/\/www.facebook.com\/fengtech\/\",\"https:\/\/www.linkedin.com\/in\/barry-yuan\/\"]}]}<\/script>\n<!-- \/ Yoast SEO Premium plugin. -->","yoast_head_json":{"title":"Custom 12\/24V 400RPM BLDC Motor FN-BL70 - Fengtech","description":"FENGTECH's FN-BL70 has super durability. The rotor and shaft both use ball bearing structures, and the gear system uses needle bearings and nylon bearings.","robots":{"index":"index","follow":"follow","max-snippet":"max-snippet:-1","max-image-preview":"max-image-preview:large","max-video-preview":"max-video-preview:-1"},"canonical":"https:\/\/www.fengtech.com\/fr\/produit\/fn-bl70\/","og_locale":"fr_FR","og_type":"article","og_title":"FN-BL70","og_description":"FENGTECH's FN-BL70 has super durability. The rotor and shaft both use ball bearing structures, and the gear system uses needle bearings and nylon bearings.","og_url":"https:\/\/www.fengtech.com\/fr\/produit\/fn-bl70\/","og_site_name":"Fengtech","article_publisher":"https:\/\/www.facebook.com\/fengtech\/","article_modified_time":"2025-09-05T01:17:47+00:00","og_image":[{"width":800,"height":800,"url":"https:\/\/www.fengtech.com\/wp-content\/uploads\/2025\/08\/FN-BL70-1.jpg","type":"image\/jpeg"}],"twitter_card":"summary_large_image","twitter_misc":{"Dur\u00e9e de lecture estim\u00e9e":"1 minute"},"schema":{"@context":"https:\/\/schema.org","@graph":[{"@type":"WebPage","@id":"https:\/\/www.fengtech.com\/product\/fn-bl70\/","url":"https:\/\/www.fengtech.com\/product\/fn-bl70\/","name":"Custom 12\/24V 400RPM BLDC Motor FN-BL70 - Fengtech","isPartOf":{"@id":"https:\/\/www.fengtech.com\/#website"},"primaryImageOfPage":{"@id":"https:\/\/www.fengtech.com\/product\/fn-bl70\/#primaryimage"},"image":{"@id":"https:\/\/www.fengtech.com\/product\/fn-bl70\/#primaryimage"},"thumbnailUrl":"https:\/\/www.fengtech.com\/wp-content\/uploads\/2025\/08\/FN-BL70-1.jpg","datePublished":"2025-08-01T00:55:39+00:00","dateModified":"2025-09-05T01:17:47+00:00","description":"FENGTECH's FN-BL70 has super durability. The rotor and shaft both use ball bearing structures, and the gear system uses needle bearings and nylon bearings.","breadcrumb":{"@id":"https:\/\/www.fengtech.com\/product\/fn-bl70\/#breadcrumb"},"inLanguage":"fr-FR","potentialAction":[{"@type":"ReadAction","target":["https:\/\/www.fengtech.com\/product\/fn-bl70\/"]}]},{"@type":"ImageObject","inLanguage":"fr-FR","@id":"https:\/\/www.fengtech.com\/product\/fn-bl70\/#primaryimage","url":"https:\/\/www.fengtech.com\/wp-content\/uploads\/2025\/08\/FN-BL70-1.jpg","contentUrl":"https:\/\/www.fengtech.com\/wp-content\/uploads\/2025\/08\/FN-BL70-1.jpg","width":800,"height":800,"caption":"FN-BL70-1"},{"@type":"BreadcrumbList","@id":"https:\/\/www.fengtech.com\/product\/fn-bl70\/#breadcrumb","itemListElement":[{"@type":"ListItem","position":1,"name":"\u9996\u9875","item":"https:\/\/www.fengtech.com\/"},{"@type":"ListItem","position":2,"name":"Products","item":"https:\/\/www.fengtech.com\/shop\/"},{"@type":"ListItem","position":3,"name":"FN-BL70"}]},{"@type":"WebSite","@id":"https:\/\/www.fengtech.com\/#website","url":"https:\/\/www.fengtech.com\/","name":"FengTech Motor","description":"Outdoor Sports Adventure Website","publisher":{"@id":"https:\/\/www.fengtech.com\/#organization"},"potentialAction":[{"@type":"SearchAction","target":{"@type":"EntryPoint","urlTemplate":"https:\/\/www.fengtech.com\/?s={search_term_string}"},"query-input":{"@type":"PropertyValueSpecification","valueRequired":true,"valueName":"search_term_string"}}],"inLanguage":"fr-FR"},{"@type":"Organization","@id":"https:\/\/www.fengtech.com\/#organization","name":"FengTech Motor","url":"https:\/\/www.fengtech.com\/","logo":{"@type":"ImageObject","inLanguage":"fr-FR","@id":"https:\/\/www.fengtech.com\/#\/schema\/logo\/image\/","url":"https:\/\/www.fengtech.com\/wp-content\/uploads\/2025\/07\/cropped-fengtech_logo_w.jpg","contentUrl":"https:\/\/www.fengtech.com\/wp-content\/uploads\/2025\/07\/cropped-fengtech_logo_w.jpg","width":512,"height":512,"caption":"FengTech Motor"},"image":{"@id":"https:\/\/www.fengtech.com\/#\/schema\/logo\/image\/"},"sameAs":["https:\/\/www.facebook.com\/fengtech\/","https:\/\/www.linkedin.com\/in\/barry-yuan\/"]}]}},"_links":{"self":[{"href":"https:\/\/www.fengtech.com\/fr\/wp-json\/wp\/v2\/product\/2963","targetHints":{"allow":["GET"]}}],"collection":[{"href":"https:\/\/www.fengtech.com\/fr\/wp-json\/wp\/v2\/product"}],"about":[{"href":"https:\/\/www.fengtech.com\/fr\/wp-json\/wp\/v2\/types\/product"}],"version-history":[{"count":0,"href":"https:\/\/www.fengtech.com\/fr\/wp-json\/wp\/v2\/product\/2963\/revisions"}],"wp:featuredmedia":[{"embeddable":true,"href":"https:\/\/www.fengtech.com\/fr\/wp-json\/wp\/v2\/media\/2964"}],"wp:attachment":[{"href":"https:\/\/www.fengtech.com\/fr\/wp-json\/wp\/v2\/media?parent=2963"}],"wp:term":[{"taxonomy":"product_brand","embeddable":true,"href":"https:\/\/www.fengtech.com\/fr\/wp-json\/wp\/v2\/product_brand?post=2963"},{"taxonomy":"product_cat","embeddable":true,"href":"https:\/\/www.fengtech.com\/fr\/wp-json\/wp\/v2\/product_cat?post=2963"},{"taxonomy":"product_tag","embeddable":true,"href":"https:\/\/www.fengtech.com\/fr\/wp-json\/wp\/v2\/product_tag?post=2963"}],"curies":[{"name":"wp","href":"https:\/\/api.w.org\/{rel}","templated":true}]}}