{"id":2922,"date":"2025-07-31T13:06:42","date_gmt":"2025-07-31T05:06:42","guid":{"rendered":"https:\/\/www.fengtech.com\/?post_type=product&#038;p=2922"},"modified":"2025-07-31T13:43:50","modified_gmt":"2025-07-31T05:43:50","slug":"gy37","status":"publish","type":"product","link":"https:\/\/www.fengtech.com\/fr\/produit\/gy37\/","title":{"rendered":"GY37"},"content":{"rendered":"<p>La s\u00e9rie GY37 de Fengtech comprend huit mod\u00e8les, couramment utilis\u00e9s dans des applications telles que les stores, les machines de nettoyage, les d\u00e9tecteurs de billets de banque, les pompes p\u00e9ristaltiques et les syst\u00e8mes de chauffage, de ventilation et de climatisation. Ils offrent un rendement \u00e9lev\u00e9 et une longue dur\u00e9e de vie.<br \/>\nMoteur du d\u00e9tecteur de billets : Ce moteur re\u00e7oit un signal de la carte de contr\u00f4le principale du d\u00e9tecteur de billets, entra\u00eenant les engrenages ou le m\u00e9canisme de la bande transporteuse pour transporter automatiquement les billets.<\/p>\n<p><span style=\"color: #ff0000;\"><a style=\"color: #ff0000; font-size: 24px;\" href=\"https:\/\/www.fengtech.com\/wp-content\/uploads\/2025\/07\/GY37.pdf\">\u25b6GY37.pdf<\/a><\/span><\/p>\n<p><img fetchpriority=\"high\" decoding=\"async\" class=\"wp-image-2931 size-full\" src=\"https:\/\/www.fengtech.com\/wp-content\/uploads\/2025\/07\/GY37-scaled.jpg\" alt=\"GY37-Design\" width=\"1811\" height=\"2560\" srcset=\"https:\/\/www.fengtech.com\/wp-content\/uploads\/2025\/07\/GY37-scaled.jpg 1811w, https:\/\/www.fengtech.com\/wp-content\/uploads\/2025\/07\/GY37-212x300.jpg 212w, https:\/\/www.fengtech.com\/wp-content\/uploads\/2025\/07\/GY37-724x1024.jpg 724w, https:\/\/www.fengtech.com\/wp-content\/uploads\/2025\/07\/GY37-768x1086.jpg 768w, https:\/\/www.fengtech.com\/wp-content\/uploads\/2025\/07\/GY37-1086x1536.jpg 1086w, https:\/\/www.fengtech.com\/wp-content\/uploads\/2025\/07\/GY37-1448x2048.jpg 1448w, https:\/\/www.fengtech.com\/wp-content\/uploads\/2025\/07\/GY37-8x12.jpg 8w, https:\/\/www.fengtech.com\/wp-content\/uploads\/2025\/07\/GY37-600x848.jpg 600w\" sizes=\"(max-width: 1811px) 100vw, 1811px\" \/><\/p>\n<h3>GY37 Pr\u00e9sentoir de produits<\/h3>\n<p><iframe title=\"Lecteur vid\u00e9o YouTube\" src=\"https:\/\/www.youtube.com\/embed\/vcQB7wQ1DpI?si=lsRS6FxJZkq8cpXD\" width=\"100%\" height=\"500\" frameborder=\"0\" allowfullscreen=\"allowfullscreen\"><span data-mce-type=\"bookmark\" style=\"display: inline-block; width: 0px; overflow: hidden; line-height: 0;\" class=\"mce_SELRES_start\"><\/span><\/iframe><\/p>","protected":false},"excerpt":{"rendered":"<p>124000-30K: 12V-110RPM-0.14A-0.06N.m-0.7W<br \/>\n124000-90K: 12V-36RPM-0.14A-0.17N.m-0.64W<br \/>\n124000-270K: 12V-12RPM-0.14A-0.42N.m-0.53W<br \/>\n124000-810K: 12V-4RPM-0.14A-1.2N.m-0.5W<br \/>\n122800-30K: 12V-73RPM-0.14A-0.045N.m-0.34W<br \/>\n122800-90K: 12V-24RPM-0.14A-0.13N.m-0.33W<br \/>\n122800-270K: 12V-8RPM-0.14A-0.35N.m-0.29W<\/p>","protected":false},"featured_media":2925,"template":"","meta":{"site-sidebar-layout":"default","site-content-layout":"","ast-site-content-layout":"default","site-content-style":"default","site-sidebar-style":"default","ast-global-header-display":"","ast-banner-title-visibility":"","ast-main-header-display":"","ast-hfb-above-header-display":"","ast-hfb-below-header-display":"","ast-hfb-mobile-header-display":"","site-post-title":"","ast-breadcrumbs-content":"","ast-featured-img":"","footer-sml-layout":"","theme-transparent-header-meta":"default","adv-header-id-meta":"","stick-header-meta":"","header-above-stick-meta":"","header-main-stick-meta":"","header-below-stick-meta":"","astra-migrate-meta-layouts":"set","ast-page-background-enabled":"default","ast-page-background-meta":{"desktop":{"background-color":"","background-image":"","background-repeat":"repeat","background-position":"center center","background-size":"auto","background-attachment":"scroll","background-type":"","background-media":"","overlay-type":"","overlay-color":"","overlay-opacity":"","overlay-gradient":""},"tablet":{"background-color":"","background-image":"","background-repeat":"repeat","background-position":"center center","background-size":"auto","background-attachment":"scroll","background-type":"","background-media":"","overlay-type":"","overlay-color":"","overlay-opacity":"","overlay-gradient":""},"mobile":{"background-color":"","background-image":"","background-repeat":"repeat","background-position":"center center","background-size":"auto","background-attachment":"scroll","background-type":"","background-media":"","overlay-type":"","overlay-color":"","overlay-opacity":"","overlay-gradient":""}},"ast-content-background-meta":{"desktop":{"background-color":"var(--ast-global-color-5)","background-image":"","background-repeat":"repeat","background-position":"center center","background-size":"auto","background-attachment":"scroll","background-type":"","background-media":"","overlay-type":"","overlay-color":"","overlay-opacity":"","overlay-gradient":""},"tablet":{"background-color":"var(--ast-global-color-5)","background-image":"","background-repeat":"repeat","background-position":"center center","background-size":"auto","background-attachment":"scroll","background-type":"","background-media":"","overlay-type":"","overlay-color":"","overlay-opacity":"","overlay-gradient":""},"mobile":{"background-color":"var(--ast-global-color-5)","background-image":"","background-repeat":"repeat","background-position":"center center","background-size":"auto","background-attachment":"scroll","background-type":"","background-media":"","overlay-type":"","overlay-color":"","overlay-opacity":"","overlay-gradient":""}}},"product_brand":[],"product_cat":[31],"product_tag":[],"class_list":{"0":"post-2922","1":"product","2":"type-product","3":"status-publish","4":"has-post-thumbnail","6":"product_cat-dc-geared-motor","7":"desktop-align-left","8":"tablet-align-left","9":"mobile-align-left","11":"first","12":"instock","13":"shipping-taxable","14":"product-type-simple"},"yoast_head":"<!-- This site is optimized with the Yoast SEO Premium plugin v25.4 (Yoast SEO v25.4) - https:\/\/yoast.com\/wordpress\/plugins\/seo\/ -->\n<title>Small 0-200RPM 12v DC Gear Motor GY37 - Fengtech<\/title>\n<meta name=\"description\" content=\"Fengtech&#039;s GY37 series offers eight models, commonly used in applications such as window blinds, cleaning machines, banknote detectors, peristaltic pumps, and HVAC systems. They offer high efficiency and long life.\" \/>\n<meta name=\"robots\" content=\"index, follow, max-snippet:-1, max-image-preview:large, max-video-preview:-1\" \/>\n<link rel=\"canonical\" href=\"https:\/\/www.fengtech.com\/fr\/produit\/gy37\/\" \/>\n<meta property=\"og:locale\" content=\"fr_FR\" \/>\n<meta property=\"og:type\" content=\"article\" \/>\n<meta property=\"og:title\" content=\"GY37\" \/>\n<meta property=\"og:description\" content=\"Fengtech&#039;s GY37 series offers eight models, commonly used in applications such as window blinds, cleaning machines, banknote detectors, peristaltic pumps, and HVAC systems. They offer high efficiency and long life.\" \/>\n<meta property=\"og:url\" content=\"https:\/\/www.fengtech.com\/fr\/produit\/gy37\/\" \/>\n<meta property=\"og:site_name\" content=\"Fengtech\" \/>\n<meta property=\"article:publisher\" content=\"https:\/\/www.facebook.com\/fengtech\/\" \/>\n<meta property=\"article:modified_time\" content=\"2025-07-31T05:43:50+00:00\" \/>\n<meta property=\"og:image\" content=\"https:\/\/www.fengtech.com\/wp-content\/uploads\/2025\/07\/GY37-1-1.jpg\" \/>\n\t<meta property=\"og:image:width\" content=\"800\" \/>\n\t<meta property=\"og:image:height\" content=\"800\" \/>\n\t<meta property=\"og:image:type\" content=\"image\/jpeg\" \/>\n<meta name=\"twitter:card\" content=\"summary_large_image\" \/>\n<meta name=\"twitter:label1\" content=\"Dur\u00e9e de lecture estim\u00e9e\" \/>\n\t<meta name=\"twitter:data1\" content=\"1 minute\" \/>\n<script type=\"application\/ld+json\" class=\"yoast-schema-graph\">{\"@context\":\"https:\/\/schema.org\",\"@graph\":[{\"@type\":\"WebPage\",\"@id\":\"https:\/\/www.fengtech.com\/product\/gy37\/\",\"url\":\"https:\/\/www.fengtech.com\/product\/gy37\/\",\"name\":\"Small 0-200RPM 12v DC Gear Motor GY37 - Fengtech\",\"isPartOf\":{\"@id\":\"https:\/\/www.fengtech.com\/#website\"},\"primaryImageOfPage\":{\"@id\":\"https:\/\/www.fengtech.com\/product\/gy37\/#primaryimage\"},\"image\":{\"@id\":\"https:\/\/www.fengtech.com\/product\/gy37\/#primaryimage\"},\"thumbnailUrl\":\"https:\/\/www.fengtech.com\/wp-content\/uploads\/2025\/07\/GY37-1-1.jpg\",\"datePublished\":\"2025-07-31T05:06:42+00:00\",\"dateModified\":\"2025-07-31T05:43:50+00:00\",\"description\":\"Fengtech's GY37 series offers eight models, commonly used in applications such as window blinds, cleaning machines, banknote detectors, peristaltic pumps, and HVAC systems. They offer high efficiency and long life.\",\"breadcrumb\":{\"@id\":\"https:\/\/www.fengtech.com\/product\/gy37\/#breadcrumb\"},\"inLanguage\":\"fr-FR\",\"potentialAction\":[{\"@type\":\"ReadAction\",\"target\":[\"https:\/\/www.fengtech.com\/product\/gy37\/\"]}]},{\"@type\":\"ImageObject\",\"inLanguage\":\"fr-FR\",\"@id\":\"https:\/\/www.fengtech.com\/product\/gy37\/#primaryimage\",\"url\":\"https:\/\/www.fengtech.com\/wp-content\/uploads\/2025\/07\/GY37-1-1.jpg\",\"contentUrl\":\"https:\/\/www.fengtech.com\/wp-content\/uploads\/2025\/07\/GY37-1-1.jpg\",\"width\":800,\"height\":800,\"caption\":\"GY37-1\"},{\"@type\":\"BreadcrumbList\",\"@id\":\"https:\/\/www.fengtech.com\/product\/gy37\/#breadcrumb\",\"itemListElement\":[{\"@type\":\"ListItem\",\"position\":1,\"name\":\"\u9996\u9875\",\"item\":\"https:\/\/www.fengtech.com\/\"},{\"@type\":\"ListItem\",\"position\":2,\"name\":\"Products\",\"item\":\"https:\/\/www.fengtech.com\/shop\/\"},{\"@type\":\"ListItem\",\"position\":3,\"name\":\"GY37\"}]},{\"@type\":\"WebSite\",\"@id\":\"https:\/\/www.fengtech.com\/#website\",\"url\":\"https:\/\/www.fengtech.com\/\",\"name\":\"FengTech Motor\",\"description\":\"Outdoor Sports Adventure Website\",\"publisher\":{\"@id\":\"https:\/\/www.fengtech.com\/#organization\"},\"potentialAction\":[{\"@type\":\"SearchAction\",\"target\":{\"@type\":\"EntryPoint\",\"urlTemplate\":\"https:\/\/www.fengtech.com\/?s={search_term_string}\"},\"query-input\":{\"@type\":\"PropertyValueSpecification\",\"valueRequired\":true,\"valueName\":\"search_term_string\"}}],\"inLanguage\":\"fr-FR\"},{\"@type\":\"Organization\",\"@id\":\"https:\/\/www.fengtech.com\/#organization\",\"name\":\"FengTech Motor\",\"url\":\"https:\/\/www.fengtech.com\/\",\"logo\":{\"@type\":\"ImageObject\",\"inLanguage\":\"fr-FR\",\"@id\":\"https:\/\/www.fengtech.com\/#\/schema\/logo\/image\/\",\"url\":\"https:\/\/www.fengtech.com\/wp-content\/uploads\/2025\/07\/cropped-fengtech_logo_w.jpg\",\"contentUrl\":\"https:\/\/www.fengtech.com\/wp-content\/uploads\/2025\/07\/cropped-fengtech_logo_w.jpg\",\"width\":512,\"height\":512,\"caption\":\"FengTech Motor\"},\"image\":{\"@id\":\"https:\/\/www.fengtech.com\/#\/schema\/logo\/image\/\"},\"sameAs\":[\"https:\/\/www.facebook.com\/fengtech\/\",\"https:\/\/www.linkedin.com\/in\/barry-yuan\/\"]}]}<\/script>\n<!-- \/ Yoast SEO Premium plugin. -->","yoast_head_json":{"title":"Small 0-200RPM 12v DC Gear Motor GY37 - Fengtech","description":"Fengtech's GY37 series offers eight models, commonly used in applications such as window blinds, cleaning machines, banknote detectors, peristaltic pumps, and HVAC systems. They offer high efficiency and long life.","robots":{"index":"index","follow":"follow","max-snippet":"max-snippet:-1","max-image-preview":"max-image-preview:large","max-video-preview":"max-video-preview:-1"},"canonical":"https:\/\/www.fengtech.com\/fr\/produit\/gy37\/","og_locale":"fr_FR","og_type":"article","og_title":"GY37","og_description":"Fengtech's GY37 series offers eight models, commonly used in applications such as window blinds, cleaning machines, banknote detectors, peristaltic pumps, and HVAC systems. They offer high efficiency and long life.","og_url":"https:\/\/www.fengtech.com\/fr\/produit\/gy37\/","og_site_name":"Fengtech","article_publisher":"https:\/\/www.facebook.com\/fengtech\/","article_modified_time":"2025-07-31T05:43:50+00:00","og_image":[{"width":800,"height":800,"url":"https:\/\/www.fengtech.com\/wp-content\/uploads\/2025\/07\/GY37-1-1.jpg","type":"image\/jpeg"}],"twitter_card":"summary_large_image","twitter_misc":{"Dur\u00e9e de lecture estim\u00e9e":"1 minute"},"schema":{"@context":"https:\/\/schema.org","@graph":[{"@type":"WebPage","@id":"https:\/\/www.fengtech.com\/product\/gy37\/","url":"https:\/\/www.fengtech.com\/product\/gy37\/","name":"Small 0-200RPM 12v DC Gear Motor GY37 - Fengtech","isPartOf":{"@id":"https:\/\/www.fengtech.com\/#website"},"primaryImageOfPage":{"@id":"https:\/\/www.fengtech.com\/product\/gy37\/#primaryimage"},"image":{"@id":"https:\/\/www.fengtech.com\/product\/gy37\/#primaryimage"},"thumbnailUrl":"https:\/\/www.fengtech.com\/wp-content\/uploads\/2025\/07\/GY37-1-1.jpg","datePublished":"2025-07-31T05:06:42+00:00","dateModified":"2025-07-31T05:43:50+00:00","description":"Fengtech's GY37 series offers eight models, commonly used in applications such as window blinds, cleaning machines, banknote detectors, peristaltic pumps, and HVAC systems. They offer high efficiency and long life.","breadcrumb":{"@id":"https:\/\/www.fengtech.com\/product\/gy37\/#breadcrumb"},"inLanguage":"fr-FR","potentialAction":[{"@type":"ReadAction","target":["https:\/\/www.fengtech.com\/product\/gy37\/"]}]},{"@type":"ImageObject","inLanguage":"fr-FR","@id":"https:\/\/www.fengtech.com\/product\/gy37\/#primaryimage","url":"https:\/\/www.fengtech.com\/wp-content\/uploads\/2025\/07\/GY37-1-1.jpg","contentUrl":"https:\/\/www.fengtech.com\/wp-content\/uploads\/2025\/07\/GY37-1-1.jpg","width":800,"height":800,"caption":"GY37-1"},{"@type":"BreadcrumbList","@id":"https:\/\/www.fengtech.com\/product\/gy37\/#breadcrumb","itemListElement":[{"@type":"ListItem","position":1,"name":"\u9996\u9875","item":"https:\/\/www.fengtech.com\/"},{"@type":"ListItem","position":2,"name":"Products","item":"https:\/\/www.fengtech.com\/shop\/"},{"@type":"ListItem","position":3,"name":"GY37"}]},{"@type":"WebSite","@id":"https:\/\/www.fengtech.com\/#website","url":"https:\/\/www.fengtech.com\/","name":"FengTech Motor","description":"Outdoor Sports Adventure Website","publisher":{"@id":"https:\/\/www.fengtech.com\/#organization"},"potentialAction":[{"@type":"SearchAction","target":{"@type":"EntryPoint","urlTemplate":"https:\/\/www.fengtech.com\/?s={search_term_string}"},"query-input":{"@type":"PropertyValueSpecification","valueRequired":true,"valueName":"search_term_string"}}],"inLanguage":"fr-FR"},{"@type":"Organization","@id":"https:\/\/www.fengtech.com\/#organization","name":"FengTech Motor","url":"https:\/\/www.fengtech.com\/","logo":{"@type":"ImageObject","inLanguage":"fr-FR","@id":"https:\/\/www.fengtech.com\/#\/schema\/logo\/image\/","url":"https:\/\/www.fengtech.com\/wp-content\/uploads\/2025\/07\/cropped-fengtech_logo_w.jpg","contentUrl":"https:\/\/www.fengtech.com\/wp-content\/uploads\/2025\/07\/cropped-fengtech_logo_w.jpg","width":512,"height":512,"caption":"FengTech Motor"},"image":{"@id":"https:\/\/www.fengtech.com\/#\/schema\/logo\/image\/"},"sameAs":["https:\/\/www.facebook.com\/fengtech\/","https:\/\/www.linkedin.com\/in\/barry-yuan\/"]}]}},"_links":{"self":[{"href":"https:\/\/www.fengtech.com\/fr\/wp-json\/wp\/v2\/product\/2922","targetHints":{"allow":["GET"]}}],"collection":[{"href":"https:\/\/www.fengtech.com\/fr\/wp-json\/wp\/v2\/product"}],"about":[{"href":"https:\/\/www.fengtech.com\/fr\/wp-json\/wp\/v2\/types\/product"}],"version-history":[{"count":0,"href":"https:\/\/www.fengtech.com\/fr\/wp-json\/wp\/v2\/product\/2922\/revisions"}],"wp:featuredmedia":[{"embeddable":true,"href":"https:\/\/www.fengtech.com\/fr\/wp-json\/wp\/v2\/media\/2925"}],"wp:attachment":[{"href":"https:\/\/www.fengtech.com\/fr\/wp-json\/wp\/v2\/media?parent=2922"}],"wp:term":[{"taxonomy":"product_brand","embeddable":true,"href":"https:\/\/www.fengtech.com\/fr\/wp-json\/wp\/v2\/product_brand?post=2922"},{"taxonomy":"product_cat","embeddable":true,"href":"https:\/\/www.fengtech.com\/fr\/wp-json\/wp\/v2\/product_cat?post=2922"},{"taxonomy":"product_tag","embeddable":true,"href":"https:\/\/www.fengtech.com\/fr\/wp-json\/wp\/v2\/product_tag?post=2922"}],"curies":[{"name":"wp","href":"https:\/\/api.w.org\/{rel}","templated":true}]}}