{"id":2917,"date":"2025-07-31T12:48:16","date_gmt":"2025-07-31T04:48:16","guid":{"rendered":"https:\/\/www.fengtech.com\/?post_type=product&#038;p=2917"},"modified":"2025-07-31T12:48:17","modified_gmt":"2025-07-31T04:48:17","slug":"fa-59tyd","status":"publish","type":"product","link":"https:\/\/www.fengtech.com\/fr\/produit\/fa-59tyd\/","title":{"rendered":"FA-59TYD"},"content":{"rendered":"<p>Le FA-59TYD de Fengtech se caract\u00e9rise par sa durabilit\u00e9, sa stabilit\u00e9 et sa personnalisation. Il est principalement utilis\u00e9 pour les faibles vitesses, les op\u00e9rations stables, les petites charges et l'adaptabilit\u00e9 aux environnements d'alimentation \u00e9lectrique de 60 Hz, tels que le transport de mat\u00e9riaux auxiliaires, le r\u00e9glage des clapets et les vannes de contr\u00f4le de flux dans les petits \u00e9quipements de transformation des aliments.<\/p>\n<h3>\u00a0FA-59TYD Affichage du produit :<br \/>\n<iframe title=\"Lecteur vid\u00e9o YouTube\" src=\"https:\/\/www.youtube.com\/embed\/f1XXkGtIt0g?si=tUVeLPK92GnR6h0E\" width=\"100%\" height=\"500\" frameborder=\"0\" allowfullscreen=\"allowfullscreen\"><span data-mce-type=\"bookmark\" style=\"display: inline-block; width: 0px; overflow: hidden; line-height: 0;\" class=\"mce_SELRES_start\"><\/span><\/iframe><\/h3>","protected":false},"excerpt":{"rendered":"<p>Fengtech&#8217;s FA-59TYD features strong durability, stability, and customizability. It is primarily used for low-speed, stable operation, small loads, and adaptability to 60Hz power supply environments, such as auxiliary material conveying, damper adjustment, and flow control valves in small food processing equipment. \u00a0FA-59TYD Product Display: <\/p>","protected":false},"featured_media":2918,"template":"","meta":{"site-sidebar-layout":"default","site-content-layout":"","ast-site-content-layout":"default","site-content-style":"default","site-sidebar-style":"default","ast-global-header-display":"","ast-banner-title-visibility":"","ast-main-header-display":"","ast-hfb-above-header-display":"","ast-hfb-below-header-display":"","ast-hfb-mobile-header-display":"","site-post-title":"","ast-breadcrumbs-content":"","ast-featured-img":"","footer-sml-layout":"","theme-transparent-header-meta":"default","adv-header-id-meta":"","stick-header-meta":"","header-above-stick-meta":"","header-main-stick-meta":"","header-below-stick-meta":"","astra-migrate-meta-layouts":"set","ast-page-background-enabled":"default","ast-page-background-meta":{"desktop":{"background-color":"","background-image":"","background-repeat":"repeat","background-position":"center center","background-size":"auto","background-attachment":"scroll","background-type":"","background-media":"","overlay-type":"","overlay-color":"","overlay-opacity":"","overlay-gradient":""},"tablet":{"background-color":"","background-image":"","background-repeat":"repeat","background-position":"center center","background-size":"auto","background-attachment":"scroll","background-type":"","background-media":"","overlay-type":"","overlay-color":"","overlay-opacity":"","overlay-gradient":""},"mobile":{"background-color":"","background-image":"","background-repeat":"repeat","background-position":"center center","background-size":"auto","background-attachment":"scroll","background-type":"","background-media":"","overlay-type":"","overlay-color":"","overlay-opacity":"","overlay-gradient":""}},"ast-content-background-meta":{"desktop":{"background-color":"var(--ast-global-color-5)","background-image":"","background-repeat":"repeat","background-position":"center center","background-size":"auto","background-attachment":"scroll","background-type":"","background-media":"","overlay-type":"","overlay-color":"","overlay-opacity":"","overlay-gradient":""},"tablet":{"background-color":"var(--ast-global-color-5)","background-image":"","background-repeat":"repeat","background-position":"center center","background-size":"auto","background-attachment":"scroll","background-type":"","background-media":"","overlay-type":"","overlay-color":"","overlay-opacity":"","overlay-gradient":""},"mobile":{"background-color":"var(--ast-global-color-5)","background-image":"","background-repeat":"repeat","background-position":"center center","background-size":"auto","background-attachment":"scroll","background-type":"","background-media":"","overlay-type":"","overlay-color":"","overlay-opacity":"","overlay-gradient":""}}},"product_brand":[],"product_cat":[32],"product_tag":[],"class_list":{"0":"post-2917","1":"product","2":"type-product","3":"status-publish","4":"has-post-thumbnail","6":"product_cat-ac-synchronous-motor","7":"desktop-align-left","8":"tablet-align-left","9":"mobile-align-left","11":"first","12":"instock","13":"shipping-taxable","14":"product-type-simple"},"yoast_head":"<!-- This site is optimized with the Yoast SEO Premium plugin v25.4 (Yoast SEO v25.4) - https:\/\/yoast.com\/wordpress\/plugins\/seo\/ -->\n<title>Custom 29RPM 60Hz AC Gear Motor FA-59TYD - Fengtech<\/title>\n<meta name=\"description\" content=\"Fengtech&#039;s FA-59TYD features strong durability, stability, and customizability. It is primarily used for low-speed, stable operation, small loads, and adaptability to 60Hz power supply environments.\" \/>\n<meta name=\"robots\" content=\"index, follow, max-snippet:-1, max-image-preview:large, max-video-preview:-1\" \/>\n<link rel=\"canonical\" href=\"https:\/\/www.fengtech.com\/fr\/produit\/fa-59tyd\/\" \/>\n<meta property=\"og:locale\" content=\"fr_FR\" \/>\n<meta property=\"og:type\" content=\"article\" \/>\n<meta property=\"og:title\" content=\"FA-59TYD\" \/>\n<meta property=\"og:description\" content=\"Fengtech&#039;s FA-59TYD features strong durability, stability, and customizability. It is primarily used for low-speed, stable operation, small loads, and adaptability to 60Hz power supply environments.\" \/>\n<meta property=\"og:url\" content=\"https:\/\/www.fengtech.com\/fr\/produit\/fa-59tyd\/\" \/>\n<meta property=\"og:site_name\" content=\"Fengtech\" \/>\n<meta property=\"article:publisher\" content=\"https:\/\/www.facebook.com\/fengtech\/\" \/>\n<meta property=\"article:modified_time\" content=\"2025-07-31T04:48:17+00:00\" \/>\n<meta property=\"og:image\" content=\"https:\/\/www.fengtech.com\/wp-content\/uploads\/2025\/07\/FA-59TYD-1.png\" \/>\n\t<meta property=\"og:image:width\" content=\"800\" \/>\n\t<meta property=\"og:image:height\" content=\"800\" \/>\n\t<meta property=\"og:image:type\" content=\"image\/png\" \/>\n<meta name=\"twitter:card\" content=\"summary_large_image\" \/>\n<meta name=\"twitter:label1\" content=\"Dur\u00e9e de lecture estim\u00e9e\" \/>\n\t<meta name=\"twitter:data1\" content=\"1 minute\" \/>\n<script type=\"application\/ld+json\" class=\"yoast-schema-graph\">{\"@context\":\"https:\/\/schema.org\",\"@graph\":[{\"@type\":\"WebPage\",\"@id\":\"https:\/\/www.fengtech.com\/product\/fa-59tyd\/\",\"url\":\"https:\/\/www.fengtech.com\/product\/fa-59tyd\/\",\"name\":\"Custom 29RPM 60Hz AC Gear Motor FA-59TYD - Fengtech\",\"isPartOf\":{\"@id\":\"https:\/\/www.fengtech.com\/#website\"},\"primaryImageOfPage\":{\"@id\":\"https:\/\/www.fengtech.com\/product\/fa-59tyd\/#primaryimage\"},\"image\":{\"@id\":\"https:\/\/www.fengtech.com\/product\/fa-59tyd\/#primaryimage\"},\"thumbnailUrl\":\"https:\/\/www.fengtech.com\/wp-content\/uploads\/2025\/07\/FA-59TYD-1.png\",\"datePublished\":\"2025-07-31T04:48:16+00:00\",\"dateModified\":\"2025-07-31T04:48:17+00:00\",\"description\":\"Fengtech's FA-59TYD features strong durability, stability, and customizability. It is primarily used for low-speed, stable operation, small loads, and adaptability to 60Hz power supply environments.\",\"breadcrumb\":{\"@id\":\"https:\/\/www.fengtech.com\/product\/fa-59tyd\/#breadcrumb\"},\"inLanguage\":\"fr-FR\",\"potentialAction\":[{\"@type\":\"ReadAction\",\"target\":[\"https:\/\/www.fengtech.com\/product\/fa-59tyd\/\"]}]},{\"@type\":\"ImageObject\",\"inLanguage\":\"fr-FR\",\"@id\":\"https:\/\/www.fengtech.com\/product\/fa-59tyd\/#primaryimage\",\"url\":\"https:\/\/www.fengtech.com\/wp-content\/uploads\/2025\/07\/FA-59TYD-1.png\",\"contentUrl\":\"https:\/\/www.fengtech.com\/wp-content\/uploads\/2025\/07\/FA-59TYD-1.png\",\"width\":800,\"height\":800,\"caption\":\"FA-59TYD-1\"},{\"@type\":\"BreadcrumbList\",\"@id\":\"https:\/\/www.fengtech.com\/product\/fa-59tyd\/#breadcrumb\",\"itemListElement\":[{\"@type\":\"ListItem\",\"position\":1,\"name\":\"\u9996\u9875\",\"item\":\"https:\/\/www.fengtech.com\/\"},{\"@type\":\"ListItem\",\"position\":2,\"name\":\"Products\",\"item\":\"https:\/\/www.fengtech.com\/shop\/\"},{\"@type\":\"ListItem\",\"position\":3,\"name\":\"FA-59TYD\"}]},{\"@type\":\"WebSite\",\"@id\":\"https:\/\/www.fengtech.com\/#website\",\"url\":\"https:\/\/www.fengtech.com\/\",\"name\":\"FengTech Motor\",\"description\":\"Outdoor Sports Adventure Website\",\"publisher\":{\"@id\":\"https:\/\/www.fengtech.com\/#organization\"},\"potentialAction\":[{\"@type\":\"SearchAction\",\"target\":{\"@type\":\"EntryPoint\",\"urlTemplate\":\"https:\/\/www.fengtech.com\/?s={search_term_string}\"},\"query-input\":{\"@type\":\"PropertyValueSpecification\",\"valueRequired\":true,\"valueName\":\"search_term_string\"}}],\"inLanguage\":\"fr-FR\"},{\"@type\":\"Organization\",\"@id\":\"https:\/\/www.fengtech.com\/#organization\",\"name\":\"FengTech Motor\",\"url\":\"https:\/\/www.fengtech.com\/\",\"logo\":{\"@type\":\"ImageObject\",\"inLanguage\":\"fr-FR\",\"@id\":\"https:\/\/www.fengtech.com\/#\/schema\/logo\/image\/\",\"url\":\"https:\/\/www.fengtech.com\/wp-content\/uploads\/2025\/07\/cropped-fengtech_logo_w.jpg\",\"contentUrl\":\"https:\/\/www.fengtech.com\/wp-content\/uploads\/2025\/07\/cropped-fengtech_logo_w.jpg\",\"width\":512,\"height\":512,\"caption\":\"FengTech Motor\"},\"image\":{\"@id\":\"https:\/\/www.fengtech.com\/#\/schema\/logo\/image\/\"},\"sameAs\":[\"https:\/\/www.facebook.com\/fengtech\/\",\"https:\/\/www.linkedin.com\/in\/barry-yuan\/\"]}]}<\/script>\n<!-- \/ Yoast SEO Premium plugin. -->","yoast_head_json":{"title":"Custom 29RPM 60Hz AC Gear Motor FA-59TYD - Fengtech","description":"Fengtech's FA-59TYD features strong durability, stability, and customizability. It is primarily used for low-speed, stable operation, small loads, and adaptability to 60Hz power supply environments.","robots":{"index":"index","follow":"follow","max-snippet":"max-snippet:-1","max-image-preview":"max-image-preview:large","max-video-preview":"max-video-preview:-1"},"canonical":"https:\/\/www.fengtech.com\/fr\/produit\/fa-59tyd\/","og_locale":"fr_FR","og_type":"article","og_title":"FA-59TYD","og_description":"Fengtech's FA-59TYD features strong durability, stability, and customizability. It is primarily used for low-speed, stable operation, small loads, and adaptability to 60Hz power supply environments.","og_url":"https:\/\/www.fengtech.com\/fr\/produit\/fa-59tyd\/","og_site_name":"Fengtech","article_publisher":"https:\/\/www.facebook.com\/fengtech\/","article_modified_time":"2025-07-31T04:48:17+00:00","og_image":[{"width":800,"height":800,"url":"https:\/\/www.fengtech.com\/wp-content\/uploads\/2025\/07\/FA-59TYD-1.png","type":"image\/png"}],"twitter_card":"summary_large_image","twitter_misc":{"Dur\u00e9e de lecture estim\u00e9e":"1 minute"},"schema":{"@context":"https:\/\/schema.org","@graph":[{"@type":"WebPage","@id":"https:\/\/www.fengtech.com\/product\/fa-59tyd\/","url":"https:\/\/www.fengtech.com\/product\/fa-59tyd\/","name":"Custom 29RPM 60Hz AC Gear Motor FA-59TYD - Fengtech","isPartOf":{"@id":"https:\/\/www.fengtech.com\/#website"},"primaryImageOfPage":{"@id":"https:\/\/www.fengtech.com\/product\/fa-59tyd\/#primaryimage"},"image":{"@id":"https:\/\/www.fengtech.com\/product\/fa-59tyd\/#primaryimage"},"thumbnailUrl":"https:\/\/www.fengtech.com\/wp-content\/uploads\/2025\/07\/FA-59TYD-1.png","datePublished":"2025-07-31T04:48:16+00:00","dateModified":"2025-07-31T04:48:17+00:00","description":"Fengtech's FA-59TYD features strong durability, stability, and customizability. It is primarily used for low-speed, stable operation, small loads, and adaptability to 60Hz power supply environments.","breadcrumb":{"@id":"https:\/\/www.fengtech.com\/product\/fa-59tyd\/#breadcrumb"},"inLanguage":"fr-FR","potentialAction":[{"@type":"ReadAction","target":["https:\/\/www.fengtech.com\/product\/fa-59tyd\/"]}]},{"@type":"ImageObject","inLanguage":"fr-FR","@id":"https:\/\/www.fengtech.com\/product\/fa-59tyd\/#primaryimage","url":"https:\/\/www.fengtech.com\/wp-content\/uploads\/2025\/07\/FA-59TYD-1.png","contentUrl":"https:\/\/www.fengtech.com\/wp-content\/uploads\/2025\/07\/FA-59TYD-1.png","width":800,"height":800,"caption":"FA-59TYD-1"},{"@type":"BreadcrumbList","@id":"https:\/\/www.fengtech.com\/product\/fa-59tyd\/#breadcrumb","itemListElement":[{"@type":"ListItem","position":1,"name":"\u9996\u9875","item":"https:\/\/www.fengtech.com\/"},{"@type":"ListItem","position":2,"name":"Products","item":"https:\/\/www.fengtech.com\/shop\/"},{"@type":"ListItem","position":3,"name":"FA-59TYD"}]},{"@type":"WebSite","@id":"https:\/\/www.fengtech.com\/#website","url":"https:\/\/www.fengtech.com\/","name":"FengTech Motor","description":"Outdoor Sports Adventure Website","publisher":{"@id":"https:\/\/www.fengtech.com\/#organization"},"potentialAction":[{"@type":"SearchAction","target":{"@type":"EntryPoint","urlTemplate":"https:\/\/www.fengtech.com\/?s={search_term_string}"},"query-input":{"@type":"PropertyValueSpecification","valueRequired":true,"valueName":"search_term_string"}}],"inLanguage":"fr-FR"},{"@type":"Organization","@id":"https:\/\/www.fengtech.com\/#organization","name":"FengTech Motor","url":"https:\/\/www.fengtech.com\/","logo":{"@type":"ImageObject","inLanguage":"fr-FR","@id":"https:\/\/www.fengtech.com\/#\/schema\/logo\/image\/","url":"https:\/\/www.fengtech.com\/wp-content\/uploads\/2025\/07\/cropped-fengtech_logo_w.jpg","contentUrl":"https:\/\/www.fengtech.com\/wp-content\/uploads\/2025\/07\/cropped-fengtech_logo_w.jpg","width":512,"height":512,"caption":"FengTech Motor"},"image":{"@id":"https:\/\/www.fengtech.com\/#\/schema\/logo\/image\/"},"sameAs":["https:\/\/www.facebook.com\/fengtech\/","https:\/\/www.linkedin.com\/in\/barry-yuan\/"]}]}},"_links":{"self":[{"href":"https:\/\/www.fengtech.com\/fr\/wp-json\/wp\/v2\/product\/2917","targetHints":{"allow":["GET"]}}],"collection":[{"href":"https:\/\/www.fengtech.com\/fr\/wp-json\/wp\/v2\/product"}],"about":[{"href":"https:\/\/www.fengtech.com\/fr\/wp-json\/wp\/v2\/types\/product"}],"version-history":[{"count":0,"href":"https:\/\/www.fengtech.com\/fr\/wp-json\/wp\/v2\/product\/2917\/revisions"}],"wp:featuredmedia":[{"embeddable":true,"href":"https:\/\/www.fengtech.com\/fr\/wp-json\/wp\/v2\/media\/2918"}],"wp:attachment":[{"href":"https:\/\/www.fengtech.com\/fr\/wp-json\/wp\/v2\/media?parent=2917"}],"wp:term":[{"taxonomy":"product_brand","embeddable":true,"href":"https:\/\/www.fengtech.com\/fr\/wp-json\/wp\/v2\/product_brand?post=2917"},{"taxonomy":"product_cat","embeddable":true,"href":"https:\/\/www.fengtech.com\/fr\/wp-json\/wp\/v2\/product_cat?post=2917"},{"taxonomy":"product_tag","embeddable":true,"href":"https:\/\/www.fengtech.com\/fr\/wp-json\/wp\/v2\/product_tag?post=2917"}],"curies":[{"name":"wp","href":"https:\/\/api.w.org\/{rel}","templated":true}]}}