{"id":3173,"date":"2025-08-15T14:25:55","date_gmt":"2025-08-15T06:25:55","guid":{"rendered":"https:\/\/www.fengtech.com\/?post_type=product&#038;p=3173"},"modified":"2025-08-15T15:17:17","modified_gmt":"2025-08-15T07:17:17","slug":"customizable-230v-50-60hz-slushy-machine-motor","status":"publish","type":"product","link":"https:\/\/www.fengtech.com\/es\/producto\/customizable-230v-50-60hz-slushy-machine-motor\/","title":{"rendered":"Motor para granizadoras 230V 50\/60Hz personalizable de f\u00e1brica"},"content":{"rendered":"<p>El motor de la serie YJF-1701 est\u00e1 dise\u00f1ado para granizadoras y acciona eficazmente el agitador de las granizadoras. Adecuado para granizadoras comerciales o dom\u00e9sticas con una capacidad de 5-15L, suele funcionar a 30-60 RPM.<\/p>\n<p><strong>Nombre del producto:<\/strong> Motor de granizadora personalizado de f\u00e1brica<br \/>\n<strong>Modelo de producto:<\/strong> YJF-1701<br \/>\n<strong>Cantidad m\u00ednima de pedido:<\/strong> 200 juegos<br \/>\n<strong>Opciones de personalizaci\u00f3n<\/strong> incluyen la velocidad, la tensi\u00f3n, el logotipo y otros par\u00e1metros<br \/>\n<strong>Direcci\u00f3n de env\u00edo:<\/strong> Ningbo, China<br \/>\n<strong>Fabricante:<\/strong> Motor Fengtech<br \/>\n<strong>Aplicaciones:<\/strong> M\u00e1quinas de granizados, dispensadores de bebidas<\/p>\n<p><img fetchpriority=\"high\" decoding=\"async\" class=\"alignnone wp-image-3175 size-full\" src=\"https:\/\/www.fengtech.com\/wp-content\/uploads\/2025\/08\/1701design.jpg\" alt=\"\" width=\"679\" height=\"582\" srcset=\"https:\/\/www.fengtech.com\/wp-content\/uploads\/2025\/08\/1701design.jpg 679w, https:\/\/www.fengtech.com\/wp-content\/uploads\/2025\/08\/1701design-300x257.jpg 300w, https:\/\/www.fengtech.com\/wp-content\/uploads\/2025\/08\/1701design-14x12.jpg 14w, https:\/\/www.fengtech.com\/wp-content\/uploads\/2025\/08\/1701design-600x514.jpg 600w\" sizes=\"(max-width: 679px) 100vw, 679px\" \/><\/p>\n<p><strong>V\u00eddeo:<\/strong><\/p>\n<p><iframe title=\"Reproductor de v\u00eddeo YouTube\" src=\"https:\/\/www.youtube.com\/embed\/fLPU0rTJTQs?si=hUboM8Lq4SjEg9If\" width=\"100%\" height=\"500\" frameborder=\"0\" allowfullscreen=\"allowfullscreen\"><span data-mce-type=\"bookmark\" style=\"display: inline-block; width: 0px; overflow: hidden; line-height: 0;\" class=\"mce_SELRES_start\"><\/span><\/iframe><\/p>\n<p><strong>Embalaje y env\u00edo<\/strong><\/p>\n<table border=\"0\" width=\"100%\" cellspacing=\"0\" cellpadding=\"0\">\n<tbody>\n<tr><!-- \u5de6\u4fa7\u56fe\u7247\u53ca\u63cf\u8ff0 --><\/p>\n<td align=\"center\" valign=\"top\" width=\"48%\"><img decoding=\"async\" class=\"wp-image-3179 size-full\" src=\"https:\/\/www.fengtech.com\/wp-content\/uploads\/2025\/08\/Shipping-1.jpg\" alt=\"Shipping\" width=\"100%\" height=\"960\" srcset=\"https:\/\/www.fengtech.com\/wp-content\/uploads\/2025\/08\/Shipping-1.jpg 1280w, https:\/\/www.fengtech.com\/wp-content\/uploads\/2025\/08\/Shipping-1-300x225.jpg 300w, https:\/\/www.fengtech.com\/wp-content\/uploads\/2025\/08\/Shipping-1-1024x768.jpg 1024w, https:\/\/www.fengtech.com\/wp-content\/uploads\/2025\/08\/Shipping-1-768x576.jpg 768w, https:\/\/www.fengtech.com\/wp-content\/uploads\/2025\/08\/Shipping-1-16x12.jpg 16w, https:\/\/www.fengtech.com\/wp-content\/uploads\/2025\/08\/Shipping-1-600x450.jpg 600w\" sizes=\"(max-width: 1280px) 100vw, 1280px\" \/> Env\u00edo<\/td>\n<p><!-- \u4e2d\u95f4\u95f4\u9694 --><\/p>\n<td width=\"4%\"><\/td>\n<p><!-- \u53f3\u4fa7\u56fe\u7247\u53ca\u63cf\u8ff0 --><\/p>\n<td align=\"center\" valign=\"top\" width=\"48%\"><img decoding=\"async\" class=\"wp-image-3178 size-full\" src=\"https:\/\/www.fengtech.com\/wp-content\/uploads\/2025\/08\/Packaging-1.jpg\" alt=\"Packaging\" width=\"100%\" height=\"960\" srcset=\"https:\/\/www.fengtech.com\/wp-content\/uploads\/2025\/08\/Packaging-1.jpg 1280w, https:\/\/www.fengtech.com\/wp-content\/uploads\/2025\/08\/Packaging-1-300x225.jpg 300w, https:\/\/www.fengtech.com\/wp-content\/uploads\/2025\/08\/Packaging-1-1024x768.jpg 1024w, https:\/\/www.fengtech.com\/wp-content\/uploads\/2025\/08\/Packaging-1-768x576.jpg 768w, https:\/\/www.fengtech.com\/wp-content\/uploads\/2025\/08\/Packaging-1-16x12.jpg 16w, https:\/\/www.fengtech.com\/wp-content\/uploads\/2025\/08\/Packaging-1-600x450.jpg 600w\" sizes=\"(max-width: 1280px) 100vw, 1280px\" \/> Embalaje<\/td>\n<\/tr>\n<\/tbody>\n<\/table>\n<p><strong>Preguntas frecuentes<\/strong><\/p>\n<p>Q1. \u00bfPueden fabricar motores a medida para su granizadora?<br \/>\nR: S\u00ed, somos fabricantes de motores y podemos producir motores a medida.<\/p>\n<p>Q2. \u00bfCu\u00e1l es la compatibilidad de los motores de sus granizadoras?<br \/>\nR: Siempre que los par\u00e1metros sean correctos y el eje de salida sea el adecuado, son compatibles con la mayor\u00eda de las m\u00e1quinas granizadoras del mercado. Si tiene alguna duda, env\u00edenos un correo electr\u00f3nico y nuestros ingenieros le ayudar\u00e1n.<\/p>\n<p>Q3. \u00bfCu\u00e1l es la vida \u00fatil de los motores de sus granizadoras?<br \/>\nR: Depende del entorno operativo, pero en circunstancias normales deber\u00eda durar al menos varios a\u00f1os.<\/p>\n<p>Q4. \u00bfSe puede personalizar el logotipo y el embalaje?<br \/>\nR: Por supuesto, puede enviarnos sus etiquetas y el dise\u00f1o de la caja exterior.<\/p>\n<p>Q5. \u00bfD\u00f3nde est\u00e1n ubicados? \u00bfPuedo visitar su f\u00e1brica?<br \/>\nR: Estamos situados en Ningbo, China, muy cerca del aeropuerto de Ningbo. Puede ponerse en contacto con nosotros con antelaci\u00f3n para concertar una cita, y le recogeremos en el aeropuerto.<\/p>","protected":false},"excerpt":{"rendered":"<p>Modelo del producto: YJF-1701<br \/>\nTensi\u00f3n nominal: 230 V<br \/>\nFrecuencia nominal: 50\/60Hz<br \/>\nRango de velocidad: 32\/38RPM<br \/>\nDirecci\u00f3n de giro: CW<\/p>","protected":false},"featured_media":2938,"template":"","meta":{"site-sidebar-layout":"default","site-content-layout":"","ast-site-content-layout":"default","site-content-style":"default","site-sidebar-style":"default","ast-global-header-display":"","ast-banner-title-visibility":"","ast-main-header-display":"","ast-hfb-above-header-display":"","ast-hfb-below-header-display":"","ast-hfb-mobile-header-display":"","site-post-title":"","ast-breadcrumbs-content":"","ast-featured-img":"","footer-sml-layout":"","theme-transparent-header-meta":"default","adv-header-id-meta":"","stick-header-meta":"","header-above-stick-meta":"","header-main-stick-meta":"","header-below-stick-meta":"","astra-migrate-meta-layouts":"set","ast-page-background-enabled":"default","ast-page-background-meta":{"desktop":{"background-color":"","background-image":"","background-repeat":"repeat","background-position":"center center","background-size":"auto","background-attachment":"scroll","background-type":"","background-media":"","overlay-type":"","overlay-color":"","overlay-opacity":"","overlay-gradient":""},"tablet":{"background-color":"","background-image":"","background-repeat":"repeat","background-position":"center center","background-size":"auto","background-attachment":"scroll","background-type":"","background-media":"","overlay-type":"","overlay-color":"","overlay-opacity":"","overlay-gradient":""},"mobile":{"background-color":"","background-image":"","background-repeat":"repeat","background-position":"center center","background-size":"auto","background-attachment":"scroll","background-type":"","background-media":"","overlay-type":"","overlay-color":"","overlay-opacity":"","overlay-gradient":""}},"ast-content-background-meta":{"desktop":{"background-color":"var(--ast-global-color-5)","background-image":"","background-repeat":"repeat","background-position":"center center","background-size":"auto","background-attachment":"scroll","background-type":"","background-media":"","overlay-type":"","overlay-color":"","overlay-opacity":"","overlay-gradient":""},"tablet":{"background-color":"var(--ast-global-color-5)","background-image":"","background-repeat":"repeat","background-position":"center center","background-size":"auto","background-attachment":"scroll","background-type":"","background-media":"","overlay-type":"","overlay-color":"","overlay-opacity":"","overlay-gradient":""},"mobile":{"background-color":"var(--ast-global-color-5)","background-image":"","background-repeat":"repeat","background-position":"center center","background-size":"auto","background-attachment":"scroll","background-type":"","background-media":"","overlay-type":"","overlay-color":"","overlay-opacity":"","overlay-gradient":""}}},"product_brand":[],"product_cat":[69],"product_tag":[34],"class_list":{"0":"post-3173","1":"product","2":"type-product","3":"status-publish","4":"has-post-thumbnail","6":"product_cat-slushy-machine-motor","7":"product_tag-slush-machine-motor","8":"desktop-align-left","9":"tablet-align-left","10":"mobile-align-left","12":"first","13":"instock","14":"shipping-taxable","15":"product-type-simple"},"yoast_head":"<!-- This site is optimized with the Yoast SEO Premium plugin v25.4 (Yoast SEO v25.4) - https:\/\/yoast.com\/wordpress\/plugins\/seo\/ -->\n<title>Factory Customizable 230V 50\/60Hz Slushy Machine Motor - Fengtech<\/title>\n<meta name=\"description\" content=\"The factory mass-produces slush machine motors for slush machine development. They are compatible with most slush machines on the market and have long life and high stability.\" \/>\n<meta name=\"robots\" content=\"index, follow, max-snippet:-1, max-image-preview:large, max-video-preview:-1\" \/>\n<link rel=\"canonical\" href=\"https:\/\/www.fengtech.com\/es\/producto\/customizable-230v-50-60hz-slushy-machine-motor\/\" \/>\n<meta property=\"og:locale\" content=\"es_ES\" \/>\n<meta property=\"og:type\" content=\"article\" \/>\n<meta property=\"og:title\" content=\"Factory Customizable 230V 50\/60Hz Slushy Machine Motor\" \/>\n<meta property=\"og:description\" content=\"The factory mass-produces slush machine motors for slush machine development. They are compatible with most slush machines on the market and have long life and high stability.\" \/>\n<meta property=\"og:url\" content=\"https:\/\/www.fengtech.com\/es\/producto\/customizable-230v-50-60hz-slushy-machine-motor\/\" \/>\n<meta property=\"og:site_name\" content=\"Fengtech\" \/>\n<meta property=\"article:publisher\" content=\"https:\/\/www.facebook.com\/fengtech\/\" \/>\n<meta property=\"article:modified_time\" content=\"2025-08-15T07:17:17+00:00\" \/>\n<meta property=\"og:image\" content=\"https:\/\/www.fengtech.com\/wp-content\/uploads\/2025\/07\/YJF6440-1701-1.jpg\" \/>\n\t<meta property=\"og:image:width\" content=\"800\" \/>\n\t<meta property=\"og:image:height\" content=\"800\" \/>\n\t<meta property=\"og:image:type\" content=\"image\/jpeg\" \/>\n<meta name=\"twitter:card\" content=\"summary_large_image\" \/>\n<meta name=\"twitter:label1\" content=\"Tiempo de lectura\" \/>\n\t<meta name=\"twitter:data1\" content=\"2 minutos\" \/>\n<script type=\"application\/ld+json\" class=\"yoast-schema-graph\">{\"@context\":\"https:\/\/schema.org\",\"@graph\":[{\"@type\":\"WebPage\",\"@id\":\"https:\/\/www.fengtech.com\/product\/customizable-230v-50-60hz-slushy-machine-motor\/\",\"url\":\"https:\/\/www.fengtech.com\/product\/customizable-230v-50-60hz-slushy-machine-motor\/\",\"name\":\"Factory Customizable 230V 50\/60Hz Slushy Machine Motor - Fengtech\",\"isPartOf\":{\"@id\":\"https:\/\/www.fengtech.com\/#website\"},\"primaryImageOfPage\":{\"@id\":\"https:\/\/www.fengtech.com\/product\/customizable-230v-50-60hz-slushy-machine-motor\/#primaryimage\"},\"image\":{\"@id\":\"https:\/\/www.fengtech.com\/product\/customizable-230v-50-60hz-slushy-machine-motor\/#primaryimage\"},\"thumbnailUrl\":\"https:\/\/www.fengtech.com\/wp-content\/uploads\/2025\/07\/YJF6440-1701-1.jpg\",\"datePublished\":\"2025-08-15T06:25:55+00:00\",\"dateModified\":\"2025-08-15T07:17:17+00:00\",\"description\":\"The factory mass-produces slush machine motors for slush machine development. They are compatible with most slush machines on the market and have long life and high stability.\",\"breadcrumb\":{\"@id\":\"https:\/\/www.fengtech.com\/product\/customizable-230v-50-60hz-slushy-machine-motor\/#breadcrumb\"},\"inLanguage\":\"es\",\"potentialAction\":[{\"@type\":\"ReadAction\",\"target\":[\"https:\/\/www.fengtech.com\/product\/customizable-230v-50-60hz-slushy-machine-motor\/\"]}]},{\"@type\":\"ImageObject\",\"inLanguage\":\"es\",\"@id\":\"https:\/\/www.fengtech.com\/product\/customizable-230v-50-60hz-slushy-machine-motor\/#primaryimage\",\"url\":\"https:\/\/www.fengtech.com\/wp-content\/uploads\/2025\/07\/YJF6440-1701-1.jpg\",\"contentUrl\":\"https:\/\/www.fengtech.com\/wp-content\/uploads\/2025\/07\/YJF6440-1701-1.jpg\",\"width\":800,\"height\":800,\"caption\":\"YJF6440-1701-1\"},{\"@type\":\"BreadcrumbList\",\"@id\":\"https:\/\/www.fengtech.com\/product\/customizable-230v-50-60hz-slushy-machine-motor\/#breadcrumb\",\"itemListElement\":[{\"@type\":\"ListItem\",\"position\":1,\"name\":\"\u9996\u9875\",\"item\":\"https:\/\/www.fengtech.com\/\"},{\"@type\":\"ListItem\",\"position\":2,\"name\":\"Products\",\"item\":\"https:\/\/www.fengtech.com\/shop\/\"},{\"@type\":\"ListItem\",\"position\":3,\"name\":\"Factory Customizable 230V 50\/60Hz Slushy Machine Motor\"}]},{\"@type\":\"WebSite\",\"@id\":\"https:\/\/www.fengtech.com\/#website\",\"url\":\"https:\/\/www.fengtech.com\/\",\"name\":\"FengTech Motor\",\"description\":\"Outdoor Sports Adventure Website\",\"publisher\":{\"@id\":\"https:\/\/www.fengtech.com\/#organization\"},\"potentialAction\":[{\"@type\":\"SearchAction\",\"target\":{\"@type\":\"EntryPoint\",\"urlTemplate\":\"https:\/\/www.fengtech.com\/?s={search_term_string}\"},\"query-input\":{\"@type\":\"PropertyValueSpecification\",\"valueRequired\":true,\"valueName\":\"search_term_string\"}}],\"inLanguage\":\"es\"},{\"@type\":\"Organization\",\"@id\":\"https:\/\/www.fengtech.com\/#organization\",\"name\":\"FengTech Motor\",\"url\":\"https:\/\/www.fengtech.com\/\",\"logo\":{\"@type\":\"ImageObject\",\"inLanguage\":\"es\",\"@id\":\"https:\/\/www.fengtech.com\/#\/schema\/logo\/image\/\",\"url\":\"https:\/\/www.fengtech.com\/wp-content\/uploads\/2025\/07\/cropped-fengtech_logo_w.jpg\",\"contentUrl\":\"https:\/\/www.fengtech.com\/wp-content\/uploads\/2025\/07\/cropped-fengtech_logo_w.jpg\",\"width\":512,\"height\":512,\"caption\":\"FengTech Motor\"},\"image\":{\"@id\":\"https:\/\/www.fengtech.com\/#\/schema\/logo\/image\/\"},\"sameAs\":[\"https:\/\/www.facebook.com\/fengtech\/\",\"https:\/\/www.linkedin.com\/in\/barry-yuan\/\"]}]}<\/script>\n<!-- \/ Yoast SEO Premium plugin. -->","yoast_head_json":{"title":"Factory Customizable 230V 50\/60Hz Slushy Machine Motor - Fengtech","description":"The factory mass-produces slush machine motors for slush machine development. They are compatible with most slush machines on the market and have long life and high stability.","robots":{"index":"index","follow":"follow","max-snippet":"max-snippet:-1","max-image-preview":"max-image-preview:large","max-video-preview":"max-video-preview:-1"},"canonical":"https:\/\/www.fengtech.com\/es\/producto\/customizable-230v-50-60hz-slushy-machine-motor\/","og_locale":"es_ES","og_type":"article","og_title":"Factory Customizable 230V 50\/60Hz Slushy Machine Motor","og_description":"The factory mass-produces slush machine motors for slush machine development. They are compatible with most slush machines on the market and have long life and high stability.","og_url":"https:\/\/www.fengtech.com\/es\/producto\/customizable-230v-50-60hz-slushy-machine-motor\/","og_site_name":"Fengtech","article_publisher":"https:\/\/www.facebook.com\/fengtech\/","article_modified_time":"2025-08-15T07:17:17+00:00","og_image":[{"width":800,"height":800,"url":"https:\/\/www.fengtech.com\/wp-content\/uploads\/2025\/07\/YJF6440-1701-1.jpg","type":"image\/jpeg"}],"twitter_card":"summary_large_image","twitter_misc":{"Tiempo de lectura":"2 minutos"},"schema":{"@context":"https:\/\/schema.org","@graph":[{"@type":"WebPage","@id":"https:\/\/www.fengtech.com\/product\/customizable-230v-50-60hz-slushy-machine-motor\/","url":"https:\/\/www.fengtech.com\/product\/customizable-230v-50-60hz-slushy-machine-motor\/","name":"Factory Customizable 230V 50\/60Hz Slushy Machine Motor - Fengtech","isPartOf":{"@id":"https:\/\/www.fengtech.com\/#website"},"primaryImageOfPage":{"@id":"https:\/\/www.fengtech.com\/product\/customizable-230v-50-60hz-slushy-machine-motor\/#primaryimage"},"image":{"@id":"https:\/\/www.fengtech.com\/product\/customizable-230v-50-60hz-slushy-machine-motor\/#primaryimage"},"thumbnailUrl":"https:\/\/www.fengtech.com\/wp-content\/uploads\/2025\/07\/YJF6440-1701-1.jpg","datePublished":"2025-08-15T06:25:55+00:00","dateModified":"2025-08-15T07:17:17+00:00","description":"The factory mass-produces slush machine motors for slush machine development. They are compatible with most slush machines on the market and have long life and high stability.","breadcrumb":{"@id":"https:\/\/www.fengtech.com\/product\/customizable-230v-50-60hz-slushy-machine-motor\/#breadcrumb"},"inLanguage":"es","potentialAction":[{"@type":"ReadAction","target":["https:\/\/www.fengtech.com\/product\/customizable-230v-50-60hz-slushy-machine-motor\/"]}]},{"@type":"ImageObject","inLanguage":"es","@id":"https:\/\/www.fengtech.com\/product\/customizable-230v-50-60hz-slushy-machine-motor\/#primaryimage","url":"https:\/\/www.fengtech.com\/wp-content\/uploads\/2025\/07\/YJF6440-1701-1.jpg","contentUrl":"https:\/\/www.fengtech.com\/wp-content\/uploads\/2025\/07\/YJF6440-1701-1.jpg","width":800,"height":800,"caption":"YJF6440-1701-1"},{"@type":"BreadcrumbList","@id":"https:\/\/www.fengtech.com\/product\/customizable-230v-50-60hz-slushy-machine-motor\/#breadcrumb","itemListElement":[{"@type":"ListItem","position":1,"name":"\u9996\u9875","item":"https:\/\/www.fengtech.com\/"},{"@type":"ListItem","position":2,"name":"Products","item":"https:\/\/www.fengtech.com\/shop\/"},{"@type":"ListItem","position":3,"name":"Factory Customizable 230V 50\/60Hz Slushy Machine Motor"}]},{"@type":"WebSite","@id":"https:\/\/www.fengtech.com\/#website","url":"https:\/\/www.fengtech.com\/","name":"FengTech Motor","description":"Outdoor Sports Adventure Website","publisher":{"@id":"https:\/\/www.fengtech.com\/#organization"},"potentialAction":[{"@type":"SearchAction","target":{"@type":"EntryPoint","urlTemplate":"https:\/\/www.fengtech.com\/?s={search_term_string}"},"query-input":{"@type":"PropertyValueSpecification","valueRequired":true,"valueName":"search_term_string"}}],"inLanguage":"es"},{"@type":"Organization","@id":"https:\/\/www.fengtech.com\/#organization","name":"FengTech Motor","url":"https:\/\/www.fengtech.com\/","logo":{"@type":"ImageObject","inLanguage":"es","@id":"https:\/\/www.fengtech.com\/#\/schema\/logo\/image\/","url":"https:\/\/www.fengtech.com\/wp-content\/uploads\/2025\/07\/cropped-fengtech_logo_w.jpg","contentUrl":"https:\/\/www.fengtech.com\/wp-content\/uploads\/2025\/07\/cropped-fengtech_logo_w.jpg","width":512,"height":512,"caption":"FengTech Motor"},"image":{"@id":"https:\/\/www.fengtech.com\/#\/schema\/logo\/image\/"},"sameAs":["https:\/\/www.facebook.com\/fengtech\/","https:\/\/www.linkedin.com\/in\/barry-yuan\/"]}]}},"_links":{"self":[{"href":"https:\/\/www.fengtech.com\/es\/wp-json\/wp\/v2\/product\/3173","targetHints":{"allow":["GET"]}}],"collection":[{"href":"https:\/\/www.fengtech.com\/es\/wp-json\/wp\/v2\/product"}],"about":[{"href":"https:\/\/www.fengtech.com\/es\/wp-json\/wp\/v2\/types\/product"}],"version-history":[{"count":0,"href":"https:\/\/www.fengtech.com\/es\/wp-json\/wp\/v2\/product\/3173\/revisions"}],"wp:featuredmedia":[{"embeddable":true,"href":"https:\/\/www.fengtech.com\/es\/wp-json\/wp\/v2\/media\/2938"}],"wp:attachment":[{"href":"https:\/\/www.fengtech.com\/es\/wp-json\/wp\/v2\/media?parent=3173"}],"wp:term":[{"taxonomy":"product_brand","embeddable":true,"href":"https:\/\/www.fengtech.com\/es\/wp-json\/wp\/v2\/product_brand?post=3173"},{"taxonomy":"product_cat","embeddable":true,"href":"https:\/\/www.fengtech.com\/es\/wp-json\/wp\/v2\/product_cat?post=3173"},{"taxonomy":"product_tag","embeddable":true,"href":"https:\/\/www.fengtech.com\/es\/wp-json\/wp\/v2\/product_tag?post=3173"}],"curies":[{"name":"wp","href":"https:\/\/api.w.org\/{rel}","templated":true}]}}