{"id":2953,"date":"2025-07-31T16:49:33","date_gmt":"2025-07-31T08:49:33","guid":{"rendered":"https:\/\/www.fengtech.com\/?post_type=product&#038;p=2953"},"modified":"2025-07-31T16:49:34","modified_gmt":"2025-07-31T08:49:34","slug":"tt-yjf","status":"publish","type":"product","link":"https:\/\/www.fengtech.com\/es\/producto\/tt-yjf\/","title":{"rendered":"TT-YJF"},"content":{"rendered":"<p>Los motores de la serie TT-YJF incorporan reducci\u00f3n de engranajes multietapa y ofrecen diversas opciones de velocidad, desde un m\u00ednimo de 2,5 RPM hasta un m\u00e1ximo de 45 RPM. Tambi\u00e9n hay disponibles dise\u00f1os personalizados. Esta serie se utiliza habitualmente en v\u00e1lvulas el\u00e9ctricas, actuadores de compuertas, maquinaria de procesamiento de alimentos y equipos de automatizaci\u00f3n.<\/p>\n<p>La serie TT-YJF funciona a temperaturas comprendidas entre -40 \u00b0C y 75 \u00b0C, por lo que satisface las necesidades de la mayor\u00eda de los entornos dom\u00e9sticos e industriales. Tambi\u00e9n incluye protecci\u00f3n contra impedancia.<\/p>\n<h3>TT-YJF Embalaje y env\u00edo<\/h3>\n<table border=\"0\" width=\"100%\" cellspacing=\"0\" cellpadding=\"0\">\n<tbody>\n<tr><!-- \u5de6\u4fa7\u56fe\u7247\u53ca\u63cf\u8ff0 --><\/p>\n<td align=\"center\" valign=\"top\" width=\"48%\"><img decoding=\"async\" class=\"wp-image-2958 size-full\" src=\"https:\/\/www.fengtech.com\/wp-content\/uploads\/2025\/07\/TT-YJF_packaging.jpg\" alt=\"TT-YJF_packaging\" width=\"100%\" height=\"800\" srcset=\"https:\/\/www.fengtech.com\/wp-content\/uploads\/2025\/07\/TT-YJF_packaging.jpg 800w, https:\/\/www.fengtech.com\/wp-content\/uploads\/2025\/07\/TT-YJF_packaging-300x300.jpg 300w, https:\/\/www.fengtech.com\/wp-content\/uploads\/2025\/07\/TT-YJF_packaging-150x150.jpg 150w, https:\/\/www.fengtech.com\/wp-content\/uploads\/2025\/07\/TT-YJF_packaging-768x768.jpg 768w, https:\/\/www.fengtech.com\/wp-content\/uploads\/2025\/07\/TT-YJF_packaging-12x12.jpg 12w, https:\/\/www.fengtech.com\/wp-content\/uploads\/2025\/07\/TT-YJF_packaging-600x600.jpg 600w, https:\/\/www.fengtech.com\/wp-content\/uploads\/2025\/07\/TT-YJF_packaging-100x100.jpg 100w\" sizes=\"(max-width: 800px) 100vw, 800px\" \/><\/p>\n<p>Embalaje TT-YJF<\/td>\n<p><!-- \u4e2d\u95f4\u95f4\u9694 --><\/p>\n<td width=\"4%\"><\/td>\n<p><!-- \u53f3\u4fa7\u56fe\u7247\u53ca\u63cf\u8ff0 --><\/p>\n<td align=\"center\" valign=\"top\" width=\"48%\"><img decoding=\"async\" class=\"wp-image-2959 size-full\" src=\"https:\/\/www.fengtech.com\/wp-content\/uploads\/2025\/07\/TT-YJF_Shipping.jpg\" alt=\"TT-YJF_Shipping\" width=\"100%\" height=\"800\" srcset=\"https:\/\/www.fengtech.com\/wp-content\/uploads\/2025\/07\/TT-YJF_Shipping.jpg 800w, https:\/\/www.fengtech.com\/wp-content\/uploads\/2025\/07\/TT-YJF_Shipping-300x300.jpg 300w, https:\/\/www.fengtech.com\/wp-content\/uploads\/2025\/07\/TT-YJF_Shipping-150x150.jpg 150w, https:\/\/www.fengtech.com\/wp-content\/uploads\/2025\/07\/TT-YJF_Shipping-768x768.jpg 768w, https:\/\/www.fengtech.com\/wp-content\/uploads\/2025\/07\/TT-YJF_Shipping-12x12.jpg 12w, https:\/\/www.fengtech.com\/wp-content\/uploads\/2025\/07\/TT-YJF_Shipping-600x600.jpg 600w, https:\/\/www.fengtech.com\/wp-content\/uploads\/2025\/07\/TT-YJF_Shipping-100x100.jpg 100w\" sizes=\"(max-width: 800px) 100vw, 800px\" \/><\/p>\n<p>Env\u00edo TT-YJF<\/td>\n<\/tr>\n<\/tbody>\n<\/table>","protected":false},"excerpt":{"rendered":"<p>Tensi\u00f3n nominal: 110\/230 V<br \/>\nFrecuencia nominal: 50\/60Hz<br \/>\nPotencia de entrada: 20-60W<br \/>\nCorriente de entrada: &lt;1.2\/&lt;0.5A<br \/>\nPotencia de salida: 6-20 W<br \/>\nRuido: &lt;55W<br \/>\nSentido de giro: CW O CCW<\/p>","protected":false},"featured_media":2954,"template":"","meta":{"site-sidebar-layout":"default","site-content-layout":"","ast-site-content-layout":"default","site-content-style":"default","site-sidebar-style":"default","ast-global-header-display":"","ast-banner-title-visibility":"","ast-main-header-display":"","ast-hfb-above-header-display":"","ast-hfb-below-header-display":"","ast-hfb-mobile-header-display":"","site-post-title":"","ast-breadcrumbs-content":"","ast-featured-img":"","footer-sml-layout":"","theme-transparent-header-meta":"default","adv-header-id-meta":"","stick-header-meta":"","header-above-stick-meta":"","header-main-stick-meta":"","header-below-stick-meta":"","astra-migrate-meta-layouts":"set","ast-page-background-enabled":"default","ast-page-background-meta":{"desktop":{"background-color":"","background-image":"","background-repeat":"repeat","background-position":"center center","background-size":"auto","background-attachment":"scroll","background-type":"","background-media":"","overlay-type":"","overlay-color":"","overlay-opacity":"","overlay-gradient":""},"tablet":{"background-color":"","background-image":"","background-repeat":"repeat","background-position":"center center","background-size":"auto","background-attachment":"scroll","background-type":"","background-media":"","overlay-type":"","overlay-color":"","overlay-opacity":"","overlay-gradient":""},"mobile":{"background-color":"","background-image":"","background-repeat":"repeat","background-position":"center center","background-size":"auto","background-attachment":"scroll","background-type":"","background-media":"","overlay-type":"","overlay-color":"","overlay-opacity":"","overlay-gradient":""}},"ast-content-background-meta":{"desktop":{"background-color":"var(--ast-global-color-5)","background-image":"","background-repeat":"repeat","background-position":"center center","background-size":"auto","background-attachment":"scroll","background-type":"","background-media":"","overlay-type":"","overlay-color":"","overlay-opacity":"","overlay-gradient":""},"tablet":{"background-color":"var(--ast-global-color-5)","background-image":"","background-repeat":"repeat","background-position":"center center","background-size":"auto","background-attachment":"scroll","background-type":"","background-media":"","overlay-type":"","overlay-color":"","overlay-opacity":"","overlay-gradient":""},"mobile":{"background-color":"var(--ast-global-color-5)","background-image":"","background-repeat":"repeat","background-position":"center center","background-size":"auto","background-attachment":"scroll","background-type":"","background-media":"","overlay-type":"","overlay-color":"","overlay-opacity":"","overlay-gradient":""}}},"product_brand":[],"product_cat":[56],"product_tag":[],"class_list":{"0":"post-2953","1":"product","2":"type-product","3":"status-publish","4":"has-post-thumbnail","6":"product_cat-shaded-pole-motor","7":"desktop-align-left","8":"tablet-align-left","9":"mobile-align-left","11":"first","12":"instock","13":"shipping-taxable","14":"product-type-simple"},"yoast_head":"<!-- This site is optimized with the Yoast SEO Premium plugin v25.4 (Yoast SEO v25.4) - https:\/\/yoast.com\/wordpress\/plugins\/seo\/ -->\n<title>AC230V Shaded-Pole Motor TT-YJF - Fengtech<\/title>\n<meta name=\"description\" content=\"The TT-YJF series motors feature built-in multi-stage gear reduction and offer a variety of speed options, ranging from a minimum of 2.5 RPM to a maximum of 45 RPM.\" \/>\n<meta name=\"robots\" content=\"index, follow, max-snippet:-1, max-image-preview:large, max-video-preview:-1\" \/>\n<link rel=\"canonical\" href=\"https:\/\/www.fengtech.com\/es\/producto\/tt-yjf\/\" \/>\n<meta property=\"og:locale\" content=\"es_ES\" \/>\n<meta property=\"og:type\" content=\"article\" \/>\n<meta property=\"og:title\" content=\"TT-YJF\" \/>\n<meta property=\"og:description\" content=\"The TT-YJF series motors feature built-in multi-stage gear reduction and offer a variety of speed options, ranging from a minimum of 2.5 RPM to a maximum of 45 RPM.\" \/>\n<meta property=\"og:url\" content=\"https:\/\/www.fengtech.com\/es\/producto\/tt-yjf\/\" \/>\n<meta property=\"og:site_name\" content=\"Fengtech\" \/>\n<meta property=\"article:publisher\" content=\"https:\/\/www.facebook.com\/fengtech\/\" \/>\n<meta property=\"article:modified_time\" content=\"2025-07-31T08:49:34+00:00\" \/>\n<meta property=\"og:image\" content=\"https:\/\/www.fengtech.com\/wp-content\/uploads\/2025\/07\/TT-YJF6430-1.jpg\" \/>\n\t<meta property=\"og:image:width\" content=\"800\" \/>\n\t<meta property=\"og:image:height\" content=\"800\" \/>\n\t<meta property=\"og:image:type\" content=\"image\/jpeg\" \/>\n<meta name=\"twitter:card\" content=\"summary_large_image\" \/>\n<meta name=\"twitter:label1\" content=\"Tiempo de lectura\" \/>\n\t<meta name=\"twitter:data1\" content=\"1 minuto\" \/>\n<script type=\"application\/ld+json\" class=\"yoast-schema-graph\">{\"@context\":\"https:\/\/schema.org\",\"@graph\":[{\"@type\":\"WebPage\",\"@id\":\"https:\/\/www.fengtech.com\/product\/tt-yjf\/\",\"url\":\"https:\/\/www.fengtech.com\/product\/tt-yjf\/\",\"name\":\"AC230V Shaded-Pole Motor TT-YJF - Fengtech\",\"isPartOf\":{\"@id\":\"https:\/\/www.fengtech.com\/#website\"},\"primaryImageOfPage\":{\"@id\":\"https:\/\/www.fengtech.com\/product\/tt-yjf\/#primaryimage\"},\"image\":{\"@id\":\"https:\/\/www.fengtech.com\/product\/tt-yjf\/#primaryimage\"},\"thumbnailUrl\":\"https:\/\/www.fengtech.com\/wp-content\/uploads\/2025\/07\/TT-YJF6430-1.jpg\",\"datePublished\":\"2025-07-31T08:49:33+00:00\",\"dateModified\":\"2025-07-31T08:49:34+00:00\",\"description\":\"The TT-YJF series motors feature built-in multi-stage gear reduction and offer a variety of speed options, ranging from a minimum of 2.5 RPM to a maximum of 45 RPM.\",\"breadcrumb\":{\"@id\":\"https:\/\/www.fengtech.com\/product\/tt-yjf\/#breadcrumb\"},\"inLanguage\":\"es\",\"potentialAction\":[{\"@type\":\"ReadAction\",\"target\":[\"https:\/\/www.fengtech.com\/product\/tt-yjf\/\"]}]},{\"@type\":\"ImageObject\",\"inLanguage\":\"es\",\"@id\":\"https:\/\/www.fengtech.com\/product\/tt-yjf\/#primaryimage\",\"url\":\"https:\/\/www.fengtech.com\/wp-content\/uploads\/2025\/07\/TT-YJF6430-1.jpg\",\"contentUrl\":\"https:\/\/www.fengtech.com\/wp-content\/uploads\/2025\/07\/TT-YJF6430-1.jpg\",\"width\":800,\"height\":800,\"caption\":\"TT-YJF6430-1\"},{\"@type\":\"BreadcrumbList\",\"@id\":\"https:\/\/www.fengtech.com\/product\/tt-yjf\/#breadcrumb\",\"itemListElement\":[{\"@type\":\"ListItem\",\"position\":1,\"name\":\"\u9996\u9875\",\"item\":\"https:\/\/www.fengtech.com\/\"},{\"@type\":\"ListItem\",\"position\":2,\"name\":\"Products\",\"item\":\"https:\/\/www.fengtech.com\/shop\/\"},{\"@type\":\"ListItem\",\"position\":3,\"name\":\"TT-YJF\"}]},{\"@type\":\"WebSite\",\"@id\":\"https:\/\/www.fengtech.com\/#website\",\"url\":\"https:\/\/www.fengtech.com\/\",\"name\":\"FengTech Motor\",\"description\":\"Outdoor Sports Adventure Website\",\"publisher\":{\"@id\":\"https:\/\/www.fengtech.com\/#organization\"},\"potentialAction\":[{\"@type\":\"SearchAction\",\"target\":{\"@type\":\"EntryPoint\",\"urlTemplate\":\"https:\/\/www.fengtech.com\/?s={search_term_string}\"},\"query-input\":{\"@type\":\"PropertyValueSpecification\",\"valueRequired\":true,\"valueName\":\"search_term_string\"}}],\"inLanguage\":\"es\"},{\"@type\":\"Organization\",\"@id\":\"https:\/\/www.fengtech.com\/#organization\",\"name\":\"FengTech Motor\",\"url\":\"https:\/\/www.fengtech.com\/\",\"logo\":{\"@type\":\"ImageObject\",\"inLanguage\":\"es\",\"@id\":\"https:\/\/www.fengtech.com\/#\/schema\/logo\/image\/\",\"url\":\"https:\/\/www.fengtech.com\/wp-content\/uploads\/2025\/07\/cropped-fengtech_logo_w.jpg\",\"contentUrl\":\"https:\/\/www.fengtech.com\/wp-content\/uploads\/2025\/07\/cropped-fengtech_logo_w.jpg\",\"width\":512,\"height\":512,\"caption\":\"FengTech Motor\"},\"image\":{\"@id\":\"https:\/\/www.fengtech.com\/#\/schema\/logo\/image\/\"},\"sameAs\":[\"https:\/\/www.facebook.com\/fengtech\/\",\"https:\/\/www.linkedin.com\/in\/barry-yuan\/\"]}]}<\/script>\n<!-- \/ Yoast SEO Premium plugin. -->","yoast_head_json":{"title":"AC230V Shaded-Pole Motor TT-YJF - Fengtech","description":"The TT-YJF series motors feature built-in multi-stage gear reduction and offer a variety of speed options, ranging from a minimum of 2.5 RPM to a maximum of 45 RPM.","robots":{"index":"index","follow":"follow","max-snippet":"max-snippet:-1","max-image-preview":"max-image-preview:large","max-video-preview":"max-video-preview:-1"},"canonical":"https:\/\/www.fengtech.com\/es\/producto\/tt-yjf\/","og_locale":"es_ES","og_type":"article","og_title":"TT-YJF","og_description":"The TT-YJF series motors feature built-in multi-stage gear reduction and offer a variety of speed options, ranging from a minimum of 2.5 RPM to a maximum of 45 RPM.","og_url":"https:\/\/www.fengtech.com\/es\/producto\/tt-yjf\/","og_site_name":"Fengtech","article_publisher":"https:\/\/www.facebook.com\/fengtech\/","article_modified_time":"2025-07-31T08:49:34+00:00","og_image":[{"width":800,"height":800,"url":"https:\/\/www.fengtech.com\/wp-content\/uploads\/2025\/07\/TT-YJF6430-1.jpg","type":"image\/jpeg"}],"twitter_card":"summary_large_image","twitter_misc":{"Tiempo de lectura":"1 minuto"},"schema":{"@context":"https:\/\/schema.org","@graph":[{"@type":"WebPage","@id":"https:\/\/www.fengtech.com\/product\/tt-yjf\/","url":"https:\/\/www.fengtech.com\/product\/tt-yjf\/","name":"AC230V Shaded-Pole Motor TT-YJF - Fengtech","isPartOf":{"@id":"https:\/\/www.fengtech.com\/#website"},"primaryImageOfPage":{"@id":"https:\/\/www.fengtech.com\/product\/tt-yjf\/#primaryimage"},"image":{"@id":"https:\/\/www.fengtech.com\/product\/tt-yjf\/#primaryimage"},"thumbnailUrl":"https:\/\/www.fengtech.com\/wp-content\/uploads\/2025\/07\/TT-YJF6430-1.jpg","datePublished":"2025-07-31T08:49:33+00:00","dateModified":"2025-07-31T08:49:34+00:00","description":"The TT-YJF series motors feature built-in multi-stage gear reduction and offer a variety of speed options, ranging from a minimum of 2.5 RPM to a maximum of 45 RPM.","breadcrumb":{"@id":"https:\/\/www.fengtech.com\/product\/tt-yjf\/#breadcrumb"},"inLanguage":"es","potentialAction":[{"@type":"ReadAction","target":["https:\/\/www.fengtech.com\/product\/tt-yjf\/"]}]},{"@type":"ImageObject","inLanguage":"es","@id":"https:\/\/www.fengtech.com\/product\/tt-yjf\/#primaryimage","url":"https:\/\/www.fengtech.com\/wp-content\/uploads\/2025\/07\/TT-YJF6430-1.jpg","contentUrl":"https:\/\/www.fengtech.com\/wp-content\/uploads\/2025\/07\/TT-YJF6430-1.jpg","width":800,"height":800,"caption":"TT-YJF6430-1"},{"@type":"BreadcrumbList","@id":"https:\/\/www.fengtech.com\/product\/tt-yjf\/#breadcrumb","itemListElement":[{"@type":"ListItem","position":1,"name":"\u9996\u9875","item":"https:\/\/www.fengtech.com\/"},{"@type":"ListItem","position":2,"name":"Products","item":"https:\/\/www.fengtech.com\/shop\/"},{"@type":"ListItem","position":3,"name":"TT-YJF"}]},{"@type":"WebSite","@id":"https:\/\/www.fengtech.com\/#website","url":"https:\/\/www.fengtech.com\/","name":"FengTech Motor","description":"Outdoor Sports Adventure Website","publisher":{"@id":"https:\/\/www.fengtech.com\/#organization"},"potentialAction":[{"@type":"SearchAction","target":{"@type":"EntryPoint","urlTemplate":"https:\/\/www.fengtech.com\/?s={search_term_string}"},"query-input":{"@type":"PropertyValueSpecification","valueRequired":true,"valueName":"search_term_string"}}],"inLanguage":"es"},{"@type":"Organization","@id":"https:\/\/www.fengtech.com\/#organization","name":"FengTech Motor","url":"https:\/\/www.fengtech.com\/","logo":{"@type":"ImageObject","inLanguage":"es","@id":"https:\/\/www.fengtech.com\/#\/schema\/logo\/image\/","url":"https:\/\/www.fengtech.com\/wp-content\/uploads\/2025\/07\/cropped-fengtech_logo_w.jpg","contentUrl":"https:\/\/www.fengtech.com\/wp-content\/uploads\/2025\/07\/cropped-fengtech_logo_w.jpg","width":512,"height":512,"caption":"FengTech Motor"},"image":{"@id":"https:\/\/www.fengtech.com\/#\/schema\/logo\/image\/"},"sameAs":["https:\/\/www.facebook.com\/fengtech\/","https:\/\/www.linkedin.com\/in\/barry-yuan\/"]}]}},"_links":{"self":[{"href":"https:\/\/www.fengtech.com\/es\/wp-json\/wp\/v2\/product\/2953","targetHints":{"allow":["GET"]}}],"collection":[{"href":"https:\/\/www.fengtech.com\/es\/wp-json\/wp\/v2\/product"}],"about":[{"href":"https:\/\/www.fengtech.com\/es\/wp-json\/wp\/v2\/types\/product"}],"version-history":[{"count":0,"href":"https:\/\/www.fengtech.com\/es\/wp-json\/wp\/v2\/product\/2953\/revisions"}],"wp:featuredmedia":[{"embeddable":true,"href":"https:\/\/www.fengtech.com\/es\/wp-json\/wp\/v2\/media\/2954"}],"wp:attachment":[{"href":"https:\/\/www.fengtech.com\/es\/wp-json\/wp\/v2\/media?parent=2953"}],"wp:term":[{"taxonomy":"product_brand","embeddable":true,"href":"https:\/\/www.fengtech.com\/es\/wp-json\/wp\/v2\/product_brand?post=2953"},{"taxonomy":"product_cat","embeddable":true,"href":"https:\/\/www.fengtech.com\/es\/wp-json\/wp\/v2\/product_cat?post=2953"},{"taxonomy":"product_tag","embeddable":true,"href":"https:\/\/www.fengtech.com\/es\/wp-json\/wp\/v2\/product_tag?post=2953"}],"curies":[{"name":"wp","href":"https:\/\/api.w.org\/{rel}","templated":true}]}}