{"id":2937,"date":"2025-07-31T15:37:50","date_gmt":"2025-07-31T07:37:50","guid":{"rendered":"https:\/\/www.fengtech.com\/?post_type=product&#038;p=2937"},"modified":"2025-07-31T15:37:51","modified_gmt":"2025-07-31T07:37:51","slug":"yjf6440-1701","status":"publish","type":"product","link":"https:\/\/www.fengtech.com\/es\/producto\/yjf6440-1701\/","title":{"rendered":"YJF6440-1701"},"content":{"rendered":"<p><img decoding=\"async\" class=\"wp-image-2942 size-full\" src=\"https:\/\/www.fengtech.com\/wp-content\/uploads\/2025\/07\/FengTech-2.jpg\" alt=\"yjf6440-1701\" width=\"100%\" height=\"800\" srcset=\"https:\/\/www.fengtech.com\/wp-content\/uploads\/2025\/07\/FengTech-2.jpg 1600w, https:\/\/www.fengtech.com\/wp-content\/uploads\/2025\/07\/FengTech-2-300x150.jpg 300w, https:\/\/www.fengtech.com\/wp-content\/uploads\/2025\/07\/FengTech-2-1024x512.jpg 1024w, https:\/\/www.fengtech.com\/wp-content\/uploads\/2025\/07\/FengTech-2-768x384.jpg 768w, https:\/\/www.fengtech.com\/wp-content\/uploads\/2025\/07\/FengTech-2-1536x768.jpg 1536w, https:\/\/www.fengtech.com\/wp-content\/uploads\/2025\/07\/FengTech-2-18x9.jpg 18w, https:\/\/www.fengtech.com\/wp-content\/uploads\/2025\/07\/FengTech-2-600x300.jpg 600w\" sizes=\"(max-width: 1600px) 100vw, 1600px\" \/><\/p>\n<p>El motor de polos sombreados de la serie yjf6440-1701 producido por Fengtech se utiliza para granizadoras y m\u00e1quinas de helados. Ha pasado las pruebas reales y es compatible con la mayor\u00eda de las m\u00e1quinas de granizados en el mercado. Tiene las caracter\u00edsticas de alta estabilidad y alta compatibilidad.<\/p>","protected":false},"excerpt":{"rendered":"<p>Tensi\u00f3n nominal: 230 V<br \/>\nFrecuencia nominal: 50\/60Hz<br \/>\nRango de velocidad: 32\/38RPM<br \/>\nDirecci\u00f3n de giro: CW<\/p>","protected":false},"featured_media":2938,"template":"","meta":{"site-sidebar-layout":"default","site-content-layout":"","ast-site-content-layout":"default","site-content-style":"default","site-sidebar-style":"default","ast-global-header-display":"","ast-banner-title-visibility":"","ast-main-header-display":"","ast-hfb-above-header-display":"","ast-hfb-below-header-display":"","ast-hfb-mobile-header-display":"","site-post-title":"","ast-breadcrumbs-content":"","ast-featured-img":"","footer-sml-layout":"","theme-transparent-header-meta":"default","adv-header-id-meta":"","stick-header-meta":"","header-above-stick-meta":"","header-main-stick-meta":"","header-below-stick-meta":"","astra-migrate-meta-layouts":"set","ast-page-background-enabled":"default","ast-page-background-meta":{"desktop":{"background-color":"","background-image":"","background-repeat":"repeat","background-position":"center center","background-size":"auto","background-attachment":"scroll","background-type":"","background-media":"","overlay-type":"","overlay-color":"","overlay-opacity":"","overlay-gradient":""},"tablet":{"background-color":"","background-image":"","background-repeat":"repeat","background-position":"center center","background-size":"auto","background-attachment":"scroll","background-type":"","background-media":"","overlay-type":"","overlay-color":"","overlay-opacity":"","overlay-gradient":""},"mobile":{"background-color":"","background-image":"","background-repeat":"repeat","background-position":"center center","background-size":"auto","background-attachment":"scroll","background-type":"","background-media":"","overlay-type":"","overlay-color":"","overlay-opacity":"","overlay-gradient":""}},"ast-content-background-meta":{"desktop":{"background-color":"var(--ast-global-color-5)","background-image":"","background-repeat":"repeat","background-position":"center center","background-size":"auto","background-attachment":"scroll","background-type":"","background-media":"","overlay-type":"","overlay-color":"","overlay-opacity":"","overlay-gradient":""},"tablet":{"background-color":"var(--ast-global-color-5)","background-image":"","background-repeat":"repeat","background-position":"center center","background-size":"auto","background-attachment":"scroll","background-type":"","background-media":"","overlay-type":"","overlay-color":"","overlay-opacity":"","overlay-gradient":""},"mobile":{"background-color":"var(--ast-global-color-5)","background-image":"","background-repeat":"repeat","background-position":"center center","background-size":"auto","background-attachment":"scroll","background-type":"","background-media":"","overlay-type":"","overlay-color":"","overlay-opacity":"","overlay-gradient":""}}},"product_brand":[],"product_cat":[56],"product_tag":[],"class_list":{"0":"post-2937","1":"product","2":"type-product","3":"status-publish","4":"has-post-thumbnail","6":"product_cat-shaded-pole-motor","7":"desktop-align-left","8":"tablet-align-left","9":"mobile-align-left","11":"first","12":"instock","13":"shipping-taxable","14":"product-type-simple"},"yoast_head":"<!-- This site is optimized with the Yoast SEO Premium plugin v25.4 (Yoast SEO v25.4) - https:\/\/yoast.com\/wordpress\/plugins\/seo\/ -->\n<title>Custom AC230V Slush\/Ice Cream Machine Motor YJF6440-1701 - Fengtech<\/title>\n<meta name=\"description\" content=\"The yjf6440-1701 series shaded pole motor produced by Fengtech is used for slush machines and ice cream machines. It has passed actual tests and is compatible with most slush machines on the market. It has the characteristics of high stability and high compatibility.\" \/>\n<meta name=\"robots\" content=\"index, follow, max-snippet:-1, max-image-preview:large, max-video-preview:-1\" \/>\n<link rel=\"canonical\" href=\"https:\/\/www.fengtech.com\/es\/producto\/yjf6440-1701\/\" \/>\n<meta property=\"og:locale\" content=\"es_ES\" \/>\n<meta property=\"og:type\" content=\"article\" \/>\n<meta property=\"og:title\" content=\"YJF6440-1701\" \/>\n<meta property=\"og:description\" content=\"The yjf6440-1701 series shaded pole motor produced by Fengtech is used for slush machines and ice cream machines. It has passed actual tests and is compatible with most slush machines on the market. It has the characteristics of high stability and high compatibility.\" \/>\n<meta property=\"og:url\" content=\"https:\/\/www.fengtech.com\/es\/producto\/yjf6440-1701\/\" \/>\n<meta property=\"og:site_name\" content=\"Fengtech\" \/>\n<meta property=\"article:publisher\" content=\"https:\/\/www.facebook.com\/fengtech\/\" \/>\n<meta property=\"article:modified_time\" content=\"2025-07-31T07:37:51+00:00\" \/>\n<meta property=\"og:image\" content=\"https:\/\/www.fengtech.com\/wp-content\/uploads\/2025\/07\/YJF6440-1701-1.jpg\" \/>\n\t<meta property=\"og:image:width\" content=\"800\" \/>\n\t<meta property=\"og:image:height\" content=\"800\" \/>\n\t<meta property=\"og:image:type\" content=\"image\/jpeg\" \/>\n<meta name=\"twitter:card\" content=\"summary_large_image\" \/>\n<meta name=\"twitter:label1\" content=\"Tiempo de lectura\" \/>\n\t<meta name=\"twitter:data1\" content=\"1 minuto\" \/>\n<script type=\"application\/ld+json\" class=\"yoast-schema-graph\">{\"@context\":\"https:\/\/schema.org\",\"@graph\":[{\"@type\":\"WebPage\",\"@id\":\"https:\/\/www.fengtech.com\/product\/yjf6440-1701\/\",\"url\":\"https:\/\/www.fengtech.com\/product\/yjf6440-1701\/\",\"name\":\"Custom AC230V Slush\/Ice Cream Machine Motor YJF6440-1701 - Fengtech\",\"isPartOf\":{\"@id\":\"https:\/\/www.fengtech.com\/#website\"},\"primaryImageOfPage\":{\"@id\":\"https:\/\/www.fengtech.com\/product\/yjf6440-1701\/#primaryimage\"},\"image\":{\"@id\":\"https:\/\/www.fengtech.com\/product\/yjf6440-1701\/#primaryimage\"},\"thumbnailUrl\":\"https:\/\/www.fengtech.com\/wp-content\/uploads\/2025\/07\/YJF6440-1701-1.jpg\",\"datePublished\":\"2025-07-31T07:37:50+00:00\",\"dateModified\":\"2025-07-31T07:37:51+00:00\",\"description\":\"The yjf6440-1701 series shaded pole motor produced by Fengtech is used for slush machines and ice cream machines. It has passed actual tests and is compatible with most slush machines on the market. It has the characteristics of high stability and high compatibility.\",\"breadcrumb\":{\"@id\":\"https:\/\/www.fengtech.com\/product\/yjf6440-1701\/#breadcrumb\"},\"inLanguage\":\"es\",\"potentialAction\":[{\"@type\":\"ReadAction\",\"target\":[\"https:\/\/www.fengtech.com\/product\/yjf6440-1701\/\"]}]},{\"@type\":\"ImageObject\",\"inLanguage\":\"es\",\"@id\":\"https:\/\/www.fengtech.com\/product\/yjf6440-1701\/#primaryimage\",\"url\":\"https:\/\/www.fengtech.com\/wp-content\/uploads\/2025\/07\/YJF6440-1701-1.jpg\",\"contentUrl\":\"https:\/\/www.fengtech.com\/wp-content\/uploads\/2025\/07\/YJF6440-1701-1.jpg\",\"width\":800,\"height\":800,\"caption\":\"YJF6440-1701-1\"},{\"@type\":\"BreadcrumbList\",\"@id\":\"https:\/\/www.fengtech.com\/product\/yjf6440-1701\/#breadcrumb\",\"itemListElement\":[{\"@type\":\"ListItem\",\"position\":1,\"name\":\"\u9996\u9875\",\"item\":\"https:\/\/www.fengtech.com\/\"},{\"@type\":\"ListItem\",\"position\":2,\"name\":\"Products\",\"item\":\"https:\/\/www.fengtech.com\/shop\/\"},{\"@type\":\"ListItem\",\"position\":3,\"name\":\"YJF6440-1701\"}]},{\"@type\":\"WebSite\",\"@id\":\"https:\/\/www.fengtech.com\/#website\",\"url\":\"https:\/\/www.fengtech.com\/\",\"name\":\"FengTech Motor\",\"description\":\"Outdoor Sports Adventure Website\",\"publisher\":{\"@id\":\"https:\/\/www.fengtech.com\/#organization\"},\"potentialAction\":[{\"@type\":\"SearchAction\",\"target\":{\"@type\":\"EntryPoint\",\"urlTemplate\":\"https:\/\/www.fengtech.com\/?s={search_term_string}\"},\"query-input\":{\"@type\":\"PropertyValueSpecification\",\"valueRequired\":true,\"valueName\":\"search_term_string\"}}],\"inLanguage\":\"es\"},{\"@type\":\"Organization\",\"@id\":\"https:\/\/www.fengtech.com\/#organization\",\"name\":\"FengTech Motor\",\"url\":\"https:\/\/www.fengtech.com\/\",\"logo\":{\"@type\":\"ImageObject\",\"inLanguage\":\"es\",\"@id\":\"https:\/\/www.fengtech.com\/#\/schema\/logo\/image\/\",\"url\":\"https:\/\/www.fengtech.com\/wp-content\/uploads\/2025\/07\/cropped-fengtech_logo_w.jpg\",\"contentUrl\":\"https:\/\/www.fengtech.com\/wp-content\/uploads\/2025\/07\/cropped-fengtech_logo_w.jpg\",\"width\":512,\"height\":512,\"caption\":\"FengTech Motor\"},\"image\":{\"@id\":\"https:\/\/www.fengtech.com\/#\/schema\/logo\/image\/\"},\"sameAs\":[\"https:\/\/www.facebook.com\/fengtech\/\",\"https:\/\/www.linkedin.com\/in\/barry-yuan\/\"]}]}<\/script>\n<!-- \/ Yoast SEO Premium plugin. -->","yoast_head_json":{"title":"Custom AC230V Slush\/Ice Cream Machine Motor YJF6440-1701 - Fengtech","description":"El motor de polos sombreados de la serie yjf6440-1701 producido por Fengtech se utiliza para granizadoras y m\u00e1quinas de helados. Ha pasado las pruebas reales y es compatible con la mayor\u00eda de las m\u00e1quinas de granizados en el mercado. Tiene las caracter\u00edsticas de alta estabilidad y alta compatibilidad.","robots":{"index":"index","follow":"follow","max-snippet":"max-snippet:-1","max-image-preview":"max-image-preview:large","max-video-preview":"max-video-preview:-1"},"canonical":"https:\/\/www.fengtech.com\/es\/producto\/yjf6440-1701\/","og_locale":"es_ES","og_type":"article","og_title":"YJF6440-1701","og_description":"The yjf6440-1701 series shaded pole motor produced by Fengtech is used for slush machines and ice cream machines. It has passed actual tests and is compatible with most slush machines on the market. It has the characteristics of high stability and high compatibility.","og_url":"https:\/\/www.fengtech.com\/es\/producto\/yjf6440-1701\/","og_site_name":"Fengtech","article_publisher":"https:\/\/www.facebook.com\/fengtech\/","article_modified_time":"2025-07-31T07:37:51+00:00","og_image":[{"width":800,"height":800,"url":"https:\/\/www.fengtech.com\/wp-content\/uploads\/2025\/07\/YJF6440-1701-1.jpg","type":"image\/jpeg"}],"twitter_card":"summary_large_image","twitter_misc":{"Tiempo de lectura":"1 minuto"},"schema":{"@context":"https:\/\/schema.org","@graph":[{"@type":"WebPage","@id":"https:\/\/www.fengtech.com\/product\/yjf6440-1701\/","url":"https:\/\/www.fengtech.com\/product\/yjf6440-1701\/","name":"Custom AC230V Slush\/Ice Cream Machine Motor YJF6440-1701 - Fengtech","isPartOf":{"@id":"https:\/\/www.fengtech.com\/#website"},"primaryImageOfPage":{"@id":"https:\/\/www.fengtech.com\/product\/yjf6440-1701\/#primaryimage"},"image":{"@id":"https:\/\/www.fengtech.com\/product\/yjf6440-1701\/#primaryimage"},"thumbnailUrl":"https:\/\/www.fengtech.com\/wp-content\/uploads\/2025\/07\/YJF6440-1701-1.jpg","datePublished":"2025-07-31T07:37:50+00:00","dateModified":"2025-07-31T07:37:51+00:00","description":"El motor de polos sombreados de la serie yjf6440-1701 producido por Fengtech se utiliza para granizadoras y m\u00e1quinas de helados. Ha pasado las pruebas reales y es compatible con la mayor\u00eda de las m\u00e1quinas de granizados en el mercado. Tiene las caracter\u00edsticas de alta estabilidad y alta compatibilidad.","breadcrumb":{"@id":"https:\/\/www.fengtech.com\/product\/yjf6440-1701\/#breadcrumb"},"inLanguage":"es","potentialAction":[{"@type":"ReadAction","target":["https:\/\/www.fengtech.com\/product\/yjf6440-1701\/"]}]},{"@type":"ImageObject","inLanguage":"es","@id":"https:\/\/www.fengtech.com\/product\/yjf6440-1701\/#primaryimage","url":"https:\/\/www.fengtech.com\/wp-content\/uploads\/2025\/07\/YJF6440-1701-1.jpg","contentUrl":"https:\/\/www.fengtech.com\/wp-content\/uploads\/2025\/07\/YJF6440-1701-1.jpg","width":800,"height":800,"caption":"YJF6440-1701-1"},{"@type":"BreadcrumbList","@id":"https:\/\/www.fengtech.com\/product\/yjf6440-1701\/#breadcrumb","itemListElement":[{"@type":"ListItem","position":1,"name":"\u9996\u9875","item":"https:\/\/www.fengtech.com\/"},{"@type":"ListItem","position":2,"name":"Products","item":"https:\/\/www.fengtech.com\/shop\/"},{"@type":"ListItem","position":3,"name":"YJF6440-1701"}]},{"@type":"WebSite","@id":"https:\/\/www.fengtech.com\/#website","url":"https:\/\/www.fengtech.com\/","name":"FengTech Motor","description":"Outdoor Sports Adventure Website","publisher":{"@id":"https:\/\/www.fengtech.com\/#organization"},"potentialAction":[{"@type":"SearchAction","target":{"@type":"EntryPoint","urlTemplate":"https:\/\/www.fengtech.com\/?s={search_term_string}"},"query-input":{"@type":"PropertyValueSpecification","valueRequired":true,"valueName":"search_term_string"}}],"inLanguage":"es"},{"@type":"Organization","@id":"https:\/\/www.fengtech.com\/#organization","name":"FengTech Motor","url":"https:\/\/www.fengtech.com\/","logo":{"@type":"ImageObject","inLanguage":"es","@id":"https:\/\/www.fengtech.com\/#\/schema\/logo\/image\/","url":"https:\/\/www.fengtech.com\/wp-content\/uploads\/2025\/07\/cropped-fengtech_logo_w.jpg","contentUrl":"https:\/\/www.fengtech.com\/wp-content\/uploads\/2025\/07\/cropped-fengtech_logo_w.jpg","width":512,"height":512,"caption":"FengTech Motor"},"image":{"@id":"https:\/\/www.fengtech.com\/#\/schema\/logo\/image\/"},"sameAs":["https:\/\/www.facebook.com\/fengtech\/","https:\/\/www.linkedin.com\/in\/barry-yuan\/"]}]}},"_links":{"self":[{"href":"https:\/\/www.fengtech.com\/es\/wp-json\/wp\/v2\/product\/2937","targetHints":{"allow":["GET"]}}],"collection":[{"href":"https:\/\/www.fengtech.com\/es\/wp-json\/wp\/v2\/product"}],"about":[{"href":"https:\/\/www.fengtech.com\/es\/wp-json\/wp\/v2\/types\/product"}],"version-history":[{"count":0,"href":"https:\/\/www.fengtech.com\/es\/wp-json\/wp\/v2\/product\/2937\/revisions"}],"wp:featuredmedia":[{"embeddable":true,"href":"https:\/\/www.fengtech.com\/es\/wp-json\/wp\/v2\/media\/2938"}],"wp:attachment":[{"href":"https:\/\/www.fengtech.com\/es\/wp-json\/wp\/v2\/media?parent=2937"}],"wp:term":[{"taxonomy":"product_brand","embeddable":true,"href":"https:\/\/www.fengtech.com\/es\/wp-json\/wp\/v2\/product_brand?post=2937"},{"taxonomy":"product_cat","embeddable":true,"href":"https:\/\/www.fengtech.com\/es\/wp-json\/wp\/v2\/product_cat?post=2937"},{"taxonomy":"product_tag","embeddable":true,"href":"https:\/\/www.fengtech.com\/es\/wp-json\/wp\/v2\/product_tag?post=2937"}],"curies":[{"name":"wp","href":"https:\/\/api.w.org\/{rel}","templated":true}]}}