{"id":2906,"date":"2025-07-31T10:59:02","date_gmt":"2025-07-31T02:59:02","guid":{"rendered":"https:\/\/www.fengtech.com\/?post_type=product&#038;p=2906"},"modified":"2025-10-13T10:30:20","modified_gmt":"2025-10-13T02:30:20","slug":"59tyd-6b","status":"publish","type":"product","link":"https:\/\/www.fengtech.com\/es\/producto\/59tyd-6b\/","title":{"rendered":"59TYD-6B"},"content":{"rendered":"<p>59TYD-6B es un motor el\u00e9ctrico s\u00edncrono AC de imanes permanentes desarrollado independientemente por Fengtech Motor. Se utiliza principalmente en sistemas de aire acondicionado (HAVC) y sistemas de televisi\u00f3n por cable (CATV). Tiene las caracter\u00edsticas de alta eficiencia y alto par, y soporta el dise\u00f1o personalizado, incluyendo los par\u00e1metros, la apariencia y el embalaje.<\/p>\n<p><span style=\"color: #ff0000;\"><a style=\"color: #ff0000; font-size: 24px;\" href=\"https:\/\/www.fengtech.com\/wp-content\/uploads\/2025\/07\/59TYD-6B.pdf\">\u25b659TYD-6B.pdf<\/a><\/span><\/p>\n<p><img decoding=\"async\" class=\"wp-image-2908 size-full\" src=\"https:\/\/www.fengtech.com\/wp-content\/uploads\/2025\/07\/59TYD-6B.png\" alt=\"59TYD-6B\" width=\"100%\" height=\"2339\" srcset=\"https:\/\/www.fengtech.com\/wp-content\/uploads\/2025\/07\/59TYD-6B.png 1653w, https:\/\/www.fengtech.com\/wp-content\/uploads\/2025\/07\/59TYD-6B-212x300.png 212w, https:\/\/www.fengtech.com\/wp-content\/uploads\/2025\/07\/59TYD-6B-724x1024.png 724w, https:\/\/www.fengtech.com\/wp-content\/uploads\/2025\/07\/59TYD-6B-768x1087.png 768w, https:\/\/www.fengtech.com\/wp-content\/uploads\/2025\/07\/59TYD-6B-1086x1536.png 1086w, https:\/\/www.fengtech.com\/wp-content\/uploads\/2025\/07\/59TYD-6B-1447x2048.png 1447w, https:\/\/www.fengtech.com\/wp-content\/uploads\/2025\/07\/59TYD-6B-8x12.png 8w, https:\/\/www.fengtech.com\/wp-content\/uploads\/2025\/07\/59TYD-6B-600x849.png 600w\" sizes=\"(max-width: 1653px) 100vw, 1653px\" \/><\/p>\n<h3>59TYD-6B Expositor de producto:<\/h3>\n<p><iframe title=\"Reproductor de v\u00eddeo YouTube\" src=\"https:\/\/www.youtube.com\/embed\/QTXIIA5ovJs?si=pufohiVcduozrPN4\" width=\"100%\" height=\"500\" frameborder=\"0\" allowfullscreen=\"allowfullscreen\"><span data-mce-type=\"bookmark\" style=\"display: inline-block; width: 0px; overflow: hidden; line-height: 0;\" class=\"mce_SELRES_start\"><\/span><\/iframe><\/p>","protected":false},"excerpt":{"rendered":"<p>Tensi\u00f3n nominal: 24\/110\/220V<br \/>\nFrecuencia nominal: 50\/60Hz<br \/>\nPotencia de entrada: &lt;16W<br \/>\nCorriente de entrada: &lt;0.3\/&lt;0.065\/&lt;0.032<br \/>\nPotencia de salida: 4 W<br \/>\nRuido: &lt;40db<br \/>\nSentido de giro: CW\/CCW\/Bi-direccional<\/p>","protected":false},"featured_media":2911,"template":"","meta":{"site-sidebar-layout":"default","site-content-layout":"","ast-site-content-layout":"default","site-content-style":"default","site-sidebar-style":"default","ast-global-header-display":"","ast-banner-title-visibility":"","ast-main-header-display":"","ast-hfb-above-header-display":"","ast-hfb-below-header-display":"","ast-hfb-mobile-header-display":"","site-post-title":"","ast-breadcrumbs-content":"","ast-featured-img":"","footer-sml-layout":"","theme-transparent-header-meta":"default","adv-header-id-meta":"","stick-header-meta":"","header-above-stick-meta":"","header-main-stick-meta":"","header-below-stick-meta":"","astra-migrate-meta-layouts":"set","ast-page-background-enabled":"default","ast-page-background-meta":{"desktop":{"background-color":"","background-image":"","background-repeat":"repeat","background-position":"center center","background-size":"auto","background-attachment":"scroll","background-type":"","background-media":"","overlay-type":"","overlay-color":"","overlay-opacity":"","overlay-gradient":""},"tablet":{"background-color":"","background-image":"","background-repeat":"repeat","background-position":"center center","background-size":"auto","background-attachment":"scroll","background-type":"","background-media":"","overlay-type":"","overlay-color":"","overlay-opacity":"","overlay-gradient":""},"mobile":{"background-color":"","background-image":"","background-repeat":"repeat","background-position":"center center","background-size":"auto","background-attachment":"scroll","background-type":"","background-media":"","overlay-type":"","overlay-color":"","overlay-opacity":"","overlay-gradient":""}},"ast-content-background-meta":{"desktop":{"background-color":"var(--ast-global-color-5)","background-image":"","background-repeat":"repeat","background-position":"center center","background-size":"auto","background-attachment":"scroll","background-type":"","background-media":"","overlay-type":"","overlay-color":"","overlay-opacity":"","overlay-gradient":""},"tablet":{"background-color":"var(--ast-global-color-5)","background-image":"","background-repeat":"repeat","background-position":"center center","background-size":"auto","background-attachment":"scroll","background-type":"","background-media":"","overlay-type":"","overlay-color":"","overlay-opacity":"","overlay-gradient":""},"mobile":{"background-color":"var(--ast-global-color-5)","background-image":"","background-repeat":"repeat","background-position":"center center","background-size":"auto","background-attachment":"scroll","background-type":"","background-media":"","overlay-type":"","overlay-color":"","overlay-opacity":"","overlay-gradient":""}}},"product_brand":[],"product_cat":[32],"product_tag":[66],"class_list":{"0":"post-2906","1":"product","2":"type-product","3":"status-publish","4":"has-post-thumbnail","6":"product_cat-ac-synchronous-motor","7":"product_tag-ball-valve-motor","8":"desktop-align-left","9":"tablet-align-left","10":"mobile-align-left","12":"first","13":"instock","14":"shipping-taxable","15":"product-type-simple"},"yoast_head":"<!-- This site is optimized with the Yoast SEO Premium plugin v25.4 (Yoast SEO v25.4) - https:\/\/yoast.com\/wordpress\/plugins\/seo\/ -->\n<title>59TYD-6B - Fengtech<\/title>\n<meta name=\"description\" content=\"59TYD-6B is an AC motor designed by Fengtech, mainly used in HAVC System and CATV System. It has the characteristics of high efficiency and high torque, and supports customized design, including parameters, shape, packaging, etc.\" \/>\n<meta name=\"robots\" content=\"index, follow, max-snippet:-1, max-image-preview:large, max-video-preview:-1\" \/>\n<link rel=\"canonical\" href=\"https:\/\/www.fengtech.com\/es\/producto\/59tyd-6b\/\" \/>\n<meta property=\"og:locale\" content=\"es_ES\" \/>\n<meta property=\"og:type\" content=\"article\" \/>\n<meta property=\"og:title\" content=\"59TYD-6B\" \/>\n<meta property=\"og:description\" content=\"59TYD-6B is an AC motor designed by Fengtech, mainly used in HAVC System and CATV System. It has the characteristics of high efficiency and high torque, and supports customized design, including parameters, shape, packaging, etc.\" \/>\n<meta property=\"og:url\" content=\"https:\/\/www.fengtech.com\/es\/producto\/59tyd-6b\/\" \/>\n<meta property=\"og:site_name\" content=\"Fengtech\" \/>\n<meta property=\"article:publisher\" content=\"https:\/\/www.facebook.com\/fengtech\/\" \/>\n<meta property=\"article:modified_time\" content=\"2025-10-13T02:30:20+00:00\" \/>\n<meta property=\"og:image\" content=\"https:\/\/www.fengtech.com\/wp-content\/uploads\/2025\/07\/59TYD-6B-1.jpg\" \/>\n\t<meta property=\"og:image:width\" content=\"800\" \/>\n\t<meta property=\"og:image:height\" content=\"800\" \/>\n\t<meta property=\"og:image:type\" content=\"image\/jpeg\" \/>\n<meta name=\"twitter:card\" content=\"summary_large_image\" \/>\n<meta name=\"twitter:label1\" content=\"Tiempo de lectura\" \/>\n\t<meta name=\"twitter:data1\" content=\"1 minuto\" \/>\n<script type=\"application\/ld+json\" class=\"yoast-schema-graph\">{\"@context\":\"https:\/\/schema.org\",\"@graph\":[{\"@type\":\"WebPage\",\"@id\":\"https:\/\/www.fengtech.com\/product\/59tyd-6b\/\",\"url\":\"https:\/\/www.fengtech.com\/product\/59tyd-6b\/\",\"name\":\"59TYD-6B - Fengtech\",\"isPartOf\":{\"@id\":\"https:\/\/www.fengtech.com\/#website\"},\"primaryImageOfPage\":{\"@id\":\"https:\/\/www.fengtech.com\/product\/59tyd-6b\/#primaryimage\"},\"image\":{\"@id\":\"https:\/\/www.fengtech.com\/product\/59tyd-6b\/#primaryimage\"},\"thumbnailUrl\":\"https:\/\/www.fengtech.com\/wp-content\/uploads\/2025\/07\/59TYD-6B-1.jpg\",\"datePublished\":\"2025-07-31T02:59:02+00:00\",\"dateModified\":\"2025-10-13T02:30:20+00:00\",\"description\":\"59TYD-6B is an AC motor designed by Fengtech, mainly used in HAVC System and CATV System. It has the characteristics of high efficiency and high torque, and supports customized design, including parameters, shape, packaging, etc.\",\"breadcrumb\":{\"@id\":\"https:\/\/www.fengtech.com\/product\/59tyd-6b\/#breadcrumb\"},\"inLanguage\":\"es\",\"potentialAction\":[{\"@type\":\"ReadAction\",\"target\":[\"https:\/\/www.fengtech.com\/product\/59tyd-6b\/\"]}]},{\"@type\":\"ImageObject\",\"inLanguage\":\"es\",\"@id\":\"https:\/\/www.fengtech.com\/product\/59tyd-6b\/#primaryimage\",\"url\":\"https:\/\/www.fengtech.com\/wp-content\/uploads\/2025\/07\/59TYD-6B-1.jpg\",\"contentUrl\":\"https:\/\/www.fengtech.com\/wp-content\/uploads\/2025\/07\/59TYD-6B-1.jpg\",\"width\":800,\"height\":800,\"caption\":\"59TYD-6B-1\"},{\"@type\":\"BreadcrumbList\",\"@id\":\"https:\/\/www.fengtech.com\/product\/59tyd-6b\/#breadcrumb\",\"itemListElement\":[{\"@type\":\"ListItem\",\"position\":1,\"name\":\"\u9996\u9875\",\"item\":\"https:\/\/www.fengtech.com\/\"},{\"@type\":\"ListItem\",\"position\":2,\"name\":\"Products\",\"item\":\"https:\/\/www.fengtech.com\/shop\/\"},{\"@type\":\"ListItem\",\"position\":3,\"name\":\"59TYD-6B\"}]},{\"@type\":\"WebSite\",\"@id\":\"https:\/\/www.fengtech.com\/#website\",\"url\":\"https:\/\/www.fengtech.com\/\",\"name\":\"FengTech Motor\",\"description\":\"Outdoor Sports Adventure Website\",\"publisher\":{\"@id\":\"https:\/\/www.fengtech.com\/#organization\"},\"potentialAction\":[{\"@type\":\"SearchAction\",\"target\":{\"@type\":\"EntryPoint\",\"urlTemplate\":\"https:\/\/www.fengtech.com\/?s={search_term_string}\"},\"query-input\":{\"@type\":\"PropertyValueSpecification\",\"valueRequired\":true,\"valueName\":\"search_term_string\"}}],\"inLanguage\":\"es\"},{\"@type\":\"Organization\",\"@id\":\"https:\/\/www.fengtech.com\/#organization\",\"name\":\"FengTech Motor\",\"url\":\"https:\/\/www.fengtech.com\/\",\"logo\":{\"@type\":\"ImageObject\",\"inLanguage\":\"es\",\"@id\":\"https:\/\/www.fengtech.com\/#\/schema\/logo\/image\/\",\"url\":\"https:\/\/www.fengtech.com\/wp-content\/uploads\/2025\/07\/cropped-fengtech_logo_w.jpg\",\"contentUrl\":\"https:\/\/www.fengtech.com\/wp-content\/uploads\/2025\/07\/cropped-fengtech_logo_w.jpg\",\"width\":512,\"height\":512,\"caption\":\"FengTech Motor\"},\"image\":{\"@id\":\"https:\/\/www.fengtech.com\/#\/schema\/logo\/image\/\"},\"sameAs\":[\"https:\/\/www.facebook.com\/fengtech\/\",\"https:\/\/www.linkedin.com\/in\/barry-yuan\/\"]}]}<\/script>\n<!-- \/ Yoast SEO Premium plugin. -->","yoast_head_json":{"title":"59TYD-6B - Fengtech","description":"59TYD-6B is an AC motor designed by Fengtech, mainly used in HAVC System and CATV System. It has the characteristics of high efficiency and high torque, and supports customized design, including parameters, shape, packaging, etc.","robots":{"index":"index","follow":"follow","max-snippet":"max-snippet:-1","max-image-preview":"max-image-preview:large","max-video-preview":"max-video-preview:-1"},"canonical":"https:\/\/www.fengtech.com\/es\/producto\/59tyd-6b\/","og_locale":"es_ES","og_type":"article","og_title":"59TYD-6B","og_description":"59TYD-6B is an AC motor designed by Fengtech, mainly used in HAVC System and CATV System. It has the characteristics of high efficiency and high torque, and supports customized design, including parameters, shape, packaging, etc.","og_url":"https:\/\/www.fengtech.com\/es\/producto\/59tyd-6b\/","og_site_name":"Fengtech","article_publisher":"https:\/\/www.facebook.com\/fengtech\/","article_modified_time":"2025-10-13T02:30:20+00:00","og_image":[{"width":800,"height":800,"url":"https:\/\/www.fengtech.com\/wp-content\/uploads\/2025\/07\/59TYD-6B-1.jpg","type":"image\/jpeg"}],"twitter_card":"summary_large_image","twitter_misc":{"Tiempo de lectura":"1 minuto"},"schema":{"@context":"https:\/\/schema.org","@graph":[{"@type":"WebPage","@id":"https:\/\/www.fengtech.com\/product\/59tyd-6b\/","url":"https:\/\/www.fengtech.com\/product\/59tyd-6b\/","name":"59TYD-6B - Fengtech","isPartOf":{"@id":"https:\/\/www.fengtech.com\/#website"},"primaryImageOfPage":{"@id":"https:\/\/www.fengtech.com\/product\/59tyd-6b\/#primaryimage"},"image":{"@id":"https:\/\/www.fengtech.com\/product\/59tyd-6b\/#primaryimage"},"thumbnailUrl":"https:\/\/www.fengtech.com\/wp-content\/uploads\/2025\/07\/59TYD-6B-1.jpg","datePublished":"2025-07-31T02:59:02+00:00","dateModified":"2025-10-13T02:30:20+00:00","description":"59TYD-6B is an AC motor designed by Fengtech, mainly used in HAVC System and CATV System. It has the characteristics of high efficiency and high torque, and supports customized design, including parameters, shape, packaging, etc.","breadcrumb":{"@id":"https:\/\/www.fengtech.com\/product\/59tyd-6b\/#breadcrumb"},"inLanguage":"es","potentialAction":[{"@type":"ReadAction","target":["https:\/\/www.fengtech.com\/product\/59tyd-6b\/"]}]},{"@type":"ImageObject","inLanguage":"es","@id":"https:\/\/www.fengtech.com\/product\/59tyd-6b\/#primaryimage","url":"https:\/\/www.fengtech.com\/wp-content\/uploads\/2025\/07\/59TYD-6B-1.jpg","contentUrl":"https:\/\/www.fengtech.com\/wp-content\/uploads\/2025\/07\/59TYD-6B-1.jpg","width":800,"height":800,"caption":"59TYD-6B-1"},{"@type":"BreadcrumbList","@id":"https:\/\/www.fengtech.com\/product\/59tyd-6b\/#breadcrumb","itemListElement":[{"@type":"ListItem","position":1,"name":"\u9996\u9875","item":"https:\/\/www.fengtech.com\/"},{"@type":"ListItem","position":2,"name":"Products","item":"https:\/\/www.fengtech.com\/shop\/"},{"@type":"ListItem","position":3,"name":"59TYD-6B"}]},{"@type":"WebSite","@id":"https:\/\/www.fengtech.com\/#website","url":"https:\/\/www.fengtech.com\/","name":"FengTech Motor","description":"Outdoor Sports Adventure Website","publisher":{"@id":"https:\/\/www.fengtech.com\/#organization"},"potentialAction":[{"@type":"SearchAction","target":{"@type":"EntryPoint","urlTemplate":"https:\/\/www.fengtech.com\/?s={search_term_string}"},"query-input":{"@type":"PropertyValueSpecification","valueRequired":true,"valueName":"search_term_string"}}],"inLanguage":"es"},{"@type":"Organization","@id":"https:\/\/www.fengtech.com\/#organization","name":"FengTech Motor","url":"https:\/\/www.fengtech.com\/","logo":{"@type":"ImageObject","inLanguage":"es","@id":"https:\/\/www.fengtech.com\/#\/schema\/logo\/image\/","url":"https:\/\/www.fengtech.com\/wp-content\/uploads\/2025\/07\/cropped-fengtech_logo_w.jpg","contentUrl":"https:\/\/www.fengtech.com\/wp-content\/uploads\/2025\/07\/cropped-fengtech_logo_w.jpg","width":512,"height":512,"caption":"FengTech Motor"},"image":{"@id":"https:\/\/www.fengtech.com\/#\/schema\/logo\/image\/"},"sameAs":["https:\/\/www.facebook.com\/fengtech\/","https:\/\/www.linkedin.com\/in\/barry-yuan\/"]}]}},"_links":{"self":[{"href":"https:\/\/www.fengtech.com\/es\/wp-json\/wp\/v2\/product\/2906","targetHints":{"allow":["GET"]}}],"collection":[{"href":"https:\/\/www.fengtech.com\/es\/wp-json\/wp\/v2\/product"}],"about":[{"href":"https:\/\/www.fengtech.com\/es\/wp-json\/wp\/v2\/types\/product"}],"version-history":[{"count":0,"href":"https:\/\/www.fengtech.com\/es\/wp-json\/wp\/v2\/product\/2906\/revisions"}],"wp:featuredmedia":[{"embeddable":true,"href":"https:\/\/www.fengtech.com\/es\/wp-json\/wp\/v2\/media\/2911"}],"wp:attachment":[{"href":"https:\/\/www.fengtech.com\/es\/wp-json\/wp\/v2\/media?parent=2906"}],"wp:term":[{"taxonomy":"product_brand","embeddable":true,"href":"https:\/\/www.fengtech.com\/es\/wp-json\/wp\/v2\/product_brand?post=2906"},{"taxonomy":"product_cat","embeddable":true,"href":"https:\/\/www.fengtech.com\/es\/wp-json\/wp\/v2\/product_cat?post=2906"},{"taxonomy":"product_tag","embeddable":true,"href":"https:\/\/www.fengtech.com\/es\/wp-json\/wp\/v2\/product_tag?post=2906"}],"curies":[{"name":"wp","href":"https:\/\/api.w.org\/{rel}","templated":true}]}}