{"id":3194,"date":"2025-08-16T14:57:46","date_gmt":"2025-08-16T06:57:46","guid":{"rendered":"https:\/\/www.fengtech.com\/?post_type=product&#038;p=3194"},"modified":"2025-08-16T15:22:59","modified_gmt":"2025-08-16T07:22:59","slug":"household-slush-machine-motor-and-controller-system","status":"publish","type":"product","link":"https:\/\/www.fengtech.com\/de\/produkt\/household-slush-machine-motor-and-controller-system\/","title":{"rendered":"Haushalt 3-5L DC12V 50RPM Silent Slush Machine Motor und Controller System"},"content":{"rendered":"<p>Die von Fengtech neu entwickelte M1 <strong>DC12V<\/strong>, <strong>50RPM<\/strong> Motor und Steuersystem sind f\u00fcr 3 bis 5-Liter-Haushalts-Slush-Maschinen ausgelegt. Im Vergleich zu anderen Wechselstrommotoren ist dieses System extrem leise, praktisch ger\u00e4uschlos, und h\u00e4lt die Motortemperatur w\u00e4hrend des Betriebs niedrig, wodurch eine \u00dcberhitzung verhindert wird.<\/p>\n<p>&nbsp;<\/p>\n<p><strong>Fengtech Dienstleistungen:<\/strong><br \/>\n- Motorversorgung<br \/>\n- Entwurf von Motor- und Steuerungsprogrammen<br \/>\n- Kundenspezifische Verpackung<br \/>\n&#8211; <strong><a href=\"https:\/\/www.fengtech.com\/de\/slush-machine-motor\/\">L\u00f6sungen f\u00fcr Slush-Maschinen<\/a><\/strong><\/p>\n<p>&nbsp;<\/p>\n<p><strong>M1 Entwurf:<\/strong><\/p>\n<p><img decoding=\"async\" class=\"wp-image-3199 size-full\" src=\"https:\/\/www.fengtech.com\/wp-content\/uploads\/2025\/08\/M1-Details1.png\" alt=\"M1-Details1\" width=\"100%\" height=\"811\" srcset=\"https:\/\/www.fengtech.com\/wp-content\/uploads\/2025\/08\/M1-Details1.png 1010w, https:\/\/www.fengtech.com\/wp-content\/uploads\/2025\/08\/M1-Details1-300x241.png 300w, https:\/\/www.fengtech.com\/wp-content\/uploads\/2025\/08\/M1-Details1-768x617.png 768w, https:\/\/www.fengtech.com\/wp-content\/uploads\/2025\/08\/M1-Details1-15x12.png 15w, https:\/\/www.fengtech.com\/wp-content\/uploads\/2025\/08\/M1-Details1-600x482.png 600w\" sizes=\"(max-width: 1010px) 100vw, 1010px\" \/><\/p>\n<p><img decoding=\"async\" class=\"wp-image-3200 size-full\" src=\"https:\/\/www.fengtech.com\/wp-content\/uploads\/2025\/08\/M1-Details2.png\" alt=\"M1-Details2\" width=\"100%\" height=\"448\" srcset=\"https:\/\/www.fengtech.com\/wp-content\/uploads\/2025\/08\/M1-Details2.png 1033w, https:\/\/www.fengtech.com\/wp-content\/uploads\/2025\/08\/M1-Details2-300x130.png 300w, https:\/\/www.fengtech.com\/wp-content\/uploads\/2025\/08\/M1-Details2-1024x444.png 1024w, https:\/\/www.fengtech.com\/wp-content\/uploads\/2025\/08\/M1-Details2-768x333.png 768w, https:\/\/www.fengtech.com\/wp-content\/uploads\/2025\/08\/M1-Details2-18x8.png 18w, https:\/\/www.fengtech.com\/wp-content\/uploads\/2025\/08\/M1-Details2-600x260.png 600w\" sizes=\"(max-width: 1033px) 100vw, 1033px\" \/><\/p>\n<p><strong>Mehr Details:<\/strong><\/p>\n<table border=\"0\" width=\"100%\" cellspacing=\"0\" cellpadding=\"0\">\n<tbody>\n<tr><!-- \u5de6\u4fa7\u56fe\u7247\u53ca\u63cf\u8ff0 --><\/p>\n<td align=\"center\" valign=\"top\" width=\"48%\"><img decoding=\"async\" class=\"wp-image-3202 size-full\" src=\"https:\/\/www.fengtech.com\/wp-content\/uploads\/2025\/08\/M1-5.jpg\" alt=\"M1-5\" width=\"100%\" height=\"800\" srcset=\"https:\/\/www.fengtech.com\/wp-content\/uploads\/2025\/08\/M1-5.jpg 800w, https:\/\/www.fengtech.com\/wp-content\/uploads\/2025\/08\/M1-5-300x300.jpg 300w, https:\/\/www.fengtech.com\/wp-content\/uploads\/2025\/08\/M1-5-150x150.jpg 150w, https:\/\/www.fengtech.com\/wp-content\/uploads\/2025\/08\/M1-5-768x768.jpg 768w, https:\/\/www.fengtech.com\/wp-content\/uploads\/2025\/08\/M1-5-12x12.jpg 12w, https:\/\/www.fengtech.com\/wp-content\/uploads\/2025\/08\/M1-5-600x600.jpg 600w, https:\/\/www.fengtech.com\/wp-content\/uploads\/2025\/08\/M1-5-100x100.jpg 100w\" sizes=\"(max-width: 800px) 100vw, 800px\" \/><\/p>\n<p>Motor, Controller, Schaltung<\/td>\n<p><!-- \u4e2d\u95f4\u95f4\u9694 --><\/p>\n<td width=\"4%\"><\/td>\n<p><!-- \u53f3\u4fa7\u56fe\u7247\u53ca\u63cf\u8ff0 --><\/p>\n<td align=\"center\" valign=\"top\" width=\"48%\"><img decoding=\"async\" class=\"wp-image-3203 size-full\" src=\"https:\/\/www.fengtech.com\/wp-content\/uploads\/2025\/08\/M1-4-1.jpg\" alt=\"M1-4\" width=\"100%\" height=\"800\" srcset=\"https:\/\/www.fengtech.com\/wp-content\/uploads\/2025\/08\/M1-4-1.jpg 800w, https:\/\/www.fengtech.com\/wp-content\/uploads\/2025\/08\/M1-4-1-300x300.jpg 300w, https:\/\/www.fengtech.com\/wp-content\/uploads\/2025\/08\/M1-4-1-150x150.jpg 150w, https:\/\/www.fengtech.com\/wp-content\/uploads\/2025\/08\/M1-4-1-768x768.jpg 768w, https:\/\/www.fengtech.com\/wp-content\/uploads\/2025\/08\/M1-4-1-12x12.jpg 12w, https:\/\/www.fengtech.com\/wp-content\/uploads\/2025\/08\/M1-4-1-600x600.jpg 600w, https:\/\/www.fengtech.com\/wp-content\/uploads\/2025\/08\/M1-4-1-100x100.jpg 100w\" sizes=\"(max-width: 800px) 100vw, 800px\" \/><\/p>\n<p>Leiterplatte<\/td>\n<\/tr>\n<\/tbody>\n<\/table>\n<table border=\"0\" width=\"100%\" cellspacing=\"0\" cellpadding=\"0\">\n<tbody>\n<tr><!-- \u5de6\u4fa7\u56fe\u7247\u53ca\u63cf\u8ff0 --><\/p>\n<td align=\"center\" valign=\"top\" width=\"48%\"><img decoding=\"async\" class=\"wp-image-3204 size-full\" src=\"https:\/\/www.fengtech.com\/wp-content\/uploads\/2025\/08\/M1-6.jpg\" alt=\"M1-6\" width=\"100%\" height=\"800\" srcset=\"https:\/\/www.fengtech.com\/wp-content\/uploads\/2025\/08\/M1-6.jpg 800w, https:\/\/www.fengtech.com\/wp-content\/uploads\/2025\/08\/M1-6-300x300.jpg 300w, https:\/\/www.fengtech.com\/wp-content\/uploads\/2025\/08\/M1-6-150x150.jpg 150w, https:\/\/www.fengtech.com\/wp-content\/uploads\/2025\/08\/M1-6-768x768.jpg 768w, https:\/\/www.fengtech.com\/wp-content\/uploads\/2025\/08\/M1-6-12x12.jpg 12w, https:\/\/www.fengtech.com\/wp-content\/uploads\/2025\/08\/M1-6-600x600.jpg 600w, https:\/\/www.fengtech.com\/wp-content\/uploads\/2025\/08\/M1-6-100x100.jpg 100w\" sizes=\"(max-width: 800px) 100vw, 800px\" \/><\/p>\n<p>Bedienfeld der Slush-Maschine<\/td>\n<p><!-- \u4e2d\u95f4\u95f4\u9694 --><\/p>\n<td width=\"4%\"><\/td>\n<p><!-- \u53f3\u4fa7\u56fe\u7247\u53ca\u63cf\u8ff0 --><\/p>\n<td align=\"center\" valign=\"top\" width=\"48%\"><img decoding=\"async\" class=\"wp-image-3205 size-full\" src=\"https:\/\/www.fengtech.com\/wp-content\/uploads\/2025\/08\/M1-3-1.jpg\" alt=\"M1-3\" width=\"100%\" height=\"800\" srcset=\"https:\/\/www.fengtech.com\/wp-content\/uploads\/2025\/08\/M1-3-1.jpg 800w, https:\/\/www.fengtech.com\/wp-content\/uploads\/2025\/08\/M1-3-1-300x300.jpg 300w, https:\/\/www.fengtech.com\/wp-content\/uploads\/2025\/08\/M1-3-1-150x150.jpg 150w, https:\/\/www.fengtech.com\/wp-content\/uploads\/2025\/08\/M1-3-1-768x768.jpg 768w, https:\/\/www.fengtech.com\/wp-content\/uploads\/2025\/08\/M1-3-1-12x12.jpg 12w, https:\/\/www.fengtech.com\/wp-content\/uploads\/2025\/08\/M1-3-1-600x600.jpg 600w, https:\/\/www.fengtech.com\/wp-content\/uploads\/2025\/08\/M1-3-1-100x100.jpg 100w\" sizes=\"(max-width: 800px) 100vw, 800px\" \/><\/p>\n<p>Installation Anzeige<\/td>\n<\/tr>\n<\/tbody>\n<\/table>\n<p><strong>Video:<\/strong><br \/>\n<iframe title=\"YouTube-Video-Player\" src=\"https:\/\/www.youtube.com\/embed\/1CCztvMwYj4?si=gIQo8zSyHWfKkmR6\" width=\"100%\" height=\"450\" frameborder=\"0\" allowfullscreen=\"allowfullscreen\"><span data-mce-type=\"bookmark\" style=\"display: inline-block; width: 0px; overflow: hidden; line-height: 0;\" class=\"mce_SELRES_start\"><\/span><span data-mce-type=\"bookmark\" style=\"display: inline-block; width: 0px; overflow: hidden; line-height: 0;\" class=\"mce_SELRES_start\"><\/span><\/iframe><\/p>\n<p>&nbsp;<\/p>","protected":false},"excerpt":{"rendered":"<p>Motor Modell: M1<br \/>\nDC12V, 50RPM<br \/>\nMaximales Drehmoment 2,5N.m<br \/>\nGeeignet f\u00fcr 3-5L Slush-Maschine (anpassbar)<br \/>\nRS-485-Schnittstelle<br \/>\n\u00dcberspannung, \u00dcberstrom, Blockierschutz<br \/>\nAnpassbarer Schaft<\/p>","protected":false},"featured_media":3195,"template":"","meta":{"site-sidebar-layout":"default","site-content-layout":"","ast-site-content-layout":"default","site-content-style":"default","site-sidebar-style":"default","ast-global-header-display":"","ast-banner-title-visibility":"","ast-main-header-display":"","ast-hfb-above-header-display":"","ast-hfb-below-header-display":"","ast-hfb-mobile-header-display":"","site-post-title":"","ast-breadcrumbs-content":"","ast-featured-img":"","footer-sml-layout":"","theme-transparent-header-meta":"default","adv-header-id-meta":"","stick-header-meta":"","header-above-stick-meta":"","header-main-stick-meta":"","header-below-stick-meta":"","astra-migrate-meta-layouts":"set","ast-page-background-enabled":"default","ast-page-background-meta":{"desktop":{"background-color":"","background-image":"","background-repeat":"repeat","background-position":"center center","background-size":"auto","background-attachment":"scroll","background-type":"","background-media":"","overlay-type":"","overlay-color":"","overlay-opacity":"","overlay-gradient":""},"tablet":{"background-color":"","background-image":"","background-repeat":"repeat","background-position":"center center","background-size":"auto","background-attachment":"scroll","background-type":"","background-media":"","overlay-type":"","overlay-color":"","overlay-opacity":"","overlay-gradient":""},"mobile":{"background-color":"","background-image":"","background-repeat":"repeat","background-position":"center center","background-size":"auto","background-attachment":"scroll","background-type":"","background-media":"","overlay-type":"","overlay-color":"","overlay-opacity":"","overlay-gradient":""}},"ast-content-background-meta":{"desktop":{"background-color":"var(--ast-global-color-5)","background-image":"","background-repeat":"repeat","background-position":"center center","background-size":"auto","background-attachment":"scroll","background-type":"","background-media":"","overlay-type":"","overlay-color":"","overlay-opacity":"","overlay-gradient":""},"tablet":{"background-color":"var(--ast-global-color-5)","background-image":"","background-repeat":"repeat","background-position":"center center","background-size":"auto","background-attachment":"scroll","background-type":"","background-media":"","overlay-type":"","overlay-color":"","overlay-opacity":"","overlay-gradient":""},"mobile":{"background-color":"var(--ast-global-color-5)","background-image":"","background-repeat":"repeat","background-position":"center center","background-size":"auto","background-attachment":"scroll","background-type":"","background-media":"","overlay-type":"","overlay-color":"","overlay-opacity":"","overlay-gradient":""}}},"product_brand":[],"product_cat":[69],"product_tag":[],"class_list":{"0":"post-3194","1":"product","2":"type-product","3":"status-publish","4":"has-post-thumbnail","6":"product_cat-slushy-machine-motor","7":"desktop-align-left","8":"tablet-align-left","9":"mobile-align-left","11":"first","12":"instock","13":"shipping-taxable","14":"product-type-simple"},"yoast_head":"<!-- This site is optimized with the Yoast SEO Premium plugin v25.4 (Yoast SEO v25.4) - https:\/\/yoast.com\/wordpress\/plugins\/seo\/ -->\n<title>Household 3-5L DC12V 50RPM Silent Slush Machine Motor and Controller System<\/title>\n<meta name=\"description\" content=\"Fengtech&#039;s newly developed M1 DC12V, 50RPM motor and control system is designed for 3-5L household slush makers. Compared to other AC motors, this system is extremely quiet, virtually silent, and maintains a low motor temperature during operation, preventing overheating.\" \/>\n<meta name=\"robots\" content=\"index, follow, max-snippet:-1, max-image-preview:large, max-video-preview:-1\" \/>\n<link rel=\"canonical\" href=\"https:\/\/www.fengtech.com\/de\/produkt\/household-slush-machine-motor-and-controller-system\/\" \/>\n<meta property=\"og:locale\" content=\"de_DE\" \/>\n<meta property=\"og:type\" content=\"article\" \/>\n<meta property=\"og:title\" content=\"Household 3-5L DC12V 50RPM Silent Slush Machine Motor and Controller System\" \/>\n<meta property=\"og:description\" content=\"Fengtech&#039;s newly developed M1 DC12V, 50RPM motor and control system is designed for 3-5L household slush makers. Compared to other AC motors, this system is extremely quiet, virtually silent, and maintains a low motor temperature during operation, preventing overheating.\" \/>\n<meta property=\"og:url\" content=\"https:\/\/www.fengtech.com\/de\/produkt\/household-slush-machine-motor-and-controller-system\/\" \/>\n<meta property=\"og:site_name\" content=\"Fengtech\" \/>\n<meta property=\"article:publisher\" content=\"https:\/\/www.facebook.com\/fengtech\/\" \/>\n<meta property=\"article:modified_time\" content=\"2025-08-16T07:22:59+00:00\" \/>\n<meta property=\"og:image\" content=\"https:\/\/www.fengtech.com\/wp-content\/uploads\/2025\/08\/M1-1.jpg\" \/>\n\t<meta property=\"og:image:width\" content=\"800\" \/>\n\t<meta property=\"og:image:height\" content=\"800\" \/>\n\t<meta property=\"og:image:type\" content=\"image\/jpeg\" \/>\n<meta name=\"twitter:card\" content=\"summary_large_image\" \/>\n<meta name=\"twitter:label1\" content=\"Gesch\u00e4tzte Lesezeit\" \/>\n\t<meta name=\"twitter:data1\" content=\"2\u00a0Minuten\" \/>\n<script type=\"application\/ld+json\" class=\"yoast-schema-graph\">{\"@context\":\"https:\/\/schema.org\",\"@graph\":[{\"@type\":\"WebPage\",\"@id\":\"https:\/\/www.fengtech.com\/product\/household-slush-machine-motor-and-controller-system\/\",\"url\":\"https:\/\/www.fengtech.com\/product\/household-slush-machine-motor-and-controller-system\/\",\"name\":\"Household 3-5L DC12V 50RPM Silent Slush Machine Motor and Controller System\",\"isPartOf\":{\"@id\":\"https:\/\/www.fengtech.com\/#website\"},\"primaryImageOfPage\":{\"@id\":\"https:\/\/www.fengtech.com\/product\/household-slush-machine-motor-and-controller-system\/#primaryimage\"},\"image\":{\"@id\":\"https:\/\/www.fengtech.com\/product\/household-slush-machine-motor-and-controller-system\/#primaryimage\"},\"thumbnailUrl\":\"https:\/\/www.fengtech.com\/wp-content\/uploads\/2025\/08\/M1-1.jpg\",\"datePublished\":\"2025-08-16T06:57:46+00:00\",\"dateModified\":\"2025-08-16T07:22:59+00:00\",\"description\":\"Fengtech's newly developed M1 DC12V, 50RPM motor and control system is designed for 3-5L household slush makers. Compared to other AC motors, this system is extremely quiet, virtually silent, and maintains a low motor temperature during operation, preventing overheating.\",\"breadcrumb\":{\"@id\":\"https:\/\/www.fengtech.com\/product\/household-slush-machine-motor-and-controller-system\/#breadcrumb\"},\"inLanguage\":\"de\",\"potentialAction\":[{\"@type\":\"ReadAction\",\"target\":[\"https:\/\/www.fengtech.com\/product\/household-slush-machine-motor-and-controller-system\/\"]}]},{\"@type\":\"ImageObject\",\"inLanguage\":\"de\",\"@id\":\"https:\/\/www.fengtech.com\/product\/household-slush-machine-motor-and-controller-system\/#primaryimage\",\"url\":\"https:\/\/www.fengtech.com\/wp-content\/uploads\/2025\/08\/M1-1.jpg\",\"contentUrl\":\"https:\/\/www.fengtech.com\/wp-content\/uploads\/2025\/08\/M1-1.jpg\",\"width\":800,\"height\":800,\"caption\":\"M1-1\"},{\"@type\":\"BreadcrumbList\",\"@id\":\"https:\/\/www.fengtech.com\/product\/household-slush-machine-motor-and-controller-system\/#breadcrumb\",\"itemListElement\":[{\"@type\":\"ListItem\",\"position\":1,\"name\":\"\u9996\u9875\",\"item\":\"https:\/\/www.fengtech.com\/\"},{\"@type\":\"ListItem\",\"position\":2,\"name\":\"Products\",\"item\":\"https:\/\/www.fengtech.com\/shop\/\"},{\"@type\":\"ListItem\",\"position\":3,\"name\":\"Household 3-5L DC12V 50RPM Silent Slush Machine Motor and Controller System\"}]},{\"@type\":\"WebSite\",\"@id\":\"https:\/\/www.fengtech.com\/#website\",\"url\":\"https:\/\/www.fengtech.com\/\",\"name\":\"FengTech Motor\",\"description\":\"Outdoor Sports Adventure Website\",\"publisher\":{\"@id\":\"https:\/\/www.fengtech.com\/#organization\"},\"potentialAction\":[{\"@type\":\"SearchAction\",\"target\":{\"@type\":\"EntryPoint\",\"urlTemplate\":\"https:\/\/www.fengtech.com\/?s={search_term_string}\"},\"query-input\":{\"@type\":\"PropertyValueSpecification\",\"valueRequired\":true,\"valueName\":\"search_term_string\"}}],\"inLanguage\":\"de\"},{\"@type\":\"Organization\",\"@id\":\"https:\/\/www.fengtech.com\/#organization\",\"name\":\"FengTech Motor\",\"url\":\"https:\/\/www.fengtech.com\/\",\"logo\":{\"@type\":\"ImageObject\",\"inLanguage\":\"de\",\"@id\":\"https:\/\/www.fengtech.com\/#\/schema\/logo\/image\/\",\"url\":\"https:\/\/www.fengtech.com\/wp-content\/uploads\/2025\/07\/cropped-fengtech_logo_w.jpg\",\"contentUrl\":\"https:\/\/www.fengtech.com\/wp-content\/uploads\/2025\/07\/cropped-fengtech_logo_w.jpg\",\"width\":512,\"height\":512,\"caption\":\"FengTech Motor\"},\"image\":{\"@id\":\"https:\/\/www.fengtech.com\/#\/schema\/logo\/image\/\"},\"sameAs\":[\"https:\/\/www.facebook.com\/fengtech\/\",\"https:\/\/www.linkedin.com\/in\/barry-yuan\/\"]}]}<\/script>\n<!-- \/ Yoast SEO Premium plugin. -->","yoast_head_json":{"title":"Haushalt 3-5L DC12V 50RPM Silent Slush Machine Motor und Controller System","description":"Fengtech's newly developed M1 DC12V, 50RPM motor and control system is designed for 3-5L household slush makers. Compared to other AC motors, this system is extremely quiet, virtually silent, and maintains a low motor temperature during operation, preventing overheating.","robots":{"index":"index","follow":"follow","max-snippet":"max-snippet:-1","max-image-preview":"max-image-preview:large","max-video-preview":"max-video-preview:-1"},"canonical":"https:\/\/www.fengtech.com\/de\/produkt\/household-slush-machine-motor-and-controller-system\/","og_locale":"de_DE","og_type":"article","og_title":"Household 3-5L DC12V 50RPM Silent Slush Machine Motor and Controller System","og_description":"Fengtech's newly developed M1 DC12V, 50RPM motor and control system is designed for 3-5L household slush makers. Compared to other AC motors, this system is extremely quiet, virtually silent, and maintains a low motor temperature during operation, preventing overheating.","og_url":"https:\/\/www.fengtech.com\/de\/produkt\/household-slush-machine-motor-and-controller-system\/","og_site_name":"Fengtech","article_publisher":"https:\/\/www.facebook.com\/fengtech\/","article_modified_time":"2025-08-16T07:22:59+00:00","og_image":[{"width":800,"height":800,"url":"https:\/\/www.fengtech.com\/wp-content\/uploads\/2025\/08\/M1-1.jpg","type":"image\/jpeg"}],"twitter_card":"summary_large_image","twitter_misc":{"Gesch\u00e4tzte Lesezeit":"2\u00a0Minuten"},"schema":{"@context":"https:\/\/schema.org","@graph":[{"@type":"WebPage","@id":"https:\/\/www.fengtech.com\/product\/household-slush-machine-motor-and-controller-system\/","url":"https:\/\/www.fengtech.com\/product\/household-slush-machine-motor-and-controller-system\/","name":"Haushalt 3-5L DC12V 50RPM Silent Slush Machine Motor und Controller System","isPartOf":{"@id":"https:\/\/www.fengtech.com\/#website"},"primaryImageOfPage":{"@id":"https:\/\/www.fengtech.com\/product\/household-slush-machine-motor-and-controller-system\/#primaryimage"},"image":{"@id":"https:\/\/www.fengtech.com\/product\/household-slush-machine-motor-and-controller-system\/#primaryimage"},"thumbnailUrl":"https:\/\/www.fengtech.com\/wp-content\/uploads\/2025\/08\/M1-1.jpg","datePublished":"2025-08-16T06:57:46+00:00","dateModified":"2025-08-16T07:22:59+00:00","description":"Fengtech's newly developed M1 DC12V, 50RPM motor and control system is designed for 3-5L household slush makers. Compared to other AC motors, this system is extremely quiet, virtually silent, and maintains a low motor temperature during operation, preventing overheating.","breadcrumb":{"@id":"https:\/\/www.fengtech.com\/product\/household-slush-machine-motor-and-controller-system\/#breadcrumb"},"inLanguage":"de","potentialAction":[{"@type":"ReadAction","target":["https:\/\/www.fengtech.com\/product\/household-slush-machine-motor-and-controller-system\/"]}]},{"@type":"ImageObject","inLanguage":"de","@id":"https:\/\/www.fengtech.com\/product\/household-slush-machine-motor-and-controller-system\/#primaryimage","url":"https:\/\/www.fengtech.com\/wp-content\/uploads\/2025\/08\/M1-1.jpg","contentUrl":"https:\/\/www.fengtech.com\/wp-content\/uploads\/2025\/08\/M1-1.jpg","width":800,"height":800,"caption":"M1-1"},{"@type":"BreadcrumbList","@id":"https:\/\/www.fengtech.com\/product\/household-slush-machine-motor-and-controller-system\/#breadcrumb","itemListElement":[{"@type":"ListItem","position":1,"name":"\u9996\u9875","item":"https:\/\/www.fengtech.com\/"},{"@type":"ListItem","position":2,"name":"Products","item":"https:\/\/www.fengtech.com\/shop\/"},{"@type":"ListItem","position":3,"name":"Household 3-5L DC12V 50RPM Silent Slush Machine Motor and Controller System"}]},{"@type":"WebSite","@id":"https:\/\/www.fengtech.com\/#website","url":"https:\/\/www.fengtech.com\/","name":"FengTech Motor","description":"Outdoor Sports Adventure Website","publisher":{"@id":"https:\/\/www.fengtech.com\/#organization"},"potentialAction":[{"@type":"SearchAction","target":{"@type":"EntryPoint","urlTemplate":"https:\/\/www.fengtech.com\/?s={search_term_string}"},"query-input":{"@type":"PropertyValueSpecification","valueRequired":true,"valueName":"search_term_string"}}],"inLanguage":"de"},{"@type":"Organization","@id":"https:\/\/www.fengtech.com\/#organization","name":"FengTech Motor","url":"https:\/\/www.fengtech.com\/","logo":{"@type":"ImageObject","inLanguage":"de","@id":"https:\/\/www.fengtech.com\/#\/schema\/logo\/image\/","url":"https:\/\/www.fengtech.com\/wp-content\/uploads\/2025\/07\/cropped-fengtech_logo_w.jpg","contentUrl":"https:\/\/www.fengtech.com\/wp-content\/uploads\/2025\/07\/cropped-fengtech_logo_w.jpg","width":512,"height":512,"caption":"FengTech Motor"},"image":{"@id":"https:\/\/www.fengtech.com\/#\/schema\/logo\/image\/"},"sameAs":["https:\/\/www.facebook.com\/fengtech\/","https:\/\/www.linkedin.com\/in\/barry-yuan\/"]}]}},"_links":{"self":[{"href":"https:\/\/www.fengtech.com\/de\/wp-json\/wp\/v2\/product\/3194","targetHints":{"allow":["GET"]}}],"collection":[{"href":"https:\/\/www.fengtech.com\/de\/wp-json\/wp\/v2\/product"}],"about":[{"href":"https:\/\/www.fengtech.com\/de\/wp-json\/wp\/v2\/types\/product"}],"version-history":[{"count":0,"href":"https:\/\/www.fengtech.com\/de\/wp-json\/wp\/v2\/product\/3194\/revisions"}],"wp:featuredmedia":[{"embeddable":true,"href":"https:\/\/www.fengtech.com\/de\/wp-json\/wp\/v2\/media\/3195"}],"wp:attachment":[{"href":"https:\/\/www.fengtech.com\/de\/wp-json\/wp\/v2\/media?parent=3194"}],"wp:term":[{"taxonomy":"product_brand","embeddable":true,"href":"https:\/\/www.fengtech.com\/de\/wp-json\/wp\/v2\/product_brand?post=3194"},{"taxonomy":"product_cat","embeddable":true,"href":"https:\/\/www.fengtech.com\/de\/wp-json\/wp\/v2\/product_cat?post=3194"},{"taxonomy":"product_tag","embeddable":true,"href":"https:\/\/www.fengtech.com\/de\/wp-json\/wp\/v2\/product_tag?post=3194"}],"curies":[{"name":"wp","href":"https:\/\/api.w.org\/{rel}","templated":true}]}}